{"id":8274,"date":"2022-01-02T17:52:02","date_gmt":"2022-01-02T20:52:02","guid":{"rendered":"http:\/\/catalogo.artigosortopedicos.com\/artipe\/?post_type=product&#038;p=8274"},"modified":"2025-08-19T13:21:03","modified_gmt":"2025-08-19T16:21:03","slug":"suporte-p-soro-c-regulagem-de-altura-sem-rodizio","status":"publish","type":"product","link":"https:\/\/catalogo.artigosortopedicos.com\/artipe\/produto\/suporte-p-soro-c-regulagem-de-altura-sem-rodizio\/","title":{"rendered":"SUPORTE PARA SORO COM REGULAGEM DE ALTURA SEM RODIZIOS R$: 70,52 (COD:136)"},"content":{"rendered":"<p id=\"product_reference\"><label>Refer\u00eancia<\/label>\u00a0<span class=\"editable\">IT136-BR-UN<\/span><\/p>\n<p id=\"product_condition\"><label>Condi\u00e7\u00e3o:<\/label>\u00a0<span class=\"editable\">Produto novo<\/span><\/p>\n<div id=\"short_description_block\">\n<div id=\"short_description_content\" class=\"rte align_justify\">\n<p><strong>Descri\u00e7\u00e3o:<\/strong><\/p>\n<p>Suporte para Soro sem Rodizio com Regulagem de Altura\u00a0\u00e9 um produto de alta<br \/>\nresist\u00eancia e estabilidade.<\/p>\n<p>Proporciona ao paciente facilidade e seguran\u00e7a na sua utiliza\u00e7\u00e3o.<\/p>\n<\/div>\n<\/div>\n","protected":false},"excerpt":{"rendered":"<p>COR: BRANCO<\/p>\n<p><img decoding=\"async\" class=\"alignnone wp-image-10252 size-full\" src=\"https:\/\/catalogo.artigosortopedicos.com\/artipe\/wp-content\/uploads\/2022\/01\/Captura-de-tela-2025-08-19-132033.png\" alt=\"\" width=\"302\" height=\"127\" srcset=\"https:\/\/catalogo.artigosortopedicos.com\/artipe\/wp-content\/uploads\/2022\/01\/Captura-de-tela-2025-08-19-132033.png 302w, https:\/\/catalogo.artigosortopedicos.com\/artipe\/wp-content\/uploads\/2022\/01\/Captura-de-tela-2025-08-19-132033-300x127.png 300w, https:\/\/catalogo.artigosortopedicos.com\/artipe\/wp-content\/uploads\/2022\/01\/Captura-de-tela-2025-08-19-132033-150x63.png 150w\" sizes=\"(max-width: 302px) 100vw, 302px\" \/><\/p>\n","protected":false},"featured_media":8275,"template":"","meta":[],"product_brand":[],"product_cat":[180,240],"product_tag":[],"class_list":{"0":"post-8274","1":"product","2":"type-product","3":"status-publish","4":"has-post-thumbnail","6":"product_cat-artipe","7":"product_cat-mobilidade-e-equipamentos","9":"first","10":"instock","11":"shipping-taxable","12":"product-type-simple"},"yoast_head":"<!-- This site is optimized with the Yoast SEO plugin v20.9 - https:\/\/yoast.com\/wordpress\/plugins\/seo\/ -->\n<title>SUPORTE PARA SORO COM REGULAGEM DE ALTURA SEM RODIZIOS R$: 70,52 (COD:136) - Artigos ortop\u00e9dicos | Artipe<\/title>\n<meta name=\"robots\" content=\"index, follow, max-snippet:-1, max-image-preview:large, max-video-preview:-1\" \/>\n<link rel=\"canonical\" href=\"https:\/\/catalogo.artigosortopedicos.com\/artipe\/produto\/suporte-p-soro-c-regulagem-de-altura-sem-rodizio\/\" \/>\n<meta property=\"og:locale\" content=\"pt_BR\" \/>\n<meta property=\"og:type\" content=\"article\" \/>\n<meta property=\"og:title\" content=\"SUPORTE PARA SORO COM REGULAGEM DE ALTURA SEM RODIZIOS R$: 70,52 (COD:136) - Artigos ortop\u00e9dicos | Artipe\" \/>\n<meta property=\"og:description\" content=\"COR: BRANCO\" \/>\n<meta property=\"og:url\" content=\"https:\/\/catalogo.artigosortopedicos.com\/artipe\/produto\/suporte-p-soro-c-regulagem-de-altura-sem-rodizio\/\" \/>\n<meta property=\"og:site_name\" content=\"Artigos ortop\u00e9dicos | Artipe\" \/>\n<meta property=\"article:modified_time\" content=\"2025-08-19T16:21:03+00:00\" \/>\n<meta property=\"og:image\" content=\"https:\/\/catalogo.artigosortopedicos.com\/artipe\/wp-content\/uploads\/2022\/01\/10.jpg\" \/>\n\t<meta property=\"og:image:width\" content=\"646\" \/>\n\t<meta property=\"og:image:height\" content=\"543\" \/>\n\t<meta property=\"og:image:type\" content=\"image\/jpeg\" \/>\n<meta name=\"twitter:card\" content=\"summary_large_image\" \/>\n<meta name=\"twitter:label1\" content=\"Est. tempo de leitura\" \/>\n\t<meta name=\"twitter:data1\" content=\"1 minuto\" \/>\n<script type=\"application\/ld+json\" class=\"yoast-schema-graph\">{\"@context\":\"https:\/\/schema.org\",\"@graph\":[{\"@type\":\"WebPage\",\"@id\":\"https:\/\/catalogo.artigosortopedicos.com\/artipe\/produto\/suporte-p-soro-c-regulagem-de-altura-sem-rodizio\/\",\"url\":\"https:\/\/catalogo.artigosortopedicos.com\/artipe\/produto\/suporte-p-soro-c-regulagem-de-altura-sem-rodizio\/\",\"name\":\"SUPORTE PARA SORO COM REGULAGEM DE ALTURA SEM RODIZIOS R$: 70,52 (COD:136) - Artigos ortop\u00e9dicos | Artipe\",\"isPartOf\":{\"@id\":\"https:\/\/catalogo.artigosortopedicos.com\/artipe\/#website\"},\"datePublished\":\"2022-01-02T20:52:02+00:00\",\"dateModified\":\"2025-08-19T16:21:03+00:00\",\"breadcrumb\":{\"@id\":\"https:\/\/catalogo.artigosortopedicos.com\/artipe\/produto\/suporte-p-soro-c-regulagem-de-altura-sem-rodizio\/#breadcrumb\"},\"inLanguage\":\"pt-BR\",\"potentialAction\":[{\"@type\":\"ReadAction\",\"target\":[\"https:\/\/catalogo.artigosortopedicos.com\/artipe\/produto\/suporte-p-soro-c-regulagem-de-altura-sem-rodizio\/\"]}]},{\"@type\":\"BreadcrumbList\",\"@id\":\"https:\/\/catalogo.artigosortopedicos.com\/artipe\/produto\/suporte-p-soro-c-regulagem-de-altura-sem-rodizio\/#breadcrumb\",\"itemListElement\":[{\"@type\":\"ListItem\",\"position\":1,\"name\":\"In\u00edcio\",\"item\":\"https:\/\/catalogo.artigosortopedicos.com\/artipe\/\"},{\"@type\":\"ListItem\",\"position\":2,\"name\":\"Loja\",\"item\":\"https:\/\/catalogo.artigosortopedicos.com\/artipe\/\"},{\"@type\":\"ListItem\",\"position\":3,\"name\":\"SUPORTE PARA SORO COM REGULAGEM DE ALTURA SEM RODIZIOS R$: 70,52 (COD:136)\"}]},{\"@type\":\"WebSite\",\"@id\":\"https:\/\/catalogo.artigosortopedicos.com\/artipe\/#website\",\"url\":\"https:\/\/catalogo.artigosortopedicos.com\/artipe\/\",\"name\":\"Artigos ortop\u00e9dicos | Artipe\",\"description\":\"Cat\u00e1logo de produtos\",\"publisher\":{\"@id\":\"https:\/\/catalogo.artigosortopedicos.com\/artipe\/#organization\"},\"potentialAction\":[{\"@type\":\"SearchAction\",\"target\":{\"@type\":\"EntryPoint\",\"urlTemplate\":\"https:\/\/catalogo.artigosortopedicos.com\/artipe\/?s={search_term_string}\"},\"query-input\":\"required name=search_term_string\"}],\"inLanguage\":\"pt-BR\"},{\"@type\":\"Organization\",\"@id\":\"https:\/\/catalogo.artigosortopedicos.com\/artipe\/#organization\",\"name\":\"Artigos ortop\u00e9dicos | Artipe\",\"url\":\"https:\/\/catalogo.artigosortopedicos.com\/artipe\/\",\"logo\":{\"@type\":\"ImageObject\",\"inLanguage\":\"pt-BR\",\"@id\":\"https:\/\/catalogo.artigosortopedicos.com\/artipe\/#\/schema\/logo\/image\/\",\"url\":\"https:\/\/catalogo.artigosortopedicos.com\/artipe\/wp-content\/uploads\/2022\/01\/cropped-56b2cef4-4750-455a-af10-33ad25230477.jpg\",\"contentUrl\":\"https:\/\/catalogo.artigosortopedicos.com\/artipe\/wp-content\/uploads\/2022\/01\/cropped-56b2cef4-4750-455a-af10-33ad25230477.jpg\",\"width\":481,\"height\":175,\"caption\":\"Artigos ortop\u00e9dicos | Artipe\"},\"image\":{\"@id\":\"https:\/\/catalogo.artigosortopedicos.com\/artipe\/#\/schema\/logo\/image\/\"}}]}<\/script>\n<!-- \/ Yoast SEO plugin. -->","yoast_head_json":{"title":"SUPORTE PARA SORO COM REGULAGEM DE ALTURA SEM RODIZIOS R$: 70,52 (COD:136) - Artigos ortop\u00e9dicos | Artipe","robots":{"index":"index","follow":"follow","max-snippet":"max-snippet:-1","max-image-preview":"max-image-preview:large","max-video-preview":"max-video-preview:-1"},"canonical":"https:\/\/catalogo.artigosortopedicos.com\/artipe\/produto\/suporte-p-soro-c-regulagem-de-altura-sem-rodizio\/","og_locale":"pt_BR","og_type":"article","og_title":"SUPORTE PARA SORO COM REGULAGEM DE ALTURA SEM RODIZIOS R$: 70,52 (COD:136) - Artigos ortop\u00e9dicos | Artipe","og_description":"COR: BRANCO","og_url":"https:\/\/catalogo.artigosortopedicos.com\/artipe\/produto\/suporte-p-soro-c-regulagem-de-altura-sem-rodizio\/","og_site_name":"Artigos ortop\u00e9dicos | Artipe","article_modified_time":"2025-08-19T16:21:03+00:00","og_image":[{"width":646,"height":543,"url":"https:\/\/catalogo.artigosortopedicos.com\/artipe\/wp-content\/uploads\/2022\/01\/10.jpg","type":"image\/jpeg"}],"twitter_card":"summary_large_image","twitter_misc":{"Est. tempo de leitura":"1 minuto"},"schema":{"@context":"https:\/\/schema.org","@graph":[{"@type":"WebPage","@id":"https:\/\/catalogo.artigosortopedicos.com\/artipe\/produto\/suporte-p-soro-c-regulagem-de-altura-sem-rodizio\/","url":"https:\/\/catalogo.artigosortopedicos.com\/artipe\/produto\/suporte-p-soro-c-regulagem-de-altura-sem-rodizio\/","name":"SUPORTE PARA SORO COM REGULAGEM DE ALTURA SEM RODIZIOS R$: 70,52 (COD:136) - Artigos ortop\u00e9dicos | Artipe","isPartOf":{"@id":"https:\/\/catalogo.artigosortopedicos.com\/artipe\/#website"},"datePublished":"2022-01-02T20:52:02+00:00","dateModified":"2025-08-19T16:21:03+00:00","breadcrumb":{"@id":"https:\/\/catalogo.artigosortopedicos.com\/artipe\/produto\/suporte-p-soro-c-regulagem-de-altura-sem-rodizio\/#breadcrumb"},"inLanguage":"pt-BR","potentialAction":[{"@type":"ReadAction","target":["https:\/\/catalogo.artigosortopedicos.com\/artipe\/produto\/suporte-p-soro-c-regulagem-de-altura-sem-rodizio\/"]}]},{"@type":"BreadcrumbList","@id":"https:\/\/catalogo.artigosortopedicos.com\/artipe\/produto\/suporte-p-soro-c-regulagem-de-altura-sem-rodizio\/#breadcrumb","itemListElement":[{"@type":"ListItem","position":1,"name":"In\u00edcio","item":"https:\/\/catalogo.artigosortopedicos.com\/artipe\/"},{"@type":"ListItem","position":2,"name":"Loja","item":"https:\/\/catalogo.artigosortopedicos.com\/artipe\/"},{"@type":"ListItem","position":3,"name":"SUPORTE PARA SORO COM REGULAGEM DE ALTURA SEM RODIZIOS R$: 70,52 (COD:136)"}]},{"@type":"WebSite","@id":"https:\/\/catalogo.artigosortopedicos.com\/artipe\/#website","url":"https:\/\/catalogo.artigosortopedicos.com\/artipe\/","name":"Artigos ortop\u00e9dicos | Artipe","description":"Cat\u00e1logo de produtos","publisher":{"@id":"https:\/\/catalogo.artigosortopedicos.com\/artipe\/#organization"},"potentialAction":[{"@type":"SearchAction","target":{"@type":"EntryPoint","urlTemplate":"https:\/\/catalogo.artigosortopedicos.com\/artipe\/?s={search_term_string}"},"query-input":"required name=search_term_string"}],"inLanguage":"pt-BR"},{"@type":"Organization","@id":"https:\/\/catalogo.artigosortopedicos.com\/artipe\/#organization","name":"Artigos ortop\u00e9dicos | Artipe","url":"https:\/\/catalogo.artigosortopedicos.com\/artipe\/","logo":{"@type":"ImageObject","inLanguage":"pt-BR","@id":"https:\/\/catalogo.artigosortopedicos.com\/artipe\/#\/schema\/logo\/image\/","url":"https:\/\/catalogo.artigosortopedicos.com\/artipe\/wp-content\/uploads\/2022\/01\/cropped-56b2cef4-4750-455a-af10-33ad25230477.jpg","contentUrl":"https:\/\/catalogo.artigosortopedicos.com\/artipe\/wp-content\/uploads\/2022\/01\/cropped-56b2cef4-4750-455a-af10-33ad25230477.jpg","width":481,"height":175,"caption":"Artigos ortop\u00e9dicos | Artipe"},"image":{"@id":"https:\/\/catalogo.artigosortopedicos.com\/artipe\/#\/schema\/logo\/image\/"}}]}},"_links":{"self":[{"href":"https:\/\/catalogo.artigosortopedicos.com\/artipe\/wp-json\/wp\/v2\/product\/8274","targetHints":{"allow":["GET"]}}],"collection":[{"href":"https:\/\/catalogo.artigosortopedicos.com\/artipe\/wp-json\/wp\/v2\/product"}],"about":[{"href":"https:\/\/catalogo.artigosortopedicos.com\/artipe\/wp-json\/wp\/v2\/types\/product"}],"wp:featuredmedia":[{"embeddable":true,"href":"https:\/\/catalogo.artigosortopedicos.com\/artipe\/wp-json\/wp\/v2\/media\/8275"}],"wp:attachment":[{"href":"https:\/\/catalogo.artigosortopedicos.com\/artipe\/wp-json\/wp\/v2\/media?parent=8274"}],"wp:term":[{"taxonomy":"product_brand","embeddable":true,"href":"https:\/\/catalogo.artigosortopedicos.com\/artipe\/wp-json\/wp\/v2\/product_brand?post=8274"},{"taxonomy":"product_cat","embeddable":true,"href":"https:\/\/catalogo.artigosortopedicos.com\/artipe\/wp-json\/wp\/v2\/product_cat?post=8274"},{"taxonomy":"product_tag","embeddable":true,"href":"https:\/\/catalogo.artigosortopedicos.com\/artipe\/wp-json\/wp\/v2\/product_tag?post=8274"}],"curies":[{"name":"wp","href":"https:\/\/api.w.org\/{rel}","templated":true}]}}