{"id":8466,"date":"2022-01-03T16:41:29","date_gmt":"2022-01-03T19:41:29","guid":{"rendered":"http:\/\/catalogo.artigosortopedicos.com\/artipe\/?post_type=product&#038;p=8466"},"modified":"2025-08-19T09:29:59","modified_gmt":"2025-08-19T12:29:59","slug":"ortese-p-imobilizacao-de-dedo-splint-duplo","status":"publish","type":"product","link":"https:\/\/catalogo.artigosortopedicos.com\/artipe\/produto\/ortese-p-imobilizacao-de-dedo-splint-duplo\/","title":{"rendered":"\u00d3RTESE PARA IMOBILIZA\u00c7\u00c3O DE DEDO SPLINT DUPLO BILATERAL R$: 13,24 (COD:094)"},"content":{"rendered":"<p><img fetchpriority=\"high\" decoding=\"async\" class=\"alignnone wp-image-10072 size-large\" src=\"https:\/\/catalogo.artigosortopedicos.com\/artipe\/wp-content\/uploads\/2023\/06\/094-1024x881.png\" alt=\"\" width=\"1024\" height=\"881\" srcset=\"https:\/\/catalogo.artigosortopedicos.com\/artipe\/wp-content\/uploads\/2023\/06\/094-1024x881.png 1024w, https:\/\/catalogo.artigosortopedicos.com\/artipe\/wp-content\/uploads\/2023\/06\/094-300x258.png 300w, https:\/\/catalogo.artigosortopedicos.com\/artipe\/wp-content\/uploads\/2023\/06\/094-768x660.png 768w, https:\/\/catalogo.artigosortopedicos.com\/artipe\/wp-content\/uploads\/2023\/06\/094-1536x1321.png 1536w, https:\/\/catalogo.artigosortopedicos.com\/artipe\/wp-content\/uploads\/2023\/06\/094-990x851.png 990w, https:\/\/catalogo.artigosortopedicos.com\/artipe\/wp-content\/uploads\/2023\/06\/094-441x379.png 441w, https:\/\/catalogo.artigosortopedicos.com\/artipe\/wp-content\/uploads\/2023\/06\/094-600x516.png 600w, https:\/\/catalogo.artigosortopedicos.com\/artipe\/wp-content\/uploads\/2023\/06\/094-150x129.png 150w, https:\/\/catalogo.artigosortopedicos.com\/artipe\/wp-content\/uploads\/2023\/06\/094.png 1884w\" sizes=\"(max-width: 1024px) 100vw, 1024px\" \/><\/p>\n","protected":false},"excerpt":{"rendered":"<p><img fetchpriority=\"high\" decoding=\"async\" class=\"alignnone wp-image-10072 size-large\" src=\"https:\/\/catalogo.artigosortopedicos.com\/artipe\/wp-content\/uploads\/2023\/06\/094-1024x881.png\" alt=\"\" width=\"1024\" height=\"881\" srcset=\"https:\/\/catalogo.artigosortopedicos.com\/artipe\/wp-content\/uploads\/2023\/06\/094-1024x881.png 1024w, https:\/\/catalogo.artigosortopedicos.com\/artipe\/wp-content\/uploads\/2023\/06\/094-300x258.png 300w, https:\/\/catalogo.artigosortopedicos.com\/artipe\/wp-content\/uploads\/2023\/06\/094-768x660.png 768w, https:\/\/catalogo.artigosortopedicos.com\/artipe\/wp-content\/uploads\/2023\/06\/094-1536x1321.png 1536w, https:\/\/catalogo.artigosortopedicos.com\/artipe\/wp-content\/uploads\/2023\/06\/094-990x851.png 990w, https:\/\/catalogo.artigosortopedicos.com\/artipe\/wp-content\/uploads\/2023\/06\/094-441x379.png 441w, https:\/\/catalogo.artigosortopedicos.com\/artipe\/wp-content\/uploads\/2023\/06\/094-600x516.png 600w, https:\/\/catalogo.artigosortopedicos.com\/artipe\/wp-content\/uploads\/2023\/06\/094-150x129.png 150w, https:\/\/catalogo.artigosortopedicos.com\/artipe\/wp-content\/uploads\/2023\/06\/094.png 1884w\" sizes=\"(max-width: 1024px) 100vw, 1024px\" \/><\/p>\n","protected":false},"featured_media":9250,"template":"","meta":[],"product_brand":[],"product_cat":[180,236],"product_tag":[],"class_list":{"0":"post-8466","1":"product","2":"type-product","3":"status-publish","4":"has-post-thumbnail","6":"product_cat-artipe","7":"product_cat-maos-e-punhos","9":"first","10":"instock","11":"shipping-taxable","12":"product-type-simple"},"yoast_head":"<!-- This site is optimized with the Yoast SEO plugin v20.9 - https:\/\/yoast.com\/wordpress\/plugins\/seo\/ -->\n<title>\u00d3RTESE PARA IMOBILIZA\u00c7\u00c3O DE DEDO SPLINT DUPLO BILATERAL R$: 13,24 (COD:094) - Artigos ortop\u00e9dicos | Artipe<\/title>\n<meta name=\"robots\" content=\"index, follow, max-snippet:-1, max-image-preview:large, max-video-preview:-1\" \/>\n<link rel=\"canonical\" href=\"https:\/\/catalogo.artigosortopedicos.com\/artipe\/produto\/ortese-p-imobilizacao-de-dedo-splint-duplo\/\" \/>\n<meta property=\"og:locale\" content=\"pt_BR\" \/>\n<meta property=\"og:type\" content=\"article\" \/>\n<meta property=\"og:title\" content=\"\u00d3RTESE PARA IMOBILIZA\u00c7\u00c3O DE DEDO SPLINT DUPLO BILATERAL R$: 13,24 (COD:094) - Artigos ortop\u00e9dicos | Artipe\" \/>\n<meta property=\"og:url\" content=\"https:\/\/catalogo.artigosortopedicos.com\/artipe\/produto\/ortese-p-imobilizacao-de-dedo-splint-duplo\/\" \/>\n<meta property=\"og:site_name\" content=\"Artigos ortop\u00e9dicos | Artipe\" \/>\n<meta property=\"article:modified_time\" content=\"2025-08-19T12:29:59+00:00\" \/>\n<meta property=\"og:image\" content=\"https:\/\/catalogo.artigosortopedicos.com\/artipe\/wp-content\/uploads\/2022\/01\/1-11.jpg\" \/>\n\t<meta property=\"og:image:width\" content=\"640\" \/>\n\t<meta property=\"og:image:height\" content=\"640\" \/>\n\t<meta property=\"og:image:type\" content=\"image\/jpeg\" \/>\n<meta name=\"twitter:card\" content=\"summary_large_image\" \/>\n<meta name=\"twitter:label1\" content=\"Est. tempo de leitura\" \/>\n\t<meta name=\"twitter:data1\" content=\"1 minuto\" \/>\n<script type=\"application\/ld+json\" class=\"yoast-schema-graph\">{\"@context\":\"https:\/\/schema.org\",\"@graph\":[{\"@type\":\"WebPage\",\"@id\":\"https:\/\/catalogo.artigosortopedicos.com\/artipe\/produto\/ortese-p-imobilizacao-de-dedo-splint-duplo\/\",\"url\":\"https:\/\/catalogo.artigosortopedicos.com\/artipe\/produto\/ortese-p-imobilizacao-de-dedo-splint-duplo\/\",\"name\":\"\u00d3RTESE PARA IMOBILIZA\u00c7\u00c3O DE DEDO SPLINT DUPLO BILATERAL R$: 13,24 (COD:094) - Artigos ortop\u00e9dicos | Artipe\",\"isPartOf\":{\"@id\":\"https:\/\/catalogo.artigosortopedicos.com\/artipe\/#website\"},\"datePublished\":\"2022-01-03T19:41:29+00:00\",\"dateModified\":\"2025-08-19T12:29:59+00:00\",\"breadcrumb\":{\"@id\":\"https:\/\/catalogo.artigosortopedicos.com\/artipe\/produto\/ortese-p-imobilizacao-de-dedo-splint-duplo\/#breadcrumb\"},\"inLanguage\":\"pt-BR\",\"potentialAction\":[{\"@type\":\"ReadAction\",\"target\":[\"https:\/\/catalogo.artigosortopedicos.com\/artipe\/produto\/ortese-p-imobilizacao-de-dedo-splint-duplo\/\"]}]},{\"@type\":\"BreadcrumbList\",\"@id\":\"https:\/\/catalogo.artigosortopedicos.com\/artipe\/produto\/ortese-p-imobilizacao-de-dedo-splint-duplo\/#breadcrumb\",\"itemListElement\":[{\"@type\":\"ListItem\",\"position\":1,\"name\":\"In\u00edcio\",\"item\":\"https:\/\/catalogo.artigosortopedicos.com\/artipe\/\"},{\"@type\":\"ListItem\",\"position\":2,\"name\":\"Loja\",\"item\":\"https:\/\/catalogo.artigosortopedicos.com\/artipe\/\"},{\"@type\":\"ListItem\",\"position\":3,\"name\":\"\u00d3RTESE PARA IMOBILIZA\u00c7\u00c3O DE DEDO SPLINT DUPLO BILATERAL R$: 13,24 (COD:094)\"}]},{\"@type\":\"WebSite\",\"@id\":\"https:\/\/catalogo.artigosortopedicos.com\/artipe\/#website\",\"url\":\"https:\/\/catalogo.artigosortopedicos.com\/artipe\/\",\"name\":\"Artigos ortop\u00e9dicos | Artipe\",\"description\":\"Cat\u00e1logo de produtos\",\"publisher\":{\"@id\":\"https:\/\/catalogo.artigosortopedicos.com\/artipe\/#organization\"},\"potentialAction\":[{\"@type\":\"SearchAction\",\"target\":{\"@type\":\"EntryPoint\",\"urlTemplate\":\"https:\/\/catalogo.artigosortopedicos.com\/artipe\/?s={search_term_string}\"},\"query-input\":\"required name=search_term_string\"}],\"inLanguage\":\"pt-BR\"},{\"@type\":\"Organization\",\"@id\":\"https:\/\/catalogo.artigosortopedicos.com\/artipe\/#organization\",\"name\":\"Artigos ortop\u00e9dicos | Artipe\",\"url\":\"https:\/\/catalogo.artigosortopedicos.com\/artipe\/\",\"logo\":{\"@type\":\"ImageObject\",\"inLanguage\":\"pt-BR\",\"@id\":\"https:\/\/catalogo.artigosortopedicos.com\/artipe\/#\/schema\/logo\/image\/\",\"url\":\"https:\/\/catalogo.artigosortopedicos.com\/artipe\/wp-content\/uploads\/2022\/01\/cropped-56b2cef4-4750-455a-af10-33ad25230477.jpg\",\"contentUrl\":\"https:\/\/catalogo.artigosortopedicos.com\/artipe\/wp-content\/uploads\/2022\/01\/cropped-56b2cef4-4750-455a-af10-33ad25230477.jpg\",\"width\":481,\"height\":175,\"caption\":\"Artigos ortop\u00e9dicos | Artipe\"},\"image\":{\"@id\":\"https:\/\/catalogo.artigosortopedicos.com\/artipe\/#\/schema\/logo\/image\/\"}}]}<\/script>\n<!-- \/ Yoast SEO plugin. -->","yoast_head_json":{"title":"\u00d3RTESE PARA IMOBILIZA\u00c7\u00c3O DE DEDO SPLINT DUPLO BILATERAL R$: 13,24 (COD:094) - Artigos ortop\u00e9dicos | Artipe","robots":{"index":"index","follow":"follow","max-snippet":"max-snippet:-1","max-image-preview":"max-image-preview:large","max-video-preview":"max-video-preview:-1"},"canonical":"https:\/\/catalogo.artigosortopedicos.com\/artipe\/produto\/ortese-p-imobilizacao-de-dedo-splint-duplo\/","og_locale":"pt_BR","og_type":"article","og_title":"\u00d3RTESE PARA IMOBILIZA\u00c7\u00c3O DE DEDO SPLINT DUPLO BILATERAL R$: 13,24 (COD:094) - Artigos ortop\u00e9dicos | Artipe","og_url":"https:\/\/catalogo.artigosortopedicos.com\/artipe\/produto\/ortese-p-imobilizacao-de-dedo-splint-duplo\/","og_site_name":"Artigos ortop\u00e9dicos | Artipe","article_modified_time":"2025-08-19T12:29:59+00:00","og_image":[{"width":640,"height":640,"url":"https:\/\/catalogo.artigosortopedicos.com\/artipe\/wp-content\/uploads\/2022\/01\/1-11.jpg","type":"image\/jpeg"}],"twitter_card":"summary_large_image","twitter_misc":{"Est. tempo de leitura":"1 minuto"},"schema":{"@context":"https:\/\/schema.org","@graph":[{"@type":"WebPage","@id":"https:\/\/catalogo.artigosortopedicos.com\/artipe\/produto\/ortese-p-imobilizacao-de-dedo-splint-duplo\/","url":"https:\/\/catalogo.artigosortopedicos.com\/artipe\/produto\/ortese-p-imobilizacao-de-dedo-splint-duplo\/","name":"\u00d3RTESE PARA IMOBILIZA\u00c7\u00c3O DE DEDO SPLINT DUPLO BILATERAL R$: 13,24 (COD:094) - Artigos ortop\u00e9dicos | Artipe","isPartOf":{"@id":"https:\/\/catalogo.artigosortopedicos.com\/artipe\/#website"},"datePublished":"2022-01-03T19:41:29+00:00","dateModified":"2025-08-19T12:29:59+00:00","breadcrumb":{"@id":"https:\/\/catalogo.artigosortopedicos.com\/artipe\/produto\/ortese-p-imobilizacao-de-dedo-splint-duplo\/#breadcrumb"},"inLanguage":"pt-BR","potentialAction":[{"@type":"ReadAction","target":["https:\/\/catalogo.artigosortopedicos.com\/artipe\/produto\/ortese-p-imobilizacao-de-dedo-splint-duplo\/"]}]},{"@type":"BreadcrumbList","@id":"https:\/\/catalogo.artigosortopedicos.com\/artipe\/produto\/ortese-p-imobilizacao-de-dedo-splint-duplo\/#breadcrumb","itemListElement":[{"@type":"ListItem","position":1,"name":"In\u00edcio","item":"https:\/\/catalogo.artigosortopedicos.com\/artipe\/"},{"@type":"ListItem","position":2,"name":"Loja","item":"https:\/\/catalogo.artigosortopedicos.com\/artipe\/"},{"@type":"ListItem","position":3,"name":"\u00d3RTESE PARA IMOBILIZA\u00c7\u00c3O DE DEDO SPLINT DUPLO BILATERAL R$: 13,24 (COD:094)"}]},{"@type":"WebSite","@id":"https:\/\/catalogo.artigosortopedicos.com\/artipe\/#website","url":"https:\/\/catalogo.artigosortopedicos.com\/artipe\/","name":"Artigos ortop\u00e9dicos | Artipe","description":"Cat\u00e1logo de produtos","publisher":{"@id":"https:\/\/catalogo.artigosortopedicos.com\/artipe\/#organization"},"potentialAction":[{"@type":"SearchAction","target":{"@type":"EntryPoint","urlTemplate":"https:\/\/catalogo.artigosortopedicos.com\/artipe\/?s={search_term_string}"},"query-input":"required name=search_term_string"}],"inLanguage":"pt-BR"},{"@type":"Organization","@id":"https:\/\/catalogo.artigosortopedicos.com\/artipe\/#organization","name":"Artigos ortop\u00e9dicos | Artipe","url":"https:\/\/catalogo.artigosortopedicos.com\/artipe\/","logo":{"@type":"ImageObject","inLanguage":"pt-BR","@id":"https:\/\/catalogo.artigosortopedicos.com\/artipe\/#\/schema\/logo\/image\/","url":"https:\/\/catalogo.artigosortopedicos.com\/artipe\/wp-content\/uploads\/2022\/01\/cropped-56b2cef4-4750-455a-af10-33ad25230477.jpg","contentUrl":"https:\/\/catalogo.artigosortopedicos.com\/artipe\/wp-content\/uploads\/2022\/01\/cropped-56b2cef4-4750-455a-af10-33ad25230477.jpg","width":481,"height":175,"caption":"Artigos ortop\u00e9dicos | Artipe"},"image":{"@id":"https:\/\/catalogo.artigosortopedicos.com\/artipe\/#\/schema\/logo\/image\/"}}]}},"_links":{"self":[{"href":"https:\/\/catalogo.artigosortopedicos.com\/artipe\/wp-json\/wp\/v2\/product\/8466","targetHints":{"allow":["GET"]}}],"collection":[{"href":"https:\/\/catalogo.artigosortopedicos.com\/artipe\/wp-json\/wp\/v2\/product"}],"about":[{"href":"https:\/\/catalogo.artigosortopedicos.com\/artipe\/wp-json\/wp\/v2\/types\/product"}],"wp:featuredmedia":[{"embeddable":true,"href":"https:\/\/catalogo.artigosortopedicos.com\/artipe\/wp-json\/wp\/v2\/media\/9250"}],"wp:attachment":[{"href":"https:\/\/catalogo.artigosortopedicos.com\/artipe\/wp-json\/wp\/v2\/media?parent=8466"}],"wp:term":[{"taxonomy":"product_brand","embeddable":true,"href":"https:\/\/catalogo.artigosortopedicos.com\/artipe\/wp-json\/wp\/v2\/product_brand?post=8466"},{"taxonomy":"product_cat","embeddable":true,"href":"https:\/\/catalogo.artigosortopedicos.com\/artipe\/wp-json\/wp\/v2\/product_cat?post=8466"},{"taxonomy":"product_tag","embeddable":true,"href":"https:\/\/catalogo.artigosortopedicos.com\/artipe\/wp-json\/wp\/v2\/product_tag?post=8466"}],"curies":[{"name":"wp","href":"https:\/\/api.w.org\/{rel}","templated":true}]}}