{"id":9775,"date":"2023-06-16T19:11:22","date_gmt":"2023-06-16T22:11:22","guid":{"rendered":"https:\/\/catalogo.artigosortopedicos.com\/artipe\/?post_type=product&#038;p=9775"},"modified":"2025-08-19T10:03:05","modified_gmt":"2025-08-19T13:03:05","slug":"cinta-faixa-abdominal-6-gomos-elastica-cod-156-r-11015","status":"publish","type":"product","link":"https:\/\/catalogo.artigosortopedicos.com\/artipe\/produto\/cinta-faixa-abdominal-6-gomos-elastica-cod-156-r-11015\/","title":{"rendered":"FAIXA ABDOMINAL 6 GOMOS EL\u00c1STICA 120CM R$: 118,71 (COD:156)"},"content":{"rendered":"<p><img fetchpriority=\"high\" decoding=\"async\" class=\"alignnone wp-image-10192 size-full\" src=\"https:\/\/catalogo.artigosortopedicos.com\/artipe\/wp-content\/uploads\/2023\/06\/Captura-de-tela-2025-08-19-100237.png\" alt=\"\" width=\"434\" height=\"370\" srcset=\"https:\/\/catalogo.artigosortopedicos.com\/artipe\/wp-content\/uploads\/2023\/06\/Captura-de-tela-2025-08-19-100237.png 434w, https:\/\/catalogo.artigosortopedicos.com\/artipe\/wp-content\/uploads\/2023\/06\/Captura-de-tela-2025-08-19-100237-300x256.png 300w, https:\/\/catalogo.artigosortopedicos.com\/artipe\/wp-content\/uploads\/2023\/06\/Captura-de-tela-2025-08-19-100237-150x128.png 150w\" sizes=\"(max-width: 434px) 100vw, 434px\" \/><\/p>\n","protected":false},"excerpt":{"rendered":"<p>GG: Altura 45 cm circunfer\u00eancia 114 cm<\/p>\n<p>GGE: Altura 45 cm circunfer\u00eancia 120 cm<\/p>\n<p>COR: BEGE<\/p>\n<p><img fetchpriority=\"high\" decoding=\"async\" class=\"alignnone wp-image-10192 size-full\" src=\"https:\/\/catalogo.artigosortopedicos.com\/artipe\/wp-content\/uploads\/2023\/06\/Captura-de-tela-2025-08-19-100237.png\" alt=\"\" width=\"434\" height=\"370\" srcset=\"https:\/\/catalogo.artigosortopedicos.com\/artipe\/wp-content\/uploads\/2023\/06\/Captura-de-tela-2025-08-19-100237.png 434w, https:\/\/catalogo.artigosortopedicos.com\/artipe\/wp-content\/uploads\/2023\/06\/Captura-de-tela-2025-08-19-100237-300x256.png 300w, https:\/\/catalogo.artigosortopedicos.com\/artipe\/wp-content\/uploads\/2023\/06\/Captura-de-tela-2025-08-19-100237-150x128.png 150w\" sizes=\"(max-width: 434px) 100vw, 434px\" \/><\/p>\n","protected":false},"featured_media":8749,"template":"","meta":[],"product_brand":[],"product_cat":[180,232],"product_tag":[],"class_list":{"0":"post-9775","1":"product","2":"type-product","3":"status-publish","4":"has-post-thumbnail","6":"product_cat-artipe","7":"product_cat-cintas-faixas-e-coletes","9":"first","10":"instock","11":"shipping-taxable","12":"product-type-simple"},"yoast_head":"<!-- This site is optimized with the Yoast SEO plugin v20.9 - https:\/\/yoast.com\/wordpress\/plugins\/seo\/ -->\n<title>FAIXA ABDOMINAL 6 GOMOS EL\u00c1STICA 120CM R$: 118,71 (COD:156) - Artigos ortop\u00e9dicos | Artipe<\/title>\n<meta name=\"robots\" content=\"index, follow, max-snippet:-1, max-image-preview:large, max-video-preview:-1\" \/>\n<link rel=\"canonical\" href=\"https:\/\/catalogo.artigosortopedicos.com\/artipe\/produto\/cinta-faixa-abdominal-6-gomos-elastica-cod-156-r-11015\/\" \/>\n<meta property=\"og:locale\" content=\"pt_BR\" \/>\n<meta property=\"og:type\" content=\"article\" \/>\n<meta property=\"og:title\" content=\"FAIXA ABDOMINAL 6 GOMOS EL\u00c1STICA 120CM R$: 118,71 (COD:156) - Artigos ortop\u00e9dicos | Artipe\" \/>\n<meta property=\"og:description\" content=\"GG: Altura 45 cm circunfer\u00eancia 114 cm  GGE: Altura 45 cm circunfer\u00eancia 120 cm  COR: BEGE\" \/>\n<meta property=\"og:url\" content=\"https:\/\/catalogo.artigosortopedicos.com\/artipe\/produto\/cinta-faixa-abdominal-6-gomos-elastica-cod-156-r-11015\/\" \/>\n<meta property=\"og:site_name\" content=\"Artigos ortop\u00e9dicos | Artipe\" \/>\n<meta property=\"article:modified_time\" content=\"2025-08-19T13:03:05+00:00\" \/>\n<meta property=\"og:image\" content=\"https:\/\/catalogo.artigosortopedicos.com\/artipe\/wp-content\/uploads\/2022\/01\/5-2.jpg\" \/>\n\t<meta property=\"og:image:width\" content=\"646\" \/>\n\t<meta property=\"og:image:height\" content=\"543\" \/>\n\t<meta property=\"og:image:type\" content=\"image\/jpeg\" \/>\n<meta name=\"twitter:card\" content=\"summary_large_image\" \/>\n<meta name=\"twitter:label1\" content=\"Est. tempo de leitura\" \/>\n\t<meta name=\"twitter:data1\" content=\"1 minuto\" \/>\n<script type=\"application\/ld+json\" class=\"yoast-schema-graph\">{\"@context\":\"https:\/\/schema.org\",\"@graph\":[{\"@type\":\"WebPage\",\"@id\":\"https:\/\/catalogo.artigosortopedicos.com\/artipe\/produto\/cinta-faixa-abdominal-6-gomos-elastica-cod-156-r-11015\/\",\"url\":\"https:\/\/catalogo.artigosortopedicos.com\/artipe\/produto\/cinta-faixa-abdominal-6-gomos-elastica-cod-156-r-11015\/\",\"name\":\"FAIXA ABDOMINAL 6 GOMOS EL\u00c1STICA 120CM R$: 118,71 (COD:156) - Artigos ortop\u00e9dicos | Artipe\",\"isPartOf\":{\"@id\":\"https:\/\/catalogo.artigosortopedicos.com\/artipe\/#website\"},\"datePublished\":\"2023-06-16T22:11:22+00:00\",\"dateModified\":\"2025-08-19T13:03:05+00:00\",\"breadcrumb\":{\"@id\":\"https:\/\/catalogo.artigosortopedicos.com\/artipe\/produto\/cinta-faixa-abdominal-6-gomos-elastica-cod-156-r-11015\/#breadcrumb\"},\"inLanguage\":\"pt-BR\",\"potentialAction\":[{\"@type\":\"ReadAction\",\"target\":[\"https:\/\/catalogo.artigosortopedicos.com\/artipe\/produto\/cinta-faixa-abdominal-6-gomos-elastica-cod-156-r-11015\/\"]}]},{\"@type\":\"BreadcrumbList\",\"@id\":\"https:\/\/catalogo.artigosortopedicos.com\/artipe\/produto\/cinta-faixa-abdominal-6-gomos-elastica-cod-156-r-11015\/#breadcrumb\",\"itemListElement\":[{\"@type\":\"ListItem\",\"position\":1,\"name\":\"In\u00edcio\",\"item\":\"https:\/\/catalogo.artigosortopedicos.com\/artipe\/\"},{\"@type\":\"ListItem\",\"position\":2,\"name\":\"Loja\",\"item\":\"https:\/\/catalogo.artigosortopedicos.com\/artipe\/\"},{\"@type\":\"ListItem\",\"position\":3,\"name\":\"FAIXA ABDOMINAL 6 GOMOS EL\u00c1STICA 120CM R$: 118,71 (COD:156)\"}]},{\"@type\":\"WebSite\",\"@id\":\"https:\/\/catalogo.artigosortopedicos.com\/artipe\/#website\",\"url\":\"https:\/\/catalogo.artigosortopedicos.com\/artipe\/\",\"name\":\"Artigos ortop\u00e9dicos | Artipe\",\"description\":\"Cat\u00e1logo de produtos\",\"publisher\":{\"@id\":\"https:\/\/catalogo.artigosortopedicos.com\/artipe\/#organization\"},\"potentialAction\":[{\"@type\":\"SearchAction\",\"target\":{\"@type\":\"EntryPoint\",\"urlTemplate\":\"https:\/\/catalogo.artigosortopedicos.com\/artipe\/?s={search_term_string}\"},\"query-input\":\"required name=search_term_string\"}],\"inLanguage\":\"pt-BR\"},{\"@type\":\"Organization\",\"@id\":\"https:\/\/catalogo.artigosortopedicos.com\/artipe\/#organization\",\"name\":\"Artigos ortop\u00e9dicos | Artipe\",\"url\":\"https:\/\/catalogo.artigosortopedicos.com\/artipe\/\",\"logo\":{\"@type\":\"ImageObject\",\"inLanguage\":\"pt-BR\",\"@id\":\"https:\/\/catalogo.artigosortopedicos.com\/artipe\/#\/schema\/logo\/image\/\",\"url\":\"https:\/\/catalogo.artigosortopedicos.com\/artipe\/wp-content\/uploads\/2022\/01\/cropped-56b2cef4-4750-455a-af10-33ad25230477.jpg\",\"contentUrl\":\"https:\/\/catalogo.artigosortopedicos.com\/artipe\/wp-content\/uploads\/2022\/01\/cropped-56b2cef4-4750-455a-af10-33ad25230477.jpg\",\"width\":481,\"height\":175,\"caption\":\"Artigos ortop\u00e9dicos | Artipe\"},\"image\":{\"@id\":\"https:\/\/catalogo.artigosortopedicos.com\/artipe\/#\/schema\/logo\/image\/\"}}]}<\/script>\n<!-- \/ Yoast SEO plugin. -->","yoast_head_json":{"title":"FAIXA ABDOMINAL 6 GOMOS EL\u00c1STICA 120CM R$: 118,71 (COD:156) - Artigos ortop\u00e9dicos | Artipe","robots":{"index":"index","follow":"follow","max-snippet":"max-snippet:-1","max-image-preview":"max-image-preview:large","max-video-preview":"max-video-preview:-1"},"canonical":"https:\/\/catalogo.artigosortopedicos.com\/artipe\/produto\/cinta-faixa-abdominal-6-gomos-elastica-cod-156-r-11015\/","og_locale":"pt_BR","og_type":"article","og_title":"FAIXA ABDOMINAL 6 GOMOS EL\u00c1STICA 120CM R$: 118,71 (COD:156) - Artigos ortop\u00e9dicos | Artipe","og_description":"GG: Altura 45 cm circunfer\u00eancia 114 cm  GGE: Altura 45 cm circunfer\u00eancia 120 cm  COR: BEGE","og_url":"https:\/\/catalogo.artigosortopedicos.com\/artipe\/produto\/cinta-faixa-abdominal-6-gomos-elastica-cod-156-r-11015\/","og_site_name":"Artigos ortop\u00e9dicos | Artipe","article_modified_time":"2025-08-19T13:03:05+00:00","og_image":[{"width":646,"height":543,"url":"https:\/\/catalogo.artigosortopedicos.com\/artipe\/wp-content\/uploads\/2022\/01\/5-2.jpg","type":"image\/jpeg"}],"twitter_card":"summary_large_image","twitter_misc":{"Est. tempo de leitura":"1 minuto"},"schema":{"@context":"https:\/\/schema.org","@graph":[{"@type":"WebPage","@id":"https:\/\/catalogo.artigosortopedicos.com\/artipe\/produto\/cinta-faixa-abdominal-6-gomos-elastica-cod-156-r-11015\/","url":"https:\/\/catalogo.artigosortopedicos.com\/artipe\/produto\/cinta-faixa-abdominal-6-gomos-elastica-cod-156-r-11015\/","name":"FAIXA ABDOMINAL 6 GOMOS EL\u00c1STICA 120CM R$: 118,71 (COD:156) - Artigos ortop\u00e9dicos | Artipe","isPartOf":{"@id":"https:\/\/catalogo.artigosortopedicos.com\/artipe\/#website"},"datePublished":"2023-06-16T22:11:22+00:00","dateModified":"2025-08-19T13:03:05+00:00","breadcrumb":{"@id":"https:\/\/catalogo.artigosortopedicos.com\/artipe\/produto\/cinta-faixa-abdominal-6-gomos-elastica-cod-156-r-11015\/#breadcrumb"},"inLanguage":"pt-BR","potentialAction":[{"@type":"ReadAction","target":["https:\/\/catalogo.artigosortopedicos.com\/artipe\/produto\/cinta-faixa-abdominal-6-gomos-elastica-cod-156-r-11015\/"]}]},{"@type":"BreadcrumbList","@id":"https:\/\/catalogo.artigosortopedicos.com\/artipe\/produto\/cinta-faixa-abdominal-6-gomos-elastica-cod-156-r-11015\/#breadcrumb","itemListElement":[{"@type":"ListItem","position":1,"name":"In\u00edcio","item":"https:\/\/catalogo.artigosortopedicos.com\/artipe\/"},{"@type":"ListItem","position":2,"name":"Loja","item":"https:\/\/catalogo.artigosortopedicos.com\/artipe\/"},{"@type":"ListItem","position":3,"name":"FAIXA ABDOMINAL 6 GOMOS EL\u00c1STICA 120CM R$: 118,71 (COD:156)"}]},{"@type":"WebSite","@id":"https:\/\/catalogo.artigosortopedicos.com\/artipe\/#website","url":"https:\/\/catalogo.artigosortopedicos.com\/artipe\/","name":"Artigos ortop\u00e9dicos | Artipe","description":"Cat\u00e1logo de produtos","publisher":{"@id":"https:\/\/catalogo.artigosortopedicos.com\/artipe\/#organization"},"potentialAction":[{"@type":"SearchAction","target":{"@type":"EntryPoint","urlTemplate":"https:\/\/catalogo.artigosortopedicos.com\/artipe\/?s={search_term_string}"},"query-input":"required name=search_term_string"}],"inLanguage":"pt-BR"},{"@type":"Organization","@id":"https:\/\/catalogo.artigosortopedicos.com\/artipe\/#organization","name":"Artigos ortop\u00e9dicos | Artipe","url":"https:\/\/catalogo.artigosortopedicos.com\/artipe\/","logo":{"@type":"ImageObject","inLanguage":"pt-BR","@id":"https:\/\/catalogo.artigosortopedicos.com\/artipe\/#\/schema\/logo\/image\/","url":"https:\/\/catalogo.artigosortopedicos.com\/artipe\/wp-content\/uploads\/2022\/01\/cropped-56b2cef4-4750-455a-af10-33ad25230477.jpg","contentUrl":"https:\/\/catalogo.artigosortopedicos.com\/artipe\/wp-content\/uploads\/2022\/01\/cropped-56b2cef4-4750-455a-af10-33ad25230477.jpg","width":481,"height":175,"caption":"Artigos ortop\u00e9dicos | Artipe"},"image":{"@id":"https:\/\/catalogo.artigosortopedicos.com\/artipe\/#\/schema\/logo\/image\/"}}]}},"_links":{"self":[{"href":"https:\/\/catalogo.artigosortopedicos.com\/artipe\/wp-json\/wp\/v2\/product\/9775","targetHints":{"allow":["GET"]}}],"collection":[{"href":"https:\/\/catalogo.artigosortopedicos.com\/artipe\/wp-json\/wp\/v2\/product"}],"about":[{"href":"https:\/\/catalogo.artigosortopedicos.com\/artipe\/wp-json\/wp\/v2\/types\/product"}],"wp:featuredmedia":[{"embeddable":true,"href":"https:\/\/catalogo.artigosortopedicos.com\/artipe\/wp-json\/wp\/v2\/media\/8749"}],"wp:attachment":[{"href":"https:\/\/catalogo.artigosortopedicos.com\/artipe\/wp-json\/wp\/v2\/media?parent=9775"}],"wp:term":[{"taxonomy":"product_brand","embeddable":true,"href":"https:\/\/catalogo.artigosortopedicos.com\/artipe\/wp-json\/wp\/v2\/product_brand?post=9775"},{"taxonomy":"product_cat","embeddable":true,"href":"https:\/\/catalogo.artigosortopedicos.com\/artipe\/wp-json\/wp\/v2\/product_cat?post=9775"},{"taxonomy":"product_tag","embeddable":true,"href":"https:\/\/catalogo.artigosortopedicos.com\/artipe\/wp-json\/wp\/v2\/product_tag?post=9775"}],"curies":[{"name":"wp","href":"https:\/\/api.w.org\/{rel}","templated":true}]}}