{"id":9853,"date":"2024-09-23T19:45:55","date_gmt":"2024-09-23T22:45:55","guid":{"rendered":"https:\/\/catalogo.artigosortopedicos.com\/artipe\/?post_type=product&#038;p=9853"},"modified":"2025-08-19T13:29:33","modified_gmt":"2025-08-19T16:29:33","slug":"sandalia-baruk-pos-operatorio-do-joanete-bilateral-cod-it125-r-4715","status":"publish","type":"product","link":"https:\/\/catalogo.artigosortopedicos.com\/artipe\/produto\/sandalia-baruk-pos-operatorio-do-joanete-bilateral-cod-it125-r-4715\/","title":{"rendered":"SAND\u00c1LIA BARUK P\u00d3S-OPERAT\u00d3RIO DO JOANETE &#8211; BILATERAL &#8211;  P\/M\/G R$ 47,15 (COD:125)"},"content":{"rendered":"<p><img fetchpriority=\"high\" decoding=\"async\" class=\"alignnone wp-image-10257 size-full\" src=\"https:\/\/catalogo.artigosortopedicos.com\/artipe\/wp-content\/uploads\/2024\/09\/Captura-de-tela-2025-08-19-132859.png\" alt=\"\" width=\"439\" height=\"367\" srcset=\"https:\/\/catalogo.artigosortopedicos.com\/artipe\/wp-content\/uploads\/2024\/09\/Captura-de-tela-2025-08-19-132859.png 439w, https:\/\/catalogo.artigosortopedicos.com\/artipe\/wp-content\/uploads\/2024\/09\/Captura-de-tela-2025-08-19-132859-300x251.png 300w, https:\/\/catalogo.artigosortopedicos.com\/artipe\/wp-content\/uploads\/2024\/09\/Captura-de-tela-2025-08-19-132859-150x125.png 150w\" sizes=\"(max-width: 439px) 100vw, 439px\" \/><\/p>\n","protected":false},"excerpt":{"rendered":"<p><img fetchpriority=\"high\" decoding=\"async\" class=\"alignnone wp-image-10257 size-full\" src=\"https:\/\/catalogo.artigosortopedicos.com\/artipe\/wp-content\/uploads\/2024\/09\/Captura-de-tela-2025-08-19-132859.png\" alt=\"\" width=\"439\" height=\"367\" srcset=\"https:\/\/catalogo.artigosortopedicos.com\/artipe\/wp-content\/uploads\/2024\/09\/Captura-de-tela-2025-08-19-132859.png 439w, https:\/\/catalogo.artigosortopedicos.com\/artipe\/wp-content\/uploads\/2024\/09\/Captura-de-tela-2025-08-19-132859-300x251.png 300w, https:\/\/catalogo.artigosortopedicos.com\/artipe\/wp-content\/uploads\/2024\/09\/Captura-de-tela-2025-08-19-132859-150x125.png 150w\" sizes=\"(max-width: 439px) 100vw, 439px\" \/><\/p>\n","protected":false},"featured_media":9854,"template":"","meta":[],"product_brand":[],"product_cat":[234],"product_tag":[],"class_list":{"0":"post-9853","1":"product","2":"type-product","3":"status-publish","4":"has-post-thumbnail","6":"product_cat-pes-tornozelo","8":"first","9":"instock","10":"shipping-taxable","11":"product-type-simple"},"yoast_head":"<!-- This site is optimized with the Yoast SEO plugin v20.9 - https:\/\/yoast.com\/wordpress\/plugins\/seo\/ -->\n<title>SAND\u00c1LIA BARUK P\u00d3S-OPERAT\u00d3RIO DO JOANETE - BILATERAL - P\/M\/G R$ 47,15 (COD:125) - Artigos ortop\u00e9dicos | Artipe<\/title>\n<meta name=\"robots\" content=\"index, follow, max-snippet:-1, max-image-preview:large, max-video-preview:-1\" \/>\n<link rel=\"canonical\" href=\"https:\/\/catalogo.artigosortopedicos.com\/artipe\/produto\/sandalia-baruk-pos-operatorio-do-joanete-bilateral-cod-it125-r-4715\/\" \/>\n<meta property=\"og:locale\" content=\"pt_BR\" \/>\n<meta property=\"og:type\" content=\"article\" \/>\n<meta property=\"og:title\" content=\"SAND\u00c1LIA BARUK P\u00d3S-OPERAT\u00d3RIO DO JOANETE - BILATERAL - P\/M\/G R$ 47,15 (COD:125) - Artigos ortop\u00e9dicos | Artipe\" \/>\n<meta property=\"og:url\" content=\"https:\/\/catalogo.artigosortopedicos.com\/artipe\/produto\/sandalia-baruk-pos-operatorio-do-joanete-bilateral-cod-it125-r-4715\/\" \/>\n<meta property=\"og:site_name\" content=\"Artigos ortop\u00e9dicos | Artipe\" \/>\n<meta property=\"article:modified_time\" content=\"2025-08-19T16:29:33+00:00\" \/>\n<meta property=\"og:image\" content=\"https:\/\/catalogo.artigosortopedicos.com\/artipe\/wp-content\/uploads\/2024\/09\/Captura-de-tela-2024-09-23-194532.png\" \/>\n\t<meta property=\"og:image:width\" content=\"465\" \/>\n\t<meta property=\"og:image:height\" content=\"397\" \/>\n\t<meta property=\"og:image:type\" content=\"image\/png\" \/>\n<meta name=\"twitter:card\" content=\"summary_large_image\" \/>\n<meta name=\"twitter:label1\" content=\"Est. tempo de leitura\" \/>\n\t<meta name=\"twitter:data1\" content=\"1 minuto\" \/>\n<script type=\"application\/ld+json\" class=\"yoast-schema-graph\">{\"@context\":\"https:\/\/schema.org\",\"@graph\":[{\"@type\":\"WebPage\",\"@id\":\"https:\/\/catalogo.artigosortopedicos.com\/artipe\/produto\/sandalia-baruk-pos-operatorio-do-joanete-bilateral-cod-it125-r-4715\/\",\"url\":\"https:\/\/catalogo.artigosortopedicos.com\/artipe\/produto\/sandalia-baruk-pos-operatorio-do-joanete-bilateral-cod-it125-r-4715\/\",\"name\":\"SAND\u00c1LIA BARUK P\u00d3S-OPERAT\u00d3RIO DO JOANETE - BILATERAL - P\/M\/G R$ 47,15 (COD:125) - Artigos ortop\u00e9dicos | Artipe\",\"isPartOf\":{\"@id\":\"https:\/\/catalogo.artigosortopedicos.com\/artipe\/#website\"},\"datePublished\":\"2024-09-23T22:45:55+00:00\",\"dateModified\":\"2025-08-19T16:29:33+00:00\",\"breadcrumb\":{\"@id\":\"https:\/\/catalogo.artigosortopedicos.com\/artipe\/produto\/sandalia-baruk-pos-operatorio-do-joanete-bilateral-cod-it125-r-4715\/#breadcrumb\"},\"inLanguage\":\"pt-BR\",\"potentialAction\":[{\"@type\":\"ReadAction\",\"target\":[\"https:\/\/catalogo.artigosortopedicos.com\/artipe\/produto\/sandalia-baruk-pos-operatorio-do-joanete-bilateral-cod-it125-r-4715\/\"]}]},{\"@type\":\"BreadcrumbList\",\"@id\":\"https:\/\/catalogo.artigosortopedicos.com\/artipe\/produto\/sandalia-baruk-pos-operatorio-do-joanete-bilateral-cod-it125-r-4715\/#breadcrumb\",\"itemListElement\":[{\"@type\":\"ListItem\",\"position\":1,\"name\":\"In\u00edcio\",\"item\":\"https:\/\/catalogo.artigosortopedicos.com\/artipe\/\"},{\"@type\":\"ListItem\",\"position\":2,\"name\":\"Loja\",\"item\":\"https:\/\/catalogo.artigosortopedicos.com\/artipe\/\"},{\"@type\":\"ListItem\",\"position\":3,\"name\":\"SAND\u00c1LIA BARUK P\u00d3S-OPERAT\u00d3RIO DO JOANETE &#8211; BILATERAL &#8211; P\/M\/G R$ 47,15 (COD:125)\"}]},{\"@type\":\"WebSite\",\"@id\":\"https:\/\/catalogo.artigosortopedicos.com\/artipe\/#website\",\"url\":\"https:\/\/catalogo.artigosortopedicos.com\/artipe\/\",\"name\":\"Artigos ortop\u00e9dicos | Artipe\",\"description\":\"Cat\u00e1logo de produtos\",\"publisher\":{\"@id\":\"https:\/\/catalogo.artigosortopedicos.com\/artipe\/#organization\"},\"potentialAction\":[{\"@type\":\"SearchAction\",\"target\":{\"@type\":\"EntryPoint\",\"urlTemplate\":\"https:\/\/catalogo.artigosortopedicos.com\/artipe\/?s={search_term_string}\"},\"query-input\":\"required name=search_term_string\"}],\"inLanguage\":\"pt-BR\"},{\"@type\":\"Organization\",\"@id\":\"https:\/\/catalogo.artigosortopedicos.com\/artipe\/#organization\",\"name\":\"Artigos ortop\u00e9dicos | Artipe\",\"url\":\"https:\/\/catalogo.artigosortopedicos.com\/artipe\/\",\"logo\":{\"@type\":\"ImageObject\",\"inLanguage\":\"pt-BR\",\"@id\":\"https:\/\/catalogo.artigosortopedicos.com\/artipe\/#\/schema\/logo\/image\/\",\"url\":\"https:\/\/catalogo.artigosortopedicos.com\/artipe\/wp-content\/uploads\/2022\/01\/cropped-56b2cef4-4750-455a-af10-33ad25230477.jpg\",\"contentUrl\":\"https:\/\/catalogo.artigosortopedicos.com\/artipe\/wp-content\/uploads\/2022\/01\/cropped-56b2cef4-4750-455a-af10-33ad25230477.jpg\",\"width\":481,\"height\":175,\"caption\":\"Artigos ortop\u00e9dicos | Artipe\"},\"image\":{\"@id\":\"https:\/\/catalogo.artigosortopedicos.com\/artipe\/#\/schema\/logo\/image\/\"}}]}<\/script>\n<!-- \/ Yoast SEO plugin. -->","yoast_head_json":{"title":"SAND\u00c1LIA BARUK P\u00d3S-OPERAT\u00d3RIO DO JOANETE - BILATERAL - P\/M\/G R$ 47,15 (COD:125) - Artigos ortop\u00e9dicos | Artipe","robots":{"index":"index","follow":"follow","max-snippet":"max-snippet:-1","max-image-preview":"max-image-preview:large","max-video-preview":"max-video-preview:-1"},"canonical":"https:\/\/catalogo.artigosortopedicos.com\/artipe\/produto\/sandalia-baruk-pos-operatorio-do-joanete-bilateral-cod-it125-r-4715\/","og_locale":"pt_BR","og_type":"article","og_title":"SAND\u00c1LIA BARUK P\u00d3S-OPERAT\u00d3RIO DO JOANETE - BILATERAL - P\/M\/G R$ 47,15 (COD:125) - Artigos ortop\u00e9dicos | Artipe","og_url":"https:\/\/catalogo.artigosortopedicos.com\/artipe\/produto\/sandalia-baruk-pos-operatorio-do-joanete-bilateral-cod-it125-r-4715\/","og_site_name":"Artigos ortop\u00e9dicos | Artipe","article_modified_time":"2025-08-19T16:29:33+00:00","og_image":[{"width":465,"height":397,"url":"https:\/\/catalogo.artigosortopedicos.com\/artipe\/wp-content\/uploads\/2024\/09\/Captura-de-tela-2024-09-23-194532.png","type":"image\/png"}],"twitter_card":"summary_large_image","twitter_misc":{"Est. tempo de leitura":"1 minuto"},"schema":{"@context":"https:\/\/schema.org","@graph":[{"@type":"WebPage","@id":"https:\/\/catalogo.artigosortopedicos.com\/artipe\/produto\/sandalia-baruk-pos-operatorio-do-joanete-bilateral-cod-it125-r-4715\/","url":"https:\/\/catalogo.artigosortopedicos.com\/artipe\/produto\/sandalia-baruk-pos-operatorio-do-joanete-bilateral-cod-it125-r-4715\/","name":"SAND\u00c1LIA BARUK P\u00d3S-OPERAT\u00d3RIO DO JOANETE - BILATERAL - P\/M\/G R$ 47,15 (COD:125) - Artigos ortop\u00e9dicos | Artipe","isPartOf":{"@id":"https:\/\/catalogo.artigosortopedicos.com\/artipe\/#website"},"datePublished":"2024-09-23T22:45:55+00:00","dateModified":"2025-08-19T16:29:33+00:00","breadcrumb":{"@id":"https:\/\/catalogo.artigosortopedicos.com\/artipe\/produto\/sandalia-baruk-pos-operatorio-do-joanete-bilateral-cod-it125-r-4715\/#breadcrumb"},"inLanguage":"pt-BR","potentialAction":[{"@type":"ReadAction","target":["https:\/\/catalogo.artigosortopedicos.com\/artipe\/produto\/sandalia-baruk-pos-operatorio-do-joanete-bilateral-cod-it125-r-4715\/"]}]},{"@type":"BreadcrumbList","@id":"https:\/\/catalogo.artigosortopedicos.com\/artipe\/produto\/sandalia-baruk-pos-operatorio-do-joanete-bilateral-cod-it125-r-4715\/#breadcrumb","itemListElement":[{"@type":"ListItem","position":1,"name":"In\u00edcio","item":"https:\/\/catalogo.artigosortopedicos.com\/artipe\/"},{"@type":"ListItem","position":2,"name":"Loja","item":"https:\/\/catalogo.artigosortopedicos.com\/artipe\/"},{"@type":"ListItem","position":3,"name":"SAND\u00c1LIA BARUK P\u00d3S-OPERAT\u00d3RIO DO JOANETE &#8211; BILATERAL &#8211; P\/M\/G R$ 47,15 (COD:125)"}]},{"@type":"WebSite","@id":"https:\/\/catalogo.artigosortopedicos.com\/artipe\/#website","url":"https:\/\/catalogo.artigosortopedicos.com\/artipe\/","name":"Artigos ortop\u00e9dicos | Artipe","description":"Cat\u00e1logo de produtos","publisher":{"@id":"https:\/\/catalogo.artigosortopedicos.com\/artipe\/#organization"},"potentialAction":[{"@type":"SearchAction","target":{"@type":"EntryPoint","urlTemplate":"https:\/\/catalogo.artigosortopedicos.com\/artipe\/?s={search_term_string}"},"query-input":"required name=search_term_string"}],"inLanguage":"pt-BR"},{"@type":"Organization","@id":"https:\/\/catalogo.artigosortopedicos.com\/artipe\/#organization","name":"Artigos ortop\u00e9dicos | Artipe","url":"https:\/\/catalogo.artigosortopedicos.com\/artipe\/","logo":{"@type":"ImageObject","inLanguage":"pt-BR","@id":"https:\/\/catalogo.artigosortopedicos.com\/artipe\/#\/schema\/logo\/image\/","url":"https:\/\/catalogo.artigosortopedicos.com\/artipe\/wp-content\/uploads\/2022\/01\/cropped-56b2cef4-4750-455a-af10-33ad25230477.jpg","contentUrl":"https:\/\/catalogo.artigosortopedicos.com\/artipe\/wp-content\/uploads\/2022\/01\/cropped-56b2cef4-4750-455a-af10-33ad25230477.jpg","width":481,"height":175,"caption":"Artigos ortop\u00e9dicos | Artipe"},"image":{"@id":"https:\/\/catalogo.artigosortopedicos.com\/artipe\/#\/schema\/logo\/image\/"}}]}},"_links":{"self":[{"href":"https:\/\/catalogo.artigosortopedicos.com\/artipe\/wp-json\/wp\/v2\/product\/9853","targetHints":{"allow":["GET"]}}],"collection":[{"href":"https:\/\/catalogo.artigosortopedicos.com\/artipe\/wp-json\/wp\/v2\/product"}],"about":[{"href":"https:\/\/catalogo.artigosortopedicos.com\/artipe\/wp-json\/wp\/v2\/types\/product"}],"wp:featuredmedia":[{"embeddable":true,"href":"https:\/\/catalogo.artigosortopedicos.com\/artipe\/wp-json\/wp\/v2\/media\/9854"}],"wp:attachment":[{"href":"https:\/\/catalogo.artigosortopedicos.com\/artipe\/wp-json\/wp\/v2\/media?parent=9853"}],"wp:term":[{"taxonomy":"product_brand","embeddable":true,"href":"https:\/\/catalogo.artigosortopedicos.com\/artipe\/wp-json\/wp\/v2\/product_brand?post=9853"},{"taxonomy":"product_cat","embeddable":true,"href":"https:\/\/catalogo.artigosortopedicos.com\/artipe\/wp-json\/wp\/v2\/product_cat?post=9853"},{"taxonomy":"product_tag","embeddable":true,"href":"https:\/\/catalogo.artigosortopedicos.com\/artipe\/wp-json\/wp\/v2\/product_tag?post=9853"}],"curies":[{"name":"wp","href":"https:\/\/api.w.org\/{rel}","templated":true}]}}