{"id":8808,"date":"2022-01-05T09:24:50","date_gmt":"2022-01-05T12:24:50","guid":{"rendered":"http:\/\/catalogo.artigosortopedicos.com\/cpl\/?post_type=product&#038;p=8808"},"modified":"2026-03-31T16:59:14","modified_gmt":"2026-03-31T19:59:14","slug":"irrigador-para-enema","status":"publish","type":"product","link":"https:\/\/catalogo.artigosortopedicos.com\/cpl\/produto\/irrigador-para-enema\/","title":{"rendered":"IRRIGADOR PARA ENEMA"},"content":{"rendered":"<p>Indicado para a utiliza\u00e7\u00e3o em processo de enema ( limpeza intestinal)<\/p>\n<p>Fabricado em pvc at\u00f3xico, transparente e com capacidade de 1 e 2 litros.<\/p>\n<p>Possui al\u00e7a de fixa\u00e7\u00e3o para facilitar no momento da realiza\u00e7\u00e3o do processo.<\/p>\n<p>Embalado em embalagem pl\u00e1stica contendo 01 unidade.<\/p>\n<p>Produto n\u00e3o est\u00e9ril e isento de l\u00e1tex.<\/p>\n<p>Dever\u00e1 ser utilizado com um tubo de pvc para irrigador e uma sonda retal ( vendido separadamente)<\/p>\n<p>Notifica\u00e7\u00e3o Anvisa n\u00ba 10014160059<\/p>\n<p><img fetchpriority=\"high\" decoding=\"async\" class=\"alignnone wp-image-9699 size-full\" src=\"https:\/\/catalogo.artigosortopedicos.com\/cpl\/wp-content\/uploads\/2022\/01\/Captura-de-tela-2026-03-31-163908.png\" alt=\"\" width=\"708\" height=\"427\" srcset=\"https:\/\/catalogo.artigosortopedicos.com\/cpl\/wp-content\/uploads\/2022\/01\/Captura-de-tela-2026-03-31-163908.png 708w, https:\/\/catalogo.artigosortopedicos.com\/cpl\/wp-content\/uploads\/2022\/01\/Captura-de-tela-2026-03-31-163908-300x181.png 300w, https:\/\/catalogo.artigosortopedicos.com\/cpl\/wp-content\/uploads\/2022\/01\/Captura-de-tela-2026-03-31-163908-441x266.png 441w, https:\/\/catalogo.artigosortopedicos.com\/cpl\/wp-content\/uploads\/2022\/01\/Captura-de-tela-2026-03-31-163908-600x362.png 600w, https:\/\/catalogo.artigosortopedicos.com\/cpl\/wp-content\/uploads\/2022\/01\/Captura-de-tela-2026-03-31-163908-150x90.png 150w\" sizes=\"(max-width: 708px) 100vw, 708px\" \/><\/p>\n<p>&nbsp;<\/p>\n","protected":false},"excerpt":{"rendered":"<p>Indicado para a utiliza\u00e7\u00e3o em processo de enema ( limpeza intestinal) Fabricado em pvc at\u00f3xico, transparente e com capacidade de 1 e 2 litros. Possui al\u00e7a de fixa\u00e7\u00e3o para facilitar no momento da realiza\u00e7\u00e3o do processo. Embalado em embalagem pl\u00e1stica contendo 01 unidade. Produto n\u00e3o est\u00e9ril e isento de l\u00e1tex. Dever\u00e1 ser utilizado com um [&hellip;]<\/p>\n","protected":false},"featured_media":8809,"template":"","meta":[],"product_brand":[],"product_cat":[261,291],"product_tag":[],"class_list":{"0":"post-8808","1":"product","2":"type-product","3":"status-publish","4":"has-post-thumbnail","6":"product_cat-cpl","7":"product_cat-irrigador-p-enema","9":"first","10":"instock","11":"shipping-taxable","12":"product-type-variable"},"yoast_head":"<!-- This site is optimized with the Yoast SEO plugin v25.7 - https:\/\/yoast.com\/wordpress\/plugins\/seo\/ -->\n<title>IRRIGADOR PARA ENEMA - Artigos ortop\u00e9dicos | CPL<\/title>\n<meta name=\"robots\" content=\"index, follow, max-snippet:-1, max-image-preview:large, max-video-preview:-1\" \/>\n<link rel=\"canonical\" href=\"https:\/\/catalogo.artigosortopedicos.com\/cpl\/produto\/irrigador-para-enema\/\" \/>\n<meta property=\"og:locale\" content=\"pt_BR\" \/>\n<meta property=\"og:type\" content=\"article\" \/>\n<meta property=\"og:title\" content=\"IRRIGADOR PARA ENEMA - Artigos ortop\u00e9dicos | CPL\" \/>\n<meta property=\"og:description\" content=\"Indicado para a utiliza\u00e7\u00e3o em processo de enema ( limpeza intestinal) Fabricado em pvc at\u00f3xico, transparente e com capacidade de 1 e 2 litros. Possui al\u00e7a de fixa\u00e7\u00e3o para facilitar no momento da realiza\u00e7\u00e3o do processo. Embalado em embalagem pl\u00e1stica contendo 01 unidade. Produto n\u00e3o est\u00e9ril e isento de l\u00e1tex. Dever\u00e1 ser utilizado com um [&hellip;]\" \/>\n<meta property=\"og:url\" content=\"https:\/\/catalogo.artigosortopedicos.com\/cpl\/produto\/irrigador-para-enema\/\" \/>\n<meta property=\"og:site_name\" content=\"Artigos ortop\u00e9dicos | CPL\" \/>\n<meta property=\"article:modified_time\" content=\"2026-03-31T19:59:14+00:00\" \/>\n<meta property=\"og:image\" content=\"https:\/\/catalogo.artigosortopedicos.com\/cpl\/wp-content\/uploads\/2022\/01\/3-3.jpg\" \/>\n\t<meta property=\"og:image:width\" content=\"646\" \/>\n\t<meta property=\"og:image:height\" content=\"543\" \/>\n\t<meta property=\"og:image:type\" content=\"image\/jpeg\" \/>\n<meta name=\"twitter:card\" content=\"summary_large_image\" \/>\n<meta name=\"twitter:label1\" content=\"Est. tempo de leitura\" \/>\n\t<meta name=\"twitter:data1\" content=\"1 minuto\" \/>\n<script type=\"application\/ld+json\" class=\"yoast-schema-graph\">{\"@context\":\"https:\/\/schema.org\",\"@graph\":[{\"@type\":\"WebPage\",\"@id\":\"https:\/\/catalogo.artigosortopedicos.com\/cpl\/produto\/irrigador-para-enema\/\",\"url\":\"https:\/\/catalogo.artigosortopedicos.com\/cpl\/produto\/irrigador-para-enema\/\",\"name\":\"IRRIGADOR PARA ENEMA - Artigos ortop\u00e9dicos | CPL\",\"isPartOf\":{\"@id\":\"https:\/\/catalogo.artigosortopedicos.com\/cpl\/#website\"},\"primaryImageOfPage\":{\"@id\":\"https:\/\/catalogo.artigosortopedicos.com\/cpl\/produto\/irrigador-para-enema\/#primaryimage\"},\"image\":{\"@id\":\"https:\/\/catalogo.artigosortopedicos.com\/cpl\/produto\/irrigador-para-enema\/#primaryimage\"},\"thumbnailUrl\":\"https:\/\/catalogo.artigosortopedicos.com\/cpl\/wp-content\/uploads\/2022\/01\/3-3.jpg\",\"datePublished\":\"2022-01-05T12:24:50+00:00\",\"dateModified\":\"2026-03-31T19:59:14+00:00\",\"breadcrumb\":{\"@id\":\"https:\/\/catalogo.artigosortopedicos.com\/cpl\/produto\/irrigador-para-enema\/#breadcrumb\"},\"inLanguage\":\"pt-BR\",\"potentialAction\":[{\"@type\":\"ReadAction\",\"target\":[\"https:\/\/catalogo.artigosortopedicos.com\/cpl\/produto\/irrigador-para-enema\/\"]}]},{\"@type\":\"ImageObject\",\"inLanguage\":\"pt-BR\",\"@id\":\"https:\/\/catalogo.artigosortopedicos.com\/cpl\/produto\/irrigador-para-enema\/#primaryimage\",\"url\":\"https:\/\/catalogo.artigosortopedicos.com\/cpl\/wp-content\/uploads\/2022\/01\/3-3.jpg\",\"contentUrl\":\"https:\/\/catalogo.artigosortopedicos.com\/cpl\/wp-content\/uploads\/2022\/01\/3-3.jpg\",\"width\":646,\"height\":543},{\"@type\":\"BreadcrumbList\",\"@id\":\"https:\/\/catalogo.artigosortopedicos.com\/cpl\/produto\/irrigador-para-enema\/#breadcrumb\",\"itemListElement\":[{\"@type\":\"ListItem\",\"position\":1,\"name\":\"In\u00edcio\",\"item\":\"https:\/\/catalogo.artigosortopedicos.com\/cpl\/\"},{\"@type\":\"ListItem\",\"position\":2,\"name\":\"Loja\",\"item\":\"https:\/\/catalogo.artigosortopedicos.com\/cpl\/\"},{\"@type\":\"ListItem\",\"position\":3,\"name\":\"IRRIGADOR PARA ENEMA\"}]},{\"@type\":\"WebSite\",\"@id\":\"https:\/\/catalogo.artigosortopedicos.com\/cpl\/#website\",\"url\":\"https:\/\/catalogo.artigosortopedicos.com\/cpl\/\",\"name\":\"Artigos ortop\u00e9dicos | CPL\",\"description\":\"Cat\u00e1logo de produtos\",\"publisher\":{\"@id\":\"https:\/\/catalogo.artigosortopedicos.com\/cpl\/#organization\"},\"potentialAction\":[{\"@type\":\"SearchAction\",\"target\":{\"@type\":\"EntryPoint\",\"urlTemplate\":\"https:\/\/catalogo.artigosortopedicos.com\/cpl\/?s={search_term_string}\"},\"query-input\":{\"@type\":\"PropertyValueSpecification\",\"valueRequired\":true,\"valueName\":\"search_term_string\"}}],\"inLanguage\":\"pt-BR\"},{\"@type\":\"Organization\",\"@id\":\"https:\/\/catalogo.artigosortopedicos.com\/cpl\/#organization\",\"name\":\"Artigos ortop\u00e9dicos | CPL\",\"url\":\"https:\/\/catalogo.artigosortopedicos.com\/cpl\/\",\"logo\":{\"@type\":\"ImageObject\",\"inLanguage\":\"pt-BR\",\"@id\":\"https:\/\/catalogo.artigosortopedicos.com\/cpl\/#\/schema\/logo\/image\/\",\"url\":\"https:\/\/catalogo.artigosortopedicos.com\/cpl\/wp-content\/uploads\/2022\/01\/cropped-56b2cef4-4750-455a-af10-33ad25230477.jpg\",\"contentUrl\":\"https:\/\/catalogo.artigosortopedicos.com\/cpl\/wp-content\/uploads\/2022\/01\/cropped-56b2cef4-4750-455a-af10-33ad25230477.jpg\",\"width\":481,\"height\":175,\"caption\":\"Artigos ortop\u00e9dicos | CPL\"},\"image\":{\"@id\":\"https:\/\/catalogo.artigosortopedicos.com\/cpl\/#\/schema\/logo\/image\/\"}}]}<\/script>\n<!-- \/ Yoast SEO plugin. -->","yoast_head_json":{"title":"IRRIGADOR PARA ENEMA - Artigos ortop\u00e9dicos | CPL","robots":{"index":"index","follow":"follow","max-snippet":"max-snippet:-1","max-image-preview":"max-image-preview:large","max-video-preview":"max-video-preview:-1"},"canonical":"https:\/\/catalogo.artigosortopedicos.com\/cpl\/produto\/irrigador-para-enema\/","og_locale":"pt_BR","og_type":"article","og_title":"IRRIGADOR PARA ENEMA - Artigos ortop\u00e9dicos | CPL","og_description":"Indicado para a utiliza\u00e7\u00e3o em processo de enema ( limpeza intestinal) Fabricado em pvc at\u00f3xico, transparente e com capacidade de 1 e 2 litros. Possui al\u00e7a de fixa\u00e7\u00e3o para facilitar no momento da realiza\u00e7\u00e3o do processo. Embalado em embalagem pl\u00e1stica contendo 01 unidade. Produto n\u00e3o est\u00e9ril e isento de l\u00e1tex. Dever\u00e1 ser utilizado com um [&hellip;]","og_url":"https:\/\/catalogo.artigosortopedicos.com\/cpl\/produto\/irrigador-para-enema\/","og_site_name":"Artigos ortop\u00e9dicos | CPL","article_modified_time":"2026-03-31T19:59:14+00:00","og_image":[{"width":646,"height":543,"url":"https:\/\/catalogo.artigosortopedicos.com\/cpl\/wp-content\/uploads\/2022\/01\/3-3.jpg","type":"image\/jpeg"}],"twitter_card":"summary_large_image","twitter_misc":{"Est. tempo de leitura":"1 minuto"},"schema":{"@context":"https:\/\/schema.org","@graph":[{"@type":"WebPage","@id":"https:\/\/catalogo.artigosortopedicos.com\/cpl\/produto\/irrigador-para-enema\/","url":"https:\/\/catalogo.artigosortopedicos.com\/cpl\/produto\/irrigador-para-enema\/","name":"IRRIGADOR PARA ENEMA - Artigos ortop\u00e9dicos | CPL","isPartOf":{"@id":"https:\/\/catalogo.artigosortopedicos.com\/cpl\/#website"},"primaryImageOfPage":{"@id":"https:\/\/catalogo.artigosortopedicos.com\/cpl\/produto\/irrigador-para-enema\/#primaryimage"},"image":{"@id":"https:\/\/catalogo.artigosortopedicos.com\/cpl\/produto\/irrigador-para-enema\/#primaryimage"},"thumbnailUrl":"https:\/\/catalogo.artigosortopedicos.com\/cpl\/wp-content\/uploads\/2022\/01\/3-3.jpg","datePublished":"2022-01-05T12:24:50+00:00","dateModified":"2026-03-31T19:59:14+00:00","breadcrumb":{"@id":"https:\/\/catalogo.artigosortopedicos.com\/cpl\/produto\/irrigador-para-enema\/#breadcrumb"},"inLanguage":"pt-BR","potentialAction":[{"@type":"ReadAction","target":["https:\/\/catalogo.artigosortopedicos.com\/cpl\/produto\/irrigador-para-enema\/"]}]},{"@type":"ImageObject","inLanguage":"pt-BR","@id":"https:\/\/catalogo.artigosortopedicos.com\/cpl\/produto\/irrigador-para-enema\/#primaryimage","url":"https:\/\/catalogo.artigosortopedicos.com\/cpl\/wp-content\/uploads\/2022\/01\/3-3.jpg","contentUrl":"https:\/\/catalogo.artigosortopedicos.com\/cpl\/wp-content\/uploads\/2022\/01\/3-3.jpg","width":646,"height":543},{"@type":"BreadcrumbList","@id":"https:\/\/catalogo.artigosortopedicos.com\/cpl\/produto\/irrigador-para-enema\/#breadcrumb","itemListElement":[{"@type":"ListItem","position":1,"name":"In\u00edcio","item":"https:\/\/catalogo.artigosortopedicos.com\/cpl\/"},{"@type":"ListItem","position":2,"name":"Loja","item":"https:\/\/catalogo.artigosortopedicos.com\/cpl\/"},{"@type":"ListItem","position":3,"name":"IRRIGADOR PARA ENEMA"}]},{"@type":"WebSite","@id":"https:\/\/catalogo.artigosortopedicos.com\/cpl\/#website","url":"https:\/\/catalogo.artigosortopedicos.com\/cpl\/","name":"Artigos ortop\u00e9dicos | CPL","description":"Cat\u00e1logo de produtos","publisher":{"@id":"https:\/\/catalogo.artigosortopedicos.com\/cpl\/#organization"},"potentialAction":[{"@type":"SearchAction","target":{"@type":"EntryPoint","urlTemplate":"https:\/\/catalogo.artigosortopedicos.com\/cpl\/?s={search_term_string}"},"query-input":{"@type":"PropertyValueSpecification","valueRequired":true,"valueName":"search_term_string"}}],"inLanguage":"pt-BR"},{"@type":"Organization","@id":"https:\/\/catalogo.artigosortopedicos.com\/cpl\/#organization","name":"Artigos ortop\u00e9dicos | CPL","url":"https:\/\/catalogo.artigosortopedicos.com\/cpl\/","logo":{"@type":"ImageObject","inLanguage":"pt-BR","@id":"https:\/\/catalogo.artigosortopedicos.com\/cpl\/#\/schema\/logo\/image\/","url":"https:\/\/catalogo.artigosortopedicos.com\/cpl\/wp-content\/uploads\/2022\/01\/cropped-56b2cef4-4750-455a-af10-33ad25230477.jpg","contentUrl":"https:\/\/catalogo.artigosortopedicos.com\/cpl\/wp-content\/uploads\/2022\/01\/cropped-56b2cef4-4750-455a-af10-33ad25230477.jpg","width":481,"height":175,"caption":"Artigos ortop\u00e9dicos | CPL"},"image":{"@id":"https:\/\/catalogo.artigosortopedicos.com\/cpl\/#\/schema\/logo\/image\/"}}]}},"_links":{"self":[{"href":"https:\/\/catalogo.artigosortopedicos.com\/cpl\/wp-json\/wp\/v2\/product\/8808","targetHints":{"allow":["GET"]}}],"collection":[{"href":"https:\/\/catalogo.artigosortopedicos.com\/cpl\/wp-json\/wp\/v2\/product"}],"about":[{"href":"https:\/\/catalogo.artigosortopedicos.com\/cpl\/wp-json\/wp\/v2\/types\/product"}],"wp:featuredmedia":[{"embeddable":true,"href":"https:\/\/catalogo.artigosortopedicos.com\/cpl\/wp-json\/wp\/v2\/media\/8809"}],"wp:attachment":[{"href":"https:\/\/catalogo.artigosortopedicos.com\/cpl\/wp-json\/wp\/v2\/media?parent=8808"}],"wp:term":[{"taxonomy":"product_brand","embeddable":true,"href":"https:\/\/catalogo.artigosortopedicos.com\/cpl\/wp-json\/wp\/v2\/product_brand?post=8808"},{"taxonomy":"product_cat","embeddable":true,"href":"https:\/\/catalogo.artigosortopedicos.com\/cpl\/wp-json\/wp\/v2\/product_cat?post=8808"},{"taxonomy":"product_tag","embeddable":true,"href":"https:\/\/catalogo.artigosortopedicos.com\/cpl\/wp-json\/wp\/v2\/product_tag?post=8808"}],"curies":[{"name":"wp","href":"https:\/\/api.w.org\/{rel}","templated":true}]}}