{"id":8880,"date":"2022-01-05T14:22:29","date_gmt":"2022-01-05T17:22:29","guid":{"rendered":"http:\/\/catalogo.artigosortopedicos.com\/cpl\/?post_type=product&#038;p=8880"},"modified":"2026-03-31T16:40:54","modified_gmt":"2026-03-31T19:40:54","slug":"aspiracao-traqueal","status":"publish","type":"product","link":"https:\/\/catalogo.artigosortopedicos.com\/cpl\/produto\/aspiracao-traqueal\/","title":{"rendered":"ASPIRA\u00c7\u00c3O TRAQUEAL SEM V\u00c1LVULA"},"content":{"rendered":"<p>Em PVC flex\u00edvel, transparente com superf\u00edcie lisa.<\/p>\n<p>Ponta arredondada e orif\u00edcios alternados em lados opostos.<\/p>\n<p>Conector perfeitamente adapt\u00e1vel \u00e0 seringas.<\/p>\n<p><img fetchpriority=\"high\" decoding=\"async\" class=\"alignnone wp-image-9675 size-full\" src=\"https:\/\/catalogo.artigosortopedicos.com\/cpl\/wp-content\/uploads\/2022\/01\/Captura-de-tela-2026-03-31-163306.png\" alt=\"\" width=\"742\" height=\"283\" srcset=\"https:\/\/catalogo.artigosortopedicos.com\/cpl\/wp-content\/uploads\/2022\/01\/Captura-de-tela-2026-03-31-163306.png 742w, https:\/\/catalogo.artigosortopedicos.com\/cpl\/wp-content\/uploads\/2022\/01\/Captura-de-tela-2026-03-31-163306-300x114.png 300w, https:\/\/catalogo.artigosortopedicos.com\/cpl\/wp-content\/uploads\/2022\/01\/Captura-de-tela-2026-03-31-163306-441x168.png 441w, https:\/\/catalogo.artigosortopedicos.com\/cpl\/wp-content\/uploads\/2022\/01\/Captura-de-tela-2026-03-31-163306-600x229.png 600w, https:\/\/catalogo.artigosortopedicos.com\/cpl\/wp-content\/uploads\/2022\/01\/Captura-de-tela-2026-03-31-163306-150x57.png 150w\" sizes=\"(max-width: 742px) 100vw, 742px\" \/><\/p>\n","protected":false},"excerpt":{"rendered":"<p>Em PVC flex\u00edvel, transparente com superf\u00edcie lisa. Ponta arredondada e orif\u00edcios alternados em lados opostos. Conector perfeitamente adapt\u00e1vel \u00e0 seringas.<\/p>\n","protected":false},"featured_media":9636,"template":"","meta":[],"product_brand":[],"product_cat":[261,285],"product_tag":[],"class_list":{"0":"post-8880","1":"product","2":"type-product","3":"status-publish","4":"has-post-thumbnail","6":"product_cat-cpl","7":"product_cat-sondas","9":"first","10":"outofstock","11":"shipping-taxable","12":"product-type-variable"},"yoast_head":"<!-- This site is optimized with the Yoast SEO plugin v25.7 - https:\/\/yoast.com\/wordpress\/plugins\/seo\/ -->\n<title>ASPIRA\u00c7\u00c3O TRAQUEAL SEM V\u00c1LVULA - Artigos ortop\u00e9dicos | CPL<\/title>\n<meta name=\"robots\" content=\"index, follow, max-snippet:-1, max-image-preview:large, max-video-preview:-1\" \/>\n<link rel=\"canonical\" href=\"https:\/\/catalogo.artigosortopedicos.com\/cpl\/produto\/aspiracao-traqueal\/\" \/>\n<meta property=\"og:locale\" content=\"pt_BR\" \/>\n<meta property=\"og:type\" content=\"article\" \/>\n<meta property=\"og:title\" content=\"ASPIRA\u00c7\u00c3O TRAQUEAL SEM V\u00c1LVULA - Artigos ortop\u00e9dicos | CPL\" \/>\n<meta property=\"og:description\" content=\"Em PVC flex\u00edvel, transparente com superf\u00edcie lisa. Ponta arredondada e orif\u00edcios alternados em lados opostos. Conector perfeitamente adapt\u00e1vel \u00e0 seringas.\" \/>\n<meta property=\"og:url\" content=\"https:\/\/catalogo.artigosortopedicos.com\/cpl\/produto\/aspiracao-traqueal\/\" \/>\n<meta property=\"og:site_name\" content=\"Artigos ortop\u00e9dicos | CPL\" \/>\n<meta property=\"article:modified_time\" content=\"2026-03-31T19:40:54+00:00\" \/>\n<meta property=\"og:image\" content=\"https:\/\/catalogo.artigosortopedicos.com\/cpl\/wp-content\/uploads\/2022\/01\/Captura-de-tela-2025-03-04-193422.png\" \/>\n\t<meta property=\"og:image:width\" content=\"453\" \/>\n\t<meta property=\"og:image:height\" content=\"407\" \/>\n\t<meta property=\"og:image:type\" content=\"image\/png\" \/>\n<meta name=\"twitter:card\" content=\"summary_large_image\" \/>\n<meta name=\"twitter:label1\" content=\"Est. tempo de leitura\" \/>\n\t<meta name=\"twitter:data1\" content=\"1 minuto\" \/>\n<script type=\"application\/ld+json\" class=\"yoast-schema-graph\">{\"@context\":\"https:\/\/schema.org\",\"@graph\":[{\"@type\":\"WebPage\",\"@id\":\"https:\/\/catalogo.artigosortopedicos.com\/cpl\/produto\/aspiracao-traqueal\/\",\"url\":\"https:\/\/catalogo.artigosortopedicos.com\/cpl\/produto\/aspiracao-traqueal\/\",\"name\":\"ASPIRA\u00c7\u00c3O TRAQUEAL SEM V\u00c1LVULA - Artigos ortop\u00e9dicos | CPL\",\"isPartOf\":{\"@id\":\"https:\/\/catalogo.artigosortopedicos.com\/cpl\/#website\"},\"primaryImageOfPage\":{\"@id\":\"https:\/\/catalogo.artigosortopedicos.com\/cpl\/produto\/aspiracao-traqueal\/#primaryimage\"},\"image\":{\"@id\":\"https:\/\/catalogo.artigosortopedicos.com\/cpl\/produto\/aspiracao-traqueal\/#primaryimage\"},\"thumbnailUrl\":\"https:\/\/catalogo.artigosortopedicos.com\/cpl\/wp-content\/uploads\/2022\/01\/Captura-de-tela-2025-03-04-193422.png\",\"datePublished\":\"2022-01-05T17:22:29+00:00\",\"dateModified\":\"2026-03-31T19:40:54+00:00\",\"breadcrumb\":{\"@id\":\"https:\/\/catalogo.artigosortopedicos.com\/cpl\/produto\/aspiracao-traqueal\/#breadcrumb\"},\"inLanguage\":\"pt-BR\",\"potentialAction\":[{\"@type\":\"ReadAction\",\"target\":[\"https:\/\/catalogo.artigosortopedicos.com\/cpl\/produto\/aspiracao-traqueal\/\"]}]},{\"@type\":\"ImageObject\",\"inLanguage\":\"pt-BR\",\"@id\":\"https:\/\/catalogo.artigosortopedicos.com\/cpl\/produto\/aspiracao-traqueal\/#primaryimage\",\"url\":\"https:\/\/catalogo.artigosortopedicos.com\/cpl\/wp-content\/uploads\/2022\/01\/Captura-de-tela-2025-03-04-193422.png\",\"contentUrl\":\"https:\/\/catalogo.artigosortopedicos.com\/cpl\/wp-content\/uploads\/2022\/01\/Captura-de-tela-2025-03-04-193422.png\",\"width\":453,\"height\":407},{\"@type\":\"BreadcrumbList\",\"@id\":\"https:\/\/catalogo.artigosortopedicos.com\/cpl\/produto\/aspiracao-traqueal\/#breadcrumb\",\"itemListElement\":[{\"@type\":\"ListItem\",\"position\":1,\"name\":\"In\u00edcio\",\"item\":\"https:\/\/catalogo.artigosortopedicos.com\/cpl\/\"},{\"@type\":\"ListItem\",\"position\":2,\"name\":\"Loja\",\"item\":\"https:\/\/catalogo.artigosortopedicos.com\/cpl\/\"},{\"@type\":\"ListItem\",\"position\":3,\"name\":\"ASPIRA\u00c7\u00c3O TRAQUEAL SEM V\u00c1LVULA\"}]},{\"@type\":\"WebSite\",\"@id\":\"https:\/\/catalogo.artigosortopedicos.com\/cpl\/#website\",\"url\":\"https:\/\/catalogo.artigosortopedicos.com\/cpl\/\",\"name\":\"Artigos ortop\u00e9dicos | CPL\",\"description\":\"Cat\u00e1logo de produtos\",\"publisher\":{\"@id\":\"https:\/\/catalogo.artigosortopedicos.com\/cpl\/#organization\"},\"potentialAction\":[{\"@type\":\"SearchAction\",\"target\":{\"@type\":\"EntryPoint\",\"urlTemplate\":\"https:\/\/catalogo.artigosortopedicos.com\/cpl\/?s={search_term_string}\"},\"query-input\":{\"@type\":\"PropertyValueSpecification\",\"valueRequired\":true,\"valueName\":\"search_term_string\"}}],\"inLanguage\":\"pt-BR\"},{\"@type\":\"Organization\",\"@id\":\"https:\/\/catalogo.artigosortopedicos.com\/cpl\/#organization\",\"name\":\"Artigos ortop\u00e9dicos | CPL\",\"url\":\"https:\/\/catalogo.artigosortopedicos.com\/cpl\/\",\"logo\":{\"@type\":\"ImageObject\",\"inLanguage\":\"pt-BR\",\"@id\":\"https:\/\/catalogo.artigosortopedicos.com\/cpl\/#\/schema\/logo\/image\/\",\"url\":\"https:\/\/catalogo.artigosortopedicos.com\/cpl\/wp-content\/uploads\/2022\/01\/cropped-56b2cef4-4750-455a-af10-33ad25230477.jpg\",\"contentUrl\":\"https:\/\/catalogo.artigosortopedicos.com\/cpl\/wp-content\/uploads\/2022\/01\/cropped-56b2cef4-4750-455a-af10-33ad25230477.jpg\",\"width\":481,\"height\":175,\"caption\":\"Artigos ortop\u00e9dicos | CPL\"},\"image\":{\"@id\":\"https:\/\/catalogo.artigosortopedicos.com\/cpl\/#\/schema\/logo\/image\/\"}}]}<\/script>\n<!-- \/ Yoast SEO plugin. -->","yoast_head_json":{"title":"ASPIRA\u00c7\u00c3O TRAQUEAL SEM V\u00c1LVULA - Artigos ortop\u00e9dicos | CPL","robots":{"index":"index","follow":"follow","max-snippet":"max-snippet:-1","max-image-preview":"max-image-preview:large","max-video-preview":"max-video-preview:-1"},"canonical":"https:\/\/catalogo.artigosortopedicos.com\/cpl\/produto\/aspiracao-traqueal\/","og_locale":"pt_BR","og_type":"article","og_title":"ASPIRA\u00c7\u00c3O TRAQUEAL SEM V\u00c1LVULA - Artigos ortop\u00e9dicos | CPL","og_description":"Em PVC flex\u00edvel, transparente com superf\u00edcie lisa. Ponta arredondada e orif\u00edcios alternados em lados opostos. Conector perfeitamente adapt\u00e1vel \u00e0 seringas.","og_url":"https:\/\/catalogo.artigosortopedicos.com\/cpl\/produto\/aspiracao-traqueal\/","og_site_name":"Artigos ortop\u00e9dicos | CPL","article_modified_time":"2026-03-31T19:40:54+00:00","og_image":[{"width":453,"height":407,"url":"https:\/\/catalogo.artigosortopedicos.com\/cpl\/wp-content\/uploads\/2022\/01\/Captura-de-tela-2025-03-04-193422.png","type":"image\/png"}],"twitter_card":"summary_large_image","twitter_misc":{"Est. tempo de leitura":"1 minuto"},"schema":{"@context":"https:\/\/schema.org","@graph":[{"@type":"WebPage","@id":"https:\/\/catalogo.artigosortopedicos.com\/cpl\/produto\/aspiracao-traqueal\/","url":"https:\/\/catalogo.artigosortopedicos.com\/cpl\/produto\/aspiracao-traqueal\/","name":"ASPIRA\u00c7\u00c3O TRAQUEAL SEM V\u00c1LVULA - Artigos ortop\u00e9dicos | CPL","isPartOf":{"@id":"https:\/\/catalogo.artigosortopedicos.com\/cpl\/#website"},"primaryImageOfPage":{"@id":"https:\/\/catalogo.artigosortopedicos.com\/cpl\/produto\/aspiracao-traqueal\/#primaryimage"},"image":{"@id":"https:\/\/catalogo.artigosortopedicos.com\/cpl\/produto\/aspiracao-traqueal\/#primaryimage"},"thumbnailUrl":"https:\/\/catalogo.artigosortopedicos.com\/cpl\/wp-content\/uploads\/2022\/01\/Captura-de-tela-2025-03-04-193422.png","datePublished":"2022-01-05T17:22:29+00:00","dateModified":"2026-03-31T19:40:54+00:00","breadcrumb":{"@id":"https:\/\/catalogo.artigosortopedicos.com\/cpl\/produto\/aspiracao-traqueal\/#breadcrumb"},"inLanguage":"pt-BR","potentialAction":[{"@type":"ReadAction","target":["https:\/\/catalogo.artigosortopedicos.com\/cpl\/produto\/aspiracao-traqueal\/"]}]},{"@type":"ImageObject","inLanguage":"pt-BR","@id":"https:\/\/catalogo.artigosortopedicos.com\/cpl\/produto\/aspiracao-traqueal\/#primaryimage","url":"https:\/\/catalogo.artigosortopedicos.com\/cpl\/wp-content\/uploads\/2022\/01\/Captura-de-tela-2025-03-04-193422.png","contentUrl":"https:\/\/catalogo.artigosortopedicos.com\/cpl\/wp-content\/uploads\/2022\/01\/Captura-de-tela-2025-03-04-193422.png","width":453,"height":407},{"@type":"BreadcrumbList","@id":"https:\/\/catalogo.artigosortopedicos.com\/cpl\/produto\/aspiracao-traqueal\/#breadcrumb","itemListElement":[{"@type":"ListItem","position":1,"name":"In\u00edcio","item":"https:\/\/catalogo.artigosortopedicos.com\/cpl\/"},{"@type":"ListItem","position":2,"name":"Loja","item":"https:\/\/catalogo.artigosortopedicos.com\/cpl\/"},{"@type":"ListItem","position":3,"name":"ASPIRA\u00c7\u00c3O TRAQUEAL SEM V\u00c1LVULA"}]},{"@type":"WebSite","@id":"https:\/\/catalogo.artigosortopedicos.com\/cpl\/#website","url":"https:\/\/catalogo.artigosortopedicos.com\/cpl\/","name":"Artigos ortop\u00e9dicos | CPL","description":"Cat\u00e1logo de produtos","publisher":{"@id":"https:\/\/catalogo.artigosortopedicos.com\/cpl\/#organization"},"potentialAction":[{"@type":"SearchAction","target":{"@type":"EntryPoint","urlTemplate":"https:\/\/catalogo.artigosortopedicos.com\/cpl\/?s={search_term_string}"},"query-input":{"@type":"PropertyValueSpecification","valueRequired":true,"valueName":"search_term_string"}}],"inLanguage":"pt-BR"},{"@type":"Organization","@id":"https:\/\/catalogo.artigosortopedicos.com\/cpl\/#organization","name":"Artigos ortop\u00e9dicos | CPL","url":"https:\/\/catalogo.artigosortopedicos.com\/cpl\/","logo":{"@type":"ImageObject","inLanguage":"pt-BR","@id":"https:\/\/catalogo.artigosortopedicos.com\/cpl\/#\/schema\/logo\/image\/","url":"https:\/\/catalogo.artigosortopedicos.com\/cpl\/wp-content\/uploads\/2022\/01\/cropped-56b2cef4-4750-455a-af10-33ad25230477.jpg","contentUrl":"https:\/\/catalogo.artigosortopedicos.com\/cpl\/wp-content\/uploads\/2022\/01\/cropped-56b2cef4-4750-455a-af10-33ad25230477.jpg","width":481,"height":175,"caption":"Artigos ortop\u00e9dicos | CPL"},"image":{"@id":"https:\/\/catalogo.artigosortopedicos.com\/cpl\/#\/schema\/logo\/image\/"}}]}},"_links":{"self":[{"href":"https:\/\/catalogo.artigosortopedicos.com\/cpl\/wp-json\/wp\/v2\/product\/8880","targetHints":{"allow":["GET"]}}],"collection":[{"href":"https:\/\/catalogo.artigosortopedicos.com\/cpl\/wp-json\/wp\/v2\/product"}],"about":[{"href":"https:\/\/catalogo.artigosortopedicos.com\/cpl\/wp-json\/wp\/v2\/types\/product"}],"wp:featuredmedia":[{"embeddable":true,"href":"https:\/\/catalogo.artigosortopedicos.com\/cpl\/wp-json\/wp\/v2\/media\/9636"}],"wp:attachment":[{"href":"https:\/\/catalogo.artigosortopedicos.com\/cpl\/wp-json\/wp\/v2\/media?parent=8880"}],"wp:term":[{"taxonomy":"product_brand","embeddable":true,"href":"https:\/\/catalogo.artigosortopedicos.com\/cpl\/wp-json\/wp\/v2\/product_brand?post=8880"},{"taxonomy":"product_cat","embeddable":true,"href":"https:\/\/catalogo.artigosortopedicos.com\/cpl\/wp-json\/wp\/v2\/product_cat?post=8880"},{"taxonomy":"product_tag","embeddable":true,"href":"https:\/\/catalogo.artigosortopedicos.com\/cpl\/wp-json\/wp\/v2\/product_tag?post=8880"}],"curies":[{"name":"wp","href":"https:\/\/api.w.org\/{rel}","templated":true}]}}