{"id":8912,"date":"2022-01-05T14:39:08","date_gmt":"2022-01-05T17:39:08","guid":{"rendered":"http:\/\/catalogo.artigosortopedicos.com\/cpl\/?post_type=product&#038;p=8912"},"modified":"2026-03-31T16:42:44","modified_gmt":"2026-03-31T19:42:44","slug":"sonda-gastrica-levine","status":"publish","type":"product","link":"https:\/\/catalogo.artigosortopedicos.com\/cpl\/produto\/sonda-gastrica-levine\/","title":{"rendered":"SONDA G\u00c1STRICA LEVINE"},"content":{"rendered":"<p>A Sonda G\u00e1strica Levine \u00e9 utilizada em crian\u00e7as para confirmar a permeabilidade da por\u00e7\u00e3o superior do aparelho digestivo e em adultos para lavagem estomacal ou para alimenta\u00e7\u00e3o enteral conectada ao respectivo equipamento.<br \/>\nEmbaladas individualmente em Papel Grau Cir\u00fargico (PGC) com esteriliza\u00e7\u00e3o a \u00f3xido de etileno ou embalagem pl\u00e1stica (Mercosul) com esteriliza\u00e7\u00e3o a raio gama.<\/p>\n<p>Notifica\u00e7\u00e3o\u00a0Anvisa: 10014160010<\/p>\n<p><img fetchpriority=\"high\" decoding=\"async\" class=\"alignnone wp-image-9677 size-full\" src=\"https:\/\/catalogo.artigosortopedicos.com\/cpl\/wp-content\/uploads\/2022\/01\/Captura-de-tela-2026-03-31-163529.png\" alt=\"\" width=\"723\" height=\"283\" srcset=\"https:\/\/catalogo.artigosortopedicos.com\/cpl\/wp-content\/uploads\/2022\/01\/Captura-de-tela-2026-03-31-163529.png 723w, https:\/\/catalogo.artigosortopedicos.com\/cpl\/wp-content\/uploads\/2022\/01\/Captura-de-tela-2026-03-31-163529-300x117.png 300w, https:\/\/catalogo.artigosortopedicos.com\/cpl\/wp-content\/uploads\/2022\/01\/Captura-de-tela-2026-03-31-163529-441x173.png 441w, https:\/\/catalogo.artigosortopedicos.com\/cpl\/wp-content\/uploads\/2022\/01\/Captura-de-tela-2026-03-31-163529-600x235.png 600w, https:\/\/catalogo.artigosortopedicos.com\/cpl\/wp-content\/uploads\/2022\/01\/Captura-de-tela-2026-03-31-163529-150x59.png 150w\" sizes=\"(max-width: 723px) 100vw, 723px\" \/><\/p>\n","protected":false},"excerpt":{"rendered":"<p>A Sonda G\u00e1strica Levine \u00e9 utilizada em crian\u00e7as para confirmar a permeabilidade da por\u00e7\u00e3o superior do aparelho digestivo e em adultos para lavagem estomacal ou para alimenta\u00e7\u00e3o enteral conectada ao respectivo equipamento. Embaladas individualmente em Papel Grau Cir\u00fargico (PGC) com esteriliza\u00e7\u00e3o a \u00f3xido de etileno ou embalagem pl\u00e1stica (Mercosul) com esteriliza\u00e7\u00e3o a raio gama. Notifica\u00e7\u00e3o\u00a0Anvisa: [&hellip;]<\/p>\n","protected":false},"featured_media":9639,"template":"","meta":[],"product_brand":[],"product_cat":[261,285],"product_tag":[],"class_list":{"0":"post-8912","1":"product","2":"type-product","3":"status-publish","4":"has-post-thumbnail","6":"product_cat-cpl","7":"product_cat-sondas","9":"first","10":"outofstock","11":"shipping-taxable","12":"product-type-variable"},"yoast_head":"<!-- This site is optimized with the Yoast SEO plugin v25.7 - https:\/\/yoast.com\/wordpress\/plugins\/seo\/ -->\n<title>SONDA G\u00c1STRICA LEVINE - Artigos ortop\u00e9dicos | CPL<\/title>\n<meta name=\"robots\" content=\"index, follow, max-snippet:-1, max-image-preview:large, max-video-preview:-1\" \/>\n<link rel=\"canonical\" href=\"https:\/\/catalogo.artigosortopedicos.com\/cpl\/produto\/sonda-gastrica-levine\/\" \/>\n<meta property=\"og:locale\" content=\"pt_BR\" \/>\n<meta property=\"og:type\" content=\"article\" \/>\n<meta property=\"og:title\" content=\"SONDA G\u00c1STRICA LEVINE - Artigos ortop\u00e9dicos | CPL\" \/>\n<meta property=\"og:description\" content=\"A Sonda G\u00e1strica Levine \u00e9 utilizada em crian\u00e7as para confirmar a permeabilidade da por\u00e7\u00e3o superior do aparelho digestivo e em adultos para lavagem estomacal ou para alimenta\u00e7\u00e3o enteral conectada ao respectivo equipamento. Embaladas individualmente em Papel Grau Cir\u00fargico (PGC) com esteriliza\u00e7\u00e3o a \u00f3xido de etileno ou embalagem pl\u00e1stica (Mercosul) com esteriliza\u00e7\u00e3o a raio gama. Notifica\u00e7\u00e3o\u00a0Anvisa: [&hellip;]\" \/>\n<meta property=\"og:url\" content=\"https:\/\/catalogo.artigosortopedicos.com\/cpl\/produto\/sonda-gastrica-levine\/\" \/>\n<meta property=\"og:site_name\" content=\"Artigos ortop\u00e9dicos | CPL\" \/>\n<meta property=\"article:modified_time\" content=\"2026-03-31T19:42:44+00:00\" \/>\n<meta property=\"og:image\" content=\"https:\/\/catalogo.artigosortopedicos.com\/cpl\/wp-content\/uploads\/2022\/01\/Captura-de-tela-2025-03-04-193600.png\" \/>\n\t<meta property=\"og:image:width\" content=\"451\" \/>\n\t<meta property=\"og:image:height\" content=\"424\" \/>\n\t<meta property=\"og:image:type\" content=\"image\/png\" \/>\n<meta name=\"twitter:card\" content=\"summary_large_image\" \/>\n<meta name=\"twitter:label1\" content=\"Est. tempo de leitura\" \/>\n\t<meta name=\"twitter:data1\" content=\"1 minuto\" \/>\n<script type=\"application\/ld+json\" class=\"yoast-schema-graph\">{\"@context\":\"https:\/\/schema.org\",\"@graph\":[{\"@type\":\"WebPage\",\"@id\":\"https:\/\/catalogo.artigosortopedicos.com\/cpl\/produto\/sonda-gastrica-levine\/\",\"url\":\"https:\/\/catalogo.artigosortopedicos.com\/cpl\/produto\/sonda-gastrica-levine\/\",\"name\":\"SONDA G\u00c1STRICA LEVINE - Artigos ortop\u00e9dicos | CPL\",\"isPartOf\":{\"@id\":\"https:\/\/catalogo.artigosortopedicos.com\/cpl\/#website\"},\"primaryImageOfPage\":{\"@id\":\"https:\/\/catalogo.artigosortopedicos.com\/cpl\/produto\/sonda-gastrica-levine\/#primaryimage\"},\"image\":{\"@id\":\"https:\/\/catalogo.artigosortopedicos.com\/cpl\/produto\/sonda-gastrica-levine\/#primaryimage\"},\"thumbnailUrl\":\"https:\/\/catalogo.artigosortopedicos.com\/cpl\/wp-content\/uploads\/2022\/01\/Captura-de-tela-2025-03-04-193600.png\",\"datePublished\":\"2022-01-05T17:39:08+00:00\",\"dateModified\":\"2026-03-31T19:42:44+00:00\",\"breadcrumb\":{\"@id\":\"https:\/\/catalogo.artigosortopedicos.com\/cpl\/produto\/sonda-gastrica-levine\/#breadcrumb\"},\"inLanguage\":\"pt-BR\",\"potentialAction\":[{\"@type\":\"ReadAction\",\"target\":[\"https:\/\/catalogo.artigosortopedicos.com\/cpl\/produto\/sonda-gastrica-levine\/\"]}]},{\"@type\":\"ImageObject\",\"inLanguage\":\"pt-BR\",\"@id\":\"https:\/\/catalogo.artigosortopedicos.com\/cpl\/produto\/sonda-gastrica-levine\/#primaryimage\",\"url\":\"https:\/\/catalogo.artigosortopedicos.com\/cpl\/wp-content\/uploads\/2022\/01\/Captura-de-tela-2025-03-04-193600.png\",\"contentUrl\":\"https:\/\/catalogo.artigosortopedicos.com\/cpl\/wp-content\/uploads\/2022\/01\/Captura-de-tela-2025-03-04-193600.png\",\"width\":451,\"height\":424},{\"@type\":\"BreadcrumbList\",\"@id\":\"https:\/\/catalogo.artigosortopedicos.com\/cpl\/produto\/sonda-gastrica-levine\/#breadcrumb\",\"itemListElement\":[{\"@type\":\"ListItem\",\"position\":1,\"name\":\"In\u00edcio\",\"item\":\"https:\/\/catalogo.artigosortopedicos.com\/cpl\/\"},{\"@type\":\"ListItem\",\"position\":2,\"name\":\"Loja\",\"item\":\"https:\/\/catalogo.artigosortopedicos.com\/cpl\/\"},{\"@type\":\"ListItem\",\"position\":3,\"name\":\"SONDA G\u00c1STRICA LEVINE\"}]},{\"@type\":\"WebSite\",\"@id\":\"https:\/\/catalogo.artigosortopedicos.com\/cpl\/#website\",\"url\":\"https:\/\/catalogo.artigosortopedicos.com\/cpl\/\",\"name\":\"Artigos ortop\u00e9dicos | CPL\",\"description\":\"Cat\u00e1logo de produtos\",\"publisher\":{\"@id\":\"https:\/\/catalogo.artigosortopedicos.com\/cpl\/#organization\"},\"potentialAction\":[{\"@type\":\"SearchAction\",\"target\":{\"@type\":\"EntryPoint\",\"urlTemplate\":\"https:\/\/catalogo.artigosortopedicos.com\/cpl\/?s={search_term_string}\"},\"query-input\":{\"@type\":\"PropertyValueSpecification\",\"valueRequired\":true,\"valueName\":\"search_term_string\"}}],\"inLanguage\":\"pt-BR\"},{\"@type\":\"Organization\",\"@id\":\"https:\/\/catalogo.artigosortopedicos.com\/cpl\/#organization\",\"name\":\"Artigos ortop\u00e9dicos | CPL\",\"url\":\"https:\/\/catalogo.artigosortopedicos.com\/cpl\/\",\"logo\":{\"@type\":\"ImageObject\",\"inLanguage\":\"pt-BR\",\"@id\":\"https:\/\/catalogo.artigosortopedicos.com\/cpl\/#\/schema\/logo\/image\/\",\"url\":\"https:\/\/catalogo.artigosortopedicos.com\/cpl\/wp-content\/uploads\/2022\/01\/cropped-56b2cef4-4750-455a-af10-33ad25230477.jpg\",\"contentUrl\":\"https:\/\/catalogo.artigosortopedicos.com\/cpl\/wp-content\/uploads\/2022\/01\/cropped-56b2cef4-4750-455a-af10-33ad25230477.jpg\",\"width\":481,\"height\":175,\"caption\":\"Artigos ortop\u00e9dicos | CPL\"},\"image\":{\"@id\":\"https:\/\/catalogo.artigosortopedicos.com\/cpl\/#\/schema\/logo\/image\/\"}}]}<\/script>\n<!-- \/ Yoast SEO plugin. -->","yoast_head_json":{"title":"SONDA G\u00c1STRICA LEVINE - Artigos ortop\u00e9dicos | CPL","robots":{"index":"index","follow":"follow","max-snippet":"max-snippet:-1","max-image-preview":"max-image-preview:large","max-video-preview":"max-video-preview:-1"},"canonical":"https:\/\/catalogo.artigosortopedicos.com\/cpl\/produto\/sonda-gastrica-levine\/","og_locale":"pt_BR","og_type":"article","og_title":"SONDA G\u00c1STRICA LEVINE - Artigos ortop\u00e9dicos | CPL","og_description":"A Sonda G\u00e1strica Levine \u00e9 utilizada em crian\u00e7as para confirmar a permeabilidade da por\u00e7\u00e3o superior do aparelho digestivo e em adultos para lavagem estomacal ou para alimenta\u00e7\u00e3o enteral conectada ao respectivo equipamento. Embaladas individualmente em Papel Grau Cir\u00fargico (PGC) com esteriliza\u00e7\u00e3o a \u00f3xido de etileno ou embalagem pl\u00e1stica (Mercosul) com esteriliza\u00e7\u00e3o a raio gama. Notifica\u00e7\u00e3o\u00a0Anvisa: [&hellip;]","og_url":"https:\/\/catalogo.artigosortopedicos.com\/cpl\/produto\/sonda-gastrica-levine\/","og_site_name":"Artigos ortop\u00e9dicos | CPL","article_modified_time":"2026-03-31T19:42:44+00:00","og_image":[{"width":451,"height":424,"url":"https:\/\/catalogo.artigosortopedicos.com\/cpl\/wp-content\/uploads\/2022\/01\/Captura-de-tela-2025-03-04-193600.png","type":"image\/png"}],"twitter_card":"summary_large_image","twitter_misc":{"Est. tempo de leitura":"1 minuto"},"schema":{"@context":"https:\/\/schema.org","@graph":[{"@type":"WebPage","@id":"https:\/\/catalogo.artigosortopedicos.com\/cpl\/produto\/sonda-gastrica-levine\/","url":"https:\/\/catalogo.artigosortopedicos.com\/cpl\/produto\/sonda-gastrica-levine\/","name":"SONDA G\u00c1STRICA LEVINE - Artigos ortop\u00e9dicos | CPL","isPartOf":{"@id":"https:\/\/catalogo.artigosortopedicos.com\/cpl\/#website"},"primaryImageOfPage":{"@id":"https:\/\/catalogo.artigosortopedicos.com\/cpl\/produto\/sonda-gastrica-levine\/#primaryimage"},"image":{"@id":"https:\/\/catalogo.artigosortopedicos.com\/cpl\/produto\/sonda-gastrica-levine\/#primaryimage"},"thumbnailUrl":"https:\/\/catalogo.artigosortopedicos.com\/cpl\/wp-content\/uploads\/2022\/01\/Captura-de-tela-2025-03-04-193600.png","datePublished":"2022-01-05T17:39:08+00:00","dateModified":"2026-03-31T19:42:44+00:00","breadcrumb":{"@id":"https:\/\/catalogo.artigosortopedicos.com\/cpl\/produto\/sonda-gastrica-levine\/#breadcrumb"},"inLanguage":"pt-BR","potentialAction":[{"@type":"ReadAction","target":["https:\/\/catalogo.artigosortopedicos.com\/cpl\/produto\/sonda-gastrica-levine\/"]}]},{"@type":"ImageObject","inLanguage":"pt-BR","@id":"https:\/\/catalogo.artigosortopedicos.com\/cpl\/produto\/sonda-gastrica-levine\/#primaryimage","url":"https:\/\/catalogo.artigosortopedicos.com\/cpl\/wp-content\/uploads\/2022\/01\/Captura-de-tela-2025-03-04-193600.png","contentUrl":"https:\/\/catalogo.artigosortopedicos.com\/cpl\/wp-content\/uploads\/2022\/01\/Captura-de-tela-2025-03-04-193600.png","width":451,"height":424},{"@type":"BreadcrumbList","@id":"https:\/\/catalogo.artigosortopedicos.com\/cpl\/produto\/sonda-gastrica-levine\/#breadcrumb","itemListElement":[{"@type":"ListItem","position":1,"name":"In\u00edcio","item":"https:\/\/catalogo.artigosortopedicos.com\/cpl\/"},{"@type":"ListItem","position":2,"name":"Loja","item":"https:\/\/catalogo.artigosortopedicos.com\/cpl\/"},{"@type":"ListItem","position":3,"name":"SONDA G\u00c1STRICA LEVINE"}]},{"@type":"WebSite","@id":"https:\/\/catalogo.artigosortopedicos.com\/cpl\/#website","url":"https:\/\/catalogo.artigosortopedicos.com\/cpl\/","name":"Artigos ortop\u00e9dicos | CPL","description":"Cat\u00e1logo de produtos","publisher":{"@id":"https:\/\/catalogo.artigosortopedicos.com\/cpl\/#organization"},"potentialAction":[{"@type":"SearchAction","target":{"@type":"EntryPoint","urlTemplate":"https:\/\/catalogo.artigosortopedicos.com\/cpl\/?s={search_term_string}"},"query-input":{"@type":"PropertyValueSpecification","valueRequired":true,"valueName":"search_term_string"}}],"inLanguage":"pt-BR"},{"@type":"Organization","@id":"https:\/\/catalogo.artigosortopedicos.com\/cpl\/#organization","name":"Artigos ortop\u00e9dicos | CPL","url":"https:\/\/catalogo.artigosortopedicos.com\/cpl\/","logo":{"@type":"ImageObject","inLanguage":"pt-BR","@id":"https:\/\/catalogo.artigosortopedicos.com\/cpl\/#\/schema\/logo\/image\/","url":"https:\/\/catalogo.artigosortopedicos.com\/cpl\/wp-content\/uploads\/2022\/01\/cropped-56b2cef4-4750-455a-af10-33ad25230477.jpg","contentUrl":"https:\/\/catalogo.artigosortopedicos.com\/cpl\/wp-content\/uploads\/2022\/01\/cropped-56b2cef4-4750-455a-af10-33ad25230477.jpg","width":481,"height":175,"caption":"Artigos ortop\u00e9dicos | CPL"},"image":{"@id":"https:\/\/catalogo.artigosortopedicos.com\/cpl\/#\/schema\/logo\/image\/"}}]}},"_links":{"self":[{"href":"https:\/\/catalogo.artigosortopedicos.com\/cpl\/wp-json\/wp\/v2\/product\/8912","targetHints":{"allow":["GET"]}}],"collection":[{"href":"https:\/\/catalogo.artigosortopedicos.com\/cpl\/wp-json\/wp\/v2\/product"}],"about":[{"href":"https:\/\/catalogo.artigosortopedicos.com\/cpl\/wp-json\/wp\/v2\/types\/product"}],"wp:featuredmedia":[{"embeddable":true,"href":"https:\/\/catalogo.artigosortopedicos.com\/cpl\/wp-json\/wp\/v2\/media\/9639"}],"wp:attachment":[{"href":"https:\/\/catalogo.artigosortopedicos.com\/cpl\/wp-json\/wp\/v2\/media?parent=8912"}],"wp:term":[{"taxonomy":"product_brand","embeddable":true,"href":"https:\/\/catalogo.artigosortopedicos.com\/cpl\/wp-json\/wp\/v2\/product_brand?post=8912"},{"taxonomy":"product_cat","embeddable":true,"href":"https:\/\/catalogo.artigosortopedicos.com\/cpl\/wp-json\/wp\/v2\/product_cat?post=8912"},{"taxonomy":"product_tag","embeddable":true,"href":"https:\/\/catalogo.artigosortopedicos.com\/cpl\/wp-json\/wp\/v2\/product_tag?post=8912"}],"curies":[{"name":"wp","href":"https:\/\/api.w.org\/{rel}","templated":true}]}}