{"id":9084,"date":"2022-01-06T17:06:27","date_gmt":"2022-01-06T20:06:27","guid":{"rendered":"http:\/\/catalogo.artigosortopedicos.com\/cpl\/?post_type=product&#038;p=9084"},"modified":"2026-03-31T16:49:15","modified_gmt":"2026-03-31T19:49:15","slug":"conector-para-oxigenio","status":"publish","type":"product","link":"https:\/\/catalogo.artigosortopedicos.com\/cpl\/produto\/conector-para-oxigenio\/","title":{"rendered":"CONECTOR PARA OXIG\u00caNIO"},"content":{"rendered":"<p>Utilizado em conjunto com o cateter para oxig\u00eanio e funciona como pe\u00e7a de conex\u00e3o entre a fonte que fornece o oxig\u00eanio e o cateter que entra em contato com o paciente.<br \/>\nEmbalados individualmente em Papel Grau Cir\u00fargico com esteriliza\u00e7\u00e3o a \u00f3xido de etileno ou embalagem pl\u00e1stica com esteriliza\u00e7\u00e3o a raio gama.<\/p>\n<p>Notifica\u00e7\u00e3o Anvisa: 10014160043<\/p>\n<p><img fetchpriority=\"high\" decoding=\"async\" class=\"alignnone wp-image-9683 size-full\" src=\"https:\/\/catalogo.artigosortopedicos.com\/cpl\/wp-content\/uploads\/2022\/01\/Captura-de-tela-2026-03-31-163629.png\" alt=\"\" width=\"722\" height=\"291\" srcset=\"https:\/\/catalogo.artigosortopedicos.com\/cpl\/wp-content\/uploads\/2022\/01\/Captura-de-tela-2026-03-31-163629.png 722w, https:\/\/catalogo.artigosortopedicos.com\/cpl\/wp-content\/uploads\/2022\/01\/Captura-de-tela-2026-03-31-163629-300x121.png 300w, https:\/\/catalogo.artigosortopedicos.com\/cpl\/wp-content\/uploads\/2022\/01\/Captura-de-tela-2026-03-31-163629-441x178.png 441w, https:\/\/catalogo.artigosortopedicos.com\/cpl\/wp-content\/uploads\/2022\/01\/Captura-de-tela-2026-03-31-163629-600x242.png 600w, https:\/\/catalogo.artigosortopedicos.com\/cpl\/wp-content\/uploads\/2022\/01\/Captura-de-tela-2026-03-31-163629-150x60.png 150w\" sizes=\"(max-width: 722px) 100vw, 722px\" \/><\/p>\n","protected":false},"excerpt":{"rendered":"<p>Utilizado em conjunto com o cateter para oxig\u00eanio e funciona como pe\u00e7a de conex\u00e3o entre a fonte que fornece o oxig\u00eanio e o cateter que entra em contato com o paciente. Embalados individualmente em Papel Grau Cir\u00fargico com esteriliza\u00e7\u00e3o a \u00f3xido de etileno ou embalagem pl\u00e1stica com esteriliza\u00e7\u00e3o a raio gama. Notifica\u00e7\u00e3o Anvisa: 10014160043<\/p>\n","protected":false},"featured_media":9646,"template":"","meta":[],"product_brand":[],"product_cat":[261,286],"product_tag":[],"class_list":{"0":"post-9084","1":"product","2":"type-product","3":"status-publish","4":"has-post-thumbnail","6":"product_cat-cpl","7":"product_cat-oxigenio-e-extensoes","9":"first","10":"instock","11":"shipping-taxable","12":"product-type-variable"},"yoast_head":"<!-- This site is optimized with the Yoast SEO plugin v25.7 - https:\/\/yoast.com\/wordpress\/plugins\/seo\/ -->\n<title>CONECTOR PARA OXIG\u00caNIO - Artigos ortop\u00e9dicos | CPL<\/title>\n<meta name=\"robots\" content=\"index, follow, max-snippet:-1, max-image-preview:large, max-video-preview:-1\" \/>\n<link rel=\"canonical\" href=\"https:\/\/catalogo.artigosortopedicos.com\/cpl\/produto\/conector-para-oxigenio\/\" \/>\n<meta property=\"og:locale\" content=\"pt_BR\" \/>\n<meta property=\"og:type\" content=\"article\" \/>\n<meta property=\"og:title\" content=\"CONECTOR PARA OXIG\u00caNIO - Artigos ortop\u00e9dicos | CPL\" \/>\n<meta property=\"og:description\" content=\"Utilizado em conjunto com o cateter para oxig\u00eanio e funciona como pe\u00e7a de conex\u00e3o entre a fonte que fornece o oxig\u00eanio e o cateter que entra em contato com o paciente. Embalados individualmente em Papel Grau Cir\u00fargico com esteriliza\u00e7\u00e3o a \u00f3xido de etileno ou embalagem pl\u00e1stica com esteriliza\u00e7\u00e3o a raio gama. Notifica\u00e7\u00e3o Anvisa: 10014160043\" \/>\n<meta property=\"og:url\" content=\"https:\/\/catalogo.artigosortopedicos.com\/cpl\/produto\/conector-para-oxigenio\/\" \/>\n<meta property=\"og:site_name\" content=\"Artigos ortop\u00e9dicos | CPL\" \/>\n<meta property=\"article:modified_time\" content=\"2026-03-31T19:49:15+00:00\" \/>\n<meta property=\"og:image\" content=\"https:\/\/catalogo.artigosortopedicos.com\/cpl\/wp-content\/uploads\/2022\/01\/Captura-de-tela-2025-03-04-193950.png\" \/>\n\t<meta property=\"og:image:width\" content=\"439\" \/>\n\t<meta property=\"og:image:height\" content=\"435\" \/>\n\t<meta property=\"og:image:type\" content=\"image\/png\" \/>\n<meta name=\"twitter:card\" content=\"summary_large_image\" \/>\n<meta name=\"twitter:label1\" content=\"Est. tempo de leitura\" \/>\n\t<meta name=\"twitter:data1\" content=\"1 minuto\" \/>\n<script type=\"application\/ld+json\" class=\"yoast-schema-graph\">{\"@context\":\"https:\/\/schema.org\",\"@graph\":[{\"@type\":\"WebPage\",\"@id\":\"https:\/\/catalogo.artigosortopedicos.com\/cpl\/produto\/conector-para-oxigenio\/\",\"url\":\"https:\/\/catalogo.artigosortopedicos.com\/cpl\/produto\/conector-para-oxigenio\/\",\"name\":\"CONECTOR PARA OXIG\u00caNIO - Artigos ortop\u00e9dicos | CPL\",\"isPartOf\":{\"@id\":\"https:\/\/catalogo.artigosortopedicos.com\/cpl\/#website\"},\"primaryImageOfPage\":{\"@id\":\"https:\/\/catalogo.artigosortopedicos.com\/cpl\/produto\/conector-para-oxigenio\/#primaryimage\"},\"image\":{\"@id\":\"https:\/\/catalogo.artigosortopedicos.com\/cpl\/produto\/conector-para-oxigenio\/#primaryimage\"},\"thumbnailUrl\":\"https:\/\/catalogo.artigosortopedicos.com\/cpl\/wp-content\/uploads\/2022\/01\/Captura-de-tela-2025-03-04-193950.png\",\"datePublished\":\"2022-01-06T20:06:27+00:00\",\"dateModified\":\"2026-03-31T19:49:15+00:00\",\"breadcrumb\":{\"@id\":\"https:\/\/catalogo.artigosortopedicos.com\/cpl\/produto\/conector-para-oxigenio\/#breadcrumb\"},\"inLanguage\":\"pt-BR\",\"potentialAction\":[{\"@type\":\"ReadAction\",\"target\":[\"https:\/\/catalogo.artigosortopedicos.com\/cpl\/produto\/conector-para-oxigenio\/\"]}]},{\"@type\":\"ImageObject\",\"inLanguage\":\"pt-BR\",\"@id\":\"https:\/\/catalogo.artigosortopedicos.com\/cpl\/produto\/conector-para-oxigenio\/#primaryimage\",\"url\":\"https:\/\/catalogo.artigosortopedicos.com\/cpl\/wp-content\/uploads\/2022\/01\/Captura-de-tela-2025-03-04-193950.png\",\"contentUrl\":\"https:\/\/catalogo.artigosortopedicos.com\/cpl\/wp-content\/uploads\/2022\/01\/Captura-de-tela-2025-03-04-193950.png\",\"width\":439,\"height\":435},{\"@type\":\"BreadcrumbList\",\"@id\":\"https:\/\/catalogo.artigosortopedicos.com\/cpl\/produto\/conector-para-oxigenio\/#breadcrumb\",\"itemListElement\":[{\"@type\":\"ListItem\",\"position\":1,\"name\":\"In\u00edcio\",\"item\":\"https:\/\/catalogo.artigosortopedicos.com\/cpl\/\"},{\"@type\":\"ListItem\",\"position\":2,\"name\":\"Loja\",\"item\":\"https:\/\/catalogo.artigosortopedicos.com\/cpl\/\"},{\"@type\":\"ListItem\",\"position\":3,\"name\":\"CONECTOR PARA OXIG\u00caNIO\"}]},{\"@type\":\"WebSite\",\"@id\":\"https:\/\/catalogo.artigosortopedicos.com\/cpl\/#website\",\"url\":\"https:\/\/catalogo.artigosortopedicos.com\/cpl\/\",\"name\":\"Artigos ortop\u00e9dicos | CPL\",\"description\":\"Cat\u00e1logo de produtos\",\"publisher\":{\"@id\":\"https:\/\/catalogo.artigosortopedicos.com\/cpl\/#organization\"},\"potentialAction\":[{\"@type\":\"SearchAction\",\"target\":{\"@type\":\"EntryPoint\",\"urlTemplate\":\"https:\/\/catalogo.artigosortopedicos.com\/cpl\/?s={search_term_string}\"},\"query-input\":{\"@type\":\"PropertyValueSpecification\",\"valueRequired\":true,\"valueName\":\"search_term_string\"}}],\"inLanguage\":\"pt-BR\"},{\"@type\":\"Organization\",\"@id\":\"https:\/\/catalogo.artigosortopedicos.com\/cpl\/#organization\",\"name\":\"Artigos ortop\u00e9dicos | CPL\",\"url\":\"https:\/\/catalogo.artigosortopedicos.com\/cpl\/\",\"logo\":{\"@type\":\"ImageObject\",\"inLanguage\":\"pt-BR\",\"@id\":\"https:\/\/catalogo.artigosortopedicos.com\/cpl\/#\/schema\/logo\/image\/\",\"url\":\"https:\/\/catalogo.artigosortopedicos.com\/cpl\/wp-content\/uploads\/2022\/01\/cropped-56b2cef4-4750-455a-af10-33ad25230477.jpg\",\"contentUrl\":\"https:\/\/catalogo.artigosortopedicos.com\/cpl\/wp-content\/uploads\/2022\/01\/cropped-56b2cef4-4750-455a-af10-33ad25230477.jpg\",\"width\":481,\"height\":175,\"caption\":\"Artigos ortop\u00e9dicos | CPL\"},\"image\":{\"@id\":\"https:\/\/catalogo.artigosortopedicos.com\/cpl\/#\/schema\/logo\/image\/\"}}]}<\/script>\n<!-- \/ Yoast SEO plugin. -->","yoast_head_json":{"title":"CONECTOR PARA OXIG\u00caNIO - Artigos ortop\u00e9dicos | CPL","robots":{"index":"index","follow":"follow","max-snippet":"max-snippet:-1","max-image-preview":"max-image-preview:large","max-video-preview":"max-video-preview:-1"},"canonical":"https:\/\/catalogo.artigosortopedicos.com\/cpl\/produto\/conector-para-oxigenio\/","og_locale":"pt_BR","og_type":"article","og_title":"CONECTOR PARA OXIG\u00caNIO - Artigos ortop\u00e9dicos | CPL","og_description":"Utilizado em conjunto com o cateter para oxig\u00eanio e funciona como pe\u00e7a de conex\u00e3o entre a fonte que fornece o oxig\u00eanio e o cateter que entra em contato com o paciente. Embalados individualmente em Papel Grau Cir\u00fargico com esteriliza\u00e7\u00e3o a \u00f3xido de etileno ou embalagem pl\u00e1stica com esteriliza\u00e7\u00e3o a raio gama. Notifica\u00e7\u00e3o Anvisa: 10014160043","og_url":"https:\/\/catalogo.artigosortopedicos.com\/cpl\/produto\/conector-para-oxigenio\/","og_site_name":"Artigos ortop\u00e9dicos | CPL","article_modified_time":"2026-03-31T19:49:15+00:00","og_image":[{"width":439,"height":435,"url":"https:\/\/catalogo.artigosortopedicos.com\/cpl\/wp-content\/uploads\/2022\/01\/Captura-de-tela-2025-03-04-193950.png","type":"image\/png"}],"twitter_card":"summary_large_image","twitter_misc":{"Est. tempo de leitura":"1 minuto"},"schema":{"@context":"https:\/\/schema.org","@graph":[{"@type":"WebPage","@id":"https:\/\/catalogo.artigosortopedicos.com\/cpl\/produto\/conector-para-oxigenio\/","url":"https:\/\/catalogo.artigosortopedicos.com\/cpl\/produto\/conector-para-oxigenio\/","name":"CONECTOR PARA OXIG\u00caNIO - Artigos ortop\u00e9dicos | CPL","isPartOf":{"@id":"https:\/\/catalogo.artigosortopedicos.com\/cpl\/#website"},"primaryImageOfPage":{"@id":"https:\/\/catalogo.artigosortopedicos.com\/cpl\/produto\/conector-para-oxigenio\/#primaryimage"},"image":{"@id":"https:\/\/catalogo.artigosortopedicos.com\/cpl\/produto\/conector-para-oxigenio\/#primaryimage"},"thumbnailUrl":"https:\/\/catalogo.artigosortopedicos.com\/cpl\/wp-content\/uploads\/2022\/01\/Captura-de-tela-2025-03-04-193950.png","datePublished":"2022-01-06T20:06:27+00:00","dateModified":"2026-03-31T19:49:15+00:00","breadcrumb":{"@id":"https:\/\/catalogo.artigosortopedicos.com\/cpl\/produto\/conector-para-oxigenio\/#breadcrumb"},"inLanguage":"pt-BR","potentialAction":[{"@type":"ReadAction","target":["https:\/\/catalogo.artigosortopedicos.com\/cpl\/produto\/conector-para-oxigenio\/"]}]},{"@type":"ImageObject","inLanguage":"pt-BR","@id":"https:\/\/catalogo.artigosortopedicos.com\/cpl\/produto\/conector-para-oxigenio\/#primaryimage","url":"https:\/\/catalogo.artigosortopedicos.com\/cpl\/wp-content\/uploads\/2022\/01\/Captura-de-tela-2025-03-04-193950.png","contentUrl":"https:\/\/catalogo.artigosortopedicos.com\/cpl\/wp-content\/uploads\/2022\/01\/Captura-de-tela-2025-03-04-193950.png","width":439,"height":435},{"@type":"BreadcrumbList","@id":"https:\/\/catalogo.artigosortopedicos.com\/cpl\/produto\/conector-para-oxigenio\/#breadcrumb","itemListElement":[{"@type":"ListItem","position":1,"name":"In\u00edcio","item":"https:\/\/catalogo.artigosortopedicos.com\/cpl\/"},{"@type":"ListItem","position":2,"name":"Loja","item":"https:\/\/catalogo.artigosortopedicos.com\/cpl\/"},{"@type":"ListItem","position":3,"name":"CONECTOR PARA OXIG\u00caNIO"}]},{"@type":"WebSite","@id":"https:\/\/catalogo.artigosortopedicos.com\/cpl\/#website","url":"https:\/\/catalogo.artigosortopedicos.com\/cpl\/","name":"Artigos ortop\u00e9dicos | CPL","description":"Cat\u00e1logo de produtos","publisher":{"@id":"https:\/\/catalogo.artigosortopedicos.com\/cpl\/#organization"},"potentialAction":[{"@type":"SearchAction","target":{"@type":"EntryPoint","urlTemplate":"https:\/\/catalogo.artigosortopedicos.com\/cpl\/?s={search_term_string}"},"query-input":{"@type":"PropertyValueSpecification","valueRequired":true,"valueName":"search_term_string"}}],"inLanguage":"pt-BR"},{"@type":"Organization","@id":"https:\/\/catalogo.artigosortopedicos.com\/cpl\/#organization","name":"Artigos ortop\u00e9dicos | CPL","url":"https:\/\/catalogo.artigosortopedicos.com\/cpl\/","logo":{"@type":"ImageObject","inLanguage":"pt-BR","@id":"https:\/\/catalogo.artigosortopedicos.com\/cpl\/#\/schema\/logo\/image\/","url":"https:\/\/catalogo.artigosortopedicos.com\/cpl\/wp-content\/uploads\/2022\/01\/cropped-56b2cef4-4750-455a-af10-33ad25230477.jpg","contentUrl":"https:\/\/catalogo.artigosortopedicos.com\/cpl\/wp-content\/uploads\/2022\/01\/cropped-56b2cef4-4750-455a-af10-33ad25230477.jpg","width":481,"height":175,"caption":"Artigos ortop\u00e9dicos | CPL"},"image":{"@id":"https:\/\/catalogo.artigosortopedicos.com\/cpl\/#\/schema\/logo\/image\/"}}]}},"_links":{"self":[{"href":"https:\/\/catalogo.artigosortopedicos.com\/cpl\/wp-json\/wp\/v2\/product\/9084","targetHints":{"allow":["GET"]}}],"collection":[{"href":"https:\/\/catalogo.artigosortopedicos.com\/cpl\/wp-json\/wp\/v2\/product"}],"about":[{"href":"https:\/\/catalogo.artigosortopedicos.com\/cpl\/wp-json\/wp\/v2\/types\/product"}],"wp:featuredmedia":[{"embeddable":true,"href":"https:\/\/catalogo.artigosortopedicos.com\/cpl\/wp-json\/wp\/v2\/media\/9646"}],"wp:attachment":[{"href":"https:\/\/catalogo.artigosortopedicos.com\/cpl\/wp-json\/wp\/v2\/media?parent=9084"}],"wp:term":[{"taxonomy":"product_brand","embeddable":true,"href":"https:\/\/catalogo.artigosortopedicos.com\/cpl\/wp-json\/wp\/v2\/product_brand?post=9084"},{"taxonomy":"product_cat","embeddable":true,"href":"https:\/\/catalogo.artigosortopedicos.com\/cpl\/wp-json\/wp\/v2\/product_cat?post=9084"},{"taxonomy":"product_tag","embeddable":true,"href":"https:\/\/catalogo.artigosortopedicos.com\/cpl\/wp-json\/wp\/v2\/product_tag?post=9084"}],"curies":[{"name":"wp","href":"https:\/\/api.w.org\/{rel}","templated":true}]}}