{"id":9170,"date":"2022-01-11T11:14:11","date_gmt":"2022-01-11T14:14:11","guid":{"rendered":"http:\/\/catalogo.artigosortopedicos.com\/cpl\/?post_type=product&#038;p=9170"},"modified":"2026-03-31T16:56:49","modified_gmt":"2026-03-31T19:56:49","slug":"pessario-uterino","status":"publish","type":"product","link":"https:\/\/catalogo.artigosortopedicos.com\/cpl\/produto\/pessario-uterino\/","title":{"rendered":"P\u00c9SSARIO UTERINO UNIDADE"},"content":{"rendered":"<h2><img fetchpriority=\"high\" decoding=\"async\" class=\"alignnone wp-image-9695 size-full\" src=\"https:\/\/catalogo.artigosortopedicos.com\/cpl\/wp-content\/uploads\/2022\/01\/Captura-de-tela-2026-03-31-163819.png\" alt=\"\" width=\"731\" height=\"594\" srcset=\"https:\/\/catalogo.artigosortopedicos.com\/cpl\/wp-content\/uploads\/2022\/01\/Captura-de-tela-2026-03-31-163819.png 731w, https:\/\/catalogo.artigosortopedicos.com\/cpl\/wp-content\/uploads\/2022\/01\/Captura-de-tela-2026-03-31-163819-300x244.png 300w, https:\/\/catalogo.artigosortopedicos.com\/cpl\/wp-content\/uploads\/2022\/01\/Captura-de-tela-2026-03-31-163819-441x358.png 441w, https:\/\/catalogo.artigosortopedicos.com\/cpl\/wp-content\/uploads\/2022\/01\/Captura-de-tela-2026-03-31-163819-600x488.png 600w, https:\/\/catalogo.artigosortopedicos.com\/cpl\/wp-content\/uploads\/2022\/01\/Captura-de-tela-2026-03-31-163819-150x122.png 150w\" sizes=\"(max-width: 731px) 100vw, 731px\" \/><\/h2>\n<h2 class=\"itemTitle\">Pess\u00e1rio com Membrana<\/h2>\n<div class=\"introText\">\n<p>Para pacientes com prolapso uterino grau I (modelo sem membrana), II e III ou prolapso de c\u00fapula vaginal (modelo com membrana). Introduzido atrav\u00e9s da vagina para fornecer suporte ao \u00fatero ou reto deslocado, melhorando o controle urin\u00e1rio e estabilizando a base da bexiga.<br \/>\nA sua utiliza\u00e7\u00e3o, muitas vezes, pode substituir o procedimento cir\u00fargico.<br \/>\nEmbalado individualmente.<\/p>\n<p>Notifica\u00e7\u00e3o Anvisa: 10014160046<\/p>\n<p>&nbsp;<\/p>\n<\/div>\n<h2 class=\"itemTitle\">Pess\u00e1rio sem Membrana<\/h2>\n<div class=\"introText\">\n<p>Para pacientes com prolapso uterino grau I (modelo sem membrana), II e III ou prolapso de c\u00fapula vaginal (modelo com membrana). Introduzido atrav\u00e9s da vagina para fornecer suporte ao \u00fatero ou reto deslocado, melhorando o controle urin\u00e1rio e estabilizando a base da bexiga.<br \/>\nA sua utiliza\u00e7\u00e3o, muitas vezes, pode substituir o procedimento cir\u00fargico.<br \/>\nEmbalado individualmente.<\/p>\n<p>Notifica\u00e7\u00e3o Anvisa: 10014160046<\/p>\n<\/div>\n","protected":false},"excerpt":{"rendered":"<p>Produto cont\u00e9m +8% de IPI<\/p>\n","protected":false},"featured_media":9664,"template":"","meta":[],"product_brand":[],"product_cat":[261,290],"product_tag":[],"class_list":{"0":"post-9170","1":"product","2":"type-product","3":"status-publish","4":"has-post-thumbnail","6":"product_cat-cpl","7":"product_cat-pessario-uterino","9":"first","10":"outofstock","11":"shipping-taxable","12":"product-type-variable"},"yoast_head":"<!-- This site is optimized with the Yoast SEO plugin v25.7 - https:\/\/yoast.com\/wordpress\/plugins\/seo\/ -->\n<title>P\u00c9SSARIO UTERINO UNIDADE - Artigos ortop\u00e9dicos | CPL<\/title>\n<meta name=\"robots\" content=\"index, follow, max-snippet:-1, max-image-preview:large, max-video-preview:-1\" \/>\n<link rel=\"canonical\" href=\"https:\/\/catalogo.artigosortopedicos.com\/cpl\/produto\/pessario-uterino\/\" \/>\n<meta property=\"og:locale\" content=\"pt_BR\" \/>\n<meta property=\"og:type\" content=\"article\" \/>\n<meta property=\"og:title\" content=\"P\u00c9SSARIO UTERINO UNIDADE - Artigos ortop\u00e9dicos | CPL\" \/>\n<meta property=\"og:description\" content=\"Produto cont\u00e9m +8% de IPI\" \/>\n<meta property=\"og:url\" content=\"https:\/\/catalogo.artigosortopedicos.com\/cpl\/produto\/pessario-uterino\/\" \/>\n<meta property=\"og:site_name\" content=\"Artigos ortop\u00e9dicos | CPL\" \/>\n<meta property=\"article:modified_time\" content=\"2026-03-31T19:56:49+00:00\" \/>\n<meta property=\"og:image\" content=\"https:\/\/catalogo.artigosortopedicos.com\/cpl\/wp-content\/uploads\/2022\/01\/Captura-de-tela-2025-03-04-194815.png\" \/>\n\t<meta property=\"og:image:width\" content=\"650\" \/>\n\t<meta property=\"og:image:height\" content=\"730\" \/>\n\t<meta property=\"og:image:type\" content=\"image\/png\" \/>\n<meta name=\"twitter:card\" content=\"summary_large_image\" \/>\n<meta name=\"twitter:label1\" content=\"Est. tempo de leitura\" \/>\n\t<meta name=\"twitter:data1\" content=\"2 minutos\" \/>\n<script type=\"application\/ld+json\" class=\"yoast-schema-graph\">{\"@context\":\"https:\/\/schema.org\",\"@graph\":[{\"@type\":\"WebPage\",\"@id\":\"https:\/\/catalogo.artigosortopedicos.com\/cpl\/produto\/pessario-uterino\/\",\"url\":\"https:\/\/catalogo.artigosortopedicos.com\/cpl\/produto\/pessario-uterino\/\",\"name\":\"P\u00c9SSARIO UTERINO UNIDADE - Artigos ortop\u00e9dicos | CPL\",\"isPartOf\":{\"@id\":\"https:\/\/catalogo.artigosortopedicos.com\/cpl\/#website\"},\"primaryImageOfPage\":{\"@id\":\"https:\/\/catalogo.artigosortopedicos.com\/cpl\/produto\/pessario-uterino\/#primaryimage\"},\"image\":{\"@id\":\"https:\/\/catalogo.artigosortopedicos.com\/cpl\/produto\/pessario-uterino\/#primaryimage\"},\"thumbnailUrl\":\"https:\/\/catalogo.artigosortopedicos.com\/cpl\/wp-content\/uploads\/2022\/01\/Captura-de-tela-2025-03-04-194815.png\",\"datePublished\":\"2022-01-11T14:14:11+00:00\",\"dateModified\":\"2026-03-31T19:56:49+00:00\",\"breadcrumb\":{\"@id\":\"https:\/\/catalogo.artigosortopedicos.com\/cpl\/produto\/pessario-uterino\/#breadcrumb\"},\"inLanguage\":\"pt-BR\",\"potentialAction\":[{\"@type\":\"ReadAction\",\"target\":[\"https:\/\/catalogo.artigosortopedicos.com\/cpl\/produto\/pessario-uterino\/\"]}]},{\"@type\":\"ImageObject\",\"inLanguage\":\"pt-BR\",\"@id\":\"https:\/\/catalogo.artigosortopedicos.com\/cpl\/produto\/pessario-uterino\/#primaryimage\",\"url\":\"https:\/\/catalogo.artigosortopedicos.com\/cpl\/wp-content\/uploads\/2022\/01\/Captura-de-tela-2025-03-04-194815.png\",\"contentUrl\":\"https:\/\/catalogo.artigosortopedicos.com\/cpl\/wp-content\/uploads\/2022\/01\/Captura-de-tela-2025-03-04-194815.png\",\"width\":650,\"height\":730},{\"@type\":\"BreadcrumbList\",\"@id\":\"https:\/\/catalogo.artigosortopedicos.com\/cpl\/produto\/pessario-uterino\/#breadcrumb\",\"itemListElement\":[{\"@type\":\"ListItem\",\"position\":1,\"name\":\"In\u00edcio\",\"item\":\"https:\/\/catalogo.artigosortopedicos.com\/cpl\/\"},{\"@type\":\"ListItem\",\"position\":2,\"name\":\"Loja\",\"item\":\"https:\/\/catalogo.artigosortopedicos.com\/cpl\/\"},{\"@type\":\"ListItem\",\"position\":3,\"name\":\"P\u00c9SSARIO UTERINO UNIDADE\"}]},{\"@type\":\"WebSite\",\"@id\":\"https:\/\/catalogo.artigosortopedicos.com\/cpl\/#website\",\"url\":\"https:\/\/catalogo.artigosortopedicos.com\/cpl\/\",\"name\":\"Artigos ortop\u00e9dicos | CPL\",\"description\":\"Cat\u00e1logo de produtos\",\"publisher\":{\"@id\":\"https:\/\/catalogo.artigosortopedicos.com\/cpl\/#organization\"},\"potentialAction\":[{\"@type\":\"SearchAction\",\"target\":{\"@type\":\"EntryPoint\",\"urlTemplate\":\"https:\/\/catalogo.artigosortopedicos.com\/cpl\/?s={search_term_string}\"},\"query-input\":{\"@type\":\"PropertyValueSpecification\",\"valueRequired\":true,\"valueName\":\"search_term_string\"}}],\"inLanguage\":\"pt-BR\"},{\"@type\":\"Organization\",\"@id\":\"https:\/\/catalogo.artigosortopedicos.com\/cpl\/#organization\",\"name\":\"Artigos ortop\u00e9dicos | CPL\",\"url\":\"https:\/\/catalogo.artigosortopedicos.com\/cpl\/\",\"logo\":{\"@type\":\"ImageObject\",\"inLanguage\":\"pt-BR\",\"@id\":\"https:\/\/catalogo.artigosortopedicos.com\/cpl\/#\/schema\/logo\/image\/\",\"url\":\"https:\/\/catalogo.artigosortopedicos.com\/cpl\/wp-content\/uploads\/2022\/01\/cropped-56b2cef4-4750-455a-af10-33ad25230477.jpg\",\"contentUrl\":\"https:\/\/catalogo.artigosortopedicos.com\/cpl\/wp-content\/uploads\/2022\/01\/cropped-56b2cef4-4750-455a-af10-33ad25230477.jpg\",\"width\":481,\"height\":175,\"caption\":\"Artigos ortop\u00e9dicos | CPL\"},\"image\":{\"@id\":\"https:\/\/catalogo.artigosortopedicos.com\/cpl\/#\/schema\/logo\/image\/\"}}]}<\/script>\n<!-- \/ Yoast SEO plugin. -->","yoast_head_json":{"title":"P\u00c9SSARIO UTERINO UNIDADE - Artigos ortop\u00e9dicos | CPL","robots":{"index":"index","follow":"follow","max-snippet":"max-snippet:-1","max-image-preview":"max-image-preview:large","max-video-preview":"max-video-preview:-1"},"canonical":"https:\/\/catalogo.artigosortopedicos.com\/cpl\/produto\/pessario-uterino\/","og_locale":"pt_BR","og_type":"article","og_title":"P\u00c9SSARIO UTERINO UNIDADE - Artigos ortop\u00e9dicos | CPL","og_description":"Produto cont\u00e9m +8% de IPI","og_url":"https:\/\/catalogo.artigosortopedicos.com\/cpl\/produto\/pessario-uterino\/","og_site_name":"Artigos ortop\u00e9dicos | CPL","article_modified_time":"2026-03-31T19:56:49+00:00","og_image":[{"width":650,"height":730,"url":"https:\/\/catalogo.artigosortopedicos.com\/cpl\/wp-content\/uploads\/2022\/01\/Captura-de-tela-2025-03-04-194815.png","type":"image\/png"}],"twitter_card":"summary_large_image","twitter_misc":{"Est. tempo de leitura":"2 minutos"},"schema":{"@context":"https:\/\/schema.org","@graph":[{"@type":"WebPage","@id":"https:\/\/catalogo.artigosortopedicos.com\/cpl\/produto\/pessario-uterino\/","url":"https:\/\/catalogo.artigosortopedicos.com\/cpl\/produto\/pessario-uterino\/","name":"P\u00c9SSARIO UTERINO UNIDADE - Artigos ortop\u00e9dicos | CPL","isPartOf":{"@id":"https:\/\/catalogo.artigosortopedicos.com\/cpl\/#website"},"primaryImageOfPage":{"@id":"https:\/\/catalogo.artigosortopedicos.com\/cpl\/produto\/pessario-uterino\/#primaryimage"},"image":{"@id":"https:\/\/catalogo.artigosortopedicos.com\/cpl\/produto\/pessario-uterino\/#primaryimage"},"thumbnailUrl":"https:\/\/catalogo.artigosortopedicos.com\/cpl\/wp-content\/uploads\/2022\/01\/Captura-de-tela-2025-03-04-194815.png","datePublished":"2022-01-11T14:14:11+00:00","dateModified":"2026-03-31T19:56:49+00:00","breadcrumb":{"@id":"https:\/\/catalogo.artigosortopedicos.com\/cpl\/produto\/pessario-uterino\/#breadcrumb"},"inLanguage":"pt-BR","potentialAction":[{"@type":"ReadAction","target":["https:\/\/catalogo.artigosortopedicos.com\/cpl\/produto\/pessario-uterino\/"]}]},{"@type":"ImageObject","inLanguage":"pt-BR","@id":"https:\/\/catalogo.artigosortopedicos.com\/cpl\/produto\/pessario-uterino\/#primaryimage","url":"https:\/\/catalogo.artigosortopedicos.com\/cpl\/wp-content\/uploads\/2022\/01\/Captura-de-tela-2025-03-04-194815.png","contentUrl":"https:\/\/catalogo.artigosortopedicos.com\/cpl\/wp-content\/uploads\/2022\/01\/Captura-de-tela-2025-03-04-194815.png","width":650,"height":730},{"@type":"BreadcrumbList","@id":"https:\/\/catalogo.artigosortopedicos.com\/cpl\/produto\/pessario-uterino\/#breadcrumb","itemListElement":[{"@type":"ListItem","position":1,"name":"In\u00edcio","item":"https:\/\/catalogo.artigosortopedicos.com\/cpl\/"},{"@type":"ListItem","position":2,"name":"Loja","item":"https:\/\/catalogo.artigosortopedicos.com\/cpl\/"},{"@type":"ListItem","position":3,"name":"P\u00c9SSARIO UTERINO UNIDADE"}]},{"@type":"WebSite","@id":"https:\/\/catalogo.artigosortopedicos.com\/cpl\/#website","url":"https:\/\/catalogo.artigosortopedicos.com\/cpl\/","name":"Artigos ortop\u00e9dicos | CPL","description":"Cat\u00e1logo de produtos","publisher":{"@id":"https:\/\/catalogo.artigosortopedicos.com\/cpl\/#organization"},"potentialAction":[{"@type":"SearchAction","target":{"@type":"EntryPoint","urlTemplate":"https:\/\/catalogo.artigosortopedicos.com\/cpl\/?s={search_term_string}"},"query-input":{"@type":"PropertyValueSpecification","valueRequired":true,"valueName":"search_term_string"}}],"inLanguage":"pt-BR"},{"@type":"Organization","@id":"https:\/\/catalogo.artigosortopedicos.com\/cpl\/#organization","name":"Artigos ortop\u00e9dicos | CPL","url":"https:\/\/catalogo.artigosortopedicos.com\/cpl\/","logo":{"@type":"ImageObject","inLanguage":"pt-BR","@id":"https:\/\/catalogo.artigosortopedicos.com\/cpl\/#\/schema\/logo\/image\/","url":"https:\/\/catalogo.artigosortopedicos.com\/cpl\/wp-content\/uploads\/2022\/01\/cropped-56b2cef4-4750-455a-af10-33ad25230477.jpg","contentUrl":"https:\/\/catalogo.artigosortopedicos.com\/cpl\/wp-content\/uploads\/2022\/01\/cropped-56b2cef4-4750-455a-af10-33ad25230477.jpg","width":481,"height":175,"caption":"Artigos ortop\u00e9dicos | CPL"},"image":{"@id":"https:\/\/catalogo.artigosortopedicos.com\/cpl\/#\/schema\/logo\/image\/"}}]}},"_links":{"self":[{"href":"https:\/\/catalogo.artigosortopedicos.com\/cpl\/wp-json\/wp\/v2\/product\/9170","targetHints":{"allow":["GET"]}}],"collection":[{"href":"https:\/\/catalogo.artigosortopedicos.com\/cpl\/wp-json\/wp\/v2\/product"}],"about":[{"href":"https:\/\/catalogo.artigosortopedicos.com\/cpl\/wp-json\/wp\/v2\/types\/product"}],"wp:featuredmedia":[{"embeddable":true,"href":"https:\/\/catalogo.artigosortopedicos.com\/cpl\/wp-json\/wp\/v2\/media\/9664"}],"wp:attachment":[{"href":"https:\/\/catalogo.artigosortopedicos.com\/cpl\/wp-json\/wp\/v2\/media?parent=9170"}],"wp:term":[{"taxonomy":"product_brand","embeddable":true,"href":"https:\/\/catalogo.artigosortopedicos.com\/cpl\/wp-json\/wp\/v2\/product_brand?post=9170"},{"taxonomy":"product_cat","embeddable":true,"href":"https:\/\/catalogo.artigosortopedicos.com\/cpl\/wp-json\/wp\/v2\/product_cat?post=9170"},{"taxonomy":"product_tag","embeddable":true,"href":"https:\/\/catalogo.artigosortopedicos.com\/cpl\/wp-json\/wp\/v2\/product_tag?post=9170"}],"curies":[{"name":"wp","href":"https:\/\/api.w.org\/{rel}","templated":true}]}}