{"id":7980,"date":"2021-12-30T21:25:23","date_gmt":"2021-12-31T00:25:23","guid":{"rendered":"http:\/\/catalogo.artigosortopedicos.com\/endurance\/?post_type=product&#038;p=7980"},"modified":"2026-04-13T10:27:04","modified_gmt":"2026-04-13T13:27:04","slug":"kinesiology-caixa-com-6-unidades","status":"publish","type":"product","link":"https:\/\/catalogo.artigosortopedicos.com\/endurance\/produto\/kinesiology-caixa-com-6-unidades\/","title":{"rendered":"KINESIOLOGY 5cm x 5m"},"content":{"rendered":"<p><strong>Bandagem El\u00e1stica Kinesiology Tape<\/strong><\/p>\n<p>Nitto Denko \u00e9 uma empresa japonesa fundada a 90 anos atr\u00e1s a qual\u00a0produz as bandagens &#8220;Kinesiology Tape&#8221;. Desenvolvido desde 1987, a Nitto Denko foi a primeira empresa a produzir esse tipo de tape, sendo atualmente considerado o melhor produto da categoria no mundo. O &#8220;Kinesiology Tape&#8221; foi desenvolvido para imitar a espessura e elasticidade da pele humana,\u00a0 nenhuma outra empresa tem a experi\u00eancia no desenvolvimento e manufatura desse produto como a Nitto Denko. Os tapes s\u00e3o produzidos com algod\u00e3o de alta qualidade, 100% acr\u00edlico e adesivo hipoal\u00e9rgico, sendo resistente \u00e0 \u00e1gua e respir\u00e1vel, podendo ser utilizado em at\u00e9 5 dias ap\u00f3s sua aplica\u00e7\u00e3o.<\/p>\n<p>Tamanho:\u00a05 cm (largura) x 5 mt\u00a0(comprimento)<br \/>\nApresenta\u00e7\u00e3o: Rolo<\/p>\n<p><strong>INDICA\u00c7\u00d5ES:<\/strong><\/p>\n<p>&#8211; N\u00e3o existe restri\u00e7\u00f5es para qualquer \u00e1rea de aplica\u00e7\u00e3o.<\/p>\n<p>&#8211; Utilizada em ortopedia, esportes, neurologia e est\u00e9tica.<\/p>\n<p>&#8211; Proporciona suporte suave na musculatura em \u00e1reas como ombro, costas, joelho, panturrilha e face.<\/p>\n<p>&#8211; Reduz edemas e a dor ocasionada por les\u00f5es musculares, bem como a melhora da circula\u00e7\u00e3o sanguinea.<\/p>\n<p>&#8211; Aumento da flexibilidade e movimenta\u00e7\u00e3o mais tranquila, mesmo se estiver aplicada nas articula\u00e7\u00f5es.<br \/>\n<strong>CARACTER\u00cdSTICAS:<\/strong><\/p>\n<p>&#8211; El\u00e1stica &#8211; quando esticada, seu tamanho original poder\u00e1 estender-se em at\u00e9 130%.<\/p>\n<p>&#8211; Adesiva &#8211; cola\u00a0em formato de onda proporcionando melhor respirabilidade na pele.<\/p>\n<p>&#8211; Produzida com adesivo 100% acr\u00edlico sens\u00edvel ao calor, proporciona baixo \u00edndice\u00a0de irritabilidade ocasionado pelo suor.<\/p>\n<p>&#8211; Ades\u00e3o suave, n\u00e3o deixa res\u00edduos de cola na pele ap\u00f3s a retirada do produto.<\/p>\n<p>&#8211; Leve e porosa.<\/p>\n<p>&#8211; Produto com espessura fina, produzida em 100% algod\u00e3o, n\u00e3o tem medicamentos e n\u00e3o tem fun\u00e7\u00e3o de imobiliza\u00e7\u00e3o.<\/p>\n<p>&#8211; Expande apenas longitudinalmente.<\/p>\n<p>&#8211; Espessura e peso similares \u00e0 pele humana.<\/p>\n<p>&#8211; Aplica\u00e7\u00e3o f\u00e1cil e desenrolar suave.<\/p>\n<p>&#8211; Remo\u00e7\u00e3o f\u00e1cil e r\u00e1pida.<\/p>\n","protected":false},"excerpt":{"rendered":"<p>COR: BEGE \/ PRETO \/ VERDE \/ ROSA \/ AZUL<br \/>\nMULTIPLOS DE 6 UNIDADES POR COR<\/p>\n<p>\u00daNICA IMPORTADA DO JAP\u00c3O<\/p>\n","protected":false},"featured_media":9027,"template":"","meta":[],"product_brand":[],"product_cat":[185,127],"product_tag":[],"class_list":{"0":"post-7980","1":"product","2":"type-product","3":"status-publish","4":"has-post-thumbnail","6":"product_cat-bandagens","7":"product_cat-endurance","9":"first","10":"instock","11":"featured","12":"shipping-taxable","13":"product-type-simple"},"yoast_head":"<!-- This site is optimized with the Yoast SEO plugin v25.7 - https:\/\/yoast.com\/wordpress\/plugins\/seo\/ -->\n<title>KINESIOLOGY 5cm x 5m - Artigos ortop\u00e9dicos | Endurance<\/title>\n<meta name=\"robots\" content=\"index, follow, max-snippet:-1, max-image-preview:large, max-video-preview:-1\" \/>\n<link rel=\"canonical\" href=\"https:\/\/catalogo.artigosortopedicos.com\/endurance\/produto\/kinesiology-caixa-com-6-unidades\/\" \/>\n<meta property=\"og:locale\" content=\"pt_BR\" \/>\n<meta property=\"og:type\" content=\"article\" \/>\n<meta property=\"og:title\" content=\"KINESIOLOGY 5cm x 5m - Artigos ortop\u00e9dicos | Endurance\" \/>\n<meta property=\"og:description\" content=\"COR: BEGE \/ PRETO \/ VERDE \/ ROSA \/ AZUL MULTIPLOS DE 6 UNIDADES POR COR  \u00daNICA IMPORTADA DO JAP\u00c3O\" \/>\n<meta property=\"og:url\" content=\"https:\/\/catalogo.artigosortopedicos.com\/endurance\/produto\/kinesiology-caixa-com-6-unidades\/\" \/>\n<meta property=\"og:site_name\" content=\"Artigos ortop\u00e9dicos | Endurance\" \/>\n<meta property=\"article:modified_time\" content=\"2026-04-13T13:27:04+00:00\" \/>\n<meta property=\"og:image\" content=\"https:\/\/catalogo.artigosortopedicos.com\/endurance\/wp-content\/uploads\/2021\/12\/20-1.jpg\" \/>\n\t<meta property=\"og:image:width\" content=\"646\" \/>\n\t<meta property=\"og:image:height\" content=\"543\" \/>\n\t<meta property=\"og:image:type\" content=\"image\/jpeg\" \/>\n<meta name=\"twitter:card\" content=\"summary_large_image\" \/>\n<meta name=\"twitter:label1\" content=\"Est. tempo de leitura\" \/>\n\t<meta name=\"twitter:data1\" content=\"2 minutos\" \/>\n<script type=\"application\/ld+json\" class=\"yoast-schema-graph\">{\"@context\":\"https:\/\/schema.org\",\"@graph\":[{\"@type\":\"WebPage\",\"@id\":\"https:\/\/catalogo.artigosortopedicos.com\/endurance\/produto\/kinesiology-caixa-com-6-unidades\/\",\"url\":\"https:\/\/catalogo.artigosortopedicos.com\/endurance\/produto\/kinesiology-caixa-com-6-unidades\/\",\"name\":\"KINESIOLOGY 5cm x 5m - Artigos ortop\u00e9dicos | Endurance\",\"isPartOf\":{\"@id\":\"https:\/\/catalogo.artigosortopedicos.com\/endurance\/#website\"},\"primaryImageOfPage\":{\"@id\":\"https:\/\/catalogo.artigosortopedicos.com\/endurance\/produto\/kinesiology-caixa-com-6-unidades\/#primaryimage\"},\"image\":{\"@id\":\"https:\/\/catalogo.artigosortopedicos.com\/endurance\/produto\/kinesiology-caixa-com-6-unidades\/#primaryimage\"},\"thumbnailUrl\":\"https:\/\/catalogo.artigosortopedicos.com\/endurance\/wp-content\/uploads\/2021\/12\/20-1.jpg\",\"datePublished\":\"2021-12-31T00:25:23+00:00\",\"dateModified\":\"2026-04-13T13:27:04+00:00\",\"breadcrumb\":{\"@id\":\"https:\/\/catalogo.artigosortopedicos.com\/endurance\/produto\/kinesiology-caixa-com-6-unidades\/#breadcrumb\"},\"inLanguage\":\"pt-BR\",\"potentialAction\":[{\"@type\":\"ReadAction\",\"target\":[\"https:\/\/catalogo.artigosortopedicos.com\/endurance\/produto\/kinesiology-caixa-com-6-unidades\/\"]}]},{\"@type\":\"ImageObject\",\"inLanguage\":\"pt-BR\",\"@id\":\"https:\/\/catalogo.artigosortopedicos.com\/endurance\/produto\/kinesiology-caixa-com-6-unidades\/#primaryimage\",\"url\":\"https:\/\/catalogo.artigosortopedicos.com\/endurance\/wp-content\/uploads\/2021\/12\/20-1.jpg\",\"contentUrl\":\"https:\/\/catalogo.artigosortopedicos.com\/endurance\/wp-content\/uploads\/2021\/12\/20-1.jpg\",\"width\":646,\"height\":543},{\"@type\":\"BreadcrumbList\",\"@id\":\"https:\/\/catalogo.artigosortopedicos.com\/endurance\/produto\/kinesiology-caixa-com-6-unidades\/#breadcrumb\",\"itemListElement\":[{\"@type\":\"ListItem\",\"position\":1,\"name\":\"In\u00edcio\",\"item\":\"https:\/\/catalogo.artigosortopedicos.com\/endurance\/\"},{\"@type\":\"ListItem\",\"position\":2,\"name\":\"Loja\",\"item\":\"https:\/\/catalogo.artigosortopedicos.com\/endurance\/\"},{\"@type\":\"ListItem\",\"position\":3,\"name\":\"KINESIOLOGY 5cm x 5m\"}]},{\"@type\":\"WebSite\",\"@id\":\"https:\/\/catalogo.artigosortopedicos.com\/endurance\/#website\",\"url\":\"https:\/\/catalogo.artigosortopedicos.com\/endurance\/\",\"name\":\"Artigos ortop\u00e9dicos | Endurance\",\"description\":\"Cat\u00e1logo de produtos\",\"publisher\":{\"@id\":\"https:\/\/catalogo.artigosortopedicos.com\/endurance\/#organization\"},\"potentialAction\":[{\"@type\":\"SearchAction\",\"target\":{\"@type\":\"EntryPoint\",\"urlTemplate\":\"https:\/\/catalogo.artigosortopedicos.com\/endurance\/?s={search_term_string}\"},\"query-input\":{\"@type\":\"PropertyValueSpecification\",\"valueRequired\":true,\"valueName\":\"search_term_string\"}}],\"inLanguage\":\"pt-BR\"},{\"@type\":\"Organization\",\"@id\":\"https:\/\/catalogo.artigosortopedicos.com\/endurance\/#organization\",\"name\":\"Artigos ortop\u00e9dicos | Endurance\",\"url\":\"https:\/\/catalogo.artigosortopedicos.com\/endurance\/\",\"logo\":{\"@type\":\"ImageObject\",\"inLanguage\":\"pt-BR\",\"@id\":\"https:\/\/catalogo.artigosortopedicos.com\/endurance\/#\/schema\/logo\/image\/\",\"url\":\"https:\/\/catalogo.artigosortopedicos.com\/endurance\/wp-content\/uploads\/2022\/01\/cropped-56b2cef4-4750-455a-af10-33ad25230477.jpg\",\"contentUrl\":\"https:\/\/catalogo.artigosortopedicos.com\/endurance\/wp-content\/uploads\/2022\/01\/cropped-56b2cef4-4750-455a-af10-33ad25230477.jpg\",\"width\":481,\"height\":175,\"caption\":\"Artigos ortop\u00e9dicos | Endurance\"},\"image\":{\"@id\":\"https:\/\/catalogo.artigosortopedicos.com\/endurance\/#\/schema\/logo\/image\/\"}}]}<\/script>\n<!-- \/ Yoast SEO plugin. -->","yoast_head_json":{"title":"KINESIOLOGY 5cm x 5m - Artigos ortop\u00e9dicos | Endurance","robots":{"index":"index","follow":"follow","max-snippet":"max-snippet:-1","max-image-preview":"max-image-preview:large","max-video-preview":"max-video-preview:-1"},"canonical":"https:\/\/catalogo.artigosortopedicos.com\/endurance\/produto\/kinesiology-caixa-com-6-unidades\/","og_locale":"pt_BR","og_type":"article","og_title":"KINESIOLOGY 5cm x 5m - Artigos ortop\u00e9dicos | Endurance","og_description":"COR: BEGE \/ PRETO \/ VERDE \/ ROSA \/ AZUL MULTIPLOS DE 6 UNIDADES POR COR  \u00daNICA IMPORTADA DO JAP\u00c3O","og_url":"https:\/\/catalogo.artigosortopedicos.com\/endurance\/produto\/kinesiology-caixa-com-6-unidades\/","og_site_name":"Artigos ortop\u00e9dicos | Endurance","article_modified_time":"2026-04-13T13:27:04+00:00","og_image":[{"width":646,"height":543,"url":"https:\/\/catalogo.artigosortopedicos.com\/endurance\/wp-content\/uploads\/2021\/12\/20-1.jpg","type":"image\/jpeg"}],"twitter_card":"summary_large_image","twitter_misc":{"Est. tempo de leitura":"2 minutos"},"schema":{"@context":"https:\/\/schema.org","@graph":[{"@type":"WebPage","@id":"https:\/\/catalogo.artigosortopedicos.com\/endurance\/produto\/kinesiology-caixa-com-6-unidades\/","url":"https:\/\/catalogo.artigosortopedicos.com\/endurance\/produto\/kinesiology-caixa-com-6-unidades\/","name":"KINESIOLOGY 5cm x 5m - Artigos ortop\u00e9dicos | Endurance","isPartOf":{"@id":"https:\/\/catalogo.artigosortopedicos.com\/endurance\/#website"},"primaryImageOfPage":{"@id":"https:\/\/catalogo.artigosortopedicos.com\/endurance\/produto\/kinesiology-caixa-com-6-unidades\/#primaryimage"},"image":{"@id":"https:\/\/catalogo.artigosortopedicos.com\/endurance\/produto\/kinesiology-caixa-com-6-unidades\/#primaryimage"},"thumbnailUrl":"https:\/\/catalogo.artigosortopedicos.com\/endurance\/wp-content\/uploads\/2021\/12\/20-1.jpg","datePublished":"2021-12-31T00:25:23+00:00","dateModified":"2026-04-13T13:27:04+00:00","breadcrumb":{"@id":"https:\/\/catalogo.artigosortopedicos.com\/endurance\/produto\/kinesiology-caixa-com-6-unidades\/#breadcrumb"},"inLanguage":"pt-BR","potentialAction":[{"@type":"ReadAction","target":["https:\/\/catalogo.artigosortopedicos.com\/endurance\/produto\/kinesiology-caixa-com-6-unidades\/"]}]},{"@type":"ImageObject","inLanguage":"pt-BR","@id":"https:\/\/catalogo.artigosortopedicos.com\/endurance\/produto\/kinesiology-caixa-com-6-unidades\/#primaryimage","url":"https:\/\/catalogo.artigosortopedicos.com\/endurance\/wp-content\/uploads\/2021\/12\/20-1.jpg","contentUrl":"https:\/\/catalogo.artigosortopedicos.com\/endurance\/wp-content\/uploads\/2021\/12\/20-1.jpg","width":646,"height":543},{"@type":"BreadcrumbList","@id":"https:\/\/catalogo.artigosortopedicos.com\/endurance\/produto\/kinesiology-caixa-com-6-unidades\/#breadcrumb","itemListElement":[{"@type":"ListItem","position":1,"name":"In\u00edcio","item":"https:\/\/catalogo.artigosortopedicos.com\/endurance\/"},{"@type":"ListItem","position":2,"name":"Loja","item":"https:\/\/catalogo.artigosortopedicos.com\/endurance\/"},{"@type":"ListItem","position":3,"name":"KINESIOLOGY 5cm x 5m"}]},{"@type":"WebSite","@id":"https:\/\/catalogo.artigosortopedicos.com\/endurance\/#website","url":"https:\/\/catalogo.artigosortopedicos.com\/endurance\/","name":"Artigos ortop\u00e9dicos | Endurance","description":"Cat\u00e1logo de produtos","publisher":{"@id":"https:\/\/catalogo.artigosortopedicos.com\/endurance\/#organization"},"potentialAction":[{"@type":"SearchAction","target":{"@type":"EntryPoint","urlTemplate":"https:\/\/catalogo.artigosortopedicos.com\/endurance\/?s={search_term_string}"},"query-input":{"@type":"PropertyValueSpecification","valueRequired":true,"valueName":"search_term_string"}}],"inLanguage":"pt-BR"},{"@type":"Organization","@id":"https:\/\/catalogo.artigosortopedicos.com\/endurance\/#organization","name":"Artigos ortop\u00e9dicos | Endurance","url":"https:\/\/catalogo.artigosortopedicos.com\/endurance\/","logo":{"@type":"ImageObject","inLanguage":"pt-BR","@id":"https:\/\/catalogo.artigosortopedicos.com\/endurance\/#\/schema\/logo\/image\/","url":"https:\/\/catalogo.artigosortopedicos.com\/endurance\/wp-content\/uploads\/2022\/01\/cropped-56b2cef4-4750-455a-af10-33ad25230477.jpg","contentUrl":"https:\/\/catalogo.artigosortopedicos.com\/endurance\/wp-content\/uploads\/2022\/01\/cropped-56b2cef4-4750-455a-af10-33ad25230477.jpg","width":481,"height":175,"caption":"Artigos ortop\u00e9dicos | Endurance"},"image":{"@id":"https:\/\/catalogo.artigosortopedicos.com\/endurance\/#\/schema\/logo\/image\/"}}]}},"_links":{"self":[{"href":"https:\/\/catalogo.artigosortopedicos.com\/endurance\/wp-json\/wp\/v2\/product\/7980","targetHints":{"allow":["GET"]}}],"collection":[{"href":"https:\/\/catalogo.artigosortopedicos.com\/endurance\/wp-json\/wp\/v2\/product"}],"about":[{"href":"https:\/\/catalogo.artigosortopedicos.com\/endurance\/wp-json\/wp\/v2\/types\/product"}],"wp:featuredmedia":[{"embeddable":true,"href":"https:\/\/catalogo.artigosortopedicos.com\/endurance\/wp-json\/wp\/v2\/media\/9027"}],"wp:attachment":[{"href":"https:\/\/catalogo.artigosortopedicos.com\/endurance\/wp-json\/wp\/v2\/media?parent=7980"}],"wp:term":[{"taxonomy":"product_brand","embeddable":true,"href":"https:\/\/catalogo.artigosortopedicos.com\/endurance\/wp-json\/wp\/v2\/product_brand?post=7980"},{"taxonomy":"product_cat","embeddable":true,"href":"https:\/\/catalogo.artigosortopedicos.com\/endurance\/wp-json\/wp\/v2\/product_cat?post=7980"},{"taxonomy":"product_tag","embeddable":true,"href":"https:\/\/catalogo.artigosortopedicos.com\/endurance\/wp-json\/wp\/v2\/product_tag?post=7980"}],"curies":[{"name":"wp","href":"https:\/\/api.w.org\/{rel}","templated":true}]}}