{"id":8033,"date":"2021-12-31T08:27:06","date_gmt":"2021-12-31T11:27:06","guid":{"rendered":"http:\/\/catalogo.artigosortopedicos.com\/endurance\/?post_type=product&#038;p=8033"},"modified":"2026-04-13T10:30:13","modified_gmt":"2026-04-13T13:30:13","slug":"kit-bolsa-suporte-grd-ombro","status":"publish","type":"product","link":"https:\/\/catalogo.artigosortopedicos.com\/endurance\/produto\/kit-bolsa-suporte-grd-ombro\/","title":{"rendered":"KIT BOLSA + SUPORTE GRD \/ OMBRO ou LOMBAR"},"content":{"rendered":"<p>Para alguns estados esse produto cont\u00e9m IPI . APENAS NA BOLSA. Ser\u00e1 aplicado apenas no pedido final enviado por e-mail<\/p>\n<p>Cuidados com a Bolsa.<\/p>\n<p>GELO<\/p>\n<p>Avisar o consumidor para N\u00c3O colocar o gelo diretamente do freezer na bolsa, sem antes passar na \u00e1gua<br \/>\npara tirar as partes pontiagudas que poder\u00e3o furar a respectiva bolsa.<\/p>\n<p>\u00c1GUA QUENTE<\/p>\n<p>Como chegar na temperatura ideal da bolsa de \u00e1gua quente?<\/p>\n<p>PROPOR\u00c7\u00c3O: 2 PARTES DE \u00c1GUA FERVENTE, PARA UMA PARTE DE \u00c1GUA FRIA<\/p>\n<p><strong>Bolsa de Gelo e \u00c1gua Quente com Suporte Grande<\/strong><\/p>\n<p>Bolsa para aplica\u00e7\u00e3o de Gelo ou Calor (\u00e1gua quente) para tratamentos preventivos ou regenerativos de les\u00f5es musculares, c\u00f3licas, nevralgias, dores de dente, incha\u00e7os, dores agudas, musculares e dores de cabe\u00e7a, entorses e distens\u00f5es, produto importado com a qualidade garantida pela Endurance, que \u00e9 a sua marca.<\/p>\n<p>Produto com suporte em neoprene el\u00e1stico para acomoda\u00e7\u00e3o junto ao corpo, indicado para utiliza\u00e7\u00e3o em terapias com gelo ou \u00e1gua quente sem que a pessoa necessite ficar segurando a bolsa.<\/p>\n<p>Tamanho: 26 cm de di\u00e2metro (bolsa) &#8211; 108 cm de comprimento (suporte em neoprene)<\/p>\n<p><strong>INDICA\u00c7\u00d5ES:<\/strong><br \/>\n&#8211; Utiliza\u00e7\u00e3o para sess\u00f5es de crioterapia ou \u00e1gua quente no tratamento de entorses, contus\u00f5es, les\u00f5es musculares e edemas em geral.<\/p>\n<p>&#8211; Muito utilizada\u00a0para aplica\u00e7\u00e3o no ombro, quadril, costas, lombar, tornozelo, joelho, coxa e panturrilha.<\/p>\n<p>&#8211; Uso m\u00e9dico, fisioter\u00e1pico, esportivo e veterin\u00e1rio.<\/p>\n<p><strong>CARACTER\u00cdSTICAS:<\/strong><\/p>\n<p>&#8211; Mant\u00e9m o gelo ou \u00e1gua quente por muito mais tempo.<\/p>\n<p>&#8211;\u00a0Capacidade de at\u00e9 2 litros de \u00e1gua e\/ou gelo.<\/p>\n<p>&#8211; Revestida com uma fina camada de borracha, evitando assim o vazamento da \u00e1gua para o corpo.<\/p>\n<p>&#8211; M\u00e3os livres,\u00a0a tira de neoprene mant\u00e9m a bolsa fixa no local desejado.<\/p>\n<p><strong>OBSERVA\u00c7\u00d5ES:<\/strong><\/p>\n<p>&#8211; N\u00e3o adicionar \u00e1gua fervente.<\/p>\n<p>&#8211; N\u00e3o colocar gelos pontiag\u00fados.<\/p>\n<p>&#8211; N\u00e3o colocar em secadoras.<\/p>\n<p>&#8211; Colocar a bolsa de cabe\u00e7a para baixo para secar.<\/p>\n","protected":false},"excerpt":{"rendered":"<p>Para alguns estados esse produto cont\u00e9m IPI . APENAS NA BOLSA. Ser\u00e1 aplicado apenas no pedido final enviado por e-mail Cuidados com a Bolsa. GELO Avisar o consumidor para N\u00c3O colocar o gelo diretamente do freezer na bolsa, sem antes passar na \u00e1gua para tirar as partes pontiagudas que poder\u00e3o furar a respectiva bolsa. \u00c1GUA [&hellip;]<\/p>\n","protected":false},"featured_media":8034,"template":"","meta":[],"product_brand":[],"product_cat":[127,186],"product_tag":[],"class_list":{"0":"post-8033","1":"product","2":"type-product","3":"status-publish","4":"has-post-thumbnail","6":"product_cat-endurance","7":"product_cat-inchaco-dor-luxacao","9":"first","10":"instock","11":"shipping-taxable","12":"product-type-simple"},"yoast_head":"<!-- This site is optimized with the Yoast SEO plugin v25.7 - https:\/\/yoast.com\/wordpress\/plugins\/seo\/ -->\n<title>KIT BOLSA + SUPORTE GRD \/ OMBRO ou LOMBAR - Artigos ortop\u00e9dicos | Endurance<\/title>\n<meta name=\"robots\" content=\"index, follow, max-snippet:-1, max-image-preview:large, max-video-preview:-1\" \/>\n<link rel=\"canonical\" href=\"https:\/\/catalogo.artigosortopedicos.com\/endurance\/produto\/kit-bolsa-suporte-grd-ombro\/\" \/>\n<meta property=\"og:locale\" content=\"pt_BR\" \/>\n<meta property=\"og:type\" content=\"article\" \/>\n<meta property=\"og:title\" content=\"KIT BOLSA + SUPORTE GRD \/ OMBRO ou LOMBAR - Artigos ortop\u00e9dicos | Endurance\" \/>\n<meta property=\"og:description\" content=\"Para alguns estados esse produto cont\u00e9m IPI . APENAS NA BOLSA. Ser\u00e1 aplicado apenas no pedido final enviado por e-mail Cuidados com a Bolsa. GELO Avisar o consumidor para N\u00c3O colocar o gelo diretamente do freezer na bolsa, sem antes passar na \u00e1gua para tirar as partes pontiagudas que poder\u00e3o furar a respectiva bolsa. \u00c1GUA [&hellip;]\" \/>\n<meta property=\"og:url\" content=\"https:\/\/catalogo.artigosortopedicos.com\/endurance\/produto\/kit-bolsa-suporte-grd-ombro\/\" \/>\n<meta property=\"og:site_name\" content=\"Artigos ortop\u00e9dicos | Endurance\" \/>\n<meta property=\"article:modified_time\" content=\"2026-04-13T13:30:13+00:00\" \/>\n<meta property=\"og:image\" content=\"https:\/\/catalogo.artigosortopedicos.com\/endurance\/wp-content\/uploads\/2021\/12\/14.jpg\" \/>\n\t<meta property=\"og:image:width\" content=\"646\" \/>\n\t<meta property=\"og:image:height\" content=\"543\" \/>\n\t<meta property=\"og:image:type\" content=\"image\/jpeg\" \/>\n<meta name=\"twitter:card\" content=\"summary_large_image\" \/>\n<meta name=\"twitter:label1\" content=\"Est. tempo de leitura\" \/>\n\t<meta name=\"twitter:data1\" content=\"2 minutos\" \/>\n<script type=\"application\/ld+json\" class=\"yoast-schema-graph\">{\"@context\":\"https:\/\/schema.org\",\"@graph\":[{\"@type\":\"WebPage\",\"@id\":\"https:\/\/catalogo.artigosortopedicos.com\/endurance\/produto\/kit-bolsa-suporte-grd-ombro\/\",\"url\":\"https:\/\/catalogo.artigosortopedicos.com\/endurance\/produto\/kit-bolsa-suporte-grd-ombro\/\",\"name\":\"KIT BOLSA + SUPORTE GRD \/ OMBRO ou LOMBAR - Artigos ortop\u00e9dicos | Endurance\",\"isPartOf\":{\"@id\":\"https:\/\/catalogo.artigosortopedicos.com\/endurance\/#website\"},\"primaryImageOfPage\":{\"@id\":\"https:\/\/catalogo.artigosortopedicos.com\/endurance\/produto\/kit-bolsa-suporte-grd-ombro\/#primaryimage\"},\"image\":{\"@id\":\"https:\/\/catalogo.artigosortopedicos.com\/endurance\/produto\/kit-bolsa-suporte-grd-ombro\/#primaryimage\"},\"thumbnailUrl\":\"https:\/\/catalogo.artigosortopedicos.com\/endurance\/wp-content\/uploads\/2021\/12\/14.jpg\",\"datePublished\":\"2021-12-31T11:27:06+00:00\",\"dateModified\":\"2026-04-13T13:30:13+00:00\",\"breadcrumb\":{\"@id\":\"https:\/\/catalogo.artigosortopedicos.com\/endurance\/produto\/kit-bolsa-suporte-grd-ombro\/#breadcrumb\"},\"inLanguage\":\"pt-BR\",\"potentialAction\":[{\"@type\":\"ReadAction\",\"target\":[\"https:\/\/catalogo.artigosortopedicos.com\/endurance\/produto\/kit-bolsa-suporte-grd-ombro\/\"]}]},{\"@type\":\"ImageObject\",\"inLanguage\":\"pt-BR\",\"@id\":\"https:\/\/catalogo.artigosortopedicos.com\/endurance\/produto\/kit-bolsa-suporte-grd-ombro\/#primaryimage\",\"url\":\"https:\/\/catalogo.artigosortopedicos.com\/endurance\/wp-content\/uploads\/2021\/12\/14.jpg\",\"contentUrl\":\"https:\/\/catalogo.artigosortopedicos.com\/endurance\/wp-content\/uploads\/2021\/12\/14.jpg\",\"width\":646,\"height\":543},{\"@type\":\"BreadcrumbList\",\"@id\":\"https:\/\/catalogo.artigosortopedicos.com\/endurance\/produto\/kit-bolsa-suporte-grd-ombro\/#breadcrumb\",\"itemListElement\":[{\"@type\":\"ListItem\",\"position\":1,\"name\":\"In\u00edcio\",\"item\":\"https:\/\/catalogo.artigosortopedicos.com\/endurance\/\"},{\"@type\":\"ListItem\",\"position\":2,\"name\":\"Loja\",\"item\":\"https:\/\/catalogo.artigosortopedicos.com\/endurance\/\"},{\"@type\":\"ListItem\",\"position\":3,\"name\":\"KIT BOLSA + SUPORTE GRD \/ OMBRO ou LOMBAR\"}]},{\"@type\":\"WebSite\",\"@id\":\"https:\/\/catalogo.artigosortopedicos.com\/endurance\/#website\",\"url\":\"https:\/\/catalogo.artigosortopedicos.com\/endurance\/\",\"name\":\"Artigos ortop\u00e9dicos | Endurance\",\"description\":\"Cat\u00e1logo de produtos\",\"publisher\":{\"@id\":\"https:\/\/catalogo.artigosortopedicos.com\/endurance\/#organization\"},\"potentialAction\":[{\"@type\":\"SearchAction\",\"target\":{\"@type\":\"EntryPoint\",\"urlTemplate\":\"https:\/\/catalogo.artigosortopedicos.com\/endurance\/?s={search_term_string}\"},\"query-input\":{\"@type\":\"PropertyValueSpecification\",\"valueRequired\":true,\"valueName\":\"search_term_string\"}}],\"inLanguage\":\"pt-BR\"},{\"@type\":\"Organization\",\"@id\":\"https:\/\/catalogo.artigosortopedicos.com\/endurance\/#organization\",\"name\":\"Artigos ortop\u00e9dicos | Endurance\",\"url\":\"https:\/\/catalogo.artigosortopedicos.com\/endurance\/\",\"logo\":{\"@type\":\"ImageObject\",\"inLanguage\":\"pt-BR\",\"@id\":\"https:\/\/catalogo.artigosortopedicos.com\/endurance\/#\/schema\/logo\/image\/\",\"url\":\"https:\/\/catalogo.artigosortopedicos.com\/endurance\/wp-content\/uploads\/2022\/01\/cropped-56b2cef4-4750-455a-af10-33ad25230477.jpg\",\"contentUrl\":\"https:\/\/catalogo.artigosortopedicos.com\/endurance\/wp-content\/uploads\/2022\/01\/cropped-56b2cef4-4750-455a-af10-33ad25230477.jpg\",\"width\":481,\"height\":175,\"caption\":\"Artigos ortop\u00e9dicos | Endurance\"},\"image\":{\"@id\":\"https:\/\/catalogo.artigosortopedicos.com\/endurance\/#\/schema\/logo\/image\/\"}}]}<\/script>\n<!-- \/ Yoast SEO plugin. -->","yoast_head_json":{"title":"KIT BOLSA + SUPORTE GRD \/ OMBRO ou LOMBAR - Artigos ortop\u00e9dicos | Endurance","robots":{"index":"index","follow":"follow","max-snippet":"max-snippet:-1","max-image-preview":"max-image-preview:large","max-video-preview":"max-video-preview:-1"},"canonical":"https:\/\/catalogo.artigosortopedicos.com\/endurance\/produto\/kit-bolsa-suporte-grd-ombro\/","og_locale":"pt_BR","og_type":"article","og_title":"KIT BOLSA + SUPORTE GRD \/ OMBRO ou LOMBAR - Artigos ortop\u00e9dicos | Endurance","og_description":"Para alguns estados esse produto cont\u00e9m IPI . APENAS NA BOLSA. Ser\u00e1 aplicado apenas no pedido final enviado por e-mail Cuidados com a Bolsa. GELO Avisar o consumidor para N\u00c3O colocar o gelo diretamente do freezer na bolsa, sem antes passar na \u00e1gua para tirar as partes pontiagudas que poder\u00e3o furar a respectiva bolsa. \u00c1GUA [&hellip;]","og_url":"https:\/\/catalogo.artigosortopedicos.com\/endurance\/produto\/kit-bolsa-suporte-grd-ombro\/","og_site_name":"Artigos ortop\u00e9dicos | Endurance","article_modified_time":"2026-04-13T13:30:13+00:00","og_image":[{"width":646,"height":543,"url":"https:\/\/catalogo.artigosortopedicos.com\/endurance\/wp-content\/uploads\/2021\/12\/14.jpg","type":"image\/jpeg"}],"twitter_card":"summary_large_image","twitter_misc":{"Est. tempo de leitura":"2 minutos"},"schema":{"@context":"https:\/\/schema.org","@graph":[{"@type":"WebPage","@id":"https:\/\/catalogo.artigosortopedicos.com\/endurance\/produto\/kit-bolsa-suporte-grd-ombro\/","url":"https:\/\/catalogo.artigosortopedicos.com\/endurance\/produto\/kit-bolsa-suporte-grd-ombro\/","name":"KIT BOLSA + SUPORTE GRD \/ OMBRO ou LOMBAR - Artigos ortop\u00e9dicos | Endurance","isPartOf":{"@id":"https:\/\/catalogo.artigosortopedicos.com\/endurance\/#website"},"primaryImageOfPage":{"@id":"https:\/\/catalogo.artigosortopedicos.com\/endurance\/produto\/kit-bolsa-suporte-grd-ombro\/#primaryimage"},"image":{"@id":"https:\/\/catalogo.artigosortopedicos.com\/endurance\/produto\/kit-bolsa-suporte-grd-ombro\/#primaryimage"},"thumbnailUrl":"https:\/\/catalogo.artigosortopedicos.com\/endurance\/wp-content\/uploads\/2021\/12\/14.jpg","datePublished":"2021-12-31T11:27:06+00:00","dateModified":"2026-04-13T13:30:13+00:00","breadcrumb":{"@id":"https:\/\/catalogo.artigosortopedicos.com\/endurance\/produto\/kit-bolsa-suporte-grd-ombro\/#breadcrumb"},"inLanguage":"pt-BR","potentialAction":[{"@type":"ReadAction","target":["https:\/\/catalogo.artigosortopedicos.com\/endurance\/produto\/kit-bolsa-suporte-grd-ombro\/"]}]},{"@type":"ImageObject","inLanguage":"pt-BR","@id":"https:\/\/catalogo.artigosortopedicos.com\/endurance\/produto\/kit-bolsa-suporte-grd-ombro\/#primaryimage","url":"https:\/\/catalogo.artigosortopedicos.com\/endurance\/wp-content\/uploads\/2021\/12\/14.jpg","contentUrl":"https:\/\/catalogo.artigosortopedicos.com\/endurance\/wp-content\/uploads\/2021\/12\/14.jpg","width":646,"height":543},{"@type":"BreadcrumbList","@id":"https:\/\/catalogo.artigosortopedicos.com\/endurance\/produto\/kit-bolsa-suporte-grd-ombro\/#breadcrumb","itemListElement":[{"@type":"ListItem","position":1,"name":"In\u00edcio","item":"https:\/\/catalogo.artigosortopedicos.com\/endurance\/"},{"@type":"ListItem","position":2,"name":"Loja","item":"https:\/\/catalogo.artigosortopedicos.com\/endurance\/"},{"@type":"ListItem","position":3,"name":"KIT BOLSA + SUPORTE GRD \/ OMBRO ou LOMBAR"}]},{"@type":"WebSite","@id":"https:\/\/catalogo.artigosortopedicos.com\/endurance\/#website","url":"https:\/\/catalogo.artigosortopedicos.com\/endurance\/","name":"Artigos ortop\u00e9dicos | Endurance","description":"Cat\u00e1logo de produtos","publisher":{"@id":"https:\/\/catalogo.artigosortopedicos.com\/endurance\/#organization"},"potentialAction":[{"@type":"SearchAction","target":{"@type":"EntryPoint","urlTemplate":"https:\/\/catalogo.artigosortopedicos.com\/endurance\/?s={search_term_string}"},"query-input":{"@type":"PropertyValueSpecification","valueRequired":true,"valueName":"search_term_string"}}],"inLanguage":"pt-BR"},{"@type":"Organization","@id":"https:\/\/catalogo.artigosortopedicos.com\/endurance\/#organization","name":"Artigos ortop\u00e9dicos | Endurance","url":"https:\/\/catalogo.artigosortopedicos.com\/endurance\/","logo":{"@type":"ImageObject","inLanguage":"pt-BR","@id":"https:\/\/catalogo.artigosortopedicos.com\/endurance\/#\/schema\/logo\/image\/","url":"https:\/\/catalogo.artigosortopedicos.com\/endurance\/wp-content\/uploads\/2022\/01\/cropped-56b2cef4-4750-455a-af10-33ad25230477.jpg","contentUrl":"https:\/\/catalogo.artigosortopedicos.com\/endurance\/wp-content\/uploads\/2022\/01\/cropped-56b2cef4-4750-455a-af10-33ad25230477.jpg","width":481,"height":175,"caption":"Artigos ortop\u00e9dicos | Endurance"},"image":{"@id":"https:\/\/catalogo.artigosortopedicos.com\/endurance\/#\/schema\/logo\/image\/"}}]}},"_links":{"self":[{"href":"https:\/\/catalogo.artigosortopedicos.com\/endurance\/wp-json\/wp\/v2\/product\/8033","targetHints":{"allow":["GET"]}}],"collection":[{"href":"https:\/\/catalogo.artigosortopedicos.com\/endurance\/wp-json\/wp\/v2\/product"}],"about":[{"href":"https:\/\/catalogo.artigosortopedicos.com\/endurance\/wp-json\/wp\/v2\/types\/product"}],"wp:featuredmedia":[{"embeddable":true,"href":"https:\/\/catalogo.artigosortopedicos.com\/endurance\/wp-json\/wp\/v2\/media\/8034"}],"wp:attachment":[{"href":"https:\/\/catalogo.artigosortopedicos.com\/endurance\/wp-json\/wp\/v2\/media?parent=8033"}],"wp:term":[{"taxonomy":"product_brand","embeddable":true,"href":"https:\/\/catalogo.artigosortopedicos.com\/endurance\/wp-json\/wp\/v2\/product_brand?post=8033"},{"taxonomy":"product_cat","embeddable":true,"href":"https:\/\/catalogo.artigosortopedicos.com\/endurance\/wp-json\/wp\/v2\/product_cat?post=8033"},{"taxonomy":"product_tag","embeddable":true,"href":"https:\/\/catalogo.artigosortopedicos.com\/endurance\/wp-json\/wp\/v2\/product_tag?post=8033"}],"curies":[{"name":"wp","href":"https:\/\/api.w.org\/{rel}","templated":true}]}}