{"id":8071,"date":"2021-12-31T09:19:28","date_gmt":"2021-12-31T12:19:28","guid":{"rendered":"http:\/\/catalogo.artigosortopedicos.com\/endurance\/?post_type=product&#038;p=8071"},"modified":"2025-01-24T12:27:26","modified_gmt":"2025-01-24T15:27:26","slug":"sandalia-pos-operatoria-djo-bilateral","status":"publish","type":"product","link":"https:\/\/catalogo.artigosortopedicos.com\/endurance\/produto\/sandalia-pos-operatoria-djo-bilateral\/","title":{"rendered":"SAND\u00c1LIA P\u00d3S OPERAT\u00d3RIA DJO BILATERAL"},"content":{"rendered":"<p><strong>Cal\u00e7ado P\u00f3s Operat\u00f3rio<\/strong><\/p>\n<p>Cal\u00e7ado leve e resistente, com solado r\u00edgido permite que exista boa compress\u00e3o das osteotomias realizadas no procedimento cir\u00fargico, salto e balancim no retrop\u00e9 que facilitam a marcha, excelente recorte e revestimento do contraforte que evitam traumas no tend\u00e3o calc\u00e2neo e na regi\u00e3o posterior do tornozelo, grande espa\u00e7o interno para p\u00f3s-operat\u00f3rios com grandes enfaixamentos, facilidade para fixa\u00e7\u00e3o do cal\u00e7ado com o p\u00e9 atrav\u00e9s de duas tiras no antep\u00e9.<\/p>\n<p><strong>CARACTER\u00cdSTICAS:<\/strong><\/p>\n<p>&#8211; Indicado para p\u00f3s-operat\u00f3rio de cirurgias percut\u00e2neas ou minimamente invasivas de H\u00e1lux-Valgo.<\/p>\n<p>&#8211; P\u00f3s-operat\u00f3rio de cirurgia de partes moles.<\/p>\n<p>&#8211;\u00a0Prote\u00e7\u00e3o para o p\u00e9 em casos de esparadrapagens para fraturas no antep\u00e9 e dedos.<\/p>\n<p>&#8211;\u00a0Confort\u00e1vel, leve e resistente.<\/p>\n<p>&#8211; Design anat\u00f4mico.<\/p>\n<p>&#8211; Lav\u00e1vel.<\/p>\n<p>&#8211; Vendido por unidade.<\/p>\n<p><strong>Instru\u00e7\u00f5es para o tamanho do produto:<\/strong><\/p>\n<p>Tamanho P &#8211; cal\u00e7ado at\u00e9 34.<\/p>\n<p>Tamanho M &#8211; cal\u00e7ado do 35 ao 37.<\/p>\n<p>Tamanho G &#8211; cal\u00e7ado do 38 ao 40.<\/p>\n<p>Tamanho GG &#8211; cal\u00e7ado 41 ao 43.<\/p>\n<p>Tamanho GGG &#8211; cal\u00e7ado 44 acima.<\/p>\n","protected":false},"excerpt":{"rendered":"<p>TAMANHO:<\/p>\n<p>P at\u00e9 34<\/p>\n<p>M 35\/37<\/p>\n<p>G 38\/40<\/p>\n<p>GG41\/43<\/p>\n<p>GGG&gt;44<\/p>\n","protected":false},"featured_media":9637,"template":"","meta":[],"product_brand":[],"product_cat":[127,187],"product_tag":[],"class_list":{"0":"post-8071","1":"product","2":"type-product","3":"status-publish","4":"has-post-thumbnail","6":"product_cat-endurance","7":"product_cat-pe-tornozelo","9":"first","10":"instock","11":"shipping-taxable","12":"product-type-simple"},"yoast_head":"<!-- This site is optimized with the Yoast SEO plugin v25.7 - https:\/\/yoast.com\/wordpress\/plugins\/seo\/ -->\n<title>SAND\u00c1LIA P\u00d3S OPERAT\u00d3RIA DJO BILATERAL - Artigos ortop\u00e9dicos | Endurance<\/title>\n<meta name=\"robots\" content=\"index, follow, max-snippet:-1, max-image-preview:large, max-video-preview:-1\" \/>\n<link rel=\"canonical\" href=\"https:\/\/catalogo.artigosortopedicos.com\/endurance\/produto\/sandalia-pos-operatoria-djo-bilateral\/\" \/>\n<meta property=\"og:locale\" content=\"pt_BR\" \/>\n<meta property=\"og:type\" content=\"article\" \/>\n<meta property=\"og:title\" content=\"SAND\u00c1LIA P\u00d3S OPERAT\u00d3RIA DJO BILATERAL - Artigos ortop\u00e9dicos | Endurance\" \/>\n<meta property=\"og:description\" content=\"TAMANHO:  P at\u00e9 34  M 35\/37  G 38\/40  GG41\/43  GGG&gt;44\" \/>\n<meta property=\"og:url\" content=\"https:\/\/catalogo.artigosortopedicos.com\/endurance\/produto\/sandalia-pos-operatoria-djo-bilateral\/\" \/>\n<meta property=\"og:site_name\" content=\"Artigos ortop\u00e9dicos | Endurance\" \/>\n<meta property=\"article:modified_time\" content=\"2025-01-24T15:27:26+00:00\" \/>\n<meta property=\"og:image\" content=\"https:\/\/catalogo.artigosortopedicos.com\/endurance\/wp-content\/uploads\/2021\/12\/Captura-de-tela-2025-01-19-144207.png\" \/>\n\t<meta property=\"og:image:width\" content=\"425\" \/>\n\t<meta property=\"og:image:height\" content=\"378\" \/>\n\t<meta property=\"og:image:type\" content=\"image\/png\" \/>\n<meta name=\"twitter:card\" content=\"summary_large_image\" \/>\n<meta name=\"twitter:label1\" content=\"Est. tempo de leitura\" \/>\n\t<meta name=\"twitter:data1\" content=\"1 minuto\" \/>\n<script type=\"application\/ld+json\" class=\"yoast-schema-graph\">{\"@context\":\"https:\/\/schema.org\",\"@graph\":[{\"@type\":\"WebPage\",\"@id\":\"https:\/\/catalogo.artigosortopedicos.com\/endurance\/produto\/sandalia-pos-operatoria-djo-bilateral\/\",\"url\":\"https:\/\/catalogo.artigosortopedicos.com\/endurance\/produto\/sandalia-pos-operatoria-djo-bilateral\/\",\"name\":\"SAND\u00c1LIA P\u00d3S OPERAT\u00d3RIA DJO BILATERAL - Artigos ortop\u00e9dicos | Endurance\",\"isPartOf\":{\"@id\":\"https:\/\/catalogo.artigosortopedicos.com\/endurance\/#website\"},\"primaryImageOfPage\":{\"@id\":\"https:\/\/catalogo.artigosortopedicos.com\/endurance\/produto\/sandalia-pos-operatoria-djo-bilateral\/#primaryimage\"},\"image\":{\"@id\":\"https:\/\/catalogo.artigosortopedicos.com\/endurance\/produto\/sandalia-pos-operatoria-djo-bilateral\/#primaryimage\"},\"thumbnailUrl\":\"https:\/\/catalogo.artigosortopedicos.com\/endurance\/wp-content\/uploads\/2021\/12\/Captura-de-tela-2025-01-19-144207.png\",\"datePublished\":\"2021-12-31T12:19:28+00:00\",\"dateModified\":\"2025-01-24T15:27:26+00:00\",\"breadcrumb\":{\"@id\":\"https:\/\/catalogo.artigosortopedicos.com\/endurance\/produto\/sandalia-pos-operatoria-djo-bilateral\/#breadcrumb\"},\"inLanguage\":\"pt-BR\",\"potentialAction\":[{\"@type\":\"ReadAction\",\"target\":[\"https:\/\/catalogo.artigosortopedicos.com\/endurance\/produto\/sandalia-pos-operatoria-djo-bilateral\/\"]}]},{\"@type\":\"ImageObject\",\"inLanguage\":\"pt-BR\",\"@id\":\"https:\/\/catalogo.artigosortopedicos.com\/endurance\/produto\/sandalia-pos-operatoria-djo-bilateral\/#primaryimage\",\"url\":\"https:\/\/catalogo.artigosortopedicos.com\/endurance\/wp-content\/uploads\/2021\/12\/Captura-de-tela-2025-01-19-144207.png\",\"contentUrl\":\"https:\/\/catalogo.artigosortopedicos.com\/endurance\/wp-content\/uploads\/2021\/12\/Captura-de-tela-2025-01-19-144207.png\",\"width\":425,\"height\":378},{\"@type\":\"BreadcrumbList\",\"@id\":\"https:\/\/catalogo.artigosortopedicos.com\/endurance\/produto\/sandalia-pos-operatoria-djo-bilateral\/#breadcrumb\",\"itemListElement\":[{\"@type\":\"ListItem\",\"position\":1,\"name\":\"In\u00edcio\",\"item\":\"https:\/\/catalogo.artigosortopedicos.com\/endurance\/\"},{\"@type\":\"ListItem\",\"position\":2,\"name\":\"Loja\",\"item\":\"https:\/\/catalogo.artigosortopedicos.com\/endurance\/\"},{\"@type\":\"ListItem\",\"position\":3,\"name\":\"SAND\u00c1LIA P\u00d3S OPERAT\u00d3RIA DJO BILATERAL\"}]},{\"@type\":\"WebSite\",\"@id\":\"https:\/\/catalogo.artigosortopedicos.com\/endurance\/#website\",\"url\":\"https:\/\/catalogo.artigosortopedicos.com\/endurance\/\",\"name\":\"Artigos ortop\u00e9dicos | Endurance\",\"description\":\"Cat\u00e1logo de produtos\",\"publisher\":{\"@id\":\"https:\/\/catalogo.artigosortopedicos.com\/endurance\/#organization\"},\"potentialAction\":[{\"@type\":\"SearchAction\",\"target\":{\"@type\":\"EntryPoint\",\"urlTemplate\":\"https:\/\/catalogo.artigosortopedicos.com\/endurance\/?s={search_term_string}\"},\"query-input\":{\"@type\":\"PropertyValueSpecification\",\"valueRequired\":true,\"valueName\":\"search_term_string\"}}],\"inLanguage\":\"pt-BR\"},{\"@type\":\"Organization\",\"@id\":\"https:\/\/catalogo.artigosortopedicos.com\/endurance\/#organization\",\"name\":\"Artigos ortop\u00e9dicos | Endurance\",\"url\":\"https:\/\/catalogo.artigosortopedicos.com\/endurance\/\",\"logo\":{\"@type\":\"ImageObject\",\"inLanguage\":\"pt-BR\",\"@id\":\"https:\/\/catalogo.artigosortopedicos.com\/endurance\/#\/schema\/logo\/image\/\",\"url\":\"https:\/\/catalogo.artigosortopedicos.com\/endurance\/wp-content\/uploads\/2022\/01\/cropped-56b2cef4-4750-455a-af10-33ad25230477.jpg\",\"contentUrl\":\"https:\/\/catalogo.artigosortopedicos.com\/endurance\/wp-content\/uploads\/2022\/01\/cropped-56b2cef4-4750-455a-af10-33ad25230477.jpg\",\"width\":481,\"height\":175,\"caption\":\"Artigos ortop\u00e9dicos | Endurance\"},\"image\":{\"@id\":\"https:\/\/catalogo.artigosortopedicos.com\/endurance\/#\/schema\/logo\/image\/\"}}]}<\/script>\n<!-- \/ Yoast SEO plugin. -->","yoast_head_json":{"title":"SAND\u00c1LIA P\u00d3S OPERAT\u00d3RIA DJO BILATERAL - Artigos ortop\u00e9dicos | Endurance","robots":{"index":"index","follow":"follow","max-snippet":"max-snippet:-1","max-image-preview":"max-image-preview:large","max-video-preview":"max-video-preview:-1"},"canonical":"https:\/\/catalogo.artigosortopedicos.com\/endurance\/produto\/sandalia-pos-operatoria-djo-bilateral\/","og_locale":"pt_BR","og_type":"article","og_title":"SAND\u00c1LIA P\u00d3S OPERAT\u00d3RIA DJO BILATERAL - Artigos ortop\u00e9dicos | Endurance","og_description":"TAMANHO:  P at\u00e9 34  M 35\/37  G 38\/40  GG41\/43  GGG&gt;44","og_url":"https:\/\/catalogo.artigosortopedicos.com\/endurance\/produto\/sandalia-pos-operatoria-djo-bilateral\/","og_site_name":"Artigos ortop\u00e9dicos | Endurance","article_modified_time":"2025-01-24T15:27:26+00:00","og_image":[{"width":425,"height":378,"url":"https:\/\/catalogo.artigosortopedicos.com\/endurance\/wp-content\/uploads\/2021\/12\/Captura-de-tela-2025-01-19-144207.png","type":"image\/png"}],"twitter_card":"summary_large_image","twitter_misc":{"Est. tempo de leitura":"1 minuto"},"schema":{"@context":"https:\/\/schema.org","@graph":[{"@type":"WebPage","@id":"https:\/\/catalogo.artigosortopedicos.com\/endurance\/produto\/sandalia-pos-operatoria-djo-bilateral\/","url":"https:\/\/catalogo.artigosortopedicos.com\/endurance\/produto\/sandalia-pos-operatoria-djo-bilateral\/","name":"SAND\u00c1LIA P\u00d3S OPERAT\u00d3RIA DJO BILATERAL - Artigos ortop\u00e9dicos | Endurance","isPartOf":{"@id":"https:\/\/catalogo.artigosortopedicos.com\/endurance\/#website"},"primaryImageOfPage":{"@id":"https:\/\/catalogo.artigosortopedicos.com\/endurance\/produto\/sandalia-pos-operatoria-djo-bilateral\/#primaryimage"},"image":{"@id":"https:\/\/catalogo.artigosortopedicos.com\/endurance\/produto\/sandalia-pos-operatoria-djo-bilateral\/#primaryimage"},"thumbnailUrl":"https:\/\/catalogo.artigosortopedicos.com\/endurance\/wp-content\/uploads\/2021\/12\/Captura-de-tela-2025-01-19-144207.png","datePublished":"2021-12-31T12:19:28+00:00","dateModified":"2025-01-24T15:27:26+00:00","breadcrumb":{"@id":"https:\/\/catalogo.artigosortopedicos.com\/endurance\/produto\/sandalia-pos-operatoria-djo-bilateral\/#breadcrumb"},"inLanguage":"pt-BR","potentialAction":[{"@type":"ReadAction","target":["https:\/\/catalogo.artigosortopedicos.com\/endurance\/produto\/sandalia-pos-operatoria-djo-bilateral\/"]}]},{"@type":"ImageObject","inLanguage":"pt-BR","@id":"https:\/\/catalogo.artigosortopedicos.com\/endurance\/produto\/sandalia-pos-operatoria-djo-bilateral\/#primaryimage","url":"https:\/\/catalogo.artigosortopedicos.com\/endurance\/wp-content\/uploads\/2021\/12\/Captura-de-tela-2025-01-19-144207.png","contentUrl":"https:\/\/catalogo.artigosortopedicos.com\/endurance\/wp-content\/uploads\/2021\/12\/Captura-de-tela-2025-01-19-144207.png","width":425,"height":378},{"@type":"BreadcrumbList","@id":"https:\/\/catalogo.artigosortopedicos.com\/endurance\/produto\/sandalia-pos-operatoria-djo-bilateral\/#breadcrumb","itemListElement":[{"@type":"ListItem","position":1,"name":"In\u00edcio","item":"https:\/\/catalogo.artigosortopedicos.com\/endurance\/"},{"@type":"ListItem","position":2,"name":"Loja","item":"https:\/\/catalogo.artigosortopedicos.com\/endurance\/"},{"@type":"ListItem","position":3,"name":"SAND\u00c1LIA P\u00d3S OPERAT\u00d3RIA DJO BILATERAL"}]},{"@type":"WebSite","@id":"https:\/\/catalogo.artigosortopedicos.com\/endurance\/#website","url":"https:\/\/catalogo.artigosortopedicos.com\/endurance\/","name":"Artigos ortop\u00e9dicos | Endurance","description":"Cat\u00e1logo de produtos","publisher":{"@id":"https:\/\/catalogo.artigosortopedicos.com\/endurance\/#organization"},"potentialAction":[{"@type":"SearchAction","target":{"@type":"EntryPoint","urlTemplate":"https:\/\/catalogo.artigosortopedicos.com\/endurance\/?s={search_term_string}"},"query-input":{"@type":"PropertyValueSpecification","valueRequired":true,"valueName":"search_term_string"}}],"inLanguage":"pt-BR"},{"@type":"Organization","@id":"https:\/\/catalogo.artigosortopedicos.com\/endurance\/#organization","name":"Artigos ortop\u00e9dicos | Endurance","url":"https:\/\/catalogo.artigosortopedicos.com\/endurance\/","logo":{"@type":"ImageObject","inLanguage":"pt-BR","@id":"https:\/\/catalogo.artigosortopedicos.com\/endurance\/#\/schema\/logo\/image\/","url":"https:\/\/catalogo.artigosortopedicos.com\/endurance\/wp-content\/uploads\/2022\/01\/cropped-56b2cef4-4750-455a-af10-33ad25230477.jpg","contentUrl":"https:\/\/catalogo.artigosortopedicos.com\/endurance\/wp-content\/uploads\/2022\/01\/cropped-56b2cef4-4750-455a-af10-33ad25230477.jpg","width":481,"height":175,"caption":"Artigos ortop\u00e9dicos | Endurance"},"image":{"@id":"https:\/\/catalogo.artigosortopedicos.com\/endurance\/#\/schema\/logo\/image\/"}}]}},"_links":{"self":[{"href":"https:\/\/catalogo.artigosortopedicos.com\/endurance\/wp-json\/wp\/v2\/product\/8071","targetHints":{"allow":["GET"]}}],"collection":[{"href":"https:\/\/catalogo.artigosortopedicos.com\/endurance\/wp-json\/wp\/v2\/product"}],"about":[{"href":"https:\/\/catalogo.artigosortopedicos.com\/endurance\/wp-json\/wp\/v2\/types\/product"}],"wp:featuredmedia":[{"embeddable":true,"href":"https:\/\/catalogo.artigosortopedicos.com\/endurance\/wp-json\/wp\/v2\/media\/9637"}],"wp:attachment":[{"href":"https:\/\/catalogo.artigosortopedicos.com\/endurance\/wp-json\/wp\/v2\/media?parent=8071"}],"wp:term":[{"taxonomy":"product_brand","embeddable":true,"href":"https:\/\/catalogo.artigosortopedicos.com\/endurance\/wp-json\/wp\/v2\/product_brand?post=8071"},{"taxonomy":"product_cat","embeddable":true,"href":"https:\/\/catalogo.artigosortopedicos.com\/endurance\/wp-json\/wp\/v2\/product_cat?post=8071"},{"taxonomy":"product_tag","embeddable":true,"href":"https:\/\/catalogo.artigosortopedicos.com\/endurance\/wp-json\/wp\/v2\/product_tag?post=8071"}],"curies":[{"name":"wp","href":"https:\/\/api.w.org\/{rel}","templated":true}]}}