{"id":8078,"date":"2021-12-31T09:22:56","date_gmt":"2021-12-31T12:22:56","guid":{"rendered":"http:\/\/catalogo.artigosortopedicos.com\/endurance\/?post_type=product&#038;p=8078"},"modified":"2025-01-24T12:31:54","modified_gmt":"2025-01-24T15:31:54","slug":"tornozeleira-airheel-aircast-bilateral","status":"publish","type":"product","link":"https:\/\/catalogo.artigosortopedicos.com\/endurance\/produto\/tornozeleira-airheel-aircast-bilateral\/","title":{"rendered":"TORNOZELEIRA AIRHEEL AIRCAST BILATERAL"},"content":{"rendered":"<p>ASSINTA AO VIDEO DE DEMONSTRA\u00c7\u00c3O DO PRODUTO<\/p>\n<div class=\"video-container\"><iframe title=\"Tornozeleira AirHeel Aircast com C\u00e9lulas de Ar Interligadas\" width=\"1170\" height=\"658\" src=\"https:\/\/www.youtube.com\/embed\/4JRf4MlA6a0?feature=oembed\" frameborder=\"0\" allow=\"accelerometer; autoplay; clipboard-write; encrypted-media; gyroscope; picture-in-picture; web-share\" referrerpolicy=\"strict-origin-when-cross-origin\" allowfullscreen><\/iframe><\/div>\n<p><strong>Tornozeleira Aircast AirHeel<\/strong><\/p>\n<p>A tornozeleira AirHeel possui compress\u00e3o pneum\u00e1tica pulsante, minimizando o incha\u00e7o e melhorando a circula\u00e7\u00e3o sangu\u00ednea. Indicada nos tratamentos de fascite plantar, tendinite de Aquiles e dores no calcanhar \u00e9 ideal para qualquer n\u00edvel de atividade, inclusive para pr\u00e1tica esportiva.\u00a0Fabricado com material leve e respir\u00e1vel (neoprene) a tornozeleira AirHeel \u00e9 composta por duas c\u00e9lulas de ar interconectadas localizadas sob o arco do p\u00e9 e a parte de tr\u00e1s do tend\u00e3o de Aquiles. Quando voc\u00ea d\u00e1 um passo, a primeira c\u00e2mara de ar (sob o arco) entra em colapso, reduzindo o estresse para a f\u00e1scia\u00a0 plantar, esse mesmo ar \u00e9 for\u00e7ado para a c\u00e2mara que cerca o tend\u00e3o de Aquiles que ent\u00e3o infla. Essa c\u00e2mara inflada aplica compacta\u00e7\u00e3o no tend\u00e3o, reduzindo assim a tens\u00e3o sobre o mesmo. Design anat\u00f4mico, leve e encaixe f\u00e1cil no cal\u00e7ado sem criar volume adicional. Possui dupla al\u00e7a em velcro para facilitar o fechamento.<\/p>\n<p><strong>CARACTER\u00cdSTICAS:<\/strong><\/p>\n<p>&#8211; Ideal para tendinite de Aquiles, fascite plantar e dores no calcanhar.<\/p>\n<p>&#8211; Ajuste perfeito no cal\u00e7ado permitindo caminhar confort\u00e1vel e seguro.<\/p>\n<p>&#8211; Confort\u00e1vel, leve e resistente.<\/p>\n<p>&#8211; Design anat\u00f4mico.<\/p>\n<p>&#8211; Lav\u00e1vel.<\/p>\n<p><strong>Instru\u00e7\u00f5es para o tamanho do produto:<\/strong><\/p>\n<p>Tamanho P &#8211; cal\u00e7ado at\u00e9 37.<\/p>\n<p>Tamanho M &#8211; cal\u00e7ado do 38 ao 43.<\/p>\n<p>Tamanho G &#8211; cal\u00e7ado acima de 43.<\/p>\n","protected":false},"excerpt":{"rendered":"<p>COR: PRETA<\/p>\n<p>TAMANHO:<\/p>\n<p>P 34\/37<\/p>\n<p>M 38\/43<\/p>\n<p>G&gt; 44<\/p>\n","protected":false},"featured_media":8079,"template":"","meta":[],"product_brand":[],"product_cat":[127,187],"product_tag":[],"class_list":{"0":"post-8078","1":"product","2":"type-product","3":"status-publish","4":"has-post-thumbnail","6":"product_cat-endurance","7":"product_cat-pe-tornozelo","9":"first","10":"instock","11":"shipping-taxable","12":"product-type-simple"},"yoast_head":"<!-- This site is optimized with the Yoast SEO plugin v25.7 - https:\/\/yoast.com\/wordpress\/plugins\/seo\/ -->\n<title>TORNOZELEIRA AIRHEEL AIRCAST BILATERAL - Artigos ortop\u00e9dicos | Endurance<\/title>\n<meta name=\"robots\" content=\"index, follow, max-snippet:-1, max-image-preview:large, max-video-preview:-1\" \/>\n<link rel=\"canonical\" href=\"https:\/\/catalogo.artigosortopedicos.com\/endurance\/produto\/tornozeleira-airheel-aircast-bilateral\/\" \/>\n<meta property=\"og:locale\" content=\"pt_BR\" \/>\n<meta property=\"og:type\" content=\"article\" \/>\n<meta property=\"og:title\" content=\"TORNOZELEIRA AIRHEEL AIRCAST BILATERAL - Artigos ortop\u00e9dicos | Endurance\" \/>\n<meta property=\"og:description\" content=\"COR: PRETA  TAMANHO:  P 34\/37  M 38\/43  G&gt; 44\" \/>\n<meta property=\"og:url\" content=\"https:\/\/catalogo.artigosortopedicos.com\/endurance\/produto\/tornozeleira-airheel-aircast-bilateral\/\" \/>\n<meta property=\"og:site_name\" content=\"Artigos ortop\u00e9dicos | Endurance\" \/>\n<meta property=\"article:modified_time\" content=\"2025-01-24T15:31:54+00:00\" \/>\n<meta property=\"og:image\" content=\"https:\/\/catalogo.artigosortopedicos.com\/endurance\/wp-content\/uploads\/2021\/12\/30.jpg\" \/>\n\t<meta property=\"og:image:width\" content=\"646\" \/>\n\t<meta property=\"og:image:height\" content=\"543\" \/>\n\t<meta property=\"og:image:type\" content=\"image\/jpeg\" \/>\n<meta name=\"twitter:card\" content=\"summary_large_image\" \/>\n<meta name=\"twitter:label1\" content=\"Est. tempo de leitura\" \/>\n\t<meta name=\"twitter:data1\" content=\"2 minutos\" \/>\n<script type=\"application\/ld+json\" class=\"yoast-schema-graph\">{\"@context\":\"https:\/\/schema.org\",\"@graph\":[{\"@type\":\"WebPage\",\"@id\":\"https:\/\/catalogo.artigosortopedicos.com\/endurance\/produto\/tornozeleira-airheel-aircast-bilateral\/\",\"url\":\"https:\/\/catalogo.artigosortopedicos.com\/endurance\/produto\/tornozeleira-airheel-aircast-bilateral\/\",\"name\":\"TORNOZELEIRA AIRHEEL AIRCAST BILATERAL - Artigos ortop\u00e9dicos | Endurance\",\"isPartOf\":{\"@id\":\"https:\/\/catalogo.artigosortopedicos.com\/endurance\/#website\"},\"primaryImageOfPage\":{\"@id\":\"https:\/\/catalogo.artigosortopedicos.com\/endurance\/produto\/tornozeleira-airheel-aircast-bilateral\/#primaryimage\"},\"image\":{\"@id\":\"https:\/\/catalogo.artigosortopedicos.com\/endurance\/produto\/tornozeleira-airheel-aircast-bilateral\/#primaryimage\"},\"thumbnailUrl\":\"https:\/\/catalogo.artigosortopedicos.com\/endurance\/wp-content\/uploads\/2021\/12\/30.jpg\",\"datePublished\":\"2021-12-31T12:22:56+00:00\",\"dateModified\":\"2025-01-24T15:31:54+00:00\",\"breadcrumb\":{\"@id\":\"https:\/\/catalogo.artigosortopedicos.com\/endurance\/produto\/tornozeleira-airheel-aircast-bilateral\/#breadcrumb\"},\"inLanguage\":\"pt-BR\",\"potentialAction\":[{\"@type\":\"ReadAction\",\"target\":[\"https:\/\/catalogo.artigosortopedicos.com\/endurance\/produto\/tornozeleira-airheel-aircast-bilateral\/\"]}]},{\"@type\":\"ImageObject\",\"inLanguage\":\"pt-BR\",\"@id\":\"https:\/\/catalogo.artigosortopedicos.com\/endurance\/produto\/tornozeleira-airheel-aircast-bilateral\/#primaryimage\",\"url\":\"https:\/\/catalogo.artigosortopedicos.com\/endurance\/wp-content\/uploads\/2021\/12\/30.jpg\",\"contentUrl\":\"https:\/\/catalogo.artigosortopedicos.com\/endurance\/wp-content\/uploads\/2021\/12\/30.jpg\",\"width\":646,\"height\":543},{\"@type\":\"BreadcrumbList\",\"@id\":\"https:\/\/catalogo.artigosortopedicos.com\/endurance\/produto\/tornozeleira-airheel-aircast-bilateral\/#breadcrumb\",\"itemListElement\":[{\"@type\":\"ListItem\",\"position\":1,\"name\":\"In\u00edcio\",\"item\":\"https:\/\/catalogo.artigosortopedicos.com\/endurance\/\"},{\"@type\":\"ListItem\",\"position\":2,\"name\":\"Loja\",\"item\":\"https:\/\/catalogo.artigosortopedicos.com\/endurance\/\"},{\"@type\":\"ListItem\",\"position\":3,\"name\":\"TORNOZELEIRA AIRHEEL AIRCAST BILATERAL\"}]},{\"@type\":\"WebSite\",\"@id\":\"https:\/\/catalogo.artigosortopedicos.com\/endurance\/#website\",\"url\":\"https:\/\/catalogo.artigosortopedicos.com\/endurance\/\",\"name\":\"Artigos ortop\u00e9dicos | Endurance\",\"description\":\"Cat\u00e1logo de produtos\",\"publisher\":{\"@id\":\"https:\/\/catalogo.artigosortopedicos.com\/endurance\/#organization\"},\"potentialAction\":[{\"@type\":\"SearchAction\",\"target\":{\"@type\":\"EntryPoint\",\"urlTemplate\":\"https:\/\/catalogo.artigosortopedicos.com\/endurance\/?s={search_term_string}\"},\"query-input\":{\"@type\":\"PropertyValueSpecification\",\"valueRequired\":true,\"valueName\":\"search_term_string\"}}],\"inLanguage\":\"pt-BR\"},{\"@type\":\"Organization\",\"@id\":\"https:\/\/catalogo.artigosortopedicos.com\/endurance\/#organization\",\"name\":\"Artigos ortop\u00e9dicos | Endurance\",\"url\":\"https:\/\/catalogo.artigosortopedicos.com\/endurance\/\",\"logo\":{\"@type\":\"ImageObject\",\"inLanguage\":\"pt-BR\",\"@id\":\"https:\/\/catalogo.artigosortopedicos.com\/endurance\/#\/schema\/logo\/image\/\",\"url\":\"https:\/\/catalogo.artigosortopedicos.com\/endurance\/wp-content\/uploads\/2022\/01\/cropped-56b2cef4-4750-455a-af10-33ad25230477.jpg\",\"contentUrl\":\"https:\/\/catalogo.artigosortopedicos.com\/endurance\/wp-content\/uploads\/2022\/01\/cropped-56b2cef4-4750-455a-af10-33ad25230477.jpg\",\"width\":481,\"height\":175,\"caption\":\"Artigos ortop\u00e9dicos | Endurance\"},\"image\":{\"@id\":\"https:\/\/catalogo.artigosortopedicos.com\/endurance\/#\/schema\/logo\/image\/\"}}]}<\/script>\n<!-- \/ Yoast SEO plugin. -->","yoast_head_json":{"title":"TORNOZELEIRA AIRHEEL AIRCAST BILATERAL - Artigos ortop\u00e9dicos | Endurance","robots":{"index":"index","follow":"follow","max-snippet":"max-snippet:-1","max-image-preview":"max-image-preview:large","max-video-preview":"max-video-preview:-1"},"canonical":"https:\/\/catalogo.artigosortopedicos.com\/endurance\/produto\/tornozeleira-airheel-aircast-bilateral\/","og_locale":"pt_BR","og_type":"article","og_title":"TORNOZELEIRA AIRHEEL AIRCAST BILATERAL - Artigos ortop\u00e9dicos | Endurance","og_description":"COR: PRETA  TAMANHO:  P 34\/37  M 38\/43  G&gt; 44","og_url":"https:\/\/catalogo.artigosortopedicos.com\/endurance\/produto\/tornozeleira-airheel-aircast-bilateral\/","og_site_name":"Artigos ortop\u00e9dicos | Endurance","article_modified_time":"2025-01-24T15:31:54+00:00","og_image":[{"width":646,"height":543,"url":"https:\/\/catalogo.artigosortopedicos.com\/endurance\/wp-content\/uploads\/2021\/12\/30.jpg","type":"image\/jpeg"}],"twitter_card":"summary_large_image","twitter_misc":{"Est. tempo de leitura":"2 minutos"},"schema":{"@context":"https:\/\/schema.org","@graph":[{"@type":"WebPage","@id":"https:\/\/catalogo.artigosortopedicos.com\/endurance\/produto\/tornozeleira-airheel-aircast-bilateral\/","url":"https:\/\/catalogo.artigosortopedicos.com\/endurance\/produto\/tornozeleira-airheel-aircast-bilateral\/","name":"TORNOZELEIRA AIRHEEL AIRCAST BILATERAL - Artigos ortop\u00e9dicos | Endurance","isPartOf":{"@id":"https:\/\/catalogo.artigosortopedicos.com\/endurance\/#website"},"primaryImageOfPage":{"@id":"https:\/\/catalogo.artigosortopedicos.com\/endurance\/produto\/tornozeleira-airheel-aircast-bilateral\/#primaryimage"},"image":{"@id":"https:\/\/catalogo.artigosortopedicos.com\/endurance\/produto\/tornozeleira-airheel-aircast-bilateral\/#primaryimage"},"thumbnailUrl":"https:\/\/catalogo.artigosortopedicos.com\/endurance\/wp-content\/uploads\/2021\/12\/30.jpg","datePublished":"2021-12-31T12:22:56+00:00","dateModified":"2025-01-24T15:31:54+00:00","breadcrumb":{"@id":"https:\/\/catalogo.artigosortopedicos.com\/endurance\/produto\/tornozeleira-airheel-aircast-bilateral\/#breadcrumb"},"inLanguage":"pt-BR","potentialAction":[{"@type":"ReadAction","target":["https:\/\/catalogo.artigosortopedicos.com\/endurance\/produto\/tornozeleira-airheel-aircast-bilateral\/"]}]},{"@type":"ImageObject","inLanguage":"pt-BR","@id":"https:\/\/catalogo.artigosortopedicos.com\/endurance\/produto\/tornozeleira-airheel-aircast-bilateral\/#primaryimage","url":"https:\/\/catalogo.artigosortopedicos.com\/endurance\/wp-content\/uploads\/2021\/12\/30.jpg","contentUrl":"https:\/\/catalogo.artigosortopedicos.com\/endurance\/wp-content\/uploads\/2021\/12\/30.jpg","width":646,"height":543},{"@type":"BreadcrumbList","@id":"https:\/\/catalogo.artigosortopedicos.com\/endurance\/produto\/tornozeleira-airheel-aircast-bilateral\/#breadcrumb","itemListElement":[{"@type":"ListItem","position":1,"name":"In\u00edcio","item":"https:\/\/catalogo.artigosortopedicos.com\/endurance\/"},{"@type":"ListItem","position":2,"name":"Loja","item":"https:\/\/catalogo.artigosortopedicos.com\/endurance\/"},{"@type":"ListItem","position":3,"name":"TORNOZELEIRA AIRHEEL AIRCAST BILATERAL"}]},{"@type":"WebSite","@id":"https:\/\/catalogo.artigosortopedicos.com\/endurance\/#website","url":"https:\/\/catalogo.artigosortopedicos.com\/endurance\/","name":"Artigos ortop\u00e9dicos | Endurance","description":"Cat\u00e1logo de produtos","publisher":{"@id":"https:\/\/catalogo.artigosortopedicos.com\/endurance\/#organization"},"potentialAction":[{"@type":"SearchAction","target":{"@type":"EntryPoint","urlTemplate":"https:\/\/catalogo.artigosortopedicos.com\/endurance\/?s={search_term_string}"},"query-input":{"@type":"PropertyValueSpecification","valueRequired":true,"valueName":"search_term_string"}}],"inLanguage":"pt-BR"},{"@type":"Organization","@id":"https:\/\/catalogo.artigosortopedicos.com\/endurance\/#organization","name":"Artigos ortop\u00e9dicos | Endurance","url":"https:\/\/catalogo.artigosortopedicos.com\/endurance\/","logo":{"@type":"ImageObject","inLanguage":"pt-BR","@id":"https:\/\/catalogo.artigosortopedicos.com\/endurance\/#\/schema\/logo\/image\/","url":"https:\/\/catalogo.artigosortopedicos.com\/endurance\/wp-content\/uploads\/2022\/01\/cropped-56b2cef4-4750-455a-af10-33ad25230477.jpg","contentUrl":"https:\/\/catalogo.artigosortopedicos.com\/endurance\/wp-content\/uploads\/2022\/01\/cropped-56b2cef4-4750-455a-af10-33ad25230477.jpg","width":481,"height":175,"caption":"Artigos ortop\u00e9dicos | Endurance"},"image":{"@id":"https:\/\/catalogo.artigosortopedicos.com\/endurance\/#\/schema\/logo\/image\/"}}]}},"_links":{"self":[{"href":"https:\/\/catalogo.artigosortopedicos.com\/endurance\/wp-json\/wp\/v2\/product\/8078","targetHints":{"allow":["GET"]}}],"collection":[{"href":"https:\/\/catalogo.artigosortopedicos.com\/endurance\/wp-json\/wp\/v2\/product"}],"about":[{"href":"https:\/\/catalogo.artigosortopedicos.com\/endurance\/wp-json\/wp\/v2\/types\/product"}],"wp:featuredmedia":[{"embeddable":true,"href":"https:\/\/catalogo.artigosortopedicos.com\/endurance\/wp-json\/wp\/v2\/media\/8079"}],"wp:attachment":[{"href":"https:\/\/catalogo.artigosortopedicos.com\/endurance\/wp-json\/wp\/v2\/media?parent=8078"}],"wp:term":[{"taxonomy":"product_brand","embeddable":true,"href":"https:\/\/catalogo.artigosortopedicos.com\/endurance\/wp-json\/wp\/v2\/product_brand?post=8078"},{"taxonomy":"product_cat","embeddable":true,"href":"https:\/\/catalogo.artigosortopedicos.com\/endurance\/wp-json\/wp\/v2\/product_cat?post=8078"},{"taxonomy":"product_tag","embeddable":true,"href":"https:\/\/catalogo.artigosortopedicos.com\/endurance\/wp-json\/wp\/v2\/product_tag?post=8078"}],"curies":[{"name":"wp","href":"https:\/\/api.w.org\/{rel}","templated":true}]}}