{"id":8083,"date":"2021-12-31T09:29:26","date_gmt":"2021-12-31T12:29:26","guid":{"rendered":"http:\/\/catalogo.artigosortopedicos.com\/endurance\/?post_type=product&#038;p=8083"},"modified":"2025-01-24T12:31:58","modified_gmt":"2025-01-24T15:31:58","slug":"tornozeleira-elastica-malolax-donjoy","status":"publish","type":"product","link":"https:\/\/catalogo.artigosortopedicos.com\/endurance\/produto\/tornozeleira-elastica-malolax-donjoy\/","title":{"rendered":"TORNOZELEIRA EL\u00c1STICA &#8221; MALOLAX &#8221; DONJOY"},"content":{"rendered":"<p style=\"text-align: center\">COMO FAZER A MEDI\u00c7\u00c3O CORRETA<\/p>\n<p><strong><img fetchpriority=\"high\" decoding=\"async\" class=\"alignnone wp-image-8107\" src=\"https:\/\/catalogo.artigosortopedicos.com\/endurance\/wp-content\/uploads\/2021\/12\/35-300x252.jpg\" alt=\"\" width=\"416\" height=\"350\" srcset=\"https:\/\/catalogo.artigosortopedicos.com\/endurance\/wp-content\/uploads\/2021\/12\/35-300x252.jpg 300w, https:\/\/catalogo.artigosortopedicos.com\/endurance\/wp-content\/uploads\/2021\/12\/35-441x371.jpg 441w, https:\/\/catalogo.artigosortopedicos.com\/endurance\/wp-content\/uploads\/2021\/12\/35-600x504.jpg 600w, https:\/\/catalogo.artigosortopedicos.com\/endurance\/wp-content\/uploads\/2021\/12\/35-150x126.jpg 150w, https:\/\/catalogo.artigosortopedicos.com\/endurance\/wp-content\/uploads\/2021\/12\/35.jpg 646w\" sizes=\"(max-width: 416px) 100vw, 416px\" \/><\/strong><\/p>\n<p><strong>Tornozeleira El\u00e1stica &#8211; MALOLAX<\/strong><\/p>\n<p>Tornozeleira em tecido el\u00e1stico ideal para instabilidades leves\u00a0decorrentes de les\u00f5es ligamentares, tor\u00e7\u00f5es e osteoartrite leve. O produto proporciona estimula\u00e7\u00e3o propioceptiva e neuromuscular por compress\u00e3o, ocasionado pelas almofadas em silicone localizadas na parte lateral e medial do tornozelo. Recomendado\u00a0para esportes em geral, bem como para o dia-a-dia.<\/p>\n<p><strong>CARACTER\u00cdSTICAS:<\/strong><\/p>\n<p>&#8211;\u00a0Indicado para les\u00e3o leve ligamentar.<\/p>\n<p>&#8211; Produto proporciona estimula\u00e7\u00e3o proprioceptiva e neuromuscular atrav\u00e9s da compress\u00e3o.<br \/>\n&#8211; Tecido anat\u00f4mico e multidirecional, proporcionando melhor ajuste e conforto.<\/p>\n<p>&#8211; Dupla prote\u00e7\u00e3o nos mal\u00e9olos por interm\u00e9dio das almofadas de silicone.<\/p>\n<p>&#8211; Prote\u00e7\u00e3o e preven\u00e7\u00e3o durante a pr\u00e1tica esportiva.<\/p>\n<p>&#8211; Material respir\u00e1vel, hipoalerg\u00eanico e livre de l\u00e1tex.<br \/>\n<strong>Instru\u00e7\u00f5es para medida do tamanho do produto:<\/strong><\/p>\n<p>1) posicione a fita m\u00e9trica no ponto mais estreito acima do mal\u00e9olo;<\/p>\n<p>2) a partir do ponto de partida tire a circunfer\u00eancia do tornozelo.<br \/>\n<strong>A medida encontrada dever\u00e1 ser enquadrada conforme abaixo:<\/strong><\/p>\n<p>X Pequeno &#8211; 19 a 20 cm.<\/p>\n<p>Pequeno &#8211; 21 a 22 cm.<\/p>\n<p>M\u00e9dio &#8211; 23 a 24 cm.<\/p>\n<p>Grande &#8211; 25 a 26 cm.<\/p>\n<p>X Grande &#8211; 27 a 28 cm.<\/p>\n<p>XX Grande &#8211; 29 a 30 cm.<\/p>\n","protected":false},"excerpt":{"rendered":"<p>COMO FAZER A MEDI\u00c7\u00c3O CORRETA Tornozeleira El\u00e1stica &#8211; MALOLAX Tornozeleira em tecido el\u00e1stico ideal para instabilidades leves\u00a0decorrentes de les\u00f5es ligamentares, tor\u00e7\u00f5es e osteoartrite leve. O produto proporciona estimula\u00e7\u00e3o propioceptiva e neuromuscular por compress\u00e3o, ocasionado pelas almofadas em silicone localizadas na parte lateral e medial do tornozelo. Recomendado\u00a0para esportes em geral, bem como para o dia-a-dia. [&hellip;]<\/p>\n","protected":false},"featured_media":8084,"template":"","meta":[],"product_brand":[],"product_cat":[127,187],"product_tag":[],"class_list":{"0":"post-8083","1":"product","2":"type-product","3":"status-publish","4":"has-post-thumbnail","6":"product_cat-endurance","7":"product_cat-pe-tornozelo","9":"first","10":"instock","11":"shipping-taxable","12":"product-type-simple"},"yoast_head":"<!-- This site is optimized with the Yoast SEO plugin v25.7 - https:\/\/yoast.com\/wordpress\/plugins\/seo\/ -->\n<title>TORNOZELEIRA EL\u00c1STICA &quot; MALOLAX &quot; DONJOY - Artigos ortop\u00e9dicos | Endurance<\/title>\n<meta name=\"robots\" content=\"index, follow, max-snippet:-1, max-image-preview:large, max-video-preview:-1\" \/>\n<link rel=\"canonical\" href=\"https:\/\/catalogo.artigosortopedicos.com\/endurance\/produto\/tornozeleira-elastica-malolax-donjoy\/\" \/>\n<meta property=\"og:locale\" content=\"pt_BR\" \/>\n<meta property=\"og:type\" content=\"article\" \/>\n<meta property=\"og:title\" content=\"TORNOZELEIRA EL\u00c1STICA &quot; MALOLAX &quot; DONJOY - Artigos ortop\u00e9dicos | Endurance\" \/>\n<meta property=\"og:description\" content=\"COMO FAZER A MEDI\u00c7\u00c3O CORRETA Tornozeleira El\u00e1stica &#8211; MALOLAX Tornozeleira em tecido el\u00e1stico ideal para instabilidades leves\u00a0decorrentes de les\u00f5es ligamentares, tor\u00e7\u00f5es e osteoartrite leve. O produto proporciona estimula\u00e7\u00e3o propioceptiva e neuromuscular por compress\u00e3o, ocasionado pelas almofadas em silicone localizadas na parte lateral e medial do tornozelo. Recomendado\u00a0para esportes em geral, bem como para o dia-a-dia. [&hellip;]\" \/>\n<meta property=\"og:url\" content=\"https:\/\/catalogo.artigosortopedicos.com\/endurance\/produto\/tornozeleira-elastica-malolax-donjoy\/\" \/>\n<meta property=\"og:site_name\" content=\"Artigos ortop\u00e9dicos | Endurance\" \/>\n<meta property=\"article:modified_time\" content=\"2025-01-24T15:31:58+00:00\" \/>\n<meta property=\"og:image\" content=\"https:\/\/catalogo.artigosortopedicos.com\/endurance\/wp-content\/uploads\/2021\/12\/31.jpg\" \/>\n\t<meta property=\"og:image:width\" content=\"646\" \/>\n\t<meta property=\"og:image:height\" content=\"543\" \/>\n\t<meta property=\"og:image:type\" content=\"image\/jpeg\" \/>\n<meta name=\"twitter:card\" content=\"summary_large_image\" \/>\n<meta name=\"twitter:label1\" content=\"Est. tempo de leitura\" \/>\n\t<meta name=\"twitter:data1\" content=\"2 minutos\" \/>\n<script type=\"application\/ld+json\" class=\"yoast-schema-graph\">{\"@context\":\"https:\/\/schema.org\",\"@graph\":[{\"@type\":\"WebPage\",\"@id\":\"https:\/\/catalogo.artigosortopedicos.com\/endurance\/produto\/tornozeleira-elastica-malolax-donjoy\/\",\"url\":\"https:\/\/catalogo.artigosortopedicos.com\/endurance\/produto\/tornozeleira-elastica-malolax-donjoy\/\",\"name\":\"TORNOZELEIRA EL\u00c1STICA \\\" MALOLAX \\\" DONJOY - Artigos ortop\u00e9dicos | Endurance\",\"isPartOf\":{\"@id\":\"https:\/\/catalogo.artigosortopedicos.com\/endurance\/#website\"},\"primaryImageOfPage\":{\"@id\":\"https:\/\/catalogo.artigosortopedicos.com\/endurance\/produto\/tornozeleira-elastica-malolax-donjoy\/#primaryimage\"},\"image\":{\"@id\":\"https:\/\/catalogo.artigosortopedicos.com\/endurance\/produto\/tornozeleira-elastica-malolax-donjoy\/#primaryimage\"},\"thumbnailUrl\":\"https:\/\/catalogo.artigosortopedicos.com\/endurance\/wp-content\/uploads\/2021\/12\/31.jpg\",\"datePublished\":\"2021-12-31T12:29:26+00:00\",\"dateModified\":\"2025-01-24T15:31:58+00:00\",\"breadcrumb\":{\"@id\":\"https:\/\/catalogo.artigosortopedicos.com\/endurance\/produto\/tornozeleira-elastica-malolax-donjoy\/#breadcrumb\"},\"inLanguage\":\"pt-BR\",\"potentialAction\":[{\"@type\":\"ReadAction\",\"target\":[\"https:\/\/catalogo.artigosortopedicos.com\/endurance\/produto\/tornozeleira-elastica-malolax-donjoy\/\"]}]},{\"@type\":\"ImageObject\",\"inLanguage\":\"pt-BR\",\"@id\":\"https:\/\/catalogo.artigosortopedicos.com\/endurance\/produto\/tornozeleira-elastica-malolax-donjoy\/#primaryimage\",\"url\":\"https:\/\/catalogo.artigosortopedicos.com\/endurance\/wp-content\/uploads\/2021\/12\/31.jpg\",\"contentUrl\":\"https:\/\/catalogo.artigosortopedicos.com\/endurance\/wp-content\/uploads\/2021\/12\/31.jpg\",\"width\":646,\"height\":543},{\"@type\":\"BreadcrumbList\",\"@id\":\"https:\/\/catalogo.artigosortopedicos.com\/endurance\/produto\/tornozeleira-elastica-malolax-donjoy\/#breadcrumb\",\"itemListElement\":[{\"@type\":\"ListItem\",\"position\":1,\"name\":\"In\u00edcio\",\"item\":\"https:\/\/catalogo.artigosortopedicos.com\/endurance\/\"},{\"@type\":\"ListItem\",\"position\":2,\"name\":\"Loja\",\"item\":\"https:\/\/catalogo.artigosortopedicos.com\/endurance\/\"},{\"@type\":\"ListItem\",\"position\":3,\"name\":\"TORNOZELEIRA EL\u00c1STICA &#8221; MALOLAX &#8221; DONJOY\"}]},{\"@type\":\"WebSite\",\"@id\":\"https:\/\/catalogo.artigosortopedicos.com\/endurance\/#website\",\"url\":\"https:\/\/catalogo.artigosortopedicos.com\/endurance\/\",\"name\":\"Artigos ortop\u00e9dicos | Endurance\",\"description\":\"Cat\u00e1logo de produtos\",\"publisher\":{\"@id\":\"https:\/\/catalogo.artigosortopedicos.com\/endurance\/#organization\"},\"potentialAction\":[{\"@type\":\"SearchAction\",\"target\":{\"@type\":\"EntryPoint\",\"urlTemplate\":\"https:\/\/catalogo.artigosortopedicos.com\/endurance\/?s={search_term_string}\"},\"query-input\":{\"@type\":\"PropertyValueSpecification\",\"valueRequired\":true,\"valueName\":\"search_term_string\"}}],\"inLanguage\":\"pt-BR\"},{\"@type\":\"Organization\",\"@id\":\"https:\/\/catalogo.artigosortopedicos.com\/endurance\/#organization\",\"name\":\"Artigos ortop\u00e9dicos | Endurance\",\"url\":\"https:\/\/catalogo.artigosortopedicos.com\/endurance\/\",\"logo\":{\"@type\":\"ImageObject\",\"inLanguage\":\"pt-BR\",\"@id\":\"https:\/\/catalogo.artigosortopedicos.com\/endurance\/#\/schema\/logo\/image\/\",\"url\":\"https:\/\/catalogo.artigosortopedicos.com\/endurance\/wp-content\/uploads\/2022\/01\/cropped-56b2cef4-4750-455a-af10-33ad25230477.jpg\",\"contentUrl\":\"https:\/\/catalogo.artigosortopedicos.com\/endurance\/wp-content\/uploads\/2022\/01\/cropped-56b2cef4-4750-455a-af10-33ad25230477.jpg\",\"width\":481,\"height\":175,\"caption\":\"Artigos ortop\u00e9dicos | Endurance\"},\"image\":{\"@id\":\"https:\/\/catalogo.artigosortopedicos.com\/endurance\/#\/schema\/logo\/image\/\"}}]}<\/script>\n<!-- \/ Yoast SEO plugin. -->","yoast_head_json":{"title":"TORNOZELEIRA EL\u00c1STICA \" MALOLAX \" DONJOY - Artigos ortop\u00e9dicos | Endurance","robots":{"index":"index","follow":"follow","max-snippet":"max-snippet:-1","max-image-preview":"max-image-preview:large","max-video-preview":"max-video-preview:-1"},"canonical":"https:\/\/catalogo.artigosortopedicos.com\/endurance\/produto\/tornozeleira-elastica-malolax-donjoy\/","og_locale":"pt_BR","og_type":"article","og_title":"TORNOZELEIRA EL\u00c1STICA \" MALOLAX \" DONJOY - Artigos ortop\u00e9dicos | Endurance","og_description":"COMO FAZER A MEDI\u00c7\u00c3O CORRETA Tornozeleira El\u00e1stica &#8211; MALOLAX Tornozeleira em tecido el\u00e1stico ideal para instabilidades leves\u00a0decorrentes de les\u00f5es ligamentares, tor\u00e7\u00f5es e osteoartrite leve. O produto proporciona estimula\u00e7\u00e3o propioceptiva e neuromuscular por compress\u00e3o, ocasionado pelas almofadas em silicone localizadas na parte lateral e medial do tornozelo. Recomendado\u00a0para esportes em geral, bem como para o dia-a-dia. [&hellip;]","og_url":"https:\/\/catalogo.artigosortopedicos.com\/endurance\/produto\/tornozeleira-elastica-malolax-donjoy\/","og_site_name":"Artigos ortop\u00e9dicos | Endurance","article_modified_time":"2025-01-24T15:31:58+00:00","og_image":[{"width":646,"height":543,"url":"https:\/\/catalogo.artigosortopedicos.com\/endurance\/wp-content\/uploads\/2021\/12\/31.jpg","type":"image\/jpeg"}],"twitter_card":"summary_large_image","twitter_misc":{"Est. tempo de leitura":"2 minutos"},"schema":{"@context":"https:\/\/schema.org","@graph":[{"@type":"WebPage","@id":"https:\/\/catalogo.artigosortopedicos.com\/endurance\/produto\/tornozeleira-elastica-malolax-donjoy\/","url":"https:\/\/catalogo.artigosortopedicos.com\/endurance\/produto\/tornozeleira-elastica-malolax-donjoy\/","name":"TORNOZELEIRA EL\u00c1STICA \" MALOLAX \" DONJOY - Artigos ortop\u00e9dicos | Endurance","isPartOf":{"@id":"https:\/\/catalogo.artigosortopedicos.com\/endurance\/#website"},"primaryImageOfPage":{"@id":"https:\/\/catalogo.artigosortopedicos.com\/endurance\/produto\/tornozeleira-elastica-malolax-donjoy\/#primaryimage"},"image":{"@id":"https:\/\/catalogo.artigosortopedicos.com\/endurance\/produto\/tornozeleira-elastica-malolax-donjoy\/#primaryimage"},"thumbnailUrl":"https:\/\/catalogo.artigosortopedicos.com\/endurance\/wp-content\/uploads\/2021\/12\/31.jpg","datePublished":"2021-12-31T12:29:26+00:00","dateModified":"2025-01-24T15:31:58+00:00","breadcrumb":{"@id":"https:\/\/catalogo.artigosortopedicos.com\/endurance\/produto\/tornozeleira-elastica-malolax-donjoy\/#breadcrumb"},"inLanguage":"pt-BR","potentialAction":[{"@type":"ReadAction","target":["https:\/\/catalogo.artigosortopedicos.com\/endurance\/produto\/tornozeleira-elastica-malolax-donjoy\/"]}]},{"@type":"ImageObject","inLanguage":"pt-BR","@id":"https:\/\/catalogo.artigosortopedicos.com\/endurance\/produto\/tornozeleira-elastica-malolax-donjoy\/#primaryimage","url":"https:\/\/catalogo.artigosortopedicos.com\/endurance\/wp-content\/uploads\/2021\/12\/31.jpg","contentUrl":"https:\/\/catalogo.artigosortopedicos.com\/endurance\/wp-content\/uploads\/2021\/12\/31.jpg","width":646,"height":543},{"@type":"BreadcrumbList","@id":"https:\/\/catalogo.artigosortopedicos.com\/endurance\/produto\/tornozeleira-elastica-malolax-donjoy\/#breadcrumb","itemListElement":[{"@type":"ListItem","position":1,"name":"In\u00edcio","item":"https:\/\/catalogo.artigosortopedicos.com\/endurance\/"},{"@type":"ListItem","position":2,"name":"Loja","item":"https:\/\/catalogo.artigosortopedicos.com\/endurance\/"},{"@type":"ListItem","position":3,"name":"TORNOZELEIRA EL\u00c1STICA &#8221; MALOLAX &#8221; DONJOY"}]},{"@type":"WebSite","@id":"https:\/\/catalogo.artigosortopedicos.com\/endurance\/#website","url":"https:\/\/catalogo.artigosortopedicos.com\/endurance\/","name":"Artigos ortop\u00e9dicos | Endurance","description":"Cat\u00e1logo de produtos","publisher":{"@id":"https:\/\/catalogo.artigosortopedicos.com\/endurance\/#organization"},"potentialAction":[{"@type":"SearchAction","target":{"@type":"EntryPoint","urlTemplate":"https:\/\/catalogo.artigosortopedicos.com\/endurance\/?s={search_term_string}"},"query-input":{"@type":"PropertyValueSpecification","valueRequired":true,"valueName":"search_term_string"}}],"inLanguage":"pt-BR"},{"@type":"Organization","@id":"https:\/\/catalogo.artigosortopedicos.com\/endurance\/#organization","name":"Artigos ortop\u00e9dicos | Endurance","url":"https:\/\/catalogo.artigosortopedicos.com\/endurance\/","logo":{"@type":"ImageObject","inLanguage":"pt-BR","@id":"https:\/\/catalogo.artigosortopedicos.com\/endurance\/#\/schema\/logo\/image\/","url":"https:\/\/catalogo.artigosortopedicos.com\/endurance\/wp-content\/uploads\/2022\/01\/cropped-56b2cef4-4750-455a-af10-33ad25230477.jpg","contentUrl":"https:\/\/catalogo.artigosortopedicos.com\/endurance\/wp-content\/uploads\/2022\/01\/cropped-56b2cef4-4750-455a-af10-33ad25230477.jpg","width":481,"height":175,"caption":"Artigos ortop\u00e9dicos | Endurance"},"image":{"@id":"https:\/\/catalogo.artigosortopedicos.com\/endurance\/#\/schema\/logo\/image\/"}}]}},"_links":{"self":[{"href":"https:\/\/catalogo.artigosortopedicos.com\/endurance\/wp-json\/wp\/v2\/product\/8083","targetHints":{"allow":["GET"]}}],"collection":[{"href":"https:\/\/catalogo.artigosortopedicos.com\/endurance\/wp-json\/wp\/v2\/product"}],"about":[{"href":"https:\/\/catalogo.artigosortopedicos.com\/endurance\/wp-json\/wp\/v2\/types\/product"}],"wp:featuredmedia":[{"embeddable":true,"href":"https:\/\/catalogo.artigosortopedicos.com\/endurance\/wp-json\/wp\/v2\/media\/8084"}],"wp:attachment":[{"href":"https:\/\/catalogo.artigosortopedicos.com\/endurance\/wp-json\/wp\/v2\/media?parent=8083"}],"wp:term":[{"taxonomy":"product_brand","embeddable":true,"href":"https:\/\/catalogo.artigosortopedicos.com\/endurance\/wp-json\/wp\/v2\/product_brand?post=8083"},{"taxonomy":"product_cat","embeddable":true,"href":"https:\/\/catalogo.artigosortopedicos.com\/endurance\/wp-json\/wp\/v2\/product_cat?post=8083"},{"taxonomy":"product_tag","embeddable":true,"href":"https:\/\/catalogo.artigosortopedicos.com\/endurance\/wp-json\/wp\/v2\/product_tag?post=8083"}],"curies":[{"name":"wp","href":"https:\/\/api.w.org\/{rel}","templated":true}]}}