{"id":8094,"date":"2021-12-31T09:35:50","date_gmt":"2021-12-31T12:35:50","guid":{"rendered":"http:\/\/catalogo.artigosortopedicos.com\/endurance\/?post_type=product&#038;p=8094"},"modified":"2025-01-24T12:31:50","modified_gmt":"2025-01-24T15:31:50","slug":"bota-imobilizadora-walker-sp-curta-bilateral","status":"publish","type":"product","link":"https:\/\/catalogo.artigosortopedicos.com\/endurance\/produto\/bota-imobilizadora-walker-sp-curta-bilateral\/","title":{"rendered":"BOTA IMOBILIZADORA &#8221; AIR SELECT &#8221; CURTA"},"content":{"rendered":"<p><strong>Imobilizador Curto de Tornozelo Aircast SP Walker<\/strong><\/p>\n<p>Indicado para fraturas est\u00e1veis e por estresse do p\u00e9 e antep\u00e9. Produto tamb\u00e9m utilizado na fase p\u00f3s operat\u00f3ria.<\/p>\n<p>C\u00f3digo &#8211; 01AS Bilateral P &#8211;\u00a001AM Bilateral M &#8211;\u00a001AL Bilateral G<\/p>\n<p><strong>CARACTER\u00cdSTICAS:<\/strong><\/p>\n<p>&#8211; Sistema patenteado de c\u00e9lulas de ar com compress\u00e3o pneum\u00e1tica e puls\u00e1til que ajudam na redu\u00e7\u00e3o de edemas.<\/p>\n<p>&#8211; Substitui a goteira gessada.<\/p>\n<p>&#8211; C\u00e9lulas de ar quando infladas proporcionam ajuste individual e \u00f3timo suporte.<\/p>\n<p>&#8211; Proporciona rigidez na zona do p\u00e9 e antep\u00e9 oferecendo maior estabilidade e comodidade.<\/p>\n<p>&#8211; Revestimento em espuma que proporciona um acolchoado adicional &#8211; maior conforto.<\/p>\n<p>&#8211; Confort\u00e1vel, leve e resistente.<\/p>\n<p>&#8211; Design anat\u00f4mico.<\/p>\n<p>&#8211; Lav\u00e1vel.<\/p>\n<p><strong>Instru\u00e7\u00f5es para o tamanho do produto:\u00a0<\/strong><\/p>\n<p>Tamanho P &#8211; cal\u00e7ado at\u00e9 37.<\/p>\n<p>Tamanho M &#8211; cal\u00e7ado do 38 ao 43.<\/p>\n<p>Tamanho G &#8211; cal\u00e7ado acima de 43.<\/p>\n","protected":false},"excerpt":{"rendered":"<p>COR: CINZA<\/p>\n<p>TAMANHO:<\/p>\n<p>P 35\/38<\/p>\n<p>M 39\/42<\/p>\n<p>G 43\/45<\/p>\n<p>&nbsp;<\/p>\n","protected":false},"featured_media":9609,"template":"","meta":[],"product_brand":[],"product_cat":[127,187],"product_tag":[],"class_list":{"0":"post-8094","1":"product","2":"type-product","3":"status-publish","4":"has-post-thumbnail","6":"product_cat-endurance","7":"product_cat-pe-tornozelo","9":"first","10":"instock","11":"shipping-taxable","12":"product-type-simple"},"yoast_head":"<!-- This site is optimized with the Yoast SEO plugin v25.7 - https:\/\/yoast.com\/wordpress\/plugins\/seo\/ -->\n<title>BOTA IMOBILIZADORA &quot; AIR SELECT &quot; CURTA - Artigos ortop\u00e9dicos | Endurance<\/title>\n<meta name=\"robots\" content=\"index, follow, max-snippet:-1, max-image-preview:large, max-video-preview:-1\" \/>\n<link rel=\"canonical\" href=\"https:\/\/catalogo.artigosortopedicos.com\/endurance\/produto\/bota-imobilizadora-walker-sp-curta-bilateral\/\" \/>\n<meta property=\"og:locale\" content=\"pt_BR\" \/>\n<meta property=\"og:type\" content=\"article\" \/>\n<meta property=\"og:title\" content=\"BOTA IMOBILIZADORA &quot; AIR SELECT &quot; CURTA - Artigos ortop\u00e9dicos | Endurance\" \/>\n<meta property=\"og:description\" content=\"COR: CINZA  TAMANHO:  P 35\/38  M 39\/42  G 43\/45  &nbsp;\" \/>\n<meta property=\"og:url\" content=\"https:\/\/catalogo.artigosortopedicos.com\/endurance\/produto\/bota-imobilizadora-walker-sp-curta-bilateral\/\" \/>\n<meta property=\"og:site_name\" content=\"Artigos ortop\u00e9dicos | Endurance\" \/>\n<meta property=\"article:modified_time\" content=\"2025-01-24T15:31:50+00:00\" \/>\n<meta property=\"og:image\" content=\"https:\/\/catalogo.artigosortopedicos.com\/endurance\/wp-content\/uploads\/2021\/12\/Captura-de-tela-2024-02-01-191631.png\" \/>\n\t<meta property=\"og:image:width\" content=\"524\" \/>\n\t<meta property=\"og:image:height\" content=\"628\" \/>\n\t<meta property=\"og:image:type\" content=\"image\/png\" \/>\n<meta name=\"twitter:card\" content=\"summary_large_image\" \/>\n<meta name=\"twitter:label1\" content=\"Est. tempo de leitura\" \/>\n\t<meta name=\"twitter:data1\" content=\"1 minuto\" \/>\n<script type=\"application\/ld+json\" class=\"yoast-schema-graph\">{\"@context\":\"https:\/\/schema.org\",\"@graph\":[{\"@type\":\"WebPage\",\"@id\":\"https:\/\/catalogo.artigosortopedicos.com\/endurance\/produto\/bota-imobilizadora-walker-sp-curta-bilateral\/\",\"url\":\"https:\/\/catalogo.artigosortopedicos.com\/endurance\/produto\/bota-imobilizadora-walker-sp-curta-bilateral\/\",\"name\":\"BOTA IMOBILIZADORA \\\" AIR SELECT \\\" CURTA - Artigos ortop\u00e9dicos | Endurance\",\"isPartOf\":{\"@id\":\"https:\/\/catalogo.artigosortopedicos.com\/endurance\/#website\"},\"primaryImageOfPage\":{\"@id\":\"https:\/\/catalogo.artigosortopedicos.com\/endurance\/produto\/bota-imobilizadora-walker-sp-curta-bilateral\/#primaryimage\"},\"image\":{\"@id\":\"https:\/\/catalogo.artigosortopedicos.com\/endurance\/produto\/bota-imobilizadora-walker-sp-curta-bilateral\/#primaryimage\"},\"thumbnailUrl\":\"https:\/\/catalogo.artigosortopedicos.com\/endurance\/wp-content\/uploads\/2021\/12\/Captura-de-tela-2024-02-01-191631.png\",\"datePublished\":\"2021-12-31T12:35:50+00:00\",\"dateModified\":\"2025-01-24T15:31:50+00:00\",\"breadcrumb\":{\"@id\":\"https:\/\/catalogo.artigosortopedicos.com\/endurance\/produto\/bota-imobilizadora-walker-sp-curta-bilateral\/#breadcrumb\"},\"inLanguage\":\"pt-BR\",\"potentialAction\":[{\"@type\":\"ReadAction\",\"target\":[\"https:\/\/catalogo.artigosortopedicos.com\/endurance\/produto\/bota-imobilizadora-walker-sp-curta-bilateral\/\"]}]},{\"@type\":\"ImageObject\",\"inLanguage\":\"pt-BR\",\"@id\":\"https:\/\/catalogo.artigosortopedicos.com\/endurance\/produto\/bota-imobilizadora-walker-sp-curta-bilateral\/#primaryimage\",\"url\":\"https:\/\/catalogo.artigosortopedicos.com\/endurance\/wp-content\/uploads\/2021\/12\/Captura-de-tela-2024-02-01-191631.png\",\"contentUrl\":\"https:\/\/catalogo.artigosortopedicos.com\/endurance\/wp-content\/uploads\/2021\/12\/Captura-de-tela-2024-02-01-191631.png\",\"width\":524,\"height\":628},{\"@type\":\"BreadcrumbList\",\"@id\":\"https:\/\/catalogo.artigosortopedicos.com\/endurance\/produto\/bota-imobilizadora-walker-sp-curta-bilateral\/#breadcrumb\",\"itemListElement\":[{\"@type\":\"ListItem\",\"position\":1,\"name\":\"In\u00edcio\",\"item\":\"https:\/\/catalogo.artigosortopedicos.com\/endurance\/\"},{\"@type\":\"ListItem\",\"position\":2,\"name\":\"Loja\",\"item\":\"https:\/\/catalogo.artigosortopedicos.com\/endurance\/\"},{\"@type\":\"ListItem\",\"position\":3,\"name\":\"BOTA IMOBILIZADORA &#8221; AIR SELECT &#8221; CURTA\"}]},{\"@type\":\"WebSite\",\"@id\":\"https:\/\/catalogo.artigosortopedicos.com\/endurance\/#website\",\"url\":\"https:\/\/catalogo.artigosortopedicos.com\/endurance\/\",\"name\":\"Artigos ortop\u00e9dicos | Endurance\",\"description\":\"Cat\u00e1logo de produtos\",\"publisher\":{\"@id\":\"https:\/\/catalogo.artigosortopedicos.com\/endurance\/#organization\"},\"potentialAction\":[{\"@type\":\"SearchAction\",\"target\":{\"@type\":\"EntryPoint\",\"urlTemplate\":\"https:\/\/catalogo.artigosortopedicos.com\/endurance\/?s={search_term_string}\"},\"query-input\":{\"@type\":\"PropertyValueSpecification\",\"valueRequired\":true,\"valueName\":\"search_term_string\"}}],\"inLanguage\":\"pt-BR\"},{\"@type\":\"Organization\",\"@id\":\"https:\/\/catalogo.artigosortopedicos.com\/endurance\/#organization\",\"name\":\"Artigos ortop\u00e9dicos | Endurance\",\"url\":\"https:\/\/catalogo.artigosortopedicos.com\/endurance\/\",\"logo\":{\"@type\":\"ImageObject\",\"inLanguage\":\"pt-BR\",\"@id\":\"https:\/\/catalogo.artigosortopedicos.com\/endurance\/#\/schema\/logo\/image\/\",\"url\":\"https:\/\/catalogo.artigosortopedicos.com\/endurance\/wp-content\/uploads\/2022\/01\/cropped-56b2cef4-4750-455a-af10-33ad25230477.jpg\",\"contentUrl\":\"https:\/\/catalogo.artigosortopedicos.com\/endurance\/wp-content\/uploads\/2022\/01\/cropped-56b2cef4-4750-455a-af10-33ad25230477.jpg\",\"width\":481,\"height\":175,\"caption\":\"Artigos ortop\u00e9dicos | Endurance\"},\"image\":{\"@id\":\"https:\/\/catalogo.artigosortopedicos.com\/endurance\/#\/schema\/logo\/image\/\"}}]}<\/script>\n<!-- \/ Yoast SEO plugin. -->","yoast_head_json":{"title":"BOTA IMOBILIZADORA \" AIR SELECT \" CURTA - Artigos ortop\u00e9dicos | Endurance","robots":{"index":"index","follow":"follow","max-snippet":"max-snippet:-1","max-image-preview":"max-image-preview:large","max-video-preview":"max-video-preview:-1"},"canonical":"https:\/\/catalogo.artigosortopedicos.com\/endurance\/produto\/bota-imobilizadora-walker-sp-curta-bilateral\/","og_locale":"pt_BR","og_type":"article","og_title":"BOTA IMOBILIZADORA \" AIR SELECT \" CURTA - Artigos ortop\u00e9dicos | Endurance","og_description":"COR: CINZA  TAMANHO:  P 35\/38  M 39\/42  G 43\/45  &nbsp;","og_url":"https:\/\/catalogo.artigosortopedicos.com\/endurance\/produto\/bota-imobilizadora-walker-sp-curta-bilateral\/","og_site_name":"Artigos ortop\u00e9dicos | Endurance","article_modified_time":"2025-01-24T15:31:50+00:00","og_image":[{"width":524,"height":628,"url":"https:\/\/catalogo.artigosortopedicos.com\/endurance\/wp-content\/uploads\/2021\/12\/Captura-de-tela-2024-02-01-191631.png","type":"image\/png"}],"twitter_card":"summary_large_image","twitter_misc":{"Est. tempo de leitura":"1 minuto"},"schema":{"@context":"https:\/\/schema.org","@graph":[{"@type":"WebPage","@id":"https:\/\/catalogo.artigosortopedicos.com\/endurance\/produto\/bota-imobilizadora-walker-sp-curta-bilateral\/","url":"https:\/\/catalogo.artigosortopedicos.com\/endurance\/produto\/bota-imobilizadora-walker-sp-curta-bilateral\/","name":"BOTA IMOBILIZADORA \" AIR SELECT \" CURTA - Artigos ortop\u00e9dicos | Endurance","isPartOf":{"@id":"https:\/\/catalogo.artigosortopedicos.com\/endurance\/#website"},"primaryImageOfPage":{"@id":"https:\/\/catalogo.artigosortopedicos.com\/endurance\/produto\/bota-imobilizadora-walker-sp-curta-bilateral\/#primaryimage"},"image":{"@id":"https:\/\/catalogo.artigosortopedicos.com\/endurance\/produto\/bota-imobilizadora-walker-sp-curta-bilateral\/#primaryimage"},"thumbnailUrl":"https:\/\/catalogo.artigosortopedicos.com\/endurance\/wp-content\/uploads\/2021\/12\/Captura-de-tela-2024-02-01-191631.png","datePublished":"2021-12-31T12:35:50+00:00","dateModified":"2025-01-24T15:31:50+00:00","breadcrumb":{"@id":"https:\/\/catalogo.artigosortopedicos.com\/endurance\/produto\/bota-imobilizadora-walker-sp-curta-bilateral\/#breadcrumb"},"inLanguage":"pt-BR","potentialAction":[{"@type":"ReadAction","target":["https:\/\/catalogo.artigosortopedicos.com\/endurance\/produto\/bota-imobilizadora-walker-sp-curta-bilateral\/"]}]},{"@type":"ImageObject","inLanguage":"pt-BR","@id":"https:\/\/catalogo.artigosortopedicos.com\/endurance\/produto\/bota-imobilizadora-walker-sp-curta-bilateral\/#primaryimage","url":"https:\/\/catalogo.artigosortopedicos.com\/endurance\/wp-content\/uploads\/2021\/12\/Captura-de-tela-2024-02-01-191631.png","contentUrl":"https:\/\/catalogo.artigosortopedicos.com\/endurance\/wp-content\/uploads\/2021\/12\/Captura-de-tela-2024-02-01-191631.png","width":524,"height":628},{"@type":"BreadcrumbList","@id":"https:\/\/catalogo.artigosortopedicos.com\/endurance\/produto\/bota-imobilizadora-walker-sp-curta-bilateral\/#breadcrumb","itemListElement":[{"@type":"ListItem","position":1,"name":"In\u00edcio","item":"https:\/\/catalogo.artigosortopedicos.com\/endurance\/"},{"@type":"ListItem","position":2,"name":"Loja","item":"https:\/\/catalogo.artigosortopedicos.com\/endurance\/"},{"@type":"ListItem","position":3,"name":"BOTA IMOBILIZADORA &#8221; AIR SELECT &#8221; CURTA"}]},{"@type":"WebSite","@id":"https:\/\/catalogo.artigosortopedicos.com\/endurance\/#website","url":"https:\/\/catalogo.artigosortopedicos.com\/endurance\/","name":"Artigos ortop\u00e9dicos | Endurance","description":"Cat\u00e1logo de produtos","publisher":{"@id":"https:\/\/catalogo.artigosortopedicos.com\/endurance\/#organization"},"potentialAction":[{"@type":"SearchAction","target":{"@type":"EntryPoint","urlTemplate":"https:\/\/catalogo.artigosortopedicos.com\/endurance\/?s={search_term_string}"},"query-input":{"@type":"PropertyValueSpecification","valueRequired":true,"valueName":"search_term_string"}}],"inLanguage":"pt-BR"},{"@type":"Organization","@id":"https:\/\/catalogo.artigosortopedicos.com\/endurance\/#organization","name":"Artigos ortop\u00e9dicos | Endurance","url":"https:\/\/catalogo.artigosortopedicos.com\/endurance\/","logo":{"@type":"ImageObject","inLanguage":"pt-BR","@id":"https:\/\/catalogo.artigosortopedicos.com\/endurance\/#\/schema\/logo\/image\/","url":"https:\/\/catalogo.artigosortopedicos.com\/endurance\/wp-content\/uploads\/2022\/01\/cropped-56b2cef4-4750-455a-af10-33ad25230477.jpg","contentUrl":"https:\/\/catalogo.artigosortopedicos.com\/endurance\/wp-content\/uploads\/2022\/01\/cropped-56b2cef4-4750-455a-af10-33ad25230477.jpg","width":481,"height":175,"caption":"Artigos ortop\u00e9dicos | Endurance"},"image":{"@id":"https:\/\/catalogo.artigosortopedicos.com\/endurance\/#\/schema\/logo\/image\/"}}]}},"_links":{"self":[{"href":"https:\/\/catalogo.artigosortopedicos.com\/endurance\/wp-json\/wp\/v2\/product\/8094","targetHints":{"allow":["GET"]}}],"collection":[{"href":"https:\/\/catalogo.artigosortopedicos.com\/endurance\/wp-json\/wp\/v2\/product"}],"about":[{"href":"https:\/\/catalogo.artigosortopedicos.com\/endurance\/wp-json\/wp\/v2\/types\/product"}],"wp:featuredmedia":[{"embeddable":true,"href":"https:\/\/catalogo.artigosortopedicos.com\/endurance\/wp-json\/wp\/v2\/media\/9609"}],"wp:attachment":[{"href":"https:\/\/catalogo.artigosortopedicos.com\/endurance\/wp-json\/wp\/v2\/media?parent=8094"}],"wp:term":[{"taxonomy":"product_brand","embeddable":true,"href":"https:\/\/catalogo.artigosortopedicos.com\/endurance\/wp-json\/wp\/v2\/product_brand?post=8094"},{"taxonomy":"product_cat","embeddable":true,"href":"https:\/\/catalogo.artigosortopedicos.com\/endurance\/wp-json\/wp\/v2\/product_cat?post=8094"},{"taxonomy":"product_tag","embeddable":true,"href":"https:\/\/catalogo.artigosortopedicos.com\/endurance\/wp-json\/wp\/v2\/product_tag?post=8094"}],"curies":[{"name":"wp","href":"https:\/\/api.w.org\/{rel}","templated":true}]}}