{"id":8109,"date":"2021-12-31T16:00:59","date_gmt":"2021-12-31T19:00:59","guid":{"rendered":"http:\/\/catalogo.artigosortopedicos.com\/endurance\/?post_type=product&#038;p=8109"},"modified":"2025-01-24T12:33:03","modified_gmt":"2025-01-24T15:33:03","slug":"imobilizador-de-cotovelo-x-act-elbow","status":"publish","type":"product","link":"https:\/\/catalogo.artigosortopedicos.com\/endurance\/produto\/imobilizador-de-cotovelo-x-act-elbow\/","title":{"rendered":"IMOBILIZADOR DE COTOVELO X-ACT ELBOW"},"content":{"rendered":"<p><strong>Imobilizador de Cotovelo X-Act ELBOW<\/strong><\/p>\n<p>Indicado para les\u00f5es agudas ocasionadas por golpes diretos, queda, tor\u00e7\u00e3o\/flex\u00e3o anormal, dor s\u00fabita e intensa, hematomas e incha\u00e7o, alongamento ou ruptura do ligamento, les\u00f5es no tend\u00e3o, fraturas ou luxa\u00e7\u00f5es, les\u00f5es por estresse e repeti\u00e7\u00f5es, Tendinopatia (cotovelo de tenista e golfista), Tendinose (micro les\u00f5es no tecido conjuntivo ou ao redor do tend\u00e3o), Bursite (incha\u00e7o atr\u00e1s do cotovelo) e reconstru\u00e7\u00e3o do ligamento colateral Ulnar (LCU). Produto tamb\u00e9m utilizado na fase p\u00f3s operat\u00f3ria para reparo do tend\u00e3o do b\u00edceps, fraturas supracondilianas, fraturas radiais do cotovelo e fratura do ol\u00e9crano. O X-Act ROM possui um design telesc\u00f3pico vers\u00e1til, f\u00e1cil de colocar e muito confort\u00e1vel, permite a amplitude de movimentos fixos e protegidos.<br \/>\nC\u00f3digo &#8211; 119121 Direito &#8211; 119122 Esquerdo<br \/>\n<strong>CARACTER\u00cdSTICAS:<\/strong><\/p>\n<p>&#8211; Design aberto e leve, punhos em alum\u00ednio male\u00e1vel, forros acolchaodos em pel\u00facia, ajuste ideal e conforto durante a reabilita\u00e7\u00e3o.<\/p>\n<p>&#8211; F\u00e1cil ajuste com fivelas de clipe de r\u00e1pido encaixe com apenas uma m\u00e3o, dobradi\u00e7a em alum\u00ednio dur\u00e1vel para uma prote\u00e7\u00e3o precisa e peso minimizado.<\/p>\n<p>&#8211; Configura\u00e7\u00f5es de flex\u00e3o &#8211; de 10\u00ba a 120\u00ba com intervalos de 10\u00b0.<\/p>\n<p>&#8211; Configura\u00e7\u00f5es de extens\u00e3o &#8211; de 10\u00b0 a 90\u00b0 com intervalos de 10\u00b0.<\/p>\n<p>&#8211; Imobiliza\u00e7\u00e3o &#8211; de 0\u00b0 a 90\u00b0 com intervalos de 15\u00b0.<\/p>\n<p>&#8211; Produto em tamanho \u00fanico com regulagem no comprimento atrav\u00e9s do mecanismo Tele-Fit &#8211; de 36cm at\u00e9 46cm.<\/p>\n<p>&#8211; Substitui a goteira gessada.<\/p>\n<p>&#8211; Revestimento em almofadas Confort-Form para um maior conforto.<\/p>\n<p>&#8211; Confort\u00e1vel, leve e resistente.<\/p>\n<p>&#8211; Design anat\u00f4mico.<\/p>\n<p>&#8211; Lav\u00e1vel.<\/p>\n","protected":false},"excerpt":{"rendered":"<p>TAMANHO: \u00daNICO<\/p>\n<p>COR: CINZA\/PRETO<\/p>\n<p>LADO: ESQUERDO \/ DIREITO<\/p>\n","protected":false},"featured_media":8110,"template":"","meta":[],"product_brand":[],"product_cat":[127,188],"product_tag":[],"class_list":{"0":"post-8109","1":"product","2":"type-product","3":"status-publish","4":"has-post-thumbnail","6":"product_cat-endurance","7":"product_cat-cotovelo-e-joelho","9":"first","10":"instock","11":"shipping-taxable","12":"product-type-simple"},"yoast_head":"<!-- This site is optimized with the Yoast SEO plugin v25.7 - https:\/\/yoast.com\/wordpress\/plugins\/seo\/ -->\n<title>IMOBILIZADOR DE COTOVELO X-ACT ELBOW - Artigos ortop\u00e9dicos | Endurance<\/title>\n<meta name=\"robots\" content=\"index, follow, max-snippet:-1, max-image-preview:large, max-video-preview:-1\" \/>\n<link rel=\"canonical\" href=\"https:\/\/catalogo.artigosortopedicos.com\/endurance\/produto\/imobilizador-de-cotovelo-x-act-elbow\/\" \/>\n<meta property=\"og:locale\" content=\"pt_BR\" \/>\n<meta property=\"og:type\" content=\"article\" \/>\n<meta property=\"og:title\" content=\"IMOBILIZADOR DE COTOVELO X-ACT ELBOW - Artigos ortop\u00e9dicos | Endurance\" \/>\n<meta property=\"og:description\" content=\"TAMANHO: \u00daNICO  COR: CINZA\/PRETO  LADO: ESQUERDO \/ DIREITO\" \/>\n<meta property=\"og:url\" content=\"https:\/\/catalogo.artigosortopedicos.com\/endurance\/produto\/imobilizador-de-cotovelo-x-act-elbow\/\" \/>\n<meta property=\"og:site_name\" content=\"Artigos ortop\u00e9dicos | Endurance\" \/>\n<meta property=\"article:modified_time\" content=\"2025-01-24T15:33:03+00:00\" \/>\n<meta property=\"og:image\" content=\"https:\/\/catalogo.artigosortopedicos.com\/endurance\/wp-content\/uploads\/2021\/12\/36.jpg\" \/>\n\t<meta property=\"og:image:width\" content=\"646\" \/>\n\t<meta property=\"og:image:height\" content=\"543\" \/>\n\t<meta property=\"og:image:type\" content=\"image\/jpeg\" \/>\n<meta name=\"twitter:card\" content=\"summary_large_image\" \/>\n<meta name=\"twitter:label1\" content=\"Est. tempo de leitura\" \/>\n\t<meta name=\"twitter:data1\" content=\"2 minutos\" \/>\n<script type=\"application\/ld+json\" class=\"yoast-schema-graph\">{\"@context\":\"https:\/\/schema.org\",\"@graph\":[{\"@type\":\"WebPage\",\"@id\":\"https:\/\/catalogo.artigosortopedicos.com\/endurance\/produto\/imobilizador-de-cotovelo-x-act-elbow\/\",\"url\":\"https:\/\/catalogo.artigosortopedicos.com\/endurance\/produto\/imobilizador-de-cotovelo-x-act-elbow\/\",\"name\":\"IMOBILIZADOR DE COTOVELO X-ACT ELBOW - Artigos ortop\u00e9dicos | Endurance\",\"isPartOf\":{\"@id\":\"https:\/\/catalogo.artigosortopedicos.com\/endurance\/#website\"},\"primaryImageOfPage\":{\"@id\":\"https:\/\/catalogo.artigosortopedicos.com\/endurance\/produto\/imobilizador-de-cotovelo-x-act-elbow\/#primaryimage\"},\"image\":{\"@id\":\"https:\/\/catalogo.artigosortopedicos.com\/endurance\/produto\/imobilizador-de-cotovelo-x-act-elbow\/#primaryimage\"},\"thumbnailUrl\":\"https:\/\/catalogo.artigosortopedicos.com\/endurance\/wp-content\/uploads\/2021\/12\/36.jpg\",\"datePublished\":\"2021-12-31T19:00:59+00:00\",\"dateModified\":\"2025-01-24T15:33:03+00:00\",\"breadcrumb\":{\"@id\":\"https:\/\/catalogo.artigosortopedicos.com\/endurance\/produto\/imobilizador-de-cotovelo-x-act-elbow\/#breadcrumb\"},\"inLanguage\":\"pt-BR\",\"potentialAction\":[{\"@type\":\"ReadAction\",\"target\":[\"https:\/\/catalogo.artigosortopedicos.com\/endurance\/produto\/imobilizador-de-cotovelo-x-act-elbow\/\"]}]},{\"@type\":\"ImageObject\",\"inLanguage\":\"pt-BR\",\"@id\":\"https:\/\/catalogo.artigosortopedicos.com\/endurance\/produto\/imobilizador-de-cotovelo-x-act-elbow\/#primaryimage\",\"url\":\"https:\/\/catalogo.artigosortopedicos.com\/endurance\/wp-content\/uploads\/2021\/12\/36.jpg\",\"contentUrl\":\"https:\/\/catalogo.artigosortopedicos.com\/endurance\/wp-content\/uploads\/2021\/12\/36.jpg\",\"width\":646,\"height\":543},{\"@type\":\"BreadcrumbList\",\"@id\":\"https:\/\/catalogo.artigosortopedicos.com\/endurance\/produto\/imobilizador-de-cotovelo-x-act-elbow\/#breadcrumb\",\"itemListElement\":[{\"@type\":\"ListItem\",\"position\":1,\"name\":\"In\u00edcio\",\"item\":\"https:\/\/catalogo.artigosortopedicos.com\/endurance\/\"},{\"@type\":\"ListItem\",\"position\":2,\"name\":\"Loja\",\"item\":\"https:\/\/catalogo.artigosortopedicos.com\/endurance\/\"},{\"@type\":\"ListItem\",\"position\":3,\"name\":\"IMOBILIZADOR DE COTOVELO X-ACT ELBOW\"}]},{\"@type\":\"WebSite\",\"@id\":\"https:\/\/catalogo.artigosortopedicos.com\/endurance\/#website\",\"url\":\"https:\/\/catalogo.artigosortopedicos.com\/endurance\/\",\"name\":\"Artigos ortop\u00e9dicos | Endurance\",\"description\":\"Cat\u00e1logo de produtos\",\"publisher\":{\"@id\":\"https:\/\/catalogo.artigosortopedicos.com\/endurance\/#organization\"},\"potentialAction\":[{\"@type\":\"SearchAction\",\"target\":{\"@type\":\"EntryPoint\",\"urlTemplate\":\"https:\/\/catalogo.artigosortopedicos.com\/endurance\/?s={search_term_string}\"},\"query-input\":{\"@type\":\"PropertyValueSpecification\",\"valueRequired\":true,\"valueName\":\"search_term_string\"}}],\"inLanguage\":\"pt-BR\"},{\"@type\":\"Organization\",\"@id\":\"https:\/\/catalogo.artigosortopedicos.com\/endurance\/#organization\",\"name\":\"Artigos ortop\u00e9dicos | Endurance\",\"url\":\"https:\/\/catalogo.artigosortopedicos.com\/endurance\/\",\"logo\":{\"@type\":\"ImageObject\",\"inLanguage\":\"pt-BR\",\"@id\":\"https:\/\/catalogo.artigosortopedicos.com\/endurance\/#\/schema\/logo\/image\/\",\"url\":\"https:\/\/catalogo.artigosortopedicos.com\/endurance\/wp-content\/uploads\/2022\/01\/cropped-56b2cef4-4750-455a-af10-33ad25230477.jpg\",\"contentUrl\":\"https:\/\/catalogo.artigosortopedicos.com\/endurance\/wp-content\/uploads\/2022\/01\/cropped-56b2cef4-4750-455a-af10-33ad25230477.jpg\",\"width\":481,\"height\":175,\"caption\":\"Artigos ortop\u00e9dicos | Endurance\"},\"image\":{\"@id\":\"https:\/\/catalogo.artigosortopedicos.com\/endurance\/#\/schema\/logo\/image\/\"}}]}<\/script>\n<!-- \/ Yoast SEO plugin. -->","yoast_head_json":{"title":"IMOBILIZADOR DE COTOVELO X-ACT ELBOW - Artigos ortop\u00e9dicos | Endurance","robots":{"index":"index","follow":"follow","max-snippet":"max-snippet:-1","max-image-preview":"max-image-preview:large","max-video-preview":"max-video-preview:-1"},"canonical":"https:\/\/catalogo.artigosortopedicos.com\/endurance\/produto\/imobilizador-de-cotovelo-x-act-elbow\/","og_locale":"pt_BR","og_type":"article","og_title":"IMOBILIZADOR DE COTOVELO X-ACT ELBOW - Artigos ortop\u00e9dicos | Endurance","og_description":"TAMANHO: \u00daNICO  COR: CINZA\/PRETO  LADO: ESQUERDO \/ DIREITO","og_url":"https:\/\/catalogo.artigosortopedicos.com\/endurance\/produto\/imobilizador-de-cotovelo-x-act-elbow\/","og_site_name":"Artigos ortop\u00e9dicos | Endurance","article_modified_time":"2025-01-24T15:33:03+00:00","og_image":[{"width":646,"height":543,"url":"https:\/\/catalogo.artigosortopedicos.com\/endurance\/wp-content\/uploads\/2021\/12\/36.jpg","type":"image\/jpeg"}],"twitter_card":"summary_large_image","twitter_misc":{"Est. tempo de leitura":"2 minutos"},"schema":{"@context":"https:\/\/schema.org","@graph":[{"@type":"WebPage","@id":"https:\/\/catalogo.artigosortopedicos.com\/endurance\/produto\/imobilizador-de-cotovelo-x-act-elbow\/","url":"https:\/\/catalogo.artigosortopedicos.com\/endurance\/produto\/imobilizador-de-cotovelo-x-act-elbow\/","name":"IMOBILIZADOR DE COTOVELO X-ACT ELBOW - Artigos ortop\u00e9dicos | Endurance","isPartOf":{"@id":"https:\/\/catalogo.artigosortopedicos.com\/endurance\/#website"},"primaryImageOfPage":{"@id":"https:\/\/catalogo.artigosortopedicos.com\/endurance\/produto\/imobilizador-de-cotovelo-x-act-elbow\/#primaryimage"},"image":{"@id":"https:\/\/catalogo.artigosortopedicos.com\/endurance\/produto\/imobilizador-de-cotovelo-x-act-elbow\/#primaryimage"},"thumbnailUrl":"https:\/\/catalogo.artigosortopedicos.com\/endurance\/wp-content\/uploads\/2021\/12\/36.jpg","datePublished":"2021-12-31T19:00:59+00:00","dateModified":"2025-01-24T15:33:03+00:00","breadcrumb":{"@id":"https:\/\/catalogo.artigosortopedicos.com\/endurance\/produto\/imobilizador-de-cotovelo-x-act-elbow\/#breadcrumb"},"inLanguage":"pt-BR","potentialAction":[{"@type":"ReadAction","target":["https:\/\/catalogo.artigosortopedicos.com\/endurance\/produto\/imobilizador-de-cotovelo-x-act-elbow\/"]}]},{"@type":"ImageObject","inLanguage":"pt-BR","@id":"https:\/\/catalogo.artigosortopedicos.com\/endurance\/produto\/imobilizador-de-cotovelo-x-act-elbow\/#primaryimage","url":"https:\/\/catalogo.artigosortopedicos.com\/endurance\/wp-content\/uploads\/2021\/12\/36.jpg","contentUrl":"https:\/\/catalogo.artigosortopedicos.com\/endurance\/wp-content\/uploads\/2021\/12\/36.jpg","width":646,"height":543},{"@type":"BreadcrumbList","@id":"https:\/\/catalogo.artigosortopedicos.com\/endurance\/produto\/imobilizador-de-cotovelo-x-act-elbow\/#breadcrumb","itemListElement":[{"@type":"ListItem","position":1,"name":"In\u00edcio","item":"https:\/\/catalogo.artigosortopedicos.com\/endurance\/"},{"@type":"ListItem","position":2,"name":"Loja","item":"https:\/\/catalogo.artigosortopedicos.com\/endurance\/"},{"@type":"ListItem","position":3,"name":"IMOBILIZADOR DE COTOVELO X-ACT ELBOW"}]},{"@type":"WebSite","@id":"https:\/\/catalogo.artigosortopedicos.com\/endurance\/#website","url":"https:\/\/catalogo.artigosortopedicos.com\/endurance\/","name":"Artigos ortop\u00e9dicos | Endurance","description":"Cat\u00e1logo de produtos","publisher":{"@id":"https:\/\/catalogo.artigosortopedicos.com\/endurance\/#organization"},"potentialAction":[{"@type":"SearchAction","target":{"@type":"EntryPoint","urlTemplate":"https:\/\/catalogo.artigosortopedicos.com\/endurance\/?s={search_term_string}"},"query-input":{"@type":"PropertyValueSpecification","valueRequired":true,"valueName":"search_term_string"}}],"inLanguage":"pt-BR"},{"@type":"Organization","@id":"https:\/\/catalogo.artigosortopedicos.com\/endurance\/#organization","name":"Artigos ortop\u00e9dicos | Endurance","url":"https:\/\/catalogo.artigosortopedicos.com\/endurance\/","logo":{"@type":"ImageObject","inLanguage":"pt-BR","@id":"https:\/\/catalogo.artigosortopedicos.com\/endurance\/#\/schema\/logo\/image\/","url":"https:\/\/catalogo.artigosortopedicos.com\/endurance\/wp-content\/uploads\/2022\/01\/cropped-56b2cef4-4750-455a-af10-33ad25230477.jpg","contentUrl":"https:\/\/catalogo.artigosortopedicos.com\/endurance\/wp-content\/uploads\/2022\/01\/cropped-56b2cef4-4750-455a-af10-33ad25230477.jpg","width":481,"height":175,"caption":"Artigos ortop\u00e9dicos | Endurance"},"image":{"@id":"https:\/\/catalogo.artigosortopedicos.com\/endurance\/#\/schema\/logo\/image\/"}}]}},"_links":{"self":[{"href":"https:\/\/catalogo.artigosortopedicos.com\/endurance\/wp-json\/wp\/v2\/product\/8109","targetHints":{"allow":["GET"]}}],"collection":[{"href":"https:\/\/catalogo.artigosortopedicos.com\/endurance\/wp-json\/wp\/v2\/product"}],"about":[{"href":"https:\/\/catalogo.artigosortopedicos.com\/endurance\/wp-json\/wp\/v2\/types\/product"}],"wp:featuredmedia":[{"embeddable":true,"href":"https:\/\/catalogo.artigosortopedicos.com\/endurance\/wp-json\/wp\/v2\/media\/8110"}],"wp:attachment":[{"href":"https:\/\/catalogo.artigosortopedicos.com\/endurance\/wp-json\/wp\/v2\/media?parent=8109"}],"wp:term":[{"taxonomy":"product_brand","embeddable":true,"href":"https:\/\/catalogo.artigosortopedicos.com\/endurance\/wp-json\/wp\/v2\/product_brand?post=8109"},{"taxonomy":"product_cat","embeddable":true,"href":"https:\/\/catalogo.artigosortopedicos.com\/endurance\/wp-json\/wp\/v2\/product_cat?post=8109"},{"taxonomy":"product_tag","embeddable":true,"href":"https:\/\/catalogo.artigosortopedicos.com\/endurance\/wp-json\/wp\/v2\/product_tag?post=8109"}],"curies":[{"name":"wp","href":"https:\/\/api.w.org\/{rel}","templated":true}]}}