{"id":8139,"date":"2021-12-31T16:52:45","date_gmt":"2021-12-31T19:52:45","guid":{"rendered":"http:\/\/catalogo.artigosortopedicos.com\/endurance\/?post_type=product&#038;p=8139"},"modified":"2025-01-24T12:33:07","modified_gmt":"2025-01-24T15:33:07","slug":"joelheira-articulada-reaction-knee-brace","status":"publish","type":"product","link":"https:\/\/catalogo.artigosortopedicos.com\/endurance\/produto\/joelheira-articulada-reaction-knee-brace\/","title":{"rendered":"JOELHEIRA ARTICULADA &#8221; REACTION KNEE BRACE &#8220;"},"content":{"rendered":"<p>ASSINTA AO VIDEO DE DEMONSTRA\u00c7\u00c3O DO PRODUTO<\/p>\n<div class=\"video-container\"><iframe title=\"DonJoy Reaction Knee Brace\" width=\"1170\" height=\"658\" src=\"https:\/\/www.youtube.com\/embed\/OVy6tlcNrMI?feature=oembed\" frameborder=\"0\" allow=\"accelerometer; autoplay; clipboard-write; encrypted-media; gyroscope; picture-in-picture; web-share\" referrerpolicy=\"strict-origin-when-cross-origin\" allowfullscreen><\/iframe><\/div>\n<p><strong>Joelheira Articulada Reaction Knee Brace<\/strong><\/p>\n<p>A Joelheira Articulada Reaction Knee Brace \u00e9 a resposta ativa e efetiva para o al\u00edvio de dores no joelho, sendo uma alternativa para as cl\u00e1ssicas joelheiras. O seu desenho de malha el\u00e1stica alivia a dor dispersando a energia por todo o joelho.<br \/>\nIndicada para pacientes com dor femoro patelar, dor no joelho relacionada a condromal\u00e1cia, s\u00edndrome de Osgood-Schlatter, artrite femoro patelar moderada, osteoartrite bicompartimental inicial, tendinite patelar e do quadr\u00edceps.<\/p>\n<p><strong>CARACTER\u00cdSTICAS:<\/strong><\/p>\n<p>&#8211;\u00a0O desenho da malha el\u00e1stica alivia a dor progressivamante dispersando a energia por todo o joelho, os componentes extensivos absorvem o impacto e difundem as for\u00e7as fora da zona dolorida.<br \/>\n&#8211; O desenho em forma de &#8220;REDE&#8221; favorece a estabiliza\u00e7\u00e3o da patela de forma din\u00e2mica, criando por sua vez uma tens\u00e3o em cima do quadr\u00edceps e do tend\u00e3o patelar, aliviando assim a dor.<\/p>\n<p>&#8211; Por serem flex\u00edveis, as articula\u00e7\u00f5es &#8220;DUAL AXIS&#8221; mant\u00e9m o joelho em uma posi\u00e7\u00e3o neutra.<\/p>\n<p>&#8211; A abertura no popl\u00edteo proporciona maior conforto e um ajuste perfeito ao redor da patela, adaptando-se\u00a0perfeitamente \u00e0s caracter\u00edsticas anat\u00f4micas do joelho.<\/p>\n<p>&#8211;\u00a0As tiras ajust\u00e1veis ajudam na estabilidade da \u00f3rtese e que a mesma se mantenha em sua posi\u00e7\u00e3o original durante todo o tempo de uso.<\/p>\n<p>&#8211; 1 ano de garantia na estrutura e dobradi\u00e7as.<\/p>\n<p><strong>Instru\u00e7\u00f5es para medida do tamanho do produto:<\/strong><\/p>\n<p>1) posicione a fita m\u00e9trica no meio do joelho (patela);<\/p>\n<p>2) me\u00e7a 15 cm. acima;<\/p>\n<p>3) a partir do ponto encontrado na coxa, tire a circunfer\u00eancia.<\/p>\n<p><strong>A medida encontrada dever\u00e1 ser enquadrada conforme abaixo:<\/strong><\/p>\n<p>X Pequeno \/ Pequeno &#8211; 33 a 46 cm.<\/p>\n<p>M\u00e9dio \/ Grande &#8211; 47 a 59 cm.<\/p>\n<p>X Grande \/ XX Grande &#8211; 60 a 75 cm.<\/p>\n<p>XXX Grande &#8211; acima de 76 cm.<\/p>\n","protected":false},"excerpt":{"rendered":"<p>PRETO\/CINZA<\/p>\n","protected":false},"featured_media":8140,"template":"","meta":[],"product_brand":[],"product_cat":[127,188],"product_tag":[],"class_list":{"0":"post-8139","1":"product","2":"type-product","3":"status-publish","4":"has-post-thumbnail","6":"product_cat-endurance","7":"product_cat-cotovelo-e-joelho","9":"first","10":"instock","11":"shipping-taxable","12":"product-type-simple"},"yoast_head":"<!-- This site is optimized with the Yoast SEO plugin v25.7 - https:\/\/yoast.com\/wordpress\/plugins\/seo\/ -->\n<title>JOELHEIRA ARTICULADA &quot; REACTION KNEE BRACE &quot; - Artigos ortop\u00e9dicos | Endurance<\/title>\n<meta name=\"robots\" content=\"index, follow, max-snippet:-1, max-image-preview:large, max-video-preview:-1\" \/>\n<link rel=\"canonical\" href=\"https:\/\/catalogo.artigosortopedicos.com\/endurance\/produto\/joelheira-articulada-reaction-knee-brace\/\" \/>\n<meta property=\"og:locale\" content=\"pt_BR\" \/>\n<meta property=\"og:type\" content=\"article\" \/>\n<meta property=\"og:title\" content=\"JOELHEIRA ARTICULADA &quot; REACTION KNEE BRACE &quot; - Artigos ortop\u00e9dicos | Endurance\" \/>\n<meta property=\"og:description\" content=\"PRETO\/CINZA\" \/>\n<meta property=\"og:url\" content=\"https:\/\/catalogo.artigosortopedicos.com\/endurance\/produto\/joelheira-articulada-reaction-knee-brace\/\" \/>\n<meta property=\"og:site_name\" content=\"Artigos ortop\u00e9dicos | Endurance\" \/>\n<meta property=\"article:modified_time\" content=\"2025-01-24T15:33:07+00:00\" \/>\n<meta property=\"og:image\" content=\"https:\/\/catalogo.artigosortopedicos.com\/endurance\/wp-content\/uploads\/2021\/12\/42.jpg\" \/>\n\t<meta property=\"og:image:width\" content=\"646\" \/>\n\t<meta property=\"og:image:height\" content=\"543\" \/>\n\t<meta property=\"og:image:type\" content=\"image\/jpeg\" \/>\n<meta name=\"twitter:card\" content=\"summary_large_image\" \/>\n<meta name=\"twitter:label1\" content=\"Est. tempo de leitura\" \/>\n\t<meta name=\"twitter:data1\" content=\"2 minutos\" \/>\n<script type=\"application\/ld+json\" class=\"yoast-schema-graph\">{\"@context\":\"https:\/\/schema.org\",\"@graph\":[{\"@type\":\"WebPage\",\"@id\":\"https:\/\/catalogo.artigosortopedicos.com\/endurance\/produto\/joelheira-articulada-reaction-knee-brace\/\",\"url\":\"https:\/\/catalogo.artigosortopedicos.com\/endurance\/produto\/joelheira-articulada-reaction-knee-brace\/\",\"name\":\"JOELHEIRA ARTICULADA \\\" REACTION KNEE BRACE \\\" - Artigos ortop\u00e9dicos | Endurance\",\"isPartOf\":{\"@id\":\"https:\/\/catalogo.artigosortopedicos.com\/endurance\/#website\"},\"primaryImageOfPage\":{\"@id\":\"https:\/\/catalogo.artigosortopedicos.com\/endurance\/produto\/joelheira-articulada-reaction-knee-brace\/#primaryimage\"},\"image\":{\"@id\":\"https:\/\/catalogo.artigosortopedicos.com\/endurance\/produto\/joelheira-articulada-reaction-knee-brace\/#primaryimage\"},\"thumbnailUrl\":\"https:\/\/catalogo.artigosortopedicos.com\/endurance\/wp-content\/uploads\/2021\/12\/42.jpg\",\"datePublished\":\"2021-12-31T19:52:45+00:00\",\"dateModified\":\"2025-01-24T15:33:07+00:00\",\"breadcrumb\":{\"@id\":\"https:\/\/catalogo.artigosortopedicos.com\/endurance\/produto\/joelheira-articulada-reaction-knee-brace\/#breadcrumb\"},\"inLanguage\":\"pt-BR\",\"potentialAction\":[{\"@type\":\"ReadAction\",\"target\":[\"https:\/\/catalogo.artigosortopedicos.com\/endurance\/produto\/joelheira-articulada-reaction-knee-brace\/\"]}]},{\"@type\":\"ImageObject\",\"inLanguage\":\"pt-BR\",\"@id\":\"https:\/\/catalogo.artigosortopedicos.com\/endurance\/produto\/joelheira-articulada-reaction-knee-brace\/#primaryimage\",\"url\":\"https:\/\/catalogo.artigosortopedicos.com\/endurance\/wp-content\/uploads\/2021\/12\/42.jpg\",\"contentUrl\":\"https:\/\/catalogo.artigosortopedicos.com\/endurance\/wp-content\/uploads\/2021\/12\/42.jpg\",\"width\":646,\"height\":543},{\"@type\":\"BreadcrumbList\",\"@id\":\"https:\/\/catalogo.artigosortopedicos.com\/endurance\/produto\/joelheira-articulada-reaction-knee-brace\/#breadcrumb\",\"itemListElement\":[{\"@type\":\"ListItem\",\"position\":1,\"name\":\"In\u00edcio\",\"item\":\"https:\/\/catalogo.artigosortopedicos.com\/endurance\/\"},{\"@type\":\"ListItem\",\"position\":2,\"name\":\"Loja\",\"item\":\"https:\/\/catalogo.artigosortopedicos.com\/endurance\/\"},{\"@type\":\"ListItem\",\"position\":3,\"name\":\"JOELHEIRA ARTICULADA &#8221; REACTION KNEE BRACE &#8220;\"}]},{\"@type\":\"WebSite\",\"@id\":\"https:\/\/catalogo.artigosortopedicos.com\/endurance\/#website\",\"url\":\"https:\/\/catalogo.artigosortopedicos.com\/endurance\/\",\"name\":\"Artigos ortop\u00e9dicos | Endurance\",\"description\":\"Cat\u00e1logo de produtos\",\"publisher\":{\"@id\":\"https:\/\/catalogo.artigosortopedicos.com\/endurance\/#organization\"},\"potentialAction\":[{\"@type\":\"SearchAction\",\"target\":{\"@type\":\"EntryPoint\",\"urlTemplate\":\"https:\/\/catalogo.artigosortopedicos.com\/endurance\/?s={search_term_string}\"},\"query-input\":{\"@type\":\"PropertyValueSpecification\",\"valueRequired\":true,\"valueName\":\"search_term_string\"}}],\"inLanguage\":\"pt-BR\"},{\"@type\":\"Organization\",\"@id\":\"https:\/\/catalogo.artigosortopedicos.com\/endurance\/#organization\",\"name\":\"Artigos ortop\u00e9dicos | Endurance\",\"url\":\"https:\/\/catalogo.artigosortopedicos.com\/endurance\/\",\"logo\":{\"@type\":\"ImageObject\",\"inLanguage\":\"pt-BR\",\"@id\":\"https:\/\/catalogo.artigosortopedicos.com\/endurance\/#\/schema\/logo\/image\/\",\"url\":\"https:\/\/catalogo.artigosortopedicos.com\/endurance\/wp-content\/uploads\/2022\/01\/cropped-56b2cef4-4750-455a-af10-33ad25230477.jpg\",\"contentUrl\":\"https:\/\/catalogo.artigosortopedicos.com\/endurance\/wp-content\/uploads\/2022\/01\/cropped-56b2cef4-4750-455a-af10-33ad25230477.jpg\",\"width\":481,\"height\":175,\"caption\":\"Artigos ortop\u00e9dicos | Endurance\"},\"image\":{\"@id\":\"https:\/\/catalogo.artigosortopedicos.com\/endurance\/#\/schema\/logo\/image\/\"}}]}<\/script>\n<!-- \/ Yoast SEO plugin. -->","yoast_head_json":{"title":"JOELHEIRA ARTICULADA \" REACTION KNEE BRACE \" - Artigos ortop\u00e9dicos | Endurance","robots":{"index":"index","follow":"follow","max-snippet":"max-snippet:-1","max-image-preview":"max-image-preview:large","max-video-preview":"max-video-preview:-1"},"canonical":"https:\/\/catalogo.artigosortopedicos.com\/endurance\/produto\/joelheira-articulada-reaction-knee-brace\/","og_locale":"pt_BR","og_type":"article","og_title":"JOELHEIRA ARTICULADA \" REACTION KNEE BRACE \" - Artigos ortop\u00e9dicos | Endurance","og_description":"PRETO\/CINZA","og_url":"https:\/\/catalogo.artigosortopedicos.com\/endurance\/produto\/joelheira-articulada-reaction-knee-brace\/","og_site_name":"Artigos ortop\u00e9dicos | Endurance","article_modified_time":"2025-01-24T15:33:07+00:00","og_image":[{"width":646,"height":543,"url":"https:\/\/catalogo.artigosortopedicos.com\/endurance\/wp-content\/uploads\/2021\/12\/42.jpg","type":"image\/jpeg"}],"twitter_card":"summary_large_image","twitter_misc":{"Est. tempo de leitura":"2 minutos"},"schema":{"@context":"https:\/\/schema.org","@graph":[{"@type":"WebPage","@id":"https:\/\/catalogo.artigosortopedicos.com\/endurance\/produto\/joelheira-articulada-reaction-knee-brace\/","url":"https:\/\/catalogo.artigosortopedicos.com\/endurance\/produto\/joelheira-articulada-reaction-knee-brace\/","name":"JOELHEIRA ARTICULADA \" REACTION KNEE BRACE \" - Artigos ortop\u00e9dicos | Endurance","isPartOf":{"@id":"https:\/\/catalogo.artigosortopedicos.com\/endurance\/#website"},"primaryImageOfPage":{"@id":"https:\/\/catalogo.artigosortopedicos.com\/endurance\/produto\/joelheira-articulada-reaction-knee-brace\/#primaryimage"},"image":{"@id":"https:\/\/catalogo.artigosortopedicos.com\/endurance\/produto\/joelheira-articulada-reaction-knee-brace\/#primaryimage"},"thumbnailUrl":"https:\/\/catalogo.artigosortopedicos.com\/endurance\/wp-content\/uploads\/2021\/12\/42.jpg","datePublished":"2021-12-31T19:52:45+00:00","dateModified":"2025-01-24T15:33:07+00:00","breadcrumb":{"@id":"https:\/\/catalogo.artigosortopedicos.com\/endurance\/produto\/joelheira-articulada-reaction-knee-brace\/#breadcrumb"},"inLanguage":"pt-BR","potentialAction":[{"@type":"ReadAction","target":["https:\/\/catalogo.artigosortopedicos.com\/endurance\/produto\/joelheira-articulada-reaction-knee-brace\/"]}]},{"@type":"ImageObject","inLanguage":"pt-BR","@id":"https:\/\/catalogo.artigosortopedicos.com\/endurance\/produto\/joelheira-articulada-reaction-knee-brace\/#primaryimage","url":"https:\/\/catalogo.artigosortopedicos.com\/endurance\/wp-content\/uploads\/2021\/12\/42.jpg","contentUrl":"https:\/\/catalogo.artigosortopedicos.com\/endurance\/wp-content\/uploads\/2021\/12\/42.jpg","width":646,"height":543},{"@type":"BreadcrumbList","@id":"https:\/\/catalogo.artigosortopedicos.com\/endurance\/produto\/joelheira-articulada-reaction-knee-brace\/#breadcrumb","itemListElement":[{"@type":"ListItem","position":1,"name":"In\u00edcio","item":"https:\/\/catalogo.artigosortopedicos.com\/endurance\/"},{"@type":"ListItem","position":2,"name":"Loja","item":"https:\/\/catalogo.artigosortopedicos.com\/endurance\/"},{"@type":"ListItem","position":3,"name":"JOELHEIRA ARTICULADA &#8221; REACTION KNEE BRACE &#8220;"}]},{"@type":"WebSite","@id":"https:\/\/catalogo.artigosortopedicos.com\/endurance\/#website","url":"https:\/\/catalogo.artigosortopedicos.com\/endurance\/","name":"Artigos ortop\u00e9dicos | Endurance","description":"Cat\u00e1logo de produtos","publisher":{"@id":"https:\/\/catalogo.artigosortopedicos.com\/endurance\/#organization"},"potentialAction":[{"@type":"SearchAction","target":{"@type":"EntryPoint","urlTemplate":"https:\/\/catalogo.artigosortopedicos.com\/endurance\/?s={search_term_string}"},"query-input":{"@type":"PropertyValueSpecification","valueRequired":true,"valueName":"search_term_string"}}],"inLanguage":"pt-BR"},{"@type":"Organization","@id":"https:\/\/catalogo.artigosortopedicos.com\/endurance\/#organization","name":"Artigos ortop\u00e9dicos | Endurance","url":"https:\/\/catalogo.artigosortopedicos.com\/endurance\/","logo":{"@type":"ImageObject","inLanguage":"pt-BR","@id":"https:\/\/catalogo.artigosortopedicos.com\/endurance\/#\/schema\/logo\/image\/","url":"https:\/\/catalogo.artigosortopedicos.com\/endurance\/wp-content\/uploads\/2022\/01\/cropped-56b2cef4-4750-455a-af10-33ad25230477.jpg","contentUrl":"https:\/\/catalogo.artigosortopedicos.com\/endurance\/wp-content\/uploads\/2022\/01\/cropped-56b2cef4-4750-455a-af10-33ad25230477.jpg","width":481,"height":175,"caption":"Artigos ortop\u00e9dicos | Endurance"},"image":{"@id":"https:\/\/catalogo.artigosortopedicos.com\/endurance\/#\/schema\/logo\/image\/"}}]}},"_links":{"self":[{"href":"https:\/\/catalogo.artigosortopedicos.com\/endurance\/wp-json\/wp\/v2\/product\/8139","targetHints":{"allow":["GET"]}}],"collection":[{"href":"https:\/\/catalogo.artigosortopedicos.com\/endurance\/wp-json\/wp\/v2\/product"}],"about":[{"href":"https:\/\/catalogo.artigosortopedicos.com\/endurance\/wp-json\/wp\/v2\/types\/product"}],"wp:featuredmedia":[{"embeddable":true,"href":"https:\/\/catalogo.artigosortopedicos.com\/endurance\/wp-json\/wp\/v2\/media\/8140"}],"wp:attachment":[{"href":"https:\/\/catalogo.artigosortopedicos.com\/endurance\/wp-json\/wp\/v2\/media?parent=8139"}],"wp:term":[{"taxonomy":"product_brand","embeddable":true,"href":"https:\/\/catalogo.artigosortopedicos.com\/endurance\/wp-json\/wp\/v2\/product_brand?post=8139"},{"taxonomy":"product_cat","embeddable":true,"href":"https:\/\/catalogo.artigosortopedicos.com\/endurance\/wp-json\/wp\/v2\/product_cat?post=8139"},{"taxonomy":"product_tag","embeddable":true,"href":"https:\/\/catalogo.artigosortopedicos.com\/endurance\/wp-json\/wp\/v2\/product_tag?post=8139"}],"curies":[{"name":"wp","href":"https:\/\/api.w.org\/{rel}","templated":true}]}}