{"id":8164,"date":"2022-01-01T09:33:07","date_gmt":"2022-01-01T12:33:07","guid":{"rendered":"http:\/\/catalogo.artigosortopedicos.com\/endurance\/?post_type=product&#038;p=8164"},"modified":"2025-01-24T12:33:13","modified_gmt":"2025-01-24T15:33:13","slug":"joelheira-funcional-playmaker-ii","status":"publish","type":"product","link":"https:\/\/catalogo.artigosortopedicos.com\/endurance\/produto\/joelheira-funcional-playmaker-ii\/","title":{"rendered":"JOELHEIRA FUNCIONAL &#8221; PLAYMAKER II &#8220;"},"content":{"rendered":"<p>ASSINTA AO VIDEO DE DEMONSTRA\u00c7\u00c3O DO PRODUTO<\/p>\n<div class=\"video-container\"><iframe title=\"DonJoy Playmaker Ligament Knee Brace\" width=\"1170\" height=\"658\" src=\"https:\/\/www.youtube.com\/embed\/0aW7JwzhUpM?feature=oembed\" frameborder=\"0\" allow=\"accelerometer; autoplay; clipboard-write; encrypted-media; gyroscope; picture-in-picture; web-share\" referrerpolicy=\"strict-origin-when-cross-origin\" allowfullscreen><\/iframe><\/div>\n<p>&nbsp;<\/p>\n<p><strong>Brace Funcional em Neoprene Para Joelho &#8211; PLAYMAKER II<\/strong><\/p>\n<p>Joelheira articulada em neoprene\u00a0com hastes r\u00edgidas de alum\u00ednio lateral e medial com limitadores graduados para controle de flex\u00e3o e extens\u00e3o. Este brace funcional para joelho \u00e9 ideal para instabilidades leves a moderadas\u00a0decorrentes de les\u00f5es ligamentares. Recomendado\u00a0para esportes em geral, inclusive aqu\u00e1ticos, bem como para o dia-a-dia.<\/p>\n<p><strong>CARACTER\u00cdSTICAS:<\/strong><\/p>\n<p>&#8211;\u00a0Indicado para les\u00f5es de LCA, LCP, LCM, LCL\u00a0ou CI (instabilidade combinada).<\/p>\n<p>&#8211; Vers\u00e3o com abertura patelar e quatro tiras de velcro, proporcionando melhor ajuste e conforto.<\/p>\n<p>&#8211; As tiras de velcro podem ser colocadas ou retiradas, conforme o tipo de les\u00e3o.<\/p>\n<p>&#8211;\u00a0Controle de flex\u00e3o e extens\u00e3o, atrav\u00e9s de limitadores graduados que acompanham o produto.<\/p>\n<p>&#8211; Extens\u00e3o &#8211; 0\u00ba &#8211; 10\u00ba (j\u00e1 instalado) &#8211; 20\u00ba &#8211; 30\u00ba &#8211; 40\u00ba.<\/p>\n<p>&#8211; Flex\u00e3o &#8211; 45\u00ba &#8211; 60\u00ba &#8211; 75\u00ba &#8211; 90\u00ba.<\/p>\n<p>&#8211; 1 ano de garantia nas dobradi\u00e7as.<\/p>\n<p><strong>Instru\u00e7\u00f5es para medida do tamanho do produto:<\/strong><\/p>\n<p>1) posicione a fita m\u00e9trica no meio do joelho (patela);<\/p>\n<p>2) me\u00e7a 15 cm. acima;<\/p>\n<p>3) a partir do ponto encontrado na coxa, tire a circunfer\u00eancia.<\/p>\n<p><strong>A medida encontrada dever\u00e1 ser enquadrada conforme abaixo:<\/strong><\/p>\n<p>Pequeno &#8211; 38 a 47 cm.<\/p>\n<p>M\u00e9dio &#8211; 48 a 53 cm.<\/p>\n<p>Grande &#8211; 54 a 60 cm.<\/p>\n<p>X Grande &#8211; 61 a 67 cm.<\/p>\n","protected":false},"excerpt":{"rendered":"<p>BILATERAL TUBULAR<\/p>\n<p>NEOPRENE PRETO<\/p>\n","protected":false},"featured_media":8165,"template":"","meta":[],"product_brand":[],"product_cat":[127,188],"product_tag":[],"class_list":{"0":"post-8164","1":"product","2":"type-product","3":"status-publish","4":"has-post-thumbnail","6":"product_cat-endurance","7":"product_cat-cotovelo-e-joelho","9":"first","10":"instock","11":"shipping-taxable","12":"product-type-simple"},"yoast_head":"<!-- This site is optimized with the Yoast SEO plugin v25.7 - https:\/\/yoast.com\/wordpress\/plugins\/seo\/ -->\n<title>JOELHEIRA FUNCIONAL &quot; PLAYMAKER II &quot; - Artigos ortop\u00e9dicos | Endurance<\/title>\n<meta name=\"robots\" content=\"index, follow, max-snippet:-1, max-image-preview:large, max-video-preview:-1\" \/>\n<link rel=\"canonical\" href=\"https:\/\/catalogo.artigosortopedicos.com\/endurance\/produto\/joelheira-funcional-playmaker-ii\/\" \/>\n<meta property=\"og:locale\" content=\"pt_BR\" \/>\n<meta property=\"og:type\" content=\"article\" \/>\n<meta property=\"og:title\" content=\"JOELHEIRA FUNCIONAL &quot; PLAYMAKER II &quot; - Artigos ortop\u00e9dicos | Endurance\" \/>\n<meta property=\"og:description\" content=\"BILATERAL TUBULAR  NEOPRENE PRETO\" \/>\n<meta property=\"og:url\" content=\"https:\/\/catalogo.artigosortopedicos.com\/endurance\/produto\/joelheira-funcional-playmaker-ii\/\" \/>\n<meta property=\"og:site_name\" content=\"Artigos ortop\u00e9dicos | Endurance\" \/>\n<meta property=\"article:modified_time\" content=\"2025-01-24T15:33:13+00:00\" \/>\n<meta property=\"og:image\" content=\"https:\/\/catalogo.artigosortopedicos.com\/endurance\/wp-content\/uploads\/2022\/01\/46.jpg\" \/>\n\t<meta property=\"og:image:width\" content=\"646\" \/>\n\t<meta property=\"og:image:height\" content=\"543\" \/>\n\t<meta property=\"og:image:type\" content=\"image\/jpeg\" \/>\n<meta name=\"twitter:card\" content=\"summary_large_image\" \/>\n<meta name=\"twitter:label1\" content=\"Est. tempo de leitura\" \/>\n\t<meta name=\"twitter:data1\" content=\"2 minutos\" \/>\n<script type=\"application\/ld+json\" class=\"yoast-schema-graph\">{\"@context\":\"https:\/\/schema.org\",\"@graph\":[{\"@type\":\"WebPage\",\"@id\":\"https:\/\/catalogo.artigosortopedicos.com\/endurance\/produto\/joelheira-funcional-playmaker-ii\/\",\"url\":\"https:\/\/catalogo.artigosortopedicos.com\/endurance\/produto\/joelheira-funcional-playmaker-ii\/\",\"name\":\"JOELHEIRA FUNCIONAL \\\" PLAYMAKER II \\\" - Artigos ortop\u00e9dicos | Endurance\",\"isPartOf\":{\"@id\":\"https:\/\/catalogo.artigosortopedicos.com\/endurance\/#website\"},\"primaryImageOfPage\":{\"@id\":\"https:\/\/catalogo.artigosortopedicos.com\/endurance\/produto\/joelheira-funcional-playmaker-ii\/#primaryimage\"},\"image\":{\"@id\":\"https:\/\/catalogo.artigosortopedicos.com\/endurance\/produto\/joelheira-funcional-playmaker-ii\/#primaryimage\"},\"thumbnailUrl\":\"https:\/\/catalogo.artigosortopedicos.com\/endurance\/wp-content\/uploads\/2022\/01\/46.jpg\",\"datePublished\":\"2022-01-01T12:33:07+00:00\",\"dateModified\":\"2025-01-24T15:33:13+00:00\",\"breadcrumb\":{\"@id\":\"https:\/\/catalogo.artigosortopedicos.com\/endurance\/produto\/joelheira-funcional-playmaker-ii\/#breadcrumb\"},\"inLanguage\":\"pt-BR\",\"potentialAction\":[{\"@type\":\"ReadAction\",\"target\":[\"https:\/\/catalogo.artigosortopedicos.com\/endurance\/produto\/joelheira-funcional-playmaker-ii\/\"]}]},{\"@type\":\"ImageObject\",\"inLanguage\":\"pt-BR\",\"@id\":\"https:\/\/catalogo.artigosortopedicos.com\/endurance\/produto\/joelheira-funcional-playmaker-ii\/#primaryimage\",\"url\":\"https:\/\/catalogo.artigosortopedicos.com\/endurance\/wp-content\/uploads\/2022\/01\/46.jpg\",\"contentUrl\":\"https:\/\/catalogo.artigosortopedicos.com\/endurance\/wp-content\/uploads\/2022\/01\/46.jpg\",\"width\":646,\"height\":543},{\"@type\":\"BreadcrumbList\",\"@id\":\"https:\/\/catalogo.artigosortopedicos.com\/endurance\/produto\/joelheira-funcional-playmaker-ii\/#breadcrumb\",\"itemListElement\":[{\"@type\":\"ListItem\",\"position\":1,\"name\":\"In\u00edcio\",\"item\":\"https:\/\/catalogo.artigosortopedicos.com\/endurance\/\"},{\"@type\":\"ListItem\",\"position\":2,\"name\":\"Loja\",\"item\":\"https:\/\/catalogo.artigosortopedicos.com\/endurance\/\"},{\"@type\":\"ListItem\",\"position\":3,\"name\":\"JOELHEIRA FUNCIONAL &#8221; PLAYMAKER II &#8220;\"}]},{\"@type\":\"WebSite\",\"@id\":\"https:\/\/catalogo.artigosortopedicos.com\/endurance\/#website\",\"url\":\"https:\/\/catalogo.artigosortopedicos.com\/endurance\/\",\"name\":\"Artigos ortop\u00e9dicos | Endurance\",\"description\":\"Cat\u00e1logo de produtos\",\"publisher\":{\"@id\":\"https:\/\/catalogo.artigosortopedicos.com\/endurance\/#organization\"},\"potentialAction\":[{\"@type\":\"SearchAction\",\"target\":{\"@type\":\"EntryPoint\",\"urlTemplate\":\"https:\/\/catalogo.artigosortopedicos.com\/endurance\/?s={search_term_string}\"},\"query-input\":{\"@type\":\"PropertyValueSpecification\",\"valueRequired\":true,\"valueName\":\"search_term_string\"}}],\"inLanguage\":\"pt-BR\"},{\"@type\":\"Organization\",\"@id\":\"https:\/\/catalogo.artigosortopedicos.com\/endurance\/#organization\",\"name\":\"Artigos ortop\u00e9dicos | Endurance\",\"url\":\"https:\/\/catalogo.artigosortopedicos.com\/endurance\/\",\"logo\":{\"@type\":\"ImageObject\",\"inLanguage\":\"pt-BR\",\"@id\":\"https:\/\/catalogo.artigosortopedicos.com\/endurance\/#\/schema\/logo\/image\/\",\"url\":\"https:\/\/catalogo.artigosortopedicos.com\/endurance\/wp-content\/uploads\/2022\/01\/cropped-56b2cef4-4750-455a-af10-33ad25230477.jpg\",\"contentUrl\":\"https:\/\/catalogo.artigosortopedicos.com\/endurance\/wp-content\/uploads\/2022\/01\/cropped-56b2cef4-4750-455a-af10-33ad25230477.jpg\",\"width\":481,\"height\":175,\"caption\":\"Artigos ortop\u00e9dicos | Endurance\"},\"image\":{\"@id\":\"https:\/\/catalogo.artigosortopedicos.com\/endurance\/#\/schema\/logo\/image\/\"}}]}<\/script>\n<!-- \/ Yoast SEO plugin. -->","yoast_head_json":{"title":"JOELHEIRA FUNCIONAL \" PLAYMAKER II \" - Artigos ortop\u00e9dicos | Endurance","robots":{"index":"index","follow":"follow","max-snippet":"max-snippet:-1","max-image-preview":"max-image-preview:large","max-video-preview":"max-video-preview:-1"},"canonical":"https:\/\/catalogo.artigosortopedicos.com\/endurance\/produto\/joelheira-funcional-playmaker-ii\/","og_locale":"pt_BR","og_type":"article","og_title":"JOELHEIRA FUNCIONAL \" PLAYMAKER II \" - Artigos ortop\u00e9dicos | Endurance","og_description":"BILATERAL TUBULAR  NEOPRENE PRETO","og_url":"https:\/\/catalogo.artigosortopedicos.com\/endurance\/produto\/joelheira-funcional-playmaker-ii\/","og_site_name":"Artigos ortop\u00e9dicos | Endurance","article_modified_time":"2025-01-24T15:33:13+00:00","og_image":[{"width":646,"height":543,"url":"https:\/\/catalogo.artigosortopedicos.com\/endurance\/wp-content\/uploads\/2022\/01\/46.jpg","type":"image\/jpeg"}],"twitter_card":"summary_large_image","twitter_misc":{"Est. tempo de leitura":"2 minutos"},"schema":{"@context":"https:\/\/schema.org","@graph":[{"@type":"WebPage","@id":"https:\/\/catalogo.artigosortopedicos.com\/endurance\/produto\/joelheira-funcional-playmaker-ii\/","url":"https:\/\/catalogo.artigosortopedicos.com\/endurance\/produto\/joelheira-funcional-playmaker-ii\/","name":"JOELHEIRA FUNCIONAL \" PLAYMAKER II \" - Artigos ortop\u00e9dicos | Endurance","isPartOf":{"@id":"https:\/\/catalogo.artigosortopedicos.com\/endurance\/#website"},"primaryImageOfPage":{"@id":"https:\/\/catalogo.artigosortopedicos.com\/endurance\/produto\/joelheira-funcional-playmaker-ii\/#primaryimage"},"image":{"@id":"https:\/\/catalogo.artigosortopedicos.com\/endurance\/produto\/joelheira-funcional-playmaker-ii\/#primaryimage"},"thumbnailUrl":"https:\/\/catalogo.artigosortopedicos.com\/endurance\/wp-content\/uploads\/2022\/01\/46.jpg","datePublished":"2022-01-01T12:33:07+00:00","dateModified":"2025-01-24T15:33:13+00:00","breadcrumb":{"@id":"https:\/\/catalogo.artigosortopedicos.com\/endurance\/produto\/joelheira-funcional-playmaker-ii\/#breadcrumb"},"inLanguage":"pt-BR","potentialAction":[{"@type":"ReadAction","target":["https:\/\/catalogo.artigosortopedicos.com\/endurance\/produto\/joelheira-funcional-playmaker-ii\/"]}]},{"@type":"ImageObject","inLanguage":"pt-BR","@id":"https:\/\/catalogo.artigosortopedicos.com\/endurance\/produto\/joelheira-funcional-playmaker-ii\/#primaryimage","url":"https:\/\/catalogo.artigosortopedicos.com\/endurance\/wp-content\/uploads\/2022\/01\/46.jpg","contentUrl":"https:\/\/catalogo.artigosortopedicos.com\/endurance\/wp-content\/uploads\/2022\/01\/46.jpg","width":646,"height":543},{"@type":"BreadcrumbList","@id":"https:\/\/catalogo.artigosortopedicos.com\/endurance\/produto\/joelheira-funcional-playmaker-ii\/#breadcrumb","itemListElement":[{"@type":"ListItem","position":1,"name":"In\u00edcio","item":"https:\/\/catalogo.artigosortopedicos.com\/endurance\/"},{"@type":"ListItem","position":2,"name":"Loja","item":"https:\/\/catalogo.artigosortopedicos.com\/endurance\/"},{"@type":"ListItem","position":3,"name":"JOELHEIRA FUNCIONAL &#8221; PLAYMAKER II &#8220;"}]},{"@type":"WebSite","@id":"https:\/\/catalogo.artigosortopedicos.com\/endurance\/#website","url":"https:\/\/catalogo.artigosortopedicos.com\/endurance\/","name":"Artigos ortop\u00e9dicos | Endurance","description":"Cat\u00e1logo de produtos","publisher":{"@id":"https:\/\/catalogo.artigosortopedicos.com\/endurance\/#organization"},"potentialAction":[{"@type":"SearchAction","target":{"@type":"EntryPoint","urlTemplate":"https:\/\/catalogo.artigosortopedicos.com\/endurance\/?s={search_term_string}"},"query-input":{"@type":"PropertyValueSpecification","valueRequired":true,"valueName":"search_term_string"}}],"inLanguage":"pt-BR"},{"@type":"Organization","@id":"https:\/\/catalogo.artigosortopedicos.com\/endurance\/#organization","name":"Artigos ortop\u00e9dicos | Endurance","url":"https:\/\/catalogo.artigosortopedicos.com\/endurance\/","logo":{"@type":"ImageObject","inLanguage":"pt-BR","@id":"https:\/\/catalogo.artigosortopedicos.com\/endurance\/#\/schema\/logo\/image\/","url":"https:\/\/catalogo.artigosortopedicos.com\/endurance\/wp-content\/uploads\/2022\/01\/cropped-56b2cef4-4750-455a-af10-33ad25230477.jpg","contentUrl":"https:\/\/catalogo.artigosortopedicos.com\/endurance\/wp-content\/uploads\/2022\/01\/cropped-56b2cef4-4750-455a-af10-33ad25230477.jpg","width":481,"height":175,"caption":"Artigos ortop\u00e9dicos | Endurance"},"image":{"@id":"https:\/\/catalogo.artigosortopedicos.com\/endurance\/#\/schema\/logo\/image\/"}}]}},"_links":{"self":[{"href":"https:\/\/catalogo.artigosortopedicos.com\/endurance\/wp-json\/wp\/v2\/product\/8164","targetHints":{"allow":["GET"]}}],"collection":[{"href":"https:\/\/catalogo.artigosortopedicos.com\/endurance\/wp-json\/wp\/v2\/product"}],"about":[{"href":"https:\/\/catalogo.artigosortopedicos.com\/endurance\/wp-json\/wp\/v2\/types\/product"}],"wp:featuredmedia":[{"embeddable":true,"href":"https:\/\/catalogo.artigosortopedicos.com\/endurance\/wp-json\/wp\/v2\/media\/8165"}],"wp:attachment":[{"href":"https:\/\/catalogo.artigosortopedicos.com\/endurance\/wp-json\/wp\/v2\/media?parent=8164"}],"wp:term":[{"taxonomy":"product_brand","embeddable":true,"href":"https:\/\/catalogo.artigosortopedicos.com\/endurance\/wp-json\/wp\/v2\/product_brand?post=8164"},{"taxonomy":"product_cat","embeddable":true,"href":"https:\/\/catalogo.artigosortopedicos.com\/endurance\/wp-json\/wp\/v2\/product_cat?post=8164"},{"taxonomy":"product_tag","embeddable":true,"href":"https:\/\/catalogo.artigosortopedicos.com\/endurance\/wp-json\/wp\/v2\/product_tag?post=8164"}],"curies":[{"name":"wp","href":"https:\/\/api.w.org\/{rel}","templated":true}]}}