{"id":8208,"date":"2022-01-01T10:19:53","date_gmt":"2022-01-01T13:19:53","guid":{"rendered":"http:\/\/catalogo.artigosortopedicos.com\/endurance\/?post_type=product&#038;p=8208"},"modified":"2025-01-24T12:33:29","modified_gmt":"2025-01-24T15:33:29","slug":"brace-funcional-p-joelho-renegade","status":"publish","type":"product","link":"https:\/\/catalogo.artigosortopedicos.com\/endurance\/produto\/brace-funcional-p-joelho-renegade\/","title":{"rendered":"BRACE FUNCIONAL P\/JOELHO &#8221; RENEGADE &#8220;"},"content":{"rendered":"<p><strong>Brace Funcional Para Joelho &#8211; Renegade<\/strong><\/p>\n<p>Brace resistente e leve (pesa apenas 515 gramas), produto com baixo perfil, produzido em estrutura de alum\u00ednio com padr\u00e3o aeron\u00e1utico. Ideal para instabilidades moderadas a severas decorrentes de les\u00f5es ligamentares e\u00a0HIPEREXTENS\u00c3O\u00a0do joelho ou mesmo uso profil\u00e1tico. Recomendado para esportes em geral, inclusive aqu\u00e1ticos, bem como para o dia-a-dia.<\/p>\n<p><strong>CARACTER\u00cdSTICAS:<\/strong><\/p>\n<p>&#8211;\u00a0Sistema de alavanca com 4 pontos de sustenta\u00e7\u00e3o proporciona redu\u00e7\u00e3o significativa da tens\u00e3o no ACL.<\/p>\n<p>&#8211; Indicado para les\u00f5es de LCA, LCP, LCM, LCL ou CI (instabilidade combinada) e\u00a0HIPEREXTENS\u00c3O\u00a0do joelho.<\/p>\n<p>&#8211; Apoios mold\u00e1veis para ajuste personalizado, forros e almofadas de camur\u00e7a ultra macios incentivam o movimento confort\u00e1vel.<\/p>\n<p>&#8211; Tiras e almofadas remov\u00edveis.<\/p>\n<p>&#8211; Velcros numerados (para facilitar a seq\u00fc\u00eancia de ajustes).<\/p>\n<p>&#8211; Controle de flex\u00e3o e extens\u00e3o, atrav\u00e9s de limitadores graduados que acompanham o produto.<\/p>\n<p>Extens\u00e3o &#8211; 0\u00ba &#8211; 10\u00ba (j\u00e1 instalado) &#8211; 20\u00ba &#8211; 30\u00ba &#8211; 40\u00ba.<\/p>\n<p>Flex\u00e3o &#8211; 45\u00ba &#8211; 60\u00ba &#8211; 75\u00ba &#8211; 90\u00ba.<\/p>\n<p>&#8211; 1 ano de garantia na estrutura e dobradi\u00e7as.<\/p>\n<p><strong>Instru\u00e7\u00f5es para medida do tamanho do produto:<\/strong><\/p>\n<p>1) posicione a fita m\u00e9trica no meio do joelho (patela);<\/p>\n<p>2) me\u00e7a 15 cm. acima;<\/p>\n<p>3) a partir do ponto encontrado na coxa, tire a circunfer\u00eancia.<\/p>\n<p><strong>A medida encontrada dever\u00e1 ser enquadrada conforme abaixo:<\/strong><\/p>\n<p>Pequeno &#8211; 38 a 47 cm.<\/p>\n<p>M\u00e9dio &#8211; 48 a 53 cm.<\/p>\n<p>Grande &#8211; 54 a 60 cm.<\/p>\n<p>X Grande &#8211; 61 a 67 cm.<\/p>\n","protected":false},"excerpt":{"rendered":"<p>PARA HIPEREXTEN\u00c7\u00c3O (RECURVATO)<\/p>\n<p>ALUMINIO BRANCO<\/p>\n<p>LADO: ESQUERDO \/ DIREITO<\/p>\n","protected":false},"featured_media":8209,"template":"","meta":[],"product_brand":[],"product_cat":[127,188],"product_tag":[],"class_list":{"0":"post-8208","1":"product","2":"type-product","3":"status-publish","4":"has-post-thumbnail","6":"product_cat-endurance","7":"product_cat-cotovelo-e-joelho","9":"first","10":"instock","11":"shipping-taxable","12":"product-type-simple"},"yoast_head":"<!-- This site is optimized with the Yoast SEO plugin v25.7 - https:\/\/yoast.com\/wordpress\/plugins\/seo\/ -->\n<title>BRACE FUNCIONAL P\/JOELHO &quot; RENEGADE &quot; - Artigos ortop\u00e9dicos | Endurance<\/title>\n<meta name=\"robots\" content=\"index, follow, max-snippet:-1, max-image-preview:large, max-video-preview:-1\" \/>\n<link rel=\"canonical\" href=\"https:\/\/catalogo.artigosortopedicos.com\/endurance\/produto\/brace-funcional-p-joelho-renegade\/\" \/>\n<meta property=\"og:locale\" content=\"pt_BR\" \/>\n<meta property=\"og:type\" content=\"article\" \/>\n<meta property=\"og:title\" content=\"BRACE FUNCIONAL P\/JOELHO &quot; RENEGADE &quot; - Artigos ortop\u00e9dicos | Endurance\" \/>\n<meta property=\"og:description\" content=\"PARA HIPEREXTEN\u00c7\u00c3O (RECURVATO)  ALUMINIO BRANCO  LADO: ESQUERDO \/ DIREITO\" \/>\n<meta property=\"og:url\" content=\"https:\/\/catalogo.artigosortopedicos.com\/endurance\/produto\/brace-funcional-p-joelho-renegade\/\" \/>\n<meta property=\"og:site_name\" content=\"Artigos ortop\u00e9dicos | Endurance\" \/>\n<meta property=\"article:modified_time\" content=\"2025-01-24T15:33:29+00:00\" \/>\n<meta property=\"og:image\" content=\"https:\/\/catalogo.artigosortopedicos.com\/endurance\/wp-content\/uploads\/2022\/01\/49.jpg\" \/>\n\t<meta property=\"og:image:width\" content=\"646\" \/>\n\t<meta property=\"og:image:height\" content=\"543\" \/>\n\t<meta property=\"og:image:type\" content=\"image\/jpeg\" \/>\n<meta name=\"twitter:card\" content=\"summary_large_image\" \/>\n<meta name=\"twitter:label1\" content=\"Est. tempo de leitura\" \/>\n\t<meta name=\"twitter:data1\" content=\"2 minutos\" \/>\n<script type=\"application\/ld+json\" class=\"yoast-schema-graph\">{\"@context\":\"https:\/\/schema.org\",\"@graph\":[{\"@type\":\"WebPage\",\"@id\":\"https:\/\/catalogo.artigosortopedicos.com\/endurance\/produto\/brace-funcional-p-joelho-renegade\/\",\"url\":\"https:\/\/catalogo.artigosortopedicos.com\/endurance\/produto\/brace-funcional-p-joelho-renegade\/\",\"name\":\"BRACE FUNCIONAL P\/JOELHO \\\" RENEGADE \\\" - Artigos ortop\u00e9dicos | Endurance\",\"isPartOf\":{\"@id\":\"https:\/\/catalogo.artigosortopedicos.com\/endurance\/#website\"},\"primaryImageOfPage\":{\"@id\":\"https:\/\/catalogo.artigosortopedicos.com\/endurance\/produto\/brace-funcional-p-joelho-renegade\/#primaryimage\"},\"image\":{\"@id\":\"https:\/\/catalogo.artigosortopedicos.com\/endurance\/produto\/brace-funcional-p-joelho-renegade\/#primaryimage\"},\"thumbnailUrl\":\"https:\/\/catalogo.artigosortopedicos.com\/endurance\/wp-content\/uploads\/2022\/01\/49.jpg\",\"datePublished\":\"2022-01-01T13:19:53+00:00\",\"dateModified\":\"2025-01-24T15:33:29+00:00\",\"breadcrumb\":{\"@id\":\"https:\/\/catalogo.artigosortopedicos.com\/endurance\/produto\/brace-funcional-p-joelho-renegade\/#breadcrumb\"},\"inLanguage\":\"pt-BR\",\"potentialAction\":[{\"@type\":\"ReadAction\",\"target\":[\"https:\/\/catalogo.artigosortopedicos.com\/endurance\/produto\/brace-funcional-p-joelho-renegade\/\"]}]},{\"@type\":\"ImageObject\",\"inLanguage\":\"pt-BR\",\"@id\":\"https:\/\/catalogo.artigosortopedicos.com\/endurance\/produto\/brace-funcional-p-joelho-renegade\/#primaryimage\",\"url\":\"https:\/\/catalogo.artigosortopedicos.com\/endurance\/wp-content\/uploads\/2022\/01\/49.jpg\",\"contentUrl\":\"https:\/\/catalogo.artigosortopedicos.com\/endurance\/wp-content\/uploads\/2022\/01\/49.jpg\",\"width\":646,\"height\":543},{\"@type\":\"BreadcrumbList\",\"@id\":\"https:\/\/catalogo.artigosortopedicos.com\/endurance\/produto\/brace-funcional-p-joelho-renegade\/#breadcrumb\",\"itemListElement\":[{\"@type\":\"ListItem\",\"position\":1,\"name\":\"In\u00edcio\",\"item\":\"https:\/\/catalogo.artigosortopedicos.com\/endurance\/\"},{\"@type\":\"ListItem\",\"position\":2,\"name\":\"Loja\",\"item\":\"https:\/\/catalogo.artigosortopedicos.com\/endurance\/\"},{\"@type\":\"ListItem\",\"position\":3,\"name\":\"BRACE FUNCIONAL P\/JOELHO &#8221; RENEGADE &#8220;\"}]},{\"@type\":\"WebSite\",\"@id\":\"https:\/\/catalogo.artigosortopedicos.com\/endurance\/#website\",\"url\":\"https:\/\/catalogo.artigosortopedicos.com\/endurance\/\",\"name\":\"Artigos ortop\u00e9dicos | Endurance\",\"description\":\"Cat\u00e1logo de produtos\",\"publisher\":{\"@id\":\"https:\/\/catalogo.artigosortopedicos.com\/endurance\/#organization\"},\"potentialAction\":[{\"@type\":\"SearchAction\",\"target\":{\"@type\":\"EntryPoint\",\"urlTemplate\":\"https:\/\/catalogo.artigosortopedicos.com\/endurance\/?s={search_term_string}\"},\"query-input\":{\"@type\":\"PropertyValueSpecification\",\"valueRequired\":true,\"valueName\":\"search_term_string\"}}],\"inLanguage\":\"pt-BR\"},{\"@type\":\"Organization\",\"@id\":\"https:\/\/catalogo.artigosortopedicos.com\/endurance\/#organization\",\"name\":\"Artigos ortop\u00e9dicos | Endurance\",\"url\":\"https:\/\/catalogo.artigosortopedicos.com\/endurance\/\",\"logo\":{\"@type\":\"ImageObject\",\"inLanguage\":\"pt-BR\",\"@id\":\"https:\/\/catalogo.artigosortopedicos.com\/endurance\/#\/schema\/logo\/image\/\",\"url\":\"https:\/\/catalogo.artigosortopedicos.com\/endurance\/wp-content\/uploads\/2022\/01\/cropped-56b2cef4-4750-455a-af10-33ad25230477.jpg\",\"contentUrl\":\"https:\/\/catalogo.artigosortopedicos.com\/endurance\/wp-content\/uploads\/2022\/01\/cropped-56b2cef4-4750-455a-af10-33ad25230477.jpg\",\"width\":481,\"height\":175,\"caption\":\"Artigos ortop\u00e9dicos | Endurance\"},\"image\":{\"@id\":\"https:\/\/catalogo.artigosortopedicos.com\/endurance\/#\/schema\/logo\/image\/\"}}]}<\/script>\n<!-- \/ Yoast SEO plugin. -->","yoast_head_json":{"title":"BRACE FUNCIONAL P\/JOELHO \" RENEGADE \" - Artigos ortop\u00e9dicos | Endurance","robots":{"index":"index","follow":"follow","max-snippet":"max-snippet:-1","max-image-preview":"max-image-preview:large","max-video-preview":"max-video-preview:-1"},"canonical":"https:\/\/catalogo.artigosortopedicos.com\/endurance\/produto\/brace-funcional-p-joelho-renegade\/","og_locale":"pt_BR","og_type":"article","og_title":"BRACE FUNCIONAL P\/JOELHO \" RENEGADE \" - Artigos ortop\u00e9dicos | Endurance","og_description":"PARA HIPEREXTEN\u00c7\u00c3O (RECURVATO)  ALUMINIO BRANCO  LADO: ESQUERDO \/ DIREITO","og_url":"https:\/\/catalogo.artigosortopedicos.com\/endurance\/produto\/brace-funcional-p-joelho-renegade\/","og_site_name":"Artigos ortop\u00e9dicos | Endurance","article_modified_time":"2025-01-24T15:33:29+00:00","og_image":[{"width":646,"height":543,"url":"https:\/\/catalogo.artigosortopedicos.com\/endurance\/wp-content\/uploads\/2022\/01\/49.jpg","type":"image\/jpeg"}],"twitter_card":"summary_large_image","twitter_misc":{"Est. tempo de leitura":"2 minutos"},"schema":{"@context":"https:\/\/schema.org","@graph":[{"@type":"WebPage","@id":"https:\/\/catalogo.artigosortopedicos.com\/endurance\/produto\/brace-funcional-p-joelho-renegade\/","url":"https:\/\/catalogo.artigosortopedicos.com\/endurance\/produto\/brace-funcional-p-joelho-renegade\/","name":"BRACE FUNCIONAL P\/JOELHO \" RENEGADE \" - Artigos ortop\u00e9dicos | Endurance","isPartOf":{"@id":"https:\/\/catalogo.artigosortopedicos.com\/endurance\/#website"},"primaryImageOfPage":{"@id":"https:\/\/catalogo.artigosortopedicos.com\/endurance\/produto\/brace-funcional-p-joelho-renegade\/#primaryimage"},"image":{"@id":"https:\/\/catalogo.artigosortopedicos.com\/endurance\/produto\/brace-funcional-p-joelho-renegade\/#primaryimage"},"thumbnailUrl":"https:\/\/catalogo.artigosortopedicos.com\/endurance\/wp-content\/uploads\/2022\/01\/49.jpg","datePublished":"2022-01-01T13:19:53+00:00","dateModified":"2025-01-24T15:33:29+00:00","breadcrumb":{"@id":"https:\/\/catalogo.artigosortopedicos.com\/endurance\/produto\/brace-funcional-p-joelho-renegade\/#breadcrumb"},"inLanguage":"pt-BR","potentialAction":[{"@type":"ReadAction","target":["https:\/\/catalogo.artigosortopedicos.com\/endurance\/produto\/brace-funcional-p-joelho-renegade\/"]}]},{"@type":"ImageObject","inLanguage":"pt-BR","@id":"https:\/\/catalogo.artigosortopedicos.com\/endurance\/produto\/brace-funcional-p-joelho-renegade\/#primaryimage","url":"https:\/\/catalogo.artigosortopedicos.com\/endurance\/wp-content\/uploads\/2022\/01\/49.jpg","contentUrl":"https:\/\/catalogo.artigosortopedicos.com\/endurance\/wp-content\/uploads\/2022\/01\/49.jpg","width":646,"height":543},{"@type":"BreadcrumbList","@id":"https:\/\/catalogo.artigosortopedicos.com\/endurance\/produto\/brace-funcional-p-joelho-renegade\/#breadcrumb","itemListElement":[{"@type":"ListItem","position":1,"name":"In\u00edcio","item":"https:\/\/catalogo.artigosortopedicos.com\/endurance\/"},{"@type":"ListItem","position":2,"name":"Loja","item":"https:\/\/catalogo.artigosortopedicos.com\/endurance\/"},{"@type":"ListItem","position":3,"name":"BRACE FUNCIONAL P\/JOELHO &#8221; RENEGADE &#8220;"}]},{"@type":"WebSite","@id":"https:\/\/catalogo.artigosortopedicos.com\/endurance\/#website","url":"https:\/\/catalogo.artigosortopedicos.com\/endurance\/","name":"Artigos ortop\u00e9dicos | Endurance","description":"Cat\u00e1logo de produtos","publisher":{"@id":"https:\/\/catalogo.artigosortopedicos.com\/endurance\/#organization"},"potentialAction":[{"@type":"SearchAction","target":{"@type":"EntryPoint","urlTemplate":"https:\/\/catalogo.artigosortopedicos.com\/endurance\/?s={search_term_string}"},"query-input":{"@type":"PropertyValueSpecification","valueRequired":true,"valueName":"search_term_string"}}],"inLanguage":"pt-BR"},{"@type":"Organization","@id":"https:\/\/catalogo.artigosortopedicos.com\/endurance\/#organization","name":"Artigos ortop\u00e9dicos | Endurance","url":"https:\/\/catalogo.artigosortopedicos.com\/endurance\/","logo":{"@type":"ImageObject","inLanguage":"pt-BR","@id":"https:\/\/catalogo.artigosortopedicos.com\/endurance\/#\/schema\/logo\/image\/","url":"https:\/\/catalogo.artigosortopedicos.com\/endurance\/wp-content\/uploads\/2022\/01\/cropped-56b2cef4-4750-455a-af10-33ad25230477.jpg","contentUrl":"https:\/\/catalogo.artigosortopedicos.com\/endurance\/wp-content\/uploads\/2022\/01\/cropped-56b2cef4-4750-455a-af10-33ad25230477.jpg","width":481,"height":175,"caption":"Artigos ortop\u00e9dicos | Endurance"},"image":{"@id":"https:\/\/catalogo.artigosortopedicos.com\/endurance\/#\/schema\/logo\/image\/"}}]}},"_links":{"self":[{"href":"https:\/\/catalogo.artigosortopedicos.com\/endurance\/wp-json\/wp\/v2\/product\/8208","targetHints":{"allow":["GET"]}}],"collection":[{"href":"https:\/\/catalogo.artigosortopedicos.com\/endurance\/wp-json\/wp\/v2\/product"}],"about":[{"href":"https:\/\/catalogo.artigosortopedicos.com\/endurance\/wp-json\/wp\/v2\/types\/product"}],"wp:featuredmedia":[{"embeddable":true,"href":"https:\/\/catalogo.artigosortopedicos.com\/endurance\/wp-json\/wp\/v2\/media\/8209"}],"wp:attachment":[{"href":"https:\/\/catalogo.artigosortopedicos.com\/endurance\/wp-json\/wp\/v2\/media?parent=8208"}],"wp:term":[{"taxonomy":"product_brand","embeddable":true,"href":"https:\/\/catalogo.artigosortopedicos.com\/endurance\/wp-json\/wp\/v2\/product_brand?post=8208"},{"taxonomy":"product_cat","embeddable":true,"href":"https:\/\/catalogo.artigosortopedicos.com\/endurance\/wp-json\/wp\/v2\/product_cat?post=8208"},{"taxonomy":"product_tag","embeddable":true,"href":"https:\/\/catalogo.artigosortopedicos.com\/endurance\/wp-json\/wp\/v2\/product_tag?post=8208"}],"curies":[{"name":"wp","href":"https:\/\/api.w.org\/{rel}","templated":true}]}}