{"id":9458,"date":"2022-03-26T14:51:47","date_gmt":"2022-03-26T17:51:47","guid":{"rendered":"http:\/\/catalogo.artigosortopedicos.com\/endurance\/?post_type=product&#038;p=9458"},"modified":"2025-09-30T12:24:50","modified_gmt":"2025-09-30T15:24:50","slug":"sportstape-kinesiology-tape-r-2000","status":"publish","type":"product","link":"https:\/\/catalogo.artigosortopedicos.com\/endurance\/produto\/sportstape-kinesiology-tape-r-2000\/","title":{"rendered":"SPORTSTAPE 5cm x 5m &#8211; Kinesiology Tape"},"content":{"rendered":"<p style=\"text-align: center\">Para alguns estados esse produto cont\u00e9m Substitui\u00e7\u00e3o Tribut\u00e1ria. Ser\u00e1 aplicado apenas no pedido final enviado por e-mail<\/p>\n<p style=\"text-align: center\">Produto fabricado na CHINA com cola JAPONESA.<\/p>\n<p>&nbsp;<\/p>\n<p>&nbsp;<\/p>\n<p>&nbsp;<\/p>\n","protected":false},"excerpt":{"rendered":"<p>Rolinhos de 5cm x 5m<\/p>\n<p>Cores: BEGE \/ AZUL \/ PRETO \/ ROSA \/ VERMELHO<\/p>\n<p>Vendido em m\u00faltiplos de 6<\/p>\n<p>&nbsp;<\/p>\n","protected":false},"featured_media":9662,"template":"","meta":[],"product_brand":[],"product_cat":[185,127],"product_tag":[],"class_list":{"0":"post-9458","1":"product","2":"type-product","3":"status-publish","4":"has-post-thumbnail","6":"product_cat-bandagens","7":"product_cat-endurance","9":"first","10":"instock","11":"shipping-taxable","12":"product-type-simple"},"yoast_head":"<!-- This site is optimized with the Yoast SEO plugin v25.7 - https:\/\/yoast.com\/wordpress\/plugins\/seo\/ -->\n<title>SPORTSTAPE 5cm x 5m - Kinesiology Tape - Artigos ortop\u00e9dicos | Endurance<\/title>\n<meta name=\"robots\" content=\"index, follow, max-snippet:-1, max-image-preview:large, max-video-preview:-1\" \/>\n<link rel=\"canonical\" href=\"https:\/\/catalogo.artigosortopedicos.com\/endurance\/produto\/sportstape-kinesiology-tape-r-2000\/\" \/>\n<meta property=\"og:locale\" content=\"pt_BR\" \/>\n<meta property=\"og:type\" content=\"article\" \/>\n<meta property=\"og:title\" content=\"SPORTSTAPE 5cm x 5m - Kinesiology Tape - Artigos ortop\u00e9dicos | Endurance\" \/>\n<meta property=\"og:description\" content=\"Rolinhos de 5cm x 5m  Cores: BEGE \/ AZUL \/ PRETO \/ ROSA \/ VERMELHO  Vendido em m\u00faltiplos de 6  &nbsp;\" \/>\n<meta property=\"og:url\" content=\"https:\/\/catalogo.artigosortopedicos.com\/endurance\/produto\/sportstape-kinesiology-tape-r-2000\/\" \/>\n<meta property=\"og:site_name\" content=\"Artigos ortop\u00e9dicos | Endurance\" \/>\n<meta property=\"article:modified_time\" content=\"2025-09-30T15:24:50+00:00\" \/>\n<meta property=\"og:image\" content=\"https:\/\/catalogo.artigosortopedicos.com\/endurance\/wp-content\/uploads\/2022\/03\/WhatsApp-Image-2025-09-30-at-11.26.00.jpeg\" \/>\n\t<meta property=\"og:image:width\" content=\"567\" \/>\n\t<meta property=\"og:image:height\" content=\"318\" \/>\n\t<meta property=\"og:image:type\" content=\"image\/jpeg\" \/>\n<meta name=\"twitter:card\" content=\"summary_large_image\" \/>\n<meta name=\"twitter:label1\" content=\"Est. tempo de leitura\" \/>\n\t<meta name=\"twitter:data1\" content=\"1 minuto\" \/>\n<script type=\"application\/ld+json\" class=\"yoast-schema-graph\">{\"@context\":\"https:\/\/schema.org\",\"@graph\":[{\"@type\":\"WebPage\",\"@id\":\"https:\/\/catalogo.artigosortopedicos.com\/endurance\/produto\/sportstape-kinesiology-tape-r-2000\/\",\"url\":\"https:\/\/catalogo.artigosortopedicos.com\/endurance\/produto\/sportstape-kinesiology-tape-r-2000\/\",\"name\":\"SPORTSTAPE 5cm x 5m - Kinesiology Tape - Artigos ortop\u00e9dicos | Endurance\",\"isPartOf\":{\"@id\":\"https:\/\/catalogo.artigosortopedicos.com\/endurance\/#website\"},\"primaryImageOfPage\":{\"@id\":\"https:\/\/catalogo.artigosortopedicos.com\/endurance\/produto\/sportstape-kinesiology-tape-r-2000\/#primaryimage\"},\"image\":{\"@id\":\"https:\/\/catalogo.artigosortopedicos.com\/endurance\/produto\/sportstape-kinesiology-tape-r-2000\/#primaryimage\"},\"thumbnailUrl\":\"https:\/\/catalogo.artigosortopedicos.com\/endurance\/wp-content\/uploads\/2022\/03\/WhatsApp-Image-2025-09-30-at-11.26.00.jpeg\",\"datePublished\":\"2022-03-26T17:51:47+00:00\",\"dateModified\":\"2025-09-30T15:24:50+00:00\",\"breadcrumb\":{\"@id\":\"https:\/\/catalogo.artigosortopedicos.com\/endurance\/produto\/sportstape-kinesiology-tape-r-2000\/#breadcrumb\"},\"inLanguage\":\"pt-BR\",\"potentialAction\":[{\"@type\":\"ReadAction\",\"target\":[\"https:\/\/catalogo.artigosortopedicos.com\/endurance\/produto\/sportstape-kinesiology-tape-r-2000\/\"]}]},{\"@type\":\"ImageObject\",\"inLanguage\":\"pt-BR\",\"@id\":\"https:\/\/catalogo.artigosortopedicos.com\/endurance\/produto\/sportstape-kinesiology-tape-r-2000\/#primaryimage\",\"url\":\"https:\/\/catalogo.artigosortopedicos.com\/endurance\/wp-content\/uploads\/2022\/03\/WhatsApp-Image-2025-09-30-at-11.26.00.jpeg\",\"contentUrl\":\"https:\/\/catalogo.artigosortopedicos.com\/endurance\/wp-content\/uploads\/2022\/03\/WhatsApp-Image-2025-09-30-at-11.26.00.jpeg\",\"width\":567,\"height\":318},{\"@type\":\"BreadcrumbList\",\"@id\":\"https:\/\/catalogo.artigosortopedicos.com\/endurance\/produto\/sportstape-kinesiology-tape-r-2000\/#breadcrumb\",\"itemListElement\":[{\"@type\":\"ListItem\",\"position\":1,\"name\":\"In\u00edcio\",\"item\":\"https:\/\/catalogo.artigosortopedicos.com\/endurance\/\"},{\"@type\":\"ListItem\",\"position\":2,\"name\":\"Loja\",\"item\":\"https:\/\/catalogo.artigosortopedicos.com\/endurance\/\"},{\"@type\":\"ListItem\",\"position\":3,\"name\":\"SPORTSTAPE 5cm x 5m &#8211; Kinesiology Tape\"}]},{\"@type\":\"WebSite\",\"@id\":\"https:\/\/catalogo.artigosortopedicos.com\/endurance\/#website\",\"url\":\"https:\/\/catalogo.artigosortopedicos.com\/endurance\/\",\"name\":\"Artigos ortop\u00e9dicos | Endurance\",\"description\":\"Cat\u00e1logo de produtos\",\"publisher\":{\"@id\":\"https:\/\/catalogo.artigosortopedicos.com\/endurance\/#organization\"},\"potentialAction\":[{\"@type\":\"SearchAction\",\"target\":{\"@type\":\"EntryPoint\",\"urlTemplate\":\"https:\/\/catalogo.artigosortopedicos.com\/endurance\/?s={search_term_string}\"},\"query-input\":{\"@type\":\"PropertyValueSpecification\",\"valueRequired\":true,\"valueName\":\"search_term_string\"}}],\"inLanguage\":\"pt-BR\"},{\"@type\":\"Organization\",\"@id\":\"https:\/\/catalogo.artigosortopedicos.com\/endurance\/#organization\",\"name\":\"Artigos ortop\u00e9dicos | Endurance\",\"url\":\"https:\/\/catalogo.artigosortopedicos.com\/endurance\/\",\"logo\":{\"@type\":\"ImageObject\",\"inLanguage\":\"pt-BR\",\"@id\":\"https:\/\/catalogo.artigosortopedicos.com\/endurance\/#\/schema\/logo\/image\/\",\"url\":\"https:\/\/catalogo.artigosortopedicos.com\/endurance\/wp-content\/uploads\/2022\/01\/cropped-56b2cef4-4750-455a-af10-33ad25230477.jpg\",\"contentUrl\":\"https:\/\/catalogo.artigosortopedicos.com\/endurance\/wp-content\/uploads\/2022\/01\/cropped-56b2cef4-4750-455a-af10-33ad25230477.jpg\",\"width\":481,\"height\":175,\"caption\":\"Artigos ortop\u00e9dicos | Endurance\"},\"image\":{\"@id\":\"https:\/\/catalogo.artigosortopedicos.com\/endurance\/#\/schema\/logo\/image\/\"}}]}<\/script>\n<!-- \/ Yoast SEO plugin. -->","yoast_head_json":{"title":"SPORTSTAPE 5cm x 5m - Kinesiology Tape - Artigos ortop\u00e9dicos | Endurance","robots":{"index":"index","follow":"follow","max-snippet":"max-snippet:-1","max-image-preview":"max-image-preview:large","max-video-preview":"max-video-preview:-1"},"canonical":"https:\/\/catalogo.artigosortopedicos.com\/endurance\/produto\/sportstape-kinesiology-tape-r-2000\/","og_locale":"pt_BR","og_type":"article","og_title":"SPORTSTAPE 5cm x 5m - Kinesiology Tape - Artigos ortop\u00e9dicos | Endurance","og_description":"Rolinhos de 5cm x 5m  Cores: BEGE \/ AZUL \/ PRETO \/ ROSA \/ VERMELHO  Vendido em m\u00faltiplos de 6  &nbsp;","og_url":"https:\/\/catalogo.artigosortopedicos.com\/endurance\/produto\/sportstape-kinesiology-tape-r-2000\/","og_site_name":"Artigos ortop\u00e9dicos | Endurance","article_modified_time":"2025-09-30T15:24:50+00:00","og_image":[{"width":567,"height":318,"url":"https:\/\/catalogo.artigosortopedicos.com\/endurance\/wp-content\/uploads\/2022\/03\/WhatsApp-Image-2025-09-30-at-11.26.00.jpeg","type":"image\/jpeg"}],"twitter_card":"summary_large_image","twitter_misc":{"Est. tempo de leitura":"1 minuto"},"schema":{"@context":"https:\/\/schema.org","@graph":[{"@type":"WebPage","@id":"https:\/\/catalogo.artigosortopedicos.com\/endurance\/produto\/sportstape-kinesiology-tape-r-2000\/","url":"https:\/\/catalogo.artigosortopedicos.com\/endurance\/produto\/sportstape-kinesiology-tape-r-2000\/","name":"SPORTSTAPE 5cm x 5m - Kinesiology Tape - Artigos ortop\u00e9dicos | Endurance","isPartOf":{"@id":"https:\/\/catalogo.artigosortopedicos.com\/endurance\/#website"},"primaryImageOfPage":{"@id":"https:\/\/catalogo.artigosortopedicos.com\/endurance\/produto\/sportstape-kinesiology-tape-r-2000\/#primaryimage"},"image":{"@id":"https:\/\/catalogo.artigosortopedicos.com\/endurance\/produto\/sportstape-kinesiology-tape-r-2000\/#primaryimage"},"thumbnailUrl":"https:\/\/catalogo.artigosortopedicos.com\/endurance\/wp-content\/uploads\/2022\/03\/WhatsApp-Image-2025-09-30-at-11.26.00.jpeg","datePublished":"2022-03-26T17:51:47+00:00","dateModified":"2025-09-30T15:24:50+00:00","breadcrumb":{"@id":"https:\/\/catalogo.artigosortopedicos.com\/endurance\/produto\/sportstape-kinesiology-tape-r-2000\/#breadcrumb"},"inLanguage":"pt-BR","potentialAction":[{"@type":"ReadAction","target":["https:\/\/catalogo.artigosortopedicos.com\/endurance\/produto\/sportstape-kinesiology-tape-r-2000\/"]}]},{"@type":"ImageObject","inLanguage":"pt-BR","@id":"https:\/\/catalogo.artigosortopedicos.com\/endurance\/produto\/sportstape-kinesiology-tape-r-2000\/#primaryimage","url":"https:\/\/catalogo.artigosortopedicos.com\/endurance\/wp-content\/uploads\/2022\/03\/WhatsApp-Image-2025-09-30-at-11.26.00.jpeg","contentUrl":"https:\/\/catalogo.artigosortopedicos.com\/endurance\/wp-content\/uploads\/2022\/03\/WhatsApp-Image-2025-09-30-at-11.26.00.jpeg","width":567,"height":318},{"@type":"BreadcrumbList","@id":"https:\/\/catalogo.artigosortopedicos.com\/endurance\/produto\/sportstape-kinesiology-tape-r-2000\/#breadcrumb","itemListElement":[{"@type":"ListItem","position":1,"name":"In\u00edcio","item":"https:\/\/catalogo.artigosortopedicos.com\/endurance\/"},{"@type":"ListItem","position":2,"name":"Loja","item":"https:\/\/catalogo.artigosortopedicos.com\/endurance\/"},{"@type":"ListItem","position":3,"name":"SPORTSTAPE 5cm x 5m &#8211; Kinesiology Tape"}]},{"@type":"WebSite","@id":"https:\/\/catalogo.artigosortopedicos.com\/endurance\/#website","url":"https:\/\/catalogo.artigosortopedicos.com\/endurance\/","name":"Artigos ortop\u00e9dicos | Endurance","description":"Cat\u00e1logo de produtos","publisher":{"@id":"https:\/\/catalogo.artigosortopedicos.com\/endurance\/#organization"},"potentialAction":[{"@type":"SearchAction","target":{"@type":"EntryPoint","urlTemplate":"https:\/\/catalogo.artigosortopedicos.com\/endurance\/?s={search_term_string}"},"query-input":{"@type":"PropertyValueSpecification","valueRequired":true,"valueName":"search_term_string"}}],"inLanguage":"pt-BR"},{"@type":"Organization","@id":"https:\/\/catalogo.artigosortopedicos.com\/endurance\/#organization","name":"Artigos ortop\u00e9dicos | Endurance","url":"https:\/\/catalogo.artigosortopedicos.com\/endurance\/","logo":{"@type":"ImageObject","inLanguage":"pt-BR","@id":"https:\/\/catalogo.artigosortopedicos.com\/endurance\/#\/schema\/logo\/image\/","url":"https:\/\/catalogo.artigosortopedicos.com\/endurance\/wp-content\/uploads\/2022\/01\/cropped-56b2cef4-4750-455a-af10-33ad25230477.jpg","contentUrl":"https:\/\/catalogo.artigosortopedicos.com\/endurance\/wp-content\/uploads\/2022\/01\/cropped-56b2cef4-4750-455a-af10-33ad25230477.jpg","width":481,"height":175,"caption":"Artigos ortop\u00e9dicos | Endurance"},"image":{"@id":"https:\/\/catalogo.artigosortopedicos.com\/endurance\/#\/schema\/logo\/image\/"}}]}},"_links":{"self":[{"href":"https:\/\/catalogo.artigosortopedicos.com\/endurance\/wp-json\/wp\/v2\/product\/9458","targetHints":{"allow":["GET"]}}],"collection":[{"href":"https:\/\/catalogo.artigosortopedicos.com\/endurance\/wp-json\/wp\/v2\/product"}],"about":[{"href":"https:\/\/catalogo.artigosortopedicos.com\/endurance\/wp-json\/wp\/v2\/types\/product"}],"wp:featuredmedia":[{"embeddable":true,"href":"https:\/\/catalogo.artigosortopedicos.com\/endurance\/wp-json\/wp\/v2\/media\/9662"}],"wp:attachment":[{"href":"https:\/\/catalogo.artigosortopedicos.com\/endurance\/wp-json\/wp\/v2\/media?parent=9458"}],"wp:term":[{"taxonomy":"product_brand","embeddable":true,"href":"https:\/\/catalogo.artigosortopedicos.com\/endurance\/wp-json\/wp\/v2\/product_brand?post=9458"},{"taxonomy":"product_cat","embeddable":true,"href":"https:\/\/catalogo.artigosortopedicos.com\/endurance\/wp-json\/wp\/v2\/product_cat?post=9458"},{"taxonomy":"product_tag","embeddable":true,"href":"https:\/\/catalogo.artigosortopedicos.com\/endurance\/wp-json\/wp\/v2\/product_tag?post=9458"}],"curies":[{"name":"wp","href":"https:\/\/api.w.org\/{rel}","templated":true}]}}