{"id":9516,"date":"2022-06-20T12:36:30","date_gmt":"2022-06-20T15:36:30","guid":{"rendered":"https:\/\/catalogo.artigosortopedicos.com\/endurance\/?post_type=product&#038;p=9516"},"modified":"2026-04-13T10:27:34","modified_gmt":"2026-04-13T13:27:34","slug":"flexband-similar-ao-coban-da-3m-10-cm-x-45-cm-r-1000-st","status":"publish","type":"product","link":"https:\/\/catalogo.artigosortopedicos.com\/endurance\/produto\/flexband-similar-ao-coban-da-3m-10-cm-x-45-cm-r-1000-st\/","title":{"rendered":"FLEXBAND CHINESA ( similar ao Coban da 3M )"},"content":{"rendered":"<p>Produto de uso: M\u00e9dico \/ Fisioter\u00e1pico \/ Veterin\u00e1rio e Esportivo<\/p>\n<p><strong>Bandagem El\u00e1stica FLEXBAND<\/strong><\/p>\n<p>Bandagem el\u00e1stica e auto-adesiva, n\u00e3o necessita de nenhum outro produto para fixar-se na pele humana ou pelagem animal, aderindo seguramente sobre si mesma permanecendo no local sem deslizar ou desenrolar. Produto ideal para pessoas que tenham pele delicada onde outros tipos de bandagens n\u00e3o possam ser utilizadas. Bandagem consistente e com compress\u00e3o controlada, evita o estrangulamento pois as laterais n\u00e3o se estreitam ao serem esticadas.<\/p>\n<p>&nbsp;<\/p>\n<p><strong>INDICA\u00c7\u00d5ES:<\/strong><\/p>\n<p>&#8211;\u00a0Fixa\u00e7\u00e3o de curativos, monitores e cat\u00e9teres.<\/p>\n<p>&#8211; Imobiliza\u00e7\u00f5es\u00a0em geral, principalmente do tornozelo.<\/p>\n<p>&#8211; Curativos compressivos.<\/p>\n<p>&#8211; Uso m\u00e9dico, fisioter\u00e1pico, esportivo e veterin\u00e1rio.<\/p>\n<p>&nbsp;<\/p>\n<p><strong>CARACTER\u00cdSTICAS:<\/strong><\/p>\n<p>&#8211;\u00a0El\u00e1stica e auto-adesiva.<\/p>\n<p>&#8211; Leve e porosa.<\/p>\n<p>&#8211; N\u00e3o adere na pele (adere na pr\u00f3pria bandagem).<\/p>\n<p>&#8211; Aplica\u00e7\u00e3o f\u00e1cil e desenrolar suave.<\/p>\n<p>&#8211; Remo\u00e7\u00e3o f\u00e1cil e r\u00e1pida.<\/p>\n<p>&#8211;\u00a0Apresenta\u00e7\u00e3o: Rolo<\/p>\n<p>&nbsp;<\/p>\n<p><strong>TAMANHO:<\/strong><\/p>\n<p>&#8211; 10 cm (largura) x 5 mt (comprimento esticada);<\/p>\n","protected":false},"excerpt":{"rendered":"<p>Produto de uso: M\u00e9dico \/ Fisioter\u00e1pico \/ Veterin\u00e1rio e Esportivo Bandagem El\u00e1stica FLEXBAND Bandagem el\u00e1stica e auto-adesiva, n\u00e3o necessita de nenhum outro produto para fixar-se na pele humana ou pelagem animal, aderindo seguramente sobre si mesma permanecendo no local sem deslizar ou desenrolar. Produto ideal para pessoas que tenham pele delicada onde outros tipos de [&hellip;]<\/p>\n","protected":false},"featured_media":9661,"template":"","meta":[],"product_brand":[],"product_cat":[185,127],"product_tag":[],"class_list":{"0":"post-9516","1":"product","2":"type-product","3":"status-publish","4":"has-post-thumbnail","6":"product_cat-bandagens","7":"product_cat-endurance","9":"first","10":"instock","11":"shipping-taxable","12":"product-type-variable"},"yoast_head":"<!-- This site is optimized with the Yoast SEO plugin v25.7 - https:\/\/yoast.com\/wordpress\/plugins\/seo\/ -->\n<title>FLEXBAND CHINESA ( similar ao Coban da 3M ) - Artigos ortop\u00e9dicos | Endurance<\/title>\n<meta name=\"robots\" content=\"index, follow, max-snippet:-1, max-image-preview:large, max-video-preview:-1\" \/>\n<link rel=\"canonical\" href=\"https:\/\/catalogo.artigosortopedicos.com\/endurance\/produto\/flexband-similar-ao-coban-da-3m-10-cm-x-45-cm-r-1000-st\/\" \/>\n<meta property=\"og:locale\" content=\"pt_BR\" \/>\n<meta property=\"og:type\" content=\"article\" \/>\n<meta property=\"og:title\" content=\"FLEXBAND CHINESA ( similar ao Coban da 3M ) - Artigos ortop\u00e9dicos | Endurance\" \/>\n<meta property=\"og:description\" content=\"Produto de uso: M\u00e9dico \/ Fisioter\u00e1pico \/ Veterin\u00e1rio e Esportivo Bandagem El\u00e1stica FLEXBAND Bandagem el\u00e1stica e auto-adesiva, n\u00e3o necessita de nenhum outro produto para fixar-se na pele humana ou pelagem animal, aderindo seguramente sobre si mesma permanecendo no local sem deslizar ou desenrolar. Produto ideal para pessoas que tenham pele delicada onde outros tipos de [&hellip;]\" \/>\n<meta property=\"og:url\" content=\"https:\/\/catalogo.artigosortopedicos.com\/endurance\/produto\/flexband-similar-ao-coban-da-3m-10-cm-x-45-cm-r-1000-st\/\" \/>\n<meta property=\"og:site_name\" content=\"Artigos ortop\u00e9dicos | Endurance\" \/>\n<meta property=\"article:modified_time\" content=\"2026-04-13T13:27:34+00:00\" \/>\n<meta property=\"og:image\" content=\"https:\/\/catalogo.artigosortopedicos.com\/endurance\/wp-content\/uploads\/2022\/06\/WhatsApp-Image-2025-09-26-at-13.01.19.jpeg\" \/>\n\t<meta property=\"og:image:width\" content=\"777\" \/>\n\t<meta property=\"og:image:height\" content=\"393\" \/>\n\t<meta property=\"og:image:type\" content=\"image\/jpeg\" \/>\n<meta name=\"twitter:card\" content=\"summary_large_image\" \/>\n<meta name=\"twitter:label1\" content=\"Est. tempo de leitura\" \/>\n\t<meta name=\"twitter:data1\" content=\"2 minutos\" \/>\n<script type=\"application\/ld+json\" class=\"yoast-schema-graph\">{\"@context\":\"https:\/\/schema.org\",\"@graph\":[{\"@type\":\"WebPage\",\"@id\":\"https:\/\/catalogo.artigosortopedicos.com\/endurance\/produto\/flexband-similar-ao-coban-da-3m-10-cm-x-45-cm-r-1000-st\/\",\"url\":\"https:\/\/catalogo.artigosortopedicos.com\/endurance\/produto\/flexband-similar-ao-coban-da-3m-10-cm-x-45-cm-r-1000-st\/\",\"name\":\"FLEXBAND CHINESA ( similar ao Coban da 3M ) - Artigos ortop\u00e9dicos | Endurance\",\"isPartOf\":{\"@id\":\"https:\/\/catalogo.artigosortopedicos.com\/endurance\/#website\"},\"primaryImageOfPage\":{\"@id\":\"https:\/\/catalogo.artigosortopedicos.com\/endurance\/produto\/flexband-similar-ao-coban-da-3m-10-cm-x-45-cm-r-1000-st\/#primaryimage\"},\"image\":{\"@id\":\"https:\/\/catalogo.artigosortopedicos.com\/endurance\/produto\/flexband-similar-ao-coban-da-3m-10-cm-x-45-cm-r-1000-st\/#primaryimage\"},\"thumbnailUrl\":\"https:\/\/catalogo.artigosortopedicos.com\/endurance\/wp-content\/uploads\/2022\/06\/WhatsApp-Image-2025-09-26-at-13.01.19.jpeg\",\"datePublished\":\"2022-06-20T15:36:30+00:00\",\"dateModified\":\"2026-04-13T13:27:34+00:00\",\"breadcrumb\":{\"@id\":\"https:\/\/catalogo.artigosortopedicos.com\/endurance\/produto\/flexband-similar-ao-coban-da-3m-10-cm-x-45-cm-r-1000-st\/#breadcrumb\"},\"inLanguage\":\"pt-BR\",\"potentialAction\":[{\"@type\":\"ReadAction\",\"target\":[\"https:\/\/catalogo.artigosortopedicos.com\/endurance\/produto\/flexband-similar-ao-coban-da-3m-10-cm-x-45-cm-r-1000-st\/\"]}]},{\"@type\":\"ImageObject\",\"inLanguage\":\"pt-BR\",\"@id\":\"https:\/\/catalogo.artigosortopedicos.com\/endurance\/produto\/flexband-similar-ao-coban-da-3m-10-cm-x-45-cm-r-1000-st\/#primaryimage\",\"url\":\"https:\/\/catalogo.artigosortopedicos.com\/endurance\/wp-content\/uploads\/2022\/06\/WhatsApp-Image-2025-09-26-at-13.01.19.jpeg\",\"contentUrl\":\"https:\/\/catalogo.artigosortopedicos.com\/endurance\/wp-content\/uploads\/2022\/06\/WhatsApp-Image-2025-09-26-at-13.01.19.jpeg\",\"width\":777,\"height\":393},{\"@type\":\"BreadcrumbList\",\"@id\":\"https:\/\/catalogo.artigosortopedicos.com\/endurance\/produto\/flexband-similar-ao-coban-da-3m-10-cm-x-45-cm-r-1000-st\/#breadcrumb\",\"itemListElement\":[{\"@type\":\"ListItem\",\"position\":1,\"name\":\"In\u00edcio\",\"item\":\"https:\/\/catalogo.artigosortopedicos.com\/endurance\/\"},{\"@type\":\"ListItem\",\"position\":2,\"name\":\"Loja\",\"item\":\"https:\/\/catalogo.artigosortopedicos.com\/endurance\/\"},{\"@type\":\"ListItem\",\"position\":3,\"name\":\"FLEXBAND CHINESA ( similar ao Coban da 3M )\"}]},{\"@type\":\"WebSite\",\"@id\":\"https:\/\/catalogo.artigosortopedicos.com\/endurance\/#website\",\"url\":\"https:\/\/catalogo.artigosortopedicos.com\/endurance\/\",\"name\":\"Artigos ortop\u00e9dicos | Endurance\",\"description\":\"Cat\u00e1logo de produtos\",\"publisher\":{\"@id\":\"https:\/\/catalogo.artigosortopedicos.com\/endurance\/#organization\"},\"potentialAction\":[{\"@type\":\"SearchAction\",\"target\":{\"@type\":\"EntryPoint\",\"urlTemplate\":\"https:\/\/catalogo.artigosortopedicos.com\/endurance\/?s={search_term_string}\"},\"query-input\":{\"@type\":\"PropertyValueSpecification\",\"valueRequired\":true,\"valueName\":\"search_term_string\"}}],\"inLanguage\":\"pt-BR\"},{\"@type\":\"Organization\",\"@id\":\"https:\/\/catalogo.artigosortopedicos.com\/endurance\/#organization\",\"name\":\"Artigos ortop\u00e9dicos | Endurance\",\"url\":\"https:\/\/catalogo.artigosortopedicos.com\/endurance\/\",\"logo\":{\"@type\":\"ImageObject\",\"inLanguage\":\"pt-BR\",\"@id\":\"https:\/\/catalogo.artigosortopedicos.com\/endurance\/#\/schema\/logo\/image\/\",\"url\":\"https:\/\/catalogo.artigosortopedicos.com\/endurance\/wp-content\/uploads\/2022\/01\/cropped-56b2cef4-4750-455a-af10-33ad25230477.jpg\",\"contentUrl\":\"https:\/\/catalogo.artigosortopedicos.com\/endurance\/wp-content\/uploads\/2022\/01\/cropped-56b2cef4-4750-455a-af10-33ad25230477.jpg\",\"width\":481,\"height\":175,\"caption\":\"Artigos ortop\u00e9dicos | Endurance\"},\"image\":{\"@id\":\"https:\/\/catalogo.artigosortopedicos.com\/endurance\/#\/schema\/logo\/image\/\"}}]}<\/script>\n<!-- \/ Yoast SEO plugin. -->","yoast_head_json":{"title":"FLEXBAND CHINESA ( similar ao Coban da 3M ) - Artigos ortop\u00e9dicos | Endurance","robots":{"index":"index","follow":"follow","max-snippet":"max-snippet:-1","max-image-preview":"max-image-preview:large","max-video-preview":"max-video-preview:-1"},"canonical":"https:\/\/catalogo.artigosortopedicos.com\/endurance\/produto\/flexband-similar-ao-coban-da-3m-10-cm-x-45-cm-r-1000-st\/","og_locale":"pt_BR","og_type":"article","og_title":"FLEXBAND CHINESA ( similar ao Coban da 3M ) - Artigos ortop\u00e9dicos | Endurance","og_description":"Produto de uso: M\u00e9dico \/ Fisioter\u00e1pico \/ Veterin\u00e1rio e Esportivo Bandagem El\u00e1stica FLEXBAND Bandagem el\u00e1stica e auto-adesiva, n\u00e3o necessita de nenhum outro produto para fixar-se na pele humana ou pelagem animal, aderindo seguramente sobre si mesma permanecendo no local sem deslizar ou desenrolar. Produto ideal para pessoas que tenham pele delicada onde outros tipos de [&hellip;]","og_url":"https:\/\/catalogo.artigosortopedicos.com\/endurance\/produto\/flexband-similar-ao-coban-da-3m-10-cm-x-45-cm-r-1000-st\/","og_site_name":"Artigos ortop\u00e9dicos | Endurance","article_modified_time":"2026-04-13T13:27:34+00:00","og_image":[{"width":777,"height":393,"url":"https:\/\/catalogo.artigosortopedicos.com\/endurance\/wp-content\/uploads\/2022\/06\/WhatsApp-Image-2025-09-26-at-13.01.19.jpeg","type":"image\/jpeg"}],"twitter_card":"summary_large_image","twitter_misc":{"Est. tempo de leitura":"2 minutos"},"schema":{"@context":"https:\/\/schema.org","@graph":[{"@type":"WebPage","@id":"https:\/\/catalogo.artigosortopedicos.com\/endurance\/produto\/flexband-similar-ao-coban-da-3m-10-cm-x-45-cm-r-1000-st\/","url":"https:\/\/catalogo.artigosortopedicos.com\/endurance\/produto\/flexband-similar-ao-coban-da-3m-10-cm-x-45-cm-r-1000-st\/","name":"FLEXBAND CHINESA ( similar ao Coban da 3M ) - Artigos ortop\u00e9dicos | Endurance","isPartOf":{"@id":"https:\/\/catalogo.artigosortopedicos.com\/endurance\/#website"},"primaryImageOfPage":{"@id":"https:\/\/catalogo.artigosortopedicos.com\/endurance\/produto\/flexband-similar-ao-coban-da-3m-10-cm-x-45-cm-r-1000-st\/#primaryimage"},"image":{"@id":"https:\/\/catalogo.artigosortopedicos.com\/endurance\/produto\/flexband-similar-ao-coban-da-3m-10-cm-x-45-cm-r-1000-st\/#primaryimage"},"thumbnailUrl":"https:\/\/catalogo.artigosortopedicos.com\/endurance\/wp-content\/uploads\/2022\/06\/WhatsApp-Image-2025-09-26-at-13.01.19.jpeg","datePublished":"2022-06-20T15:36:30+00:00","dateModified":"2026-04-13T13:27:34+00:00","breadcrumb":{"@id":"https:\/\/catalogo.artigosortopedicos.com\/endurance\/produto\/flexband-similar-ao-coban-da-3m-10-cm-x-45-cm-r-1000-st\/#breadcrumb"},"inLanguage":"pt-BR","potentialAction":[{"@type":"ReadAction","target":["https:\/\/catalogo.artigosortopedicos.com\/endurance\/produto\/flexband-similar-ao-coban-da-3m-10-cm-x-45-cm-r-1000-st\/"]}]},{"@type":"ImageObject","inLanguage":"pt-BR","@id":"https:\/\/catalogo.artigosortopedicos.com\/endurance\/produto\/flexband-similar-ao-coban-da-3m-10-cm-x-45-cm-r-1000-st\/#primaryimage","url":"https:\/\/catalogo.artigosortopedicos.com\/endurance\/wp-content\/uploads\/2022\/06\/WhatsApp-Image-2025-09-26-at-13.01.19.jpeg","contentUrl":"https:\/\/catalogo.artigosortopedicos.com\/endurance\/wp-content\/uploads\/2022\/06\/WhatsApp-Image-2025-09-26-at-13.01.19.jpeg","width":777,"height":393},{"@type":"BreadcrumbList","@id":"https:\/\/catalogo.artigosortopedicos.com\/endurance\/produto\/flexband-similar-ao-coban-da-3m-10-cm-x-45-cm-r-1000-st\/#breadcrumb","itemListElement":[{"@type":"ListItem","position":1,"name":"In\u00edcio","item":"https:\/\/catalogo.artigosortopedicos.com\/endurance\/"},{"@type":"ListItem","position":2,"name":"Loja","item":"https:\/\/catalogo.artigosortopedicos.com\/endurance\/"},{"@type":"ListItem","position":3,"name":"FLEXBAND CHINESA ( similar ao Coban da 3M )"}]},{"@type":"WebSite","@id":"https:\/\/catalogo.artigosortopedicos.com\/endurance\/#website","url":"https:\/\/catalogo.artigosortopedicos.com\/endurance\/","name":"Artigos ortop\u00e9dicos | Endurance","description":"Cat\u00e1logo de produtos","publisher":{"@id":"https:\/\/catalogo.artigosortopedicos.com\/endurance\/#organization"},"potentialAction":[{"@type":"SearchAction","target":{"@type":"EntryPoint","urlTemplate":"https:\/\/catalogo.artigosortopedicos.com\/endurance\/?s={search_term_string}"},"query-input":{"@type":"PropertyValueSpecification","valueRequired":true,"valueName":"search_term_string"}}],"inLanguage":"pt-BR"},{"@type":"Organization","@id":"https:\/\/catalogo.artigosortopedicos.com\/endurance\/#organization","name":"Artigos ortop\u00e9dicos | Endurance","url":"https:\/\/catalogo.artigosortopedicos.com\/endurance\/","logo":{"@type":"ImageObject","inLanguage":"pt-BR","@id":"https:\/\/catalogo.artigosortopedicos.com\/endurance\/#\/schema\/logo\/image\/","url":"https:\/\/catalogo.artigosortopedicos.com\/endurance\/wp-content\/uploads\/2022\/01\/cropped-56b2cef4-4750-455a-af10-33ad25230477.jpg","contentUrl":"https:\/\/catalogo.artigosortopedicos.com\/endurance\/wp-content\/uploads\/2022\/01\/cropped-56b2cef4-4750-455a-af10-33ad25230477.jpg","width":481,"height":175,"caption":"Artigos ortop\u00e9dicos | Endurance"},"image":{"@id":"https:\/\/catalogo.artigosortopedicos.com\/endurance\/#\/schema\/logo\/image\/"}}]}},"_links":{"self":[{"href":"https:\/\/catalogo.artigosortopedicos.com\/endurance\/wp-json\/wp\/v2\/product\/9516","targetHints":{"allow":["GET"]}}],"collection":[{"href":"https:\/\/catalogo.artigosortopedicos.com\/endurance\/wp-json\/wp\/v2\/product"}],"about":[{"href":"https:\/\/catalogo.artigosortopedicos.com\/endurance\/wp-json\/wp\/v2\/types\/product"}],"wp:featuredmedia":[{"embeddable":true,"href":"https:\/\/catalogo.artigosortopedicos.com\/endurance\/wp-json\/wp\/v2\/media\/9661"}],"wp:attachment":[{"href":"https:\/\/catalogo.artigosortopedicos.com\/endurance\/wp-json\/wp\/v2\/media?parent=9516"}],"wp:term":[{"taxonomy":"product_brand","embeddable":true,"href":"https:\/\/catalogo.artigosortopedicos.com\/endurance\/wp-json\/wp\/v2\/product_brand?post=9516"},{"taxonomy":"product_cat","embeddable":true,"href":"https:\/\/catalogo.artigosortopedicos.com\/endurance\/wp-json\/wp\/v2\/product_cat?post=9516"},{"taxonomy":"product_tag","embeddable":true,"href":"https:\/\/catalogo.artigosortopedicos.com\/endurance\/wp-json\/wp\/v2\/product_tag?post=9516"}],"curies":[{"name":"wp","href":"https:\/\/api.w.org\/{rel}","templated":true}]}}