{"id":9543,"date":"2022-06-21T09:42:57","date_gmt":"2022-06-21T12:42:57","guid":{"rendered":"https:\/\/catalogo.artigosortopedicos.com\/endurance\/?post_type=product&#038;p=9543"},"modified":"2025-01-24T12:29:25","modified_gmt":"2025-01-24T15:29:25","slug":"imobilizador-de-joelho-x-rom-knee-r-00000","status":"publish","type":"product","link":"https:\/\/catalogo.artigosortopedicos.com\/endurance\/produto\/imobilizador-de-joelho-x-rom-knee-r-00000\/","title":{"rendered":"IMOBILIZADOR de joelho &#8220;X-ROM KNEE&#8221;"},"content":{"rendered":"<div class=\"line\">\n<p><strong>Finalidade<\/strong><\/p>\n<\/div>\n<div class=\"paddingbox\">\n<ul>\n<li>Prote\u00e7\u00e3o e Suporte precisos no P\u00f3s-Operat\u00f3rio de Joelho em cirurgias no:\n<ul>\n<li>Ligamento Cruzado Anterior (LCA)<\/li>\n<li>Ligamento Cruzado Posterior (LCP)<\/li>\n<li>Ligamento Colateral Lateral (LCL)<\/li>\n<li>Ligamento Colateral M\u00e9dio (LCM)<\/li>\n<\/ul>\n<\/li>\n<li>Permite Fixar ou Limitar a Amplitude de Movimento<\/li>\n<li>Fraturas est\u00e1veis<\/li>\n<li>Repara\u00e7\u00e3o no menisco<\/li>\n<\/ul>\n<p><b>Para uso p\u00f3s operat\u00f3rio, n\u00e3o indicado para uso cotidiano por longo per\u00edodos<\/b><\/p>\n<\/div>\n<h3><\/h3>\n<h3 id=\"carac\">Caracter\u00edsticas<\/h3>\n<p><img fetchpriority=\"high\" decoding=\"async\" class=\"alignnone wp-image-9549\" src=\"https:\/\/catalogo.artigosortopedicos.com\/endurance\/wp-content\/uploads\/2022\/06\/Captura-de-tela-2022-06-21-153543-300x248.jpg\" alt=\"\" width=\"531\" height=\"439\" srcset=\"https:\/\/catalogo.artigosortopedicos.com\/endurance\/wp-content\/uploads\/2022\/06\/Captura-de-tela-2022-06-21-153543-300x248.jpg 300w, https:\/\/catalogo.artigosortopedicos.com\/endurance\/wp-content\/uploads\/2022\/06\/Captura-de-tela-2022-06-21-153543-441x365.jpg 441w, https:\/\/catalogo.artigosortopedicos.com\/endurance\/wp-content\/uploads\/2022\/06\/Captura-de-tela-2022-06-21-153543-600x497.jpg 600w, https:\/\/catalogo.artigosortopedicos.com\/endurance\/wp-content\/uploads\/2022\/06\/Captura-de-tela-2022-06-21-153543-150x124.jpg 150w, https:\/\/catalogo.artigosortopedicos.com\/endurance\/wp-content\/uploads\/2022\/06\/Captura-de-tela-2022-06-21-153543.jpg 727w\" sizes=\"(max-width: 531px) 100vw, 531px\" \/><\/p>\n<h3><strong>1 | Prote\u00e7\u00e3o Precisa de Amplitude de Movimento<\/strong><\/h3>\n<ul class=\"recuo\">\n<li><strong>Projeto de dobradi\u00e7a atualizado:<\/strong>\u00a0controle precisamente a Amplitude de Movimento (ROM &#8211; Range Of Motion) com configura\u00e7\u00f5es em:<\/li>\n<li><strong>Incrementos<\/strong>\u00a010\u00b0:<\/li>\n<li><strong>Extens\u00e3o<\/strong>: -10\u00b0 a 90\u00b0<\/li>\n<li><strong>Flex\u00e3o<\/strong>: -10\u00b0 a 120\u00b0<\/li>\n<li><strong>Trava r\u00e1pida:<\/strong> Trava facilmente em incrementos de 0\u00b0, 15\u00b0 e a 30\u00b0<\/li>\n<\/ul>\n<h3><strong>2 | Aplica\u00e7\u00e3o F\u00e1cil e R\u00e1pida<\/strong><\/h3>\n<ul class=\"recuo\">\n<li><strong>Design f\u00e1cil de usar:<\/strong>\u00a0o design da\u00a0al\u00e7a, da aba e da fivela torna a aplica\u00e7\u00e3o e o ajuste p\u00f3s-operat\u00f3rio r\u00e1pidos e simples<\/li>\n<li><strong>Adapta-se confortavelmente a uma ampla gama de pacientes:<\/strong>\u00a0acomoda facilmente\u00a0<strong>pacientes de 1.50 a 1.95 de altura<\/strong><\/li>\n<li><strong>Ajuste apertando o bot\u00e3o deslizante:<\/strong>\u00a0Ajustes s\u00e3o f\u00e1ceis e precisos<\/li>\n<li><strong>Pronto para Ajustar:<\/strong>\u00a0Ajuste\u00a0rapidamente aos pacientes assim que saem da embalagem.<\/li>\n<\/ul>\n<h3><strong>3 | Estabilidade Confort\u00e1vel<\/strong><\/h3>\n<ul class=\"recuo\">\n<li><strong>Tecnologia Tele-Fit \u2122:<\/strong>\u00a0 Mecanismo de 4 controles telesc\u00f3picos deslizantes de f\u00e1cil regulagem no\u00a0<strong>comprimento<\/strong>\u00a0entre<strong>\u00a048cm e<\/strong><strong>\u00a068cm<\/strong><\/li>\n<li><strong>Pontos de contato seguros:<\/strong>\u00a0almofadas de tornozelo aprimoradas e pontos de contato estrategicamente posicionados entre a perna e a cinta ajudam a reduzir o deslizamento<\/li>\n<li><strong>Forte e leve:<\/strong>\u00a0o design forte e leve (840g), ao mesmo tempo, ajuda a reduzir o deslizamento<\/li>\n<li><strong>Almofadas antimicrobianas:<\/strong>\u00a0Ajuda a neutralizar o odor enquanto aumenta o conforto e a durabilidade<\/li>\n<\/ul>\n<h3><\/h3>\n<h3 id=\"espec\" class=\"produto-especificacoes\">Especifica\u00e7\u00f5es<\/h3>\n<ul>\n<li>ont\u00e9m\u00a0<strong>01 Unidade<\/strong><\/li>\n<li><strong>Bilateral<\/strong>\u00a0(serve no joelho esquerdo e direito)<\/li>\n<li><strong>Tamanho \u00danico<\/strong>\u00a0&#8211; Ajust\u00e1vel\n<ul>\n<li><strong>Circunfer\u00eancia Ajust\u00e1vel<\/strong><\/li>\n<li><strong>Comprimento Ajust\u00e1vel: 48 at\u00e9 68cm<\/strong><\/li>\n<\/ul>\n<\/li>\n<li>Peso 840g<\/li>\n<li>ANVISA 80676130018<\/li>\n<li>Composi\u00e7\u00e3o: Polipropileno, Polietileno de Alta Densidade, Nylon, Poliuretano com Poliester, E.V.A, Borracha, Acr\u00edlico e Algod\u00e3o<\/li>\n<li>Garantia: 12 Meses nas dobradi\u00e7as contra defeito de fabrica\u00e7\u00e3o.<\/li>\n<\/ul>\n","protected":false},"excerpt":{"rendered":"<p>Finalidade Prote\u00e7\u00e3o e Suporte precisos no P\u00f3s-Operat\u00f3rio de Joelho em cirurgias no: Ligamento Cruzado Anterior (LCA) Ligamento Cruzado Posterior (LCP) Ligamento Colateral Lateral (LCL) Ligamento Colateral M\u00e9dio (LCM) Permite Fixar ou Limitar a Amplitude de Movimento Fraturas est\u00e1veis Repara\u00e7\u00e3o no menisco Para uso p\u00f3s operat\u00f3rio, n\u00e3o indicado para uso cotidiano por longo per\u00edodos Caracter\u00edsticas 1 [&hellip;]<\/p>\n","protected":false},"featured_media":9545,"template":"","meta":[],"product_brand":[],"product_cat":[127,188],"product_tag":[],"class_list":{"0":"post-9543","1":"product","2":"type-product","3":"status-publish","4":"has-post-thumbnail","6":"product_cat-endurance","7":"product_cat-cotovelo-e-joelho","9":"first","10":"instock","11":"shipping-taxable","12":"product-type-simple"},"yoast_head":"<!-- This site is optimized with the Yoast SEO plugin v25.7 - https:\/\/yoast.com\/wordpress\/plugins\/seo\/ -->\n<title>IMOBILIZADOR de joelho &quot;X-ROM KNEE&quot; - Artigos ortop\u00e9dicos | Endurance<\/title>\n<meta name=\"robots\" content=\"index, follow, max-snippet:-1, max-image-preview:large, max-video-preview:-1\" \/>\n<link rel=\"canonical\" href=\"https:\/\/catalogo.artigosortopedicos.com\/endurance\/produto\/imobilizador-de-joelho-x-rom-knee-r-00000\/\" \/>\n<meta property=\"og:locale\" content=\"pt_BR\" \/>\n<meta property=\"og:type\" content=\"article\" \/>\n<meta property=\"og:title\" content=\"IMOBILIZADOR de joelho &quot;X-ROM KNEE&quot; - Artigos ortop\u00e9dicos | Endurance\" \/>\n<meta property=\"og:description\" content=\"Finalidade Prote\u00e7\u00e3o e Suporte precisos no P\u00f3s-Operat\u00f3rio de Joelho em cirurgias no: Ligamento Cruzado Anterior (LCA) Ligamento Cruzado Posterior (LCP) Ligamento Colateral Lateral (LCL) Ligamento Colateral M\u00e9dio (LCM) Permite Fixar ou Limitar a Amplitude de Movimento Fraturas est\u00e1veis Repara\u00e7\u00e3o no menisco Para uso p\u00f3s operat\u00f3rio, n\u00e3o indicado para uso cotidiano por longo per\u00edodos Caracter\u00edsticas 1 [&hellip;]\" \/>\n<meta property=\"og:url\" content=\"https:\/\/catalogo.artigosortopedicos.com\/endurance\/produto\/imobilizador-de-joelho-x-rom-knee-r-00000\/\" \/>\n<meta property=\"og:site_name\" content=\"Artigos ortop\u00e9dicos | Endurance\" \/>\n<meta property=\"article:modified_time\" content=\"2025-01-24T15:29:25+00:00\" \/>\n<meta property=\"og:image\" content=\"https:\/\/catalogo.artigosortopedicos.com\/endurance\/wp-content\/uploads\/2022\/06\/3.jpg\" \/>\n\t<meta property=\"og:image:width\" content=\"1080\" \/>\n\t<meta property=\"og:image:height\" content=\"1080\" \/>\n\t<meta property=\"og:image:type\" content=\"image\/jpeg\" \/>\n<meta name=\"twitter:card\" content=\"summary_large_image\" \/>\n<meta name=\"twitter:label1\" content=\"Est. tempo de leitura\" \/>\n\t<meta name=\"twitter:data1\" content=\"2 minutos\" \/>\n<script type=\"application\/ld+json\" class=\"yoast-schema-graph\">{\"@context\":\"https:\/\/schema.org\",\"@graph\":[{\"@type\":\"WebPage\",\"@id\":\"https:\/\/catalogo.artigosortopedicos.com\/endurance\/produto\/imobilizador-de-joelho-x-rom-knee-r-00000\/\",\"url\":\"https:\/\/catalogo.artigosortopedicos.com\/endurance\/produto\/imobilizador-de-joelho-x-rom-knee-r-00000\/\",\"name\":\"IMOBILIZADOR de joelho \\\"X-ROM KNEE\\\" - Artigos ortop\u00e9dicos | Endurance\",\"isPartOf\":{\"@id\":\"https:\/\/catalogo.artigosortopedicos.com\/endurance\/#website\"},\"primaryImageOfPage\":{\"@id\":\"https:\/\/catalogo.artigosortopedicos.com\/endurance\/produto\/imobilizador-de-joelho-x-rom-knee-r-00000\/#primaryimage\"},\"image\":{\"@id\":\"https:\/\/catalogo.artigosortopedicos.com\/endurance\/produto\/imobilizador-de-joelho-x-rom-knee-r-00000\/#primaryimage\"},\"thumbnailUrl\":\"https:\/\/catalogo.artigosortopedicos.com\/endurance\/wp-content\/uploads\/2022\/06\/3.jpg\",\"datePublished\":\"2022-06-21T12:42:57+00:00\",\"dateModified\":\"2025-01-24T15:29:25+00:00\",\"breadcrumb\":{\"@id\":\"https:\/\/catalogo.artigosortopedicos.com\/endurance\/produto\/imobilizador-de-joelho-x-rom-knee-r-00000\/#breadcrumb\"},\"inLanguage\":\"pt-BR\",\"potentialAction\":[{\"@type\":\"ReadAction\",\"target\":[\"https:\/\/catalogo.artigosortopedicos.com\/endurance\/produto\/imobilizador-de-joelho-x-rom-knee-r-00000\/\"]}]},{\"@type\":\"ImageObject\",\"inLanguage\":\"pt-BR\",\"@id\":\"https:\/\/catalogo.artigosortopedicos.com\/endurance\/produto\/imobilizador-de-joelho-x-rom-knee-r-00000\/#primaryimage\",\"url\":\"https:\/\/catalogo.artigosortopedicos.com\/endurance\/wp-content\/uploads\/2022\/06\/3.jpg\",\"contentUrl\":\"https:\/\/catalogo.artigosortopedicos.com\/endurance\/wp-content\/uploads\/2022\/06\/3.jpg\",\"width\":1080,\"height\":1080},{\"@type\":\"BreadcrumbList\",\"@id\":\"https:\/\/catalogo.artigosortopedicos.com\/endurance\/produto\/imobilizador-de-joelho-x-rom-knee-r-00000\/#breadcrumb\",\"itemListElement\":[{\"@type\":\"ListItem\",\"position\":1,\"name\":\"In\u00edcio\",\"item\":\"https:\/\/catalogo.artigosortopedicos.com\/endurance\/\"},{\"@type\":\"ListItem\",\"position\":2,\"name\":\"Loja\",\"item\":\"https:\/\/catalogo.artigosortopedicos.com\/endurance\/\"},{\"@type\":\"ListItem\",\"position\":3,\"name\":\"IMOBILIZADOR de joelho &#8220;X-ROM KNEE&#8221;\"}]},{\"@type\":\"WebSite\",\"@id\":\"https:\/\/catalogo.artigosortopedicos.com\/endurance\/#website\",\"url\":\"https:\/\/catalogo.artigosortopedicos.com\/endurance\/\",\"name\":\"Artigos ortop\u00e9dicos | Endurance\",\"description\":\"Cat\u00e1logo de produtos\",\"publisher\":{\"@id\":\"https:\/\/catalogo.artigosortopedicos.com\/endurance\/#organization\"},\"potentialAction\":[{\"@type\":\"SearchAction\",\"target\":{\"@type\":\"EntryPoint\",\"urlTemplate\":\"https:\/\/catalogo.artigosortopedicos.com\/endurance\/?s={search_term_string}\"},\"query-input\":{\"@type\":\"PropertyValueSpecification\",\"valueRequired\":true,\"valueName\":\"search_term_string\"}}],\"inLanguage\":\"pt-BR\"},{\"@type\":\"Organization\",\"@id\":\"https:\/\/catalogo.artigosortopedicos.com\/endurance\/#organization\",\"name\":\"Artigos ortop\u00e9dicos | Endurance\",\"url\":\"https:\/\/catalogo.artigosortopedicos.com\/endurance\/\",\"logo\":{\"@type\":\"ImageObject\",\"inLanguage\":\"pt-BR\",\"@id\":\"https:\/\/catalogo.artigosortopedicos.com\/endurance\/#\/schema\/logo\/image\/\",\"url\":\"https:\/\/catalogo.artigosortopedicos.com\/endurance\/wp-content\/uploads\/2022\/01\/cropped-56b2cef4-4750-455a-af10-33ad25230477.jpg\",\"contentUrl\":\"https:\/\/catalogo.artigosortopedicos.com\/endurance\/wp-content\/uploads\/2022\/01\/cropped-56b2cef4-4750-455a-af10-33ad25230477.jpg\",\"width\":481,\"height\":175,\"caption\":\"Artigos ortop\u00e9dicos | Endurance\"},\"image\":{\"@id\":\"https:\/\/catalogo.artigosortopedicos.com\/endurance\/#\/schema\/logo\/image\/\"}}]}<\/script>\n<!-- \/ Yoast SEO plugin. -->","yoast_head_json":{"title":"IMOBILIZADOR de joelho \"X-ROM KNEE\" - Artigos ortop\u00e9dicos | Endurance","robots":{"index":"index","follow":"follow","max-snippet":"max-snippet:-1","max-image-preview":"max-image-preview:large","max-video-preview":"max-video-preview:-1"},"canonical":"https:\/\/catalogo.artigosortopedicos.com\/endurance\/produto\/imobilizador-de-joelho-x-rom-knee-r-00000\/","og_locale":"pt_BR","og_type":"article","og_title":"IMOBILIZADOR de joelho \"X-ROM KNEE\" - Artigos ortop\u00e9dicos | Endurance","og_description":"Finalidade Prote\u00e7\u00e3o e Suporte precisos no P\u00f3s-Operat\u00f3rio de Joelho em cirurgias no: Ligamento Cruzado Anterior (LCA) Ligamento Cruzado Posterior (LCP) Ligamento Colateral Lateral (LCL) Ligamento Colateral M\u00e9dio (LCM) Permite Fixar ou Limitar a Amplitude de Movimento Fraturas est\u00e1veis Repara\u00e7\u00e3o no menisco Para uso p\u00f3s operat\u00f3rio, n\u00e3o indicado para uso cotidiano por longo per\u00edodos Caracter\u00edsticas 1 [&hellip;]","og_url":"https:\/\/catalogo.artigosortopedicos.com\/endurance\/produto\/imobilizador-de-joelho-x-rom-knee-r-00000\/","og_site_name":"Artigos ortop\u00e9dicos | Endurance","article_modified_time":"2025-01-24T15:29:25+00:00","og_image":[{"width":1080,"height":1080,"url":"https:\/\/catalogo.artigosortopedicos.com\/endurance\/wp-content\/uploads\/2022\/06\/3.jpg","type":"image\/jpeg"}],"twitter_card":"summary_large_image","twitter_misc":{"Est. tempo de leitura":"2 minutos"},"schema":{"@context":"https:\/\/schema.org","@graph":[{"@type":"WebPage","@id":"https:\/\/catalogo.artigosortopedicos.com\/endurance\/produto\/imobilizador-de-joelho-x-rom-knee-r-00000\/","url":"https:\/\/catalogo.artigosortopedicos.com\/endurance\/produto\/imobilizador-de-joelho-x-rom-knee-r-00000\/","name":"IMOBILIZADOR de joelho \"X-ROM KNEE\" - Artigos ortop\u00e9dicos | Endurance","isPartOf":{"@id":"https:\/\/catalogo.artigosortopedicos.com\/endurance\/#website"},"primaryImageOfPage":{"@id":"https:\/\/catalogo.artigosortopedicos.com\/endurance\/produto\/imobilizador-de-joelho-x-rom-knee-r-00000\/#primaryimage"},"image":{"@id":"https:\/\/catalogo.artigosortopedicos.com\/endurance\/produto\/imobilizador-de-joelho-x-rom-knee-r-00000\/#primaryimage"},"thumbnailUrl":"https:\/\/catalogo.artigosortopedicos.com\/endurance\/wp-content\/uploads\/2022\/06\/3.jpg","datePublished":"2022-06-21T12:42:57+00:00","dateModified":"2025-01-24T15:29:25+00:00","breadcrumb":{"@id":"https:\/\/catalogo.artigosortopedicos.com\/endurance\/produto\/imobilizador-de-joelho-x-rom-knee-r-00000\/#breadcrumb"},"inLanguage":"pt-BR","potentialAction":[{"@type":"ReadAction","target":["https:\/\/catalogo.artigosortopedicos.com\/endurance\/produto\/imobilizador-de-joelho-x-rom-knee-r-00000\/"]}]},{"@type":"ImageObject","inLanguage":"pt-BR","@id":"https:\/\/catalogo.artigosortopedicos.com\/endurance\/produto\/imobilizador-de-joelho-x-rom-knee-r-00000\/#primaryimage","url":"https:\/\/catalogo.artigosortopedicos.com\/endurance\/wp-content\/uploads\/2022\/06\/3.jpg","contentUrl":"https:\/\/catalogo.artigosortopedicos.com\/endurance\/wp-content\/uploads\/2022\/06\/3.jpg","width":1080,"height":1080},{"@type":"BreadcrumbList","@id":"https:\/\/catalogo.artigosortopedicos.com\/endurance\/produto\/imobilizador-de-joelho-x-rom-knee-r-00000\/#breadcrumb","itemListElement":[{"@type":"ListItem","position":1,"name":"In\u00edcio","item":"https:\/\/catalogo.artigosortopedicos.com\/endurance\/"},{"@type":"ListItem","position":2,"name":"Loja","item":"https:\/\/catalogo.artigosortopedicos.com\/endurance\/"},{"@type":"ListItem","position":3,"name":"IMOBILIZADOR de joelho &#8220;X-ROM KNEE&#8221;"}]},{"@type":"WebSite","@id":"https:\/\/catalogo.artigosortopedicos.com\/endurance\/#website","url":"https:\/\/catalogo.artigosortopedicos.com\/endurance\/","name":"Artigos ortop\u00e9dicos | Endurance","description":"Cat\u00e1logo de produtos","publisher":{"@id":"https:\/\/catalogo.artigosortopedicos.com\/endurance\/#organization"},"potentialAction":[{"@type":"SearchAction","target":{"@type":"EntryPoint","urlTemplate":"https:\/\/catalogo.artigosortopedicos.com\/endurance\/?s={search_term_string}"},"query-input":{"@type":"PropertyValueSpecification","valueRequired":true,"valueName":"search_term_string"}}],"inLanguage":"pt-BR"},{"@type":"Organization","@id":"https:\/\/catalogo.artigosortopedicos.com\/endurance\/#organization","name":"Artigos ortop\u00e9dicos | Endurance","url":"https:\/\/catalogo.artigosortopedicos.com\/endurance\/","logo":{"@type":"ImageObject","inLanguage":"pt-BR","@id":"https:\/\/catalogo.artigosortopedicos.com\/endurance\/#\/schema\/logo\/image\/","url":"https:\/\/catalogo.artigosortopedicos.com\/endurance\/wp-content\/uploads\/2022\/01\/cropped-56b2cef4-4750-455a-af10-33ad25230477.jpg","contentUrl":"https:\/\/catalogo.artigosortopedicos.com\/endurance\/wp-content\/uploads\/2022\/01\/cropped-56b2cef4-4750-455a-af10-33ad25230477.jpg","width":481,"height":175,"caption":"Artigos ortop\u00e9dicos | Endurance"},"image":{"@id":"https:\/\/catalogo.artigosortopedicos.com\/endurance\/#\/schema\/logo\/image\/"}}]}},"_links":{"self":[{"href":"https:\/\/catalogo.artigosortopedicos.com\/endurance\/wp-json\/wp\/v2\/product\/9543","targetHints":{"allow":["GET"]}}],"collection":[{"href":"https:\/\/catalogo.artigosortopedicos.com\/endurance\/wp-json\/wp\/v2\/product"}],"about":[{"href":"https:\/\/catalogo.artigosortopedicos.com\/endurance\/wp-json\/wp\/v2\/types\/product"}],"wp:featuredmedia":[{"embeddable":true,"href":"https:\/\/catalogo.artigosortopedicos.com\/endurance\/wp-json\/wp\/v2\/media\/9545"}],"wp:attachment":[{"href":"https:\/\/catalogo.artigosortopedicos.com\/endurance\/wp-json\/wp\/v2\/media?parent=9543"}],"wp:term":[{"taxonomy":"product_brand","embeddable":true,"href":"https:\/\/catalogo.artigosortopedicos.com\/endurance\/wp-json\/wp\/v2\/product_brand?post=9543"},{"taxonomy":"product_cat","embeddable":true,"href":"https:\/\/catalogo.artigosortopedicos.com\/endurance\/wp-json\/wp\/v2\/product_cat?post=9543"},{"taxonomy":"product_tag","embeddable":true,"href":"https:\/\/catalogo.artigosortopedicos.com\/endurance\/wp-json\/wp\/v2\/product_tag?post=9543"}],"curies":[{"name":"wp","href":"https:\/\/api.w.org\/{rel}","templated":true}]}}