{"id":9568,"date":"2022-09-30T17:37:19","date_gmt":"2022-09-30T20:37:19","guid":{"rendered":"https:\/\/catalogo.artigosortopedicos.com\/endurance\/?post_type=product&#038;p=9568"},"modified":"2025-01-24T12:28:49","modified_gmt":"2025-01-24T15:28:49","slug":"tornozeleira-aircast-infantil-15cm","status":"publish","type":"product","link":"https:\/\/catalogo.artigosortopedicos.com\/endurance\/produto\/tornozeleira-aircast-infantil-15cm\/","title":{"rendered":"TORNOZELEIRA AIRCAST INFANTIL 15cm"},"content":{"rendered":"<p><strong>Tornozeleira Aircast Terap\u00eautica<\/strong><\/p>\n<p>Indicada para tratamento de entorses moderados a graves e preven\u00e7\u00e3o de les\u00f5es no tornozelo.<\/p>\n<p>C\u00f3digo &#8211; 02AR Lado direito &#8211; 02AL Lado esquerdo<\/p>\n<p>&nbsp;<\/p>\n<p><strong>CARACTER\u00cdSTICAS:<\/strong><\/p>\n<p>&#8211; C\u00e9lulas laterais com desenho anat\u00f4mico que garantem m\u00e1xima prote\u00e7\u00e3o e conforto, prevenindo eficazmente a invers\u00e3o\/evers\u00e3o.<\/p>\n<p>&#8211; Sistema patenteado de c\u00e9lulas de ar que favorece a circula\u00e7\u00e3o e ajuda a diminuir edemas.<\/p>\n<p>&#8211; C\u00e9lulas de ar pr\u00e9-infladas ajustadas a medida facilitando a coloca\u00e7\u00e3o.<\/p>\n<p>&#8211; Ajuste perfeito no cal\u00e7ado permitindo caminhar confort\u00e1vel e seguro.<\/p>\n<p>&#8211; Confort\u00e1vel, leve e resistente.<\/p>\n<p>&#8211; Lav\u00e1vel.<\/p>\n<p>&#8211; Tamanho \u00fanico &#8211; 15 cm.<\/p>\n<p>&nbsp;<\/p>\n<p><strong>Informa\u00e7\u00f5es Importantes<\/strong><\/p>\n<p>Informamos que n\u00e3o se deve inflar repetidamente as c\u00e9lulas de ar,<br \/>\nporque elas j\u00e1 vem de f\u00e1brica com ar suficiente para a sua finalidade<br \/>\nterap\u00eautica, em les\u00f5es de qualquer grau.<\/p>\n<p>As c\u00e1psulas laterais de ar devem envolver o tornozelo em toda sua extens\u00e3o.<\/p>\n<p>N\u00e3o \u00e9 pelo fato do produto acompanhar uma mangueirinha, que se deve<br \/>\ninflar as c\u00e1psulas aleatoriamente, pois esse procedimento danifica o gel que<br \/>\ntem por finalidade selar a c\u00e9lula de ar, com isso o produto n\u00e3o segura<br \/>\no ar, e os clientes alegam defeito de fabrica\u00e7\u00e3o, o que na realidade \u00e9 uso<br \/>\ninadequado do produto.<\/p>\n<p>Se necess\u00e1rio, abrir bem o pequeno bocal e introduzir a mangueira de forma<br \/>\nque a mesma n\u00e3o encoste nas extremidades do bocal da c\u00e9lula, onde se<br \/>\nposiciona o gel.<\/p>\n<p>Recomende aos seus atendentes para, ao vender, avisar que<br \/>\nn\u00e3o \u00e9 para inflar aleatoriamente e repetidamente, pois a<br \/>\nEndurance <strong>N\u00c3O FAR\u00c1 A REPOSI\u00c7\u00c3O<\/strong> do produto por este mal uso.<\/p>\n","protected":false},"excerpt":{"rendered":"<p>MODELO: ESQUERDO \/ DIREITO<\/p>\n","protected":false},"featured_media":9582,"template":"","meta":[],"product_brand":[],"product_cat":[127,187],"product_tag":[],"class_list":{"0":"post-9568","1":"product","2":"type-product","3":"status-publish","4":"has-post-thumbnail","6":"product_cat-endurance","7":"product_cat-pe-tornozelo","9":"first","10":"instock","11":"shipping-taxable","12":"product-type-simple"},"yoast_head":"<!-- This site is optimized with the Yoast SEO plugin v25.7 - https:\/\/yoast.com\/wordpress\/plugins\/seo\/ -->\n<title>TORNOZELEIRA AIRCAST INFANTIL 15cm - Artigos ortop\u00e9dicos | Endurance<\/title>\n<meta name=\"robots\" content=\"index, follow, max-snippet:-1, max-image-preview:large, max-video-preview:-1\" \/>\n<link rel=\"canonical\" href=\"https:\/\/catalogo.artigosortopedicos.com\/endurance\/produto\/tornozeleira-aircast-infantil-15cm\/\" \/>\n<meta property=\"og:locale\" content=\"pt_BR\" \/>\n<meta property=\"og:type\" content=\"article\" \/>\n<meta property=\"og:title\" content=\"TORNOZELEIRA AIRCAST INFANTIL 15cm - Artigos ortop\u00e9dicos | Endurance\" \/>\n<meta property=\"og:description\" content=\"MODELO: ESQUERDO \/ DIREITO\" \/>\n<meta property=\"og:url\" content=\"https:\/\/catalogo.artigosortopedicos.com\/endurance\/produto\/tornozeleira-aircast-infantil-15cm\/\" \/>\n<meta property=\"og:site_name\" content=\"Artigos ortop\u00e9dicos | Endurance\" \/>\n<meta property=\"article:modified_time\" content=\"2025-01-24T15:28:49+00:00\" \/>\n<meta property=\"og:image\" content=\"https:\/\/catalogo.artigosortopedicos.com\/endurance\/wp-content\/uploads\/2022\/09\/Captura-de-tela-2023-03-28-191159.png\" \/>\n\t<meta property=\"og:image:width\" content=\"367\" \/>\n\t<meta property=\"og:image:height\" content=\"422\" \/>\n\t<meta property=\"og:image:type\" content=\"image\/png\" \/>\n<meta name=\"twitter:card\" content=\"summary_large_image\" \/>\n<meta name=\"twitter:label1\" content=\"Est. tempo de leitura\" \/>\n\t<meta name=\"twitter:data1\" content=\"2 minutos\" \/>\n<script type=\"application\/ld+json\" class=\"yoast-schema-graph\">{\"@context\":\"https:\/\/schema.org\",\"@graph\":[{\"@type\":\"WebPage\",\"@id\":\"https:\/\/catalogo.artigosortopedicos.com\/endurance\/produto\/tornozeleira-aircast-infantil-15cm\/\",\"url\":\"https:\/\/catalogo.artigosortopedicos.com\/endurance\/produto\/tornozeleira-aircast-infantil-15cm\/\",\"name\":\"TORNOZELEIRA AIRCAST INFANTIL 15cm - Artigos ortop\u00e9dicos | Endurance\",\"isPartOf\":{\"@id\":\"https:\/\/catalogo.artigosortopedicos.com\/endurance\/#website\"},\"primaryImageOfPage\":{\"@id\":\"https:\/\/catalogo.artigosortopedicos.com\/endurance\/produto\/tornozeleira-aircast-infantil-15cm\/#primaryimage\"},\"image\":{\"@id\":\"https:\/\/catalogo.artigosortopedicos.com\/endurance\/produto\/tornozeleira-aircast-infantil-15cm\/#primaryimage\"},\"thumbnailUrl\":\"https:\/\/catalogo.artigosortopedicos.com\/endurance\/wp-content\/uploads\/2022\/09\/Captura-de-tela-2023-03-28-191159.png\",\"datePublished\":\"2022-09-30T20:37:19+00:00\",\"dateModified\":\"2025-01-24T15:28:49+00:00\",\"breadcrumb\":{\"@id\":\"https:\/\/catalogo.artigosortopedicos.com\/endurance\/produto\/tornozeleira-aircast-infantil-15cm\/#breadcrumb\"},\"inLanguage\":\"pt-BR\",\"potentialAction\":[{\"@type\":\"ReadAction\",\"target\":[\"https:\/\/catalogo.artigosortopedicos.com\/endurance\/produto\/tornozeleira-aircast-infantil-15cm\/\"]}]},{\"@type\":\"ImageObject\",\"inLanguage\":\"pt-BR\",\"@id\":\"https:\/\/catalogo.artigosortopedicos.com\/endurance\/produto\/tornozeleira-aircast-infantil-15cm\/#primaryimage\",\"url\":\"https:\/\/catalogo.artigosortopedicos.com\/endurance\/wp-content\/uploads\/2022\/09\/Captura-de-tela-2023-03-28-191159.png\",\"contentUrl\":\"https:\/\/catalogo.artigosortopedicos.com\/endurance\/wp-content\/uploads\/2022\/09\/Captura-de-tela-2023-03-28-191159.png\",\"width\":367,\"height\":422},{\"@type\":\"BreadcrumbList\",\"@id\":\"https:\/\/catalogo.artigosortopedicos.com\/endurance\/produto\/tornozeleira-aircast-infantil-15cm\/#breadcrumb\",\"itemListElement\":[{\"@type\":\"ListItem\",\"position\":1,\"name\":\"In\u00edcio\",\"item\":\"https:\/\/catalogo.artigosortopedicos.com\/endurance\/\"},{\"@type\":\"ListItem\",\"position\":2,\"name\":\"Loja\",\"item\":\"https:\/\/catalogo.artigosortopedicos.com\/endurance\/\"},{\"@type\":\"ListItem\",\"position\":3,\"name\":\"TORNOZELEIRA AIRCAST INFANTIL 15cm\"}]},{\"@type\":\"WebSite\",\"@id\":\"https:\/\/catalogo.artigosortopedicos.com\/endurance\/#website\",\"url\":\"https:\/\/catalogo.artigosortopedicos.com\/endurance\/\",\"name\":\"Artigos ortop\u00e9dicos | Endurance\",\"description\":\"Cat\u00e1logo de produtos\",\"publisher\":{\"@id\":\"https:\/\/catalogo.artigosortopedicos.com\/endurance\/#organization\"},\"potentialAction\":[{\"@type\":\"SearchAction\",\"target\":{\"@type\":\"EntryPoint\",\"urlTemplate\":\"https:\/\/catalogo.artigosortopedicos.com\/endurance\/?s={search_term_string}\"},\"query-input\":{\"@type\":\"PropertyValueSpecification\",\"valueRequired\":true,\"valueName\":\"search_term_string\"}}],\"inLanguage\":\"pt-BR\"},{\"@type\":\"Organization\",\"@id\":\"https:\/\/catalogo.artigosortopedicos.com\/endurance\/#organization\",\"name\":\"Artigos ortop\u00e9dicos | Endurance\",\"url\":\"https:\/\/catalogo.artigosortopedicos.com\/endurance\/\",\"logo\":{\"@type\":\"ImageObject\",\"inLanguage\":\"pt-BR\",\"@id\":\"https:\/\/catalogo.artigosortopedicos.com\/endurance\/#\/schema\/logo\/image\/\",\"url\":\"https:\/\/catalogo.artigosortopedicos.com\/endurance\/wp-content\/uploads\/2022\/01\/cropped-56b2cef4-4750-455a-af10-33ad25230477.jpg\",\"contentUrl\":\"https:\/\/catalogo.artigosortopedicos.com\/endurance\/wp-content\/uploads\/2022\/01\/cropped-56b2cef4-4750-455a-af10-33ad25230477.jpg\",\"width\":481,\"height\":175,\"caption\":\"Artigos ortop\u00e9dicos | Endurance\"},\"image\":{\"@id\":\"https:\/\/catalogo.artigosortopedicos.com\/endurance\/#\/schema\/logo\/image\/\"}}]}<\/script>\n<!-- \/ Yoast SEO plugin. -->","yoast_head_json":{"title":"TORNOZELEIRA AIRCAST INFANTIL 15cm - Artigos ortop\u00e9dicos | Endurance","robots":{"index":"index","follow":"follow","max-snippet":"max-snippet:-1","max-image-preview":"max-image-preview:large","max-video-preview":"max-video-preview:-1"},"canonical":"https:\/\/catalogo.artigosortopedicos.com\/endurance\/produto\/tornozeleira-aircast-infantil-15cm\/","og_locale":"pt_BR","og_type":"article","og_title":"TORNOZELEIRA AIRCAST INFANTIL 15cm - Artigos ortop\u00e9dicos | Endurance","og_description":"MODELO: ESQUERDO \/ DIREITO","og_url":"https:\/\/catalogo.artigosortopedicos.com\/endurance\/produto\/tornozeleira-aircast-infantil-15cm\/","og_site_name":"Artigos ortop\u00e9dicos | Endurance","article_modified_time":"2025-01-24T15:28:49+00:00","og_image":[{"width":367,"height":422,"url":"https:\/\/catalogo.artigosortopedicos.com\/endurance\/wp-content\/uploads\/2022\/09\/Captura-de-tela-2023-03-28-191159.png","type":"image\/png"}],"twitter_card":"summary_large_image","twitter_misc":{"Est. tempo de leitura":"2 minutos"},"schema":{"@context":"https:\/\/schema.org","@graph":[{"@type":"WebPage","@id":"https:\/\/catalogo.artigosortopedicos.com\/endurance\/produto\/tornozeleira-aircast-infantil-15cm\/","url":"https:\/\/catalogo.artigosortopedicos.com\/endurance\/produto\/tornozeleira-aircast-infantil-15cm\/","name":"TORNOZELEIRA AIRCAST INFANTIL 15cm - Artigos ortop\u00e9dicos | Endurance","isPartOf":{"@id":"https:\/\/catalogo.artigosortopedicos.com\/endurance\/#website"},"primaryImageOfPage":{"@id":"https:\/\/catalogo.artigosortopedicos.com\/endurance\/produto\/tornozeleira-aircast-infantil-15cm\/#primaryimage"},"image":{"@id":"https:\/\/catalogo.artigosortopedicos.com\/endurance\/produto\/tornozeleira-aircast-infantil-15cm\/#primaryimage"},"thumbnailUrl":"https:\/\/catalogo.artigosortopedicos.com\/endurance\/wp-content\/uploads\/2022\/09\/Captura-de-tela-2023-03-28-191159.png","datePublished":"2022-09-30T20:37:19+00:00","dateModified":"2025-01-24T15:28:49+00:00","breadcrumb":{"@id":"https:\/\/catalogo.artigosortopedicos.com\/endurance\/produto\/tornozeleira-aircast-infantil-15cm\/#breadcrumb"},"inLanguage":"pt-BR","potentialAction":[{"@type":"ReadAction","target":["https:\/\/catalogo.artigosortopedicos.com\/endurance\/produto\/tornozeleira-aircast-infantil-15cm\/"]}]},{"@type":"ImageObject","inLanguage":"pt-BR","@id":"https:\/\/catalogo.artigosortopedicos.com\/endurance\/produto\/tornozeleira-aircast-infantil-15cm\/#primaryimage","url":"https:\/\/catalogo.artigosortopedicos.com\/endurance\/wp-content\/uploads\/2022\/09\/Captura-de-tela-2023-03-28-191159.png","contentUrl":"https:\/\/catalogo.artigosortopedicos.com\/endurance\/wp-content\/uploads\/2022\/09\/Captura-de-tela-2023-03-28-191159.png","width":367,"height":422},{"@type":"BreadcrumbList","@id":"https:\/\/catalogo.artigosortopedicos.com\/endurance\/produto\/tornozeleira-aircast-infantil-15cm\/#breadcrumb","itemListElement":[{"@type":"ListItem","position":1,"name":"In\u00edcio","item":"https:\/\/catalogo.artigosortopedicos.com\/endurance\/"},{"@type":"ListItem","position":2,"name":"Loja","item":"https:\/\/catalogo.artigosortopedicos.com\/endurance\/"},{"@type":"ListItem","position":3,"name":"TORNOZELEIRA AIRCAST INFANTIL 15cm"}]},{"@type":"WebSite","@id":"https:\/\/catalogo.artigosortopedicos.com\/endurance\/#website","url":"https:\/\/catalogo.artigosortopedicos.com\/endurance\/","name":"Artigos ortop\u00e9dicos | Endurance","description":"Cat\u00e1logo de produtos","publisher":{"@id":"https:\/\/catalogo.artigosortopedicos.com\/endurance\/#organization"},"potentialAction":[{"@type":"SearchAction","target":{"@type":"EntryPoint","urlTemplate":"https:\/\/catalogo.artigosortopedicos.com\/endurance\/?s={search_term_string}"},"query-input":{"@type":"PropertyValueSpecification","valueRequired":true,"valueName":"search_term_string"}}],"inLanguage":"pt-BR"},{"@type":"Organization","@id":"https:\/\/catalogo.artigosortopedicos.com\/endurance\/#organization","name":"Artigos ortop\u00e9dicos | Endurance","url":"https:\/\/catalogo.artigosortopedicos.com\/endurance\/","logo":{"@type":"ImageObject","inLanguage":"pt-BR","@id":"https:\/\/catalogo.artigosortopedicos.com\/endurance\/#\/schema\/logo\/image\/","url":"https:\/\/catalogo.artigosortopedicos.com\/endurance\/wp-content\/uploads\/2022\/01\/cropped-56b2cef4-4750-455a-af10-33ad25230477.jpg","contentUrl":"https:\/\/catalogo.artigosortopedicos.com\/endurance\/wp-content\/uploads\/2022\/01\/cropped-56b2cef4-4750-455a-af10-33ad25230477.jpg","width":481,"height":175,"caption":"Artigos ortop\u00e9dicos | Endurance"},"image":{"@id":"https:\/\/catalogo.artigosortopedicos.com\/endurance\/#\/schema\/logo\/image\/"}}]}},"_links":{"self":[{"href":"https:\/\/catalogo.artigosortopedicos.com\/endurance\/wp-json\/wp\/v2\/product\/9568","targetHints":{"allow":["GET"]}}],"collection":[{"href":"https:\/\/catalogo.artigosortopedicos.com\/endurance\/wp-json\/wp\/v2\/product"}],"about":[{"href":"https:\/\/catalogo.artigosortopedicos.com\/endurance\/wp-json\/wp\/v2\/types\/product"}],"wp:featuredmedia":[{"embeddable":true,"href":"https:\/\/catalogo.artigosortopedicos.com\/endurance\/wp-json\/wp\/v2\/media\/9582"}],"wp:attachment":[{"href":"https:\/\/catalogo.artigosortopedicos.com\/endurance\/wp-json\/wp\/v2\/media?parent=9568"}],"wp:term":[{"taxonomy":"product_brand","embeddable":true,"href":"https:\/\/catalogo.artigosortopedicos.com\/endurance\/wp-json\/wp\/v2\/product_brand?post=9568"},{"taxonomy":"product_cat","embeddable":true,"href":"https:\/\/catalogo.artigosortopedicos.com\/endurance\/wp-json\/wp\/v2\/product_cat?post=9568"},{"taxonomy":"product_tag","embeddable":true,"href":"https:\/\/catalogo.artigosortopedicos.com\/endurance\/wp-json\/wp\/v2\/product_tag?post=9568"}],"curies":[{"name":"wp","href":"https:\/\/api.w.org\/{rel}","templated":true}]}}