{"id":9592,"date":"2023-08-16T19:45:12","date_gmt":"2023-08-16T22:45:12","guid":{"rendered":"https:\/\/catalogo.artigosortopedicos.com\/endurance\/?post_type=product&#038;p=9592"},"modified":"2025-01-24T12:30:17","modified_gmt":"2025-01-24T15:30:17","slug":"imobilizador-de-punho-carpaform-r-18900","status":"publish","type":"product","link":"https:\/\/catalogo.artigosortopedicos.com\/endurance\/produto\/imobilizador-de-punho-carpaform-r-18900\/","title":{"rendered":"IMOBILIZADOR DE PUNHO CARPAFORM"},"content":{"rendered":"<p><strong>Imobilizador de Punho Carpaform<\/strong><\/p>\n<p>Indicado no tratamento do t\u00fanel do carpo, tenossinovites, tendinopatias, imobiliza\u00e7\u00f5es devido fraturas no punho, les\u00f5es nos ligamentos e L.E.R. (les\u00f5es por esfor\u00e7os repetitivos).<\/p>\n<p>Lado direito\u00a0 e \u00a0Lado esquerdo<\/p>\n<p><strong>CARACTER\u00cdSTICAS:<\/strong><\/p>\n<p>&#8211; Design ergon\u00f4mico e ultraleve, facilitando o apoio do pulso em posi\u00e7\u00e3o neutra e podendo ser usado \u00e0 noite.<\/p>\n<p>&#8211; Estrutura de exoesqueleto com suporte ultraleve e personalizado para descompress\u00e3o do nervo mediano.<\/p>\n<p>&#8211; Tala de alum\u00ednio male\u00e1vel que proporciona suporte personalizado.<\/p>\n<p>&#8211; F\u00e1cil de encaixar e ajustar.<\/p>\n<p>&#8211; Confort\u00e1vel, ultraleve e resistente.<\/p>\n<p>&#8211; Lav\u00e1vel.<\/p>\n<p><strong>Instru\u00e7\u00f5es para o tamanho do produto:<\/strong><\/p>\n<p>1) posicione a fita m\u00e9trica no meio do punho;<\/p>\n<p>2) a partir desse ponto, tire a circunfer\u00eancia.<\/p>\n<p><strong>A medida encontrada dever\u00e1 ser enquadrada conforme abaixo:<\/strong><\/p>\n<p>P &#8211; 13,5 a 16,5 cm.\u00a0 M &#8211; 16,5 a 19,5 cm.\u00a0\u00a0 G &#8211; 19,5 a 25 cm.<\/p>\n","protected":false},"excerpt":{"rendered":"<p>Imobilizador de Punho Carpaform Indicado no tratamento do t\u00fanel do carpo, tenossinovites, tendinopatias, imobiliza\u00e7\u00f5es devido fraturas no punho, les\u00f5es nos ligamentos e L.E.R. (les\u00f5es por esfor\u00e7os repetitivos). Lado direito\u00a0 e \u00a0Lado esquerdo CARACTER\u00cdSTICAS: &#8211; Design ergon\u00f4mico e ultraleve, facilitando o apoio do pulso em posi\u00e7\u00e3o neutra e podendo ser usado \u00e0 noite. &#8211; Estrutura de [&hellip;]<\/p>\n","protected":false},"featured_media":9593,"template":"","meta":[],"product_brand":[],"product_cat":[469],"product_tag":[],"class_list":{"0":"post-9592","1":"product","2":"type-product","3":"status-publish","4":"has-post-thumbnail","6":"product_cat-maos","8":"first","9":"instock","10":"shipping-taxable","11":"product-type-simple"},"yoast_head":"<!-- This site is optimized with the Yoast SEO plugin v25.7 - https:\/\/yoast.com\/wordpress\/plugins\/seo\/ -->\n<title>IMOBILIZADOR DE PUNHO CARPAFORM - Artigos ortop\u00e9dicos | Endurance<\/title>\n<meta name=\"robots\" content=\"index, follow, max-snippet:-1, max-image-preview:large, max-video-preview:-1\" \/>\n<link rel=\"canonical\" href=\"https:\/\/catalogo.artigosortopedicos.com\/endurance\/produto\/imobilizador-de-punho-carpaform-r-18900\/\" \/>\n<meta property=\"og:locale\" content=\"pt_BR\" \/>\n<meta property=\"og:type\" content=\"article\" \/>\n<meta property=\"og:title\" content=\"IMOBILIZADOR DE PUNHO CARPAFORM - Artigos ortop\u00e9dicos | Endurance\" \/>\n<meta property=\"og:description\" content=\"Imobilizador de Punho Carpaform Indicado no tratamento do t\u00fanel do carpo, tenossinovites, tendinopatias, imobiliza\u00e7\u00f5es devido fraturas no punho, les\u00f5es nos ligamentos e L.E.R. (les\u00f5es por esfor\u00e7os repetitivos). Lado direito\u00a0 e \u00a0Lado esquerdo CARACTER\u00cdSTICAS: &#8211; Design ergon\u00f4mico e ultraleve, facilitando o apoio do pulso em posi\u00e7\u00e3o neutra e podendo ser usado \u00e0 noite. &#8211; Estrutura de [&hellip;]\" \/>\n<meta property=\"og:url\" content=\"https:\/\/catalogo.artigosortopedicos.com\/endurance\/produto\/imobilizador-de-punho-carpaform-r-18900\/\" \/>\n<meta property=\"og:site_name\" content=\"Artigos ortop\u00e9dicos | Endurance\" \/>\n<meta property=\"article:modified_time\" content=\"2025-01-24T15:30:17+00:00\" \/>\n<meta property=\"og:image\" content=\"https:\/\/catalogo.artigosortopedicos.com\/endurance\/wp-content\/uploads\/2023\/08\/Captura-de-tela-2023-08-16-194207.png\" \/>\n\t<meta property=\"og:image:width\" content=\"822\" \/>\n\t<meta property=\"og:image:height\" content=\"754\" \/>\n\t<meta property=\"og:image:type\" content=\"image\/png\" \/>\n<meta name=\"twitter:card\" content=\"summary_large_image\" \/>\n<meta name=\"twitter:label1\" content=\"Est. tempo de leitura\" \/>\n\t<meta name=\"twitter:data1\" content=\"1 minuto\" \/>\n<script type=\"application\/ld+json\" class=\"yoast-schema-graph\">{\"@context\":\"https:\/\/schema.org\",\"@graph\":[{\"@type\":\"WebPage\",\"@id\":\"https:\/\/catalogo.artigosortopedicos.com\/endurance\/produto\/imobilizador-de-punho-carpaform-r-18900\/\",\"url\":\"https:\/\/catalogo.artigosortopedicos.com\/endurance\/produto\/imobilizador-de-punho-carpaform-r-18900\/\",\"name\":\"IMOBILIZADOR DE PUNHO CARPAFORM - Artigos ortop\u00e9dicos | Endurance\",\"isPartOf\":{\"@id\":\"https:\/\/catalogo.artigosortopedicos.com\/endurance\/#website\"},\"primaryImageOfPage\":{\"@id\":\"https:\/\/catalogo.artigosortopedicos.com\/endurance\/produto\/imobilizador-de-punho-carpaform-r-18900\/#primaryimage\"},\"image\":{\"@id\":\"https:\/\/catalogo.artigosortopedicos.com\/endurance\/produto\/imobilizador-de-punho-carpaform-r-18900\/#primaryimage\"},\"thumbnailUrl\":\"https:\/\/catalogo.artigosortopedicos.com\/endurance\/wp-content\/uploads\/2023\/08\/Captura-de-tela-2023-08-16-194207.png\",\"datePublished\":\"2023-08-16T22:45:12+00:00\",\"dateModified\":\"2025-01-24T15:30:17+00:00\",\"breadcrumb\":{\"@id\":\"https:\/\/catalogo.artigosortopedicos.com\/endurance\/produto\/imobilizador-de-punho-carpaform-r-18900\/#breadcrumb\"},\"inLanguage\":\"pt-BR\",\"potentialAction\":[{\"@type\":\"ReadAction\",\"target\":[\"https:\/\/catalogo.artigosortopedicos.com\/endurance\/produto\/imobilizador-de-punho-carpaform-r-18900\/\"]}]},{\"@type\":\"ImageObject\",\"inLanguage\":\"pt-BR\",\"@id\":\"https:\/\/catalogo.artigosortopedicos.com\/endurance\/produto\/imobilizador-de-punho-carpaform-r-18900\/#primaryimage\",\"url\":\"https:\/\/catalogo.artigosortopedicos.com\/endurance\/wp-content\/uploads\/2023\/08\/Captura-de-tela-2023-08-16-194207.png\",\"contentUrl\":\"https:\/\/catalogo.artigosortopedicos.com\/endurance\/wp-content\/uploads\/2023\/08\/Captura-de-tela-2023-08-16-194207.png\",\"width\":822,\"height\":754},{\"@type\":\"BreadcrumbList\",\"@id\":\"https:\/\/catalogo.artigosortopedicos.com\/endurance\/produto\/imobilizador-de-punho-carpaform-r-18900\/#breadcrumb\",\"itemListElement\":[{\"@type\":\"ListItem\",\"position\":1,\"name\":\"In\u00edcio\",\"item\":\"https:\/\/catalogo.artigosortopedicos.com\/endurance\/\"},{\"@type\":\"ListItem\",\"position\":2,\"name\":\"Loja\",\"item\":\"https:\/\/catalogo.artigosortopedicos.com\/endurance\/\"},{\"@type\":\"ListItem\",\"position\":3,\"name\":\"IMOBILIZADOR DE PUNHO CARPAFORM\"}]},{\"@type\":\"WebSite\",\"@id\":\"https:\/\/catalogo.artigosortopedicos.com\/endurance\/#website\",\"url\":\"https:\/\/catalogo.artigosortopedicos.com\/endurance\/\",\"name\":\"Artigos ortop\u00e9dicos | Endurance\",\"description\":\"Cat\u00e1logo de produtos\",\"publisher\":{\"@id\":\"https:\/\/catalogo.artigosortopedicos.com\/endurance\/#organization\"},\"potentialAction\":[{\"@type\":\"SearchAction\",\"target\":{\"@type\":\"EntryPoint\",\"urlTemplate\":\"https:\/\/catalogo.artigosortopedicos.com\/endurance\/?s={search_term_string}\"},\"query-input\":{\"@type\":\"PropertyValueSpecification\",\"valueRequired\":true,\"valueName\":\"search_term_string\"}}],\"inLanguage\":\"pt-BR\"},{\"@type\":\"Organization\",\"@id\":\"https:\/\/catalogo.artigosortopedicos.com\/endurance\/#organization\",\"name\":\"Artigos ortop\u00e9dicos | Endurance\",\"url\":\"https:\/\/catalogo.artigosortopedicos.com\/endurance\/\",\"logo\":{\"@type\":\"ImageObject\",\"inLanguage\":\"pt-BR\",\"@id\":\"https:\/\/catalogo.artigosortopedicos.com\/endurance\/#\/schema\/logo\/image\/\",\"url\":\"https:\/\/catalogo.artigosortopedicos.com\/endurance\/wp-content\/uploads\/2022\/01\/cropped-56b2cef4-4750-455a-af10-33ad25230477.jpg\",\"contentUrl\":\"https:\/\/catalogo.artigosortopedicos.com\/endurance\/wp-content\/uploads\/2022\/01\/cropped-56b2cef4-4750-455a-af10-33ad25230477.jpg\",\"width\":481,\"height\":175,\"caption\":\"Artigos ortop\u00e9dicos | Endurance\"},\"image\":{\"@id\":\"https:\/\/catalogo.artigosortopedicos.com\/endurance\/#\/schema\/logo\/image\/\"}}]}<\/script>\n<!-- \/ Yoast SEO plugin. -->","yoast_head_json":{"title":"IMOBILIZADOR DE PUNHO CARPAFORM - Artigos ortop\u00e9dicos | Endurance","robots":{"index":"index","follow":"follow","max-snippet":"max-snippet:-1","max-image-preview":"max-image-preview:large","max-video-preview":"max-video-preview:-1"},"canonical":"https:\/\/catalogo.artigosortopedicos.com\/endurance\/produto\/imobilizador-de-punho-carpaform-r-18900\/","og_locale":"pt_BR","og_type":"article","og_title":"IMOBILIZADOR DE PUNHO CARPAFORM - Artigos ortop\u00e9dicos | Endurance","og_description":"Imobilizador de Punho Carpaform Indicado no tratamento do t\u00fanel do carpo, tenossinovites, tendinopatias, imobiliza\u00e7\u00f5es devido fraturas no punho, les\u00f5es nos ligamentos e L.E.R. (les\u00f5es por esfor\u00e7os repetitivos). Lado direito\u00a0 e \u00a0Lado esquerdo CARACTER\u00cdSTICAS: &#8211; Design ergon\u00f4mico e ultraleve, facilitando o apoio do pulso em posi\u00e7\u00e3o neutra e podendo ser usado \u00e0 noite. &#8211; Estrutura de [&hellip;]","og_url":"https:\/\/catalogo.artigosortopedicos.com\/endurance\/produto\/imobilizador-de-punho-carpaform-r-18900\/","og_site_name":"Artigos ortop\u00e9dicos | Endurance","article_modified_time":"2025-01-24T15:30:17+00:00","og_image":[{"width":822,"height":754,"url":"https:\/\/catalogo.artigosortopedicos.com\/endurance\/wp-content\/uploads\/2023\/08\/Captura-de-tela-2023-08-16-194207.png","type":"image\/png"}],"twitter_card":"summary_large_image","twitter_misc":{"Est. tempo de leitura":"1 minuto"},"schema":{"@context":"https:\/\/schema.org","@graph":[{"@type":"WebPage","@id":"https:\/\/catalogo.artigosortopedicos.com\/endurance\/produto\/imobilizador-de-punho-carpaform-r-18900\/","url":"https:\/\/catalogo.artigosortopedicos.com\/endurance\/produto\/imobilizador-de-punho-carpaform-r-18900\/","name":"IMOBILIZADOR DE PUNHO CARPAFORM - Artigos ortop\u00e9dicos | Endurance","isPartOf":{"@id":"https:\/\/catalogo.artigosortopedicos.com\/endurance\/#website"},"primaryImageOfPage":{"@id":"https:\/\/catalogo.artigosortopedicos.com\/endurance\/produto\/imobilizador-de-punho-carpaform-r-18900\/#primaryimage"},"image":{"@id":"https:\/\/catalogo.artigosortopedicos.com\/endurance\/produto\/imobilizador-de-punho-carpaform-r-18900\/#primaryimage"},"thumbnailUrl":"https:\/\/catalogo.artigosortopedicos.com\/endurance\/wp-content\/uploads\/2023\/08\/Captura-de-tela-2023-08-16-194207.png","datePublished":"2023-08-16T22:45:12+00:00","dateModified":"2025-01-24T15:30:17+00:00","breadcrumb":{"@id":"https:\/\/catalogo.artigosortopedicos.com\/endurance\/produto\/imobilizador-de-punho-carpaform-r-18900\/#breadcrumb"},"inLanguage":"pt-BR","potentialAction":[{"@type":"ReadAction","target":["https:\/\/catalogo.artigosortopedicos.com\/endurance\/produto\/imobilizador-de-punho-carpaform-r-18900\/"]}]},{"@type":"ImageObject","inLanguage":"pt-BR","@id":"https:\/\/catalogo.artigosortopedicos.com\/endurance\/produto\/imobilizador-de-punho-carpaform-r-18900\/#primaryimage","url":"https:\/\/catalogo.artigosortopedicos.com\/endurance\/wp-content\/uploads\/2023\/08\/Captura-de-tela-2023-08-16-194207.png","contentUrl":"https:\/\/catalogo.artigosortopedicos.com\/endurance\/wp-content\/uploads\/2023\/08\/Captura-de-tela-2023-08-16-194207.png","width":822,"height":754},{"@type":"BreadcrumbList","@id":"https:\/\/catalogo.artigosortopedicos.com\/endurance\/produto\/imobilizador-de-punho-carpaform-r-18900\/#breadcrumb","itemListElement":[{"@type":"ListItem","position":1,"name":"In\u00edcio","item":"https:\/\/catalogo.artigosortopedicos.com\/endurance\/"},{"@type":"ListItem","position":2,"name":"Loja","item":"https:\/\/catalogo.artigosortopedicos.com\/endurance\/"},{"@type":"ListItem","position":3,"name":"IMOBILIZADOR DE PUNHO CARPAFORM"}]},{"@type":"WebSite","@id":"https:\/\/catalogo.artigosortopedicos.com\/endurance\/#website","url":"https:\/\/catalogo.artigosortopedicos.com\/endurance\/","name":"Artigos ortop\u00e9dicos | Endurance","description":"Cat\u00e1logo de produtos","publisher":{"@id":"https:\/\/catalogo.artigosortopedicos.com\/endurance\/#organization"},"potentialAction":[{"@type":"SearchAction","target":{"@type":"EntryPoint","urlTemplate":"https:\/\/catalogo.artigosortopedicos.com\/endurance\/?s={search_term_string}"},"query-input":{"@type":"PropertyValueSpecification","valueRequired":true,"valueName":"search_term_string"}}],"inLanguage":"pt-BR"},{"@type":"Organization","@id":"https:\/\/catalogo.artigosortopedicos.com\/endurance\/#organization","name":"Artigos ortop\u00e9dicos | Endurance","url":"https:\/\/catalogo.artigosortopedicos.com\/endurance\/","logo":{"@type":"ImageObject","inLanguage":"pt-BR","@id":"https:\/\/catalogo.artigosortopedicos.com\/endurance\/#\/schema\/logo\/image\/","url":"https:\/\/catalogo.artigosortopedicos.com\/endurance\/wp-content\/uploads\/2022\/01\/cropped-56b2cef4-4750-455a-af10-33ad25230477.jpg","contentUrl":"https:\/\/catalogo.artigosortopedicos.com\/endurance\/wp-content\/uploads\/2022\/01\/cropped-56b2cef4-4750-455a-af10-33ad25230477.jpg","width":481,"height":175,"caption":"Artigos ortop\u00e9dicos | Endurance"},"image":{"@id":"https:\/\/catalogo.artigosortopedicos.com\/endurance\/#\/schema\/logo\/image\/"}}]}},"_links":{"self":[{"href":"https:\/\/catalogo.artigosortopedicos.com\/endurance\/wp-json\/wp\/v2\/product\/9592","targetHints":{"allow":["GET"]}}],"collection":[{"href":"https:\/\/catalogo.artigosortopedicos.com\/endurance\/wp-json\/wp\/v2\/product"}],"about":[{"href":"https:\/\/catalogo.artigosortopedicos.com\/endurance\/wp-json\/wp\/v2\/types\/product"}],"wp:featuredmedia":[{"embeddable":true,"href":"https:\/\/catalogo.artigosortopedicos.com\/endurance\/wp-json\/wp\/v2\/media\/9593"}],"wp:attachment":[{"href":"https:\/\/catalogo.artigosortopedicos.com\/endurance\/wp-json\/wp\/v2\/media?parent=9592"}],"wp:term":[{"taxonomy":"product_brand","embeddable":true,"href":"https:\/\/catalogo.artigosortopedicos.com\/endurance\/wp-json\/wp\/v2\/product_brand?post=9592"},{"taxonomy":"product_cat","embeddable":true,"href":"https:\/\/catalogo.artigosortopedicos.com\/endurance\/wp-json\/wp\/v2\/product_cat?post=9592"},{"taxonomy":"product_tag","embeddable":true,"href":"https:\/\/catalogo.artigosortopedicos.com\/endurance\/wp-json\/wp\/v2\/product_tag?post=9592"}],"curies":[{"name":"wp","href":"https:\/\/api.w.org\/{rel}","templated":true}]}}