{"id":9594,"date":"2023-08-16T19:46:56","date_gmt":"2023-08-16T22:46:56","guid":{"rendered":"https:\/\/catalogo.artigosortopedicos.com\/endurance\/?post_type=product&#038;p=9594"},"modified":"2025-01-24T12:32:58","modified_gmt":"2025-01-24T15:32:58","slug":"joelheira-com-abertura-patelar-em-tecido-elastico-r-11900","status":"publish","type":"product","link":"https:\/\/catalogo.artigosortopedicos.com\/endurance\/produto\/joelheira-com-abertura-patelar-em-tecido-elastico-r-11900\/","title":{"rendered":"JOELHEIRA COM ABERTURA PATELAR EM TECIDO EL\u00c1STICO ROTULAX"},"content":{"rendered":"<p><strong>Joelheira Com Abertura Patelar Em Tecido El\u00e1stico &#8211; ROTULAX<\/strong><\/p>\n<p>Joelheira el\u00e1stica com desenho anat\u00f4mico, tecido em 3D que proporciona compress\u00e3o efetiva espec\u00edfica (20-26 mmHg padr\u00e3o m\u00e9dico) e suporte. Ideal para conten\u00e7\u00e3o e manuten\u00e7\u00e3o\u00a0de les\u00f5es agudas e cr\u00f4nicas no joelho, osteoartrite leve, dor patelofemoral e instabilidade leve. Recomendado\u00a0para esportes em geral, bem como para o dia-a-dia.<\/p>\n<p>C\u00f3digo &#8211; 82-0710 Bilateral<\/p>\n<p><strong>CARACTER\u00cdSTICAS:<\/strong><\/p>\n<p>&#8211;\u00a0Indicado para les\u00f5es no joelho e na r\u00f3tula.<\/p>\n<p>&#8211; Produto proporciona estimula\u00e7\u00e3o proprioceptiva e neuromuscular atrav\u00e9s da compress\u00e3o e estabiliza\u00e7\u00e3o.<\/p>\n<p>&#8211; Vers\u00e3o sem abertura no popl\u00edteo.<\/p>\n<p>&#8211;\u00a0Tecido suave, el\u00e1stico e transpir\u00e1vel para melhor comodidade.<\/p>\n<p>&#8211; Zonas el\u00e1sticas sobre a r\u00f3tula e parte posterior do joelho, que facilitam a transpira\u00e7\u00e3o, dando comodidade e liberdade nos movimentos.<\/p>\n<p>&#8211; Bordas com compress\u00e3o reduzida que desviam a press\u00e3o nas extremidades do produto, proporcionando ajuste mais c\u00f4modo.<\/p>\n<p>&#8211; Joelheira anatomicamente contornada ao redor do joelho que ajuda a estabilizar a r\u00f3tula com efeito de massagem melhorando a propriocep\u00e7\u00e3o.<\/p>\n<p>&#8211; Bandas cobertas de silicone antiderrapente que fornecem fixa\u00e7\u00e3o segura sob tens\u00e3o.<\/p>\n<p>&#8211; Gr\u00e1ficos visuais ao redor da r\u00f3tula que asseguram a correta aplica\u00e7\u00e3o da joelheira.<\/p>\n<p>&#8211; Material respir\u00e1vel, hipoalerg\u00eanico e livre de l\u00e1tex.<\/p>\n<p><strong>Instru\u00e7\u00f5es para medida do tamanho do produto:<\/strong><\/p>\n<p>1) posicione a fita m\u00e9trica no meio do joelho (patela);<\/p>\n<p>2) me\u00e7a 15 cm. acima;<\/p>\n<p>3) a partir do ponto encontrado na coxa, tire a circunfer\u00eancia.<\/p>\n<p>&nbsp;<\/p>\n<p><strong>A medida encontrada dever\u00e1 ser enquadrada conforme abaixo:<\/strong><\/p>\n<p>Pequeno &#8211; 39 a 42 cm.<\/p>\n<p>M\u00e9dio &#8211; 43 a 46 cm.<\/p>\n<p>Grande &#8211; 47 a 49 cm.<\/p>\n<p>X Grande &#8211; 50 a 53 cm.<\/p>\n<p>XX Grande &#8211; 54 a 57 cm.<\/p>\n<p>XXX Grande &#8211; 58 a 61 cm.<\/p>\n","protected":false},"excerpt":{"rendered":"<p>Joelheira Com Abertura Patelar Em Tecido El\u00e1stico &#8211; ROTULAX Joelheira el\u00e1stica com desenho anat\u00f4mico, tecido em 3D que proporciona compress\u00e3o efetiva espec\u00edfica (20-26 mmHg padr\u00e3o m\u00e9dico) e suporte. Ideal para conten\u00e7\u00e3o e manuten\u00e7\u00e3o\u00a0de les\u00f5es agudas e cr\u00f4nicas no joelho, osteoartrite leve, dor patelofemoral e instabilidade leve. Recomendado\u00a0para esportes em geral, bem como para o dia-a-dia. [&hellip;]<\/p>\n","protected":false},"featured_media":9597,"template":"","meta":[],"product_brand":[],"product_cat":[188],"product_tag":[],"class_list":{"0":"post-9594","1":"product","2":"type-product","3":"status-publish","4":"has-post-thumbnail","6":"product_cat-cotovelo-e-joelho","8":"first","9":"instock","10":"shipping-taxable","11":"product-type-simple"},"yoast_head":"<!-- This site is optimized with the Yoast SEO plugin v25.7 - https:\/\/yoast.com\/wordpress\/plugins\/seo\/ -->\n<title>JOELHEIRA COM ABERTURA PATELAR EM TECIDO EL\u00c1STICO ROTULAX - Artigos ortop\u00e9dicos | Endurance<\/title>\n<meta name=\"robots\" content=\"index, follow, max-snippet:-1, max-image-preview:large, max-video-preview:-1\" \/>\n<link rel=\"canonical\" href=\"https:\/\/catalogo.artigosortopedicos.com\/endurance\/produto\/joelheira-com-abertura-patelar-em-tecido-elastico-r-11900\/\" \/>\n<meta property=\"og:locale\" content=\"pt_BR\" \/>\n<meta property=\"og:type\" content=\"article\" \/>\n<meta property=\"og:title\" content=\"JOELHEIRA COM ABERTURA PATELAR EM TECIDO EL\u00c1STICO ROTULAX - Artigos ortop\u00e9dicos | Endurance\" \/>\n<meta property=\"og:description\" content=\"Joelheira Com Abertura Patelar Em Tecido El\u00e1stico &#8211; ROTULAX Joelheira el\u00e1stica com desenho anat\u00f4mico, tecido em 3D que proporciona compress\u00e3o efetiva espec\u00edfica (20-26 mmHg padr\u00e3o m\u00e9dico) e suporte. Ideal para conten\u00e7\u00e3o e manuten\u00e7\u00e3o\u00a0de les\u00f5es agudas e cr\u00f4nicas no joelho, osteoartrite leve, dor patelofemoral e instabilidade leve. Recomendado\u00a0para esportes em geral, bem como para o dia-a-dia. [&hellip;]\" \/>\n<meta property=\"og:url\" content=\"https:\/\/catalogo.artigosortopedicos.com\/endurance\/produto\/joelheira-com-abertura-patelar-em-tecido-elastico-r-11900\/\" \/>\n<meta property=\"og:site_name\" content=\"Artigos ortop\u00e9dicos | Endurance\" \/>\n<meta property=\"article:modified_time\" content=\"2025-01-24T15:32:58+00:00\" \/>\n<meta property=\"og:image\" content=\"https:\/\/catalogo.artigosortopedicos.com\/endurance\/wp-content\/uploads\/2023\/08\/Captura-de-tela-2023-08-16-210945.png\" \/>\n\t<meta property=\"og:image:width\" content=\"629\" \/>\n\t<meta property=\"og:image:height\" content=\"813\" \/>\n\t<meta property=\"og:image:type\" content=\"image\/png\" \/>\n<meta name=\"twitter:card\" content=\"summary_large_image\" \/>\n<meta name=\"twitter:label1\" content=\"Est. tempo de leitura\" \/>\n\t<meta name=\"twitter:data1\" content=\"2 minutos\" \/>\n<script type=\"application\/ld+json\" class=\"yoast-schema-graph\">{\"@context\":\"https:\/\/schema.org\",\"@graph\":[{\"@type\":\"WebPage\",\"@id\":\"https:\/\/catalogo.artigosortopedicos.com\/endurance\/produto\/joelheira-com-abertura-patelar-em-tecido-elastico-r-11900\/\",\"url\":\"https:\/\/catalogo.artigosortopedicos.com\/endurance\/produto\/joelheira-com-abertura-patelar-em-tecido-elastico-r-11900\/\",\"name\":\"JOELHEIRA COM ABERTURA PATELAR EM TECIDO EL\u00c1STICO ROTULAX - Artigos ortop\u00e9dicos | Endurance\",\"isPartOf\":{\"@id\":\"https:\/\/catalogo.artigosortopedicos.com\/endurance\/#website\"},\"primaryImageOfPage\":{\"@id\":\"https:\/\/catalogo.artigosortopedicos.com\/endurance\/produto\/joelheira-com-abertura-patelar-em-tecido-elastico-r-11900\/#primaryimage\"},\"image\":{\"@id\":\"https:\/\/catalogo.artigosortopedicos.com\/endurance\/produto\/joelheira-com-abertura-patelar-em-tecido-elastico-r-11900\/#primaryimage\"},\"thumbnailUrl\":\"https:\/\/catalogo.artigosortopedicos.com\/endurance\/wp-content\/uploads\/2023\/08\/Captura-de-tela-2023-08-16-210945.png\",\"datePublished\":\"2023-08-16T22:46:56+00:00\",\"dateModified\":\"2025-01-24T15:32:58+00:00\",\"breadcrumb\":{\"@id\":\"https:\/\/catalogo.artigosortopedicos.com\/endurance\/produto\/joelheira-com-abertura-patelar-em-tecido-elastico-r-11900\/#breadcrumb\"},\"inLanguage\":\"pt-BR\",\"potentialAction\":[{\"@type\":\"ReadAction\",\"target\":[\"https:\/\/catalogo.artigosortopedicos.com\/endurance\/produto\/joelheira-com-abertura-patelar-em-tecido-elastico-r-11900\/\"]}]},{\"@type\":\"ImageObject\",\"inLanguage\":\"pt-BR\",\"@id\":\"https:\/\/catalogo.artigosortopedicos.com\/endurance\/produto\/joelheira-com-abertura-patelar-em-tecido-elastico-r-11900\/#primaryimage\",\"url\":\"https:\/\/catalogo.artigosortopedicos.com\/endurance\/wp-content\/uploads\/2023\/08\/Captura-de-tela-2023-08-16-210945.png\",\"contentUrl\":\"https:\/\/catalogo.artigosortopedicos.com\/endurance\/wp-content\/uploads\/2023\/08\/Captura-de-tela-2023-08-16-210945.png\",\"width\":629,\"height\":813},{\"@type\":\"BreadcrumbList\",\"@id\":\"https:\/\/catalogo.artigosortopedicos.com\/endurance\/produto\/joelheira-com-abertura-patelar-em-tecido-elastico-r-11900\/#breadcrumb\",\"itemListElement\":[{\"@type\":\"ListItem\",\"position\":1,\"name\":\"In\u00edcio\",\"item\":\"https:\/\/catalogo.artigosortopedicos.com\/endurance\/\"},{\"@type\":\"ListItem\",\"position\":2,\"name\":\"Loja\",\"item\":\"https:\/\/catalogo.artigosortopedicos.com\/endurance\/\"},{\"@type\":\"ListItem\",\"position\":3,\"name\":\"JOELHEIRA COM ABERTURA PATELAR EM TECIDO EL\u00c1STICO ROTULAX\"}]},{\"@type\":\"WebSite\",\"@id\":\"https:\/\/catalogo.artigosortopedicos.com\/endurance\/#website\",\"url\":\"https:\/\/catalogo.artigosortopedicos.com\/endurance\/\",\"name\":\"Artigos ortop\u00e9dicos | Endurance\",\"description\":\"Cat\u00e1logo de produtos\",\"publisher\":{\"@id\":\"https:\/\/catalogo.artigosortopedicos.com\/endurance\/#organization\"},\"potentialAction\":[{\"@type\":\"SearchAction\",\"target\":{\"@type\":\"EntryPoint\",\"urlTemplate\":\"https:\/\/catalogo.artigosortopedicos.com\/endurance\/?s={search_term_string}\"},\"query-input\":{\"@type\":\"PropertyValueSpecification\",\"valueRequired\":true,\"valueName\":\"search_term_string\"}}],\"inLanguage\":\"pt-BR\"},{\"@type\":\"Organization\",\"@id\":\"https:\/\/catalogo.artigosortopedicos.com\/endurance\/#organization\",\"name\":\"Artigos ortop\u00e9dicos | Endurance\",\"url\":\"https:\/\/catalogo.artigosortopedicos.com\/endurance\/\",\"logo\":{\"@type\":\"ImageObject\",\"inLanguage\":\"pt-BR\",\"@id\":\"https:\/\/catalogo.artigosortopedicos.com\/endurance\/#\/schema\/logo\/image\/\",\"url\":\"https:\/\/catalogo.artigosortopedicos.com\/endurance\/wp-content\/uploads\/2022\/01\/cropped-56b2cef4-4750-455a-af10-33ad25230477.jpg\",\"contentUrl\":\"https:\/\/catalogo.artigosortopedicos.com\/endurance\/wp-content\/uploads\/2022\/01\/cropped-56b2cef4-4750-455a-af10-33ad25230477.jpg\",\"width\":481,\"height\":175,\"caption\":\"Artigos ortop\u00e9dicos | Endurance\"},\"image\":{\"@id\":\"https:\/\/catalogo.artigosortopedicos.com\/endurance\/#\/schema\/logo\/image\/\"}}]}<\/script>\n<!-- \/ Yoast SEO plugin. -->","yoast_head_json":{"title":"JOELHEIRA COM ABERTURA PATELAR EM TECIDO EL\u00c1STICO ROTULAX - Artigos ortop\u00e9dicos | Endurance","robots":{"index":"index","follow":"follow","max-snippet":"max-snippet:-1","max-image-preview":"max-image-preview:large","max-video-preview":"max-video-preview:-1"},"canonical":"https:\/\/catalogo.artigosortopedicos.com\/endurance\/produto\/joelheira-com-abertura-patelar-em-tecido-elastico-r-11900\/","og_locale":"pt_BR","og_type":"article","og_title":"JOELHEIRA COM ABERTURA PATELAR EM TECIDO EL\u00c1STICO ROTULAX - Artigos ortop\u00e9dicos | Endurance","og_description":"Joelheira Com Abertura Patelar Em Tecido El\u00e1stico &#8211; ROTULAX Joelheira el\u00e1stica com desenho anat\u00f4mico, tecido em 3D que proporciona compress\u00e3o efetiva espec\u00edfica (20-26 mmHg padr\u00e3o m\u00e9dico) e suporte. Ideal para conten\u00e7\u00e3o e manuten\u00e7\u00e3o\u00a0de les\u00f5es agudas e cr\u00f4nicas no joelho, osteoartrite leve, dor patelofemoral e instabilidade leve. Recomendado\u00a0para esportes em geral, bem como para o dia-a-dia. [&hellip;]","og_url":"https:\/\/catalogo.artigosortopedicos.com\/endurance\/produto\/joelheira-com-abertura-patelar-em-tecido-elastico-r-11900\/","og_site_name":"Artigos ortop\u00e9dicos | Endurance","article_modified_time":"2025-01-24T15:32:58+00:00","og_image":[{"width":629,"height":813,"url":"https:\/\/catalogo.artigosortopedicos.com\/endurance\/wp-content\/uploads\/2023\/08\/Captura-de-tela-2023-08-16-210945.png","type":"image\/png"}],"twitter_card":"summary_large_image","twitter_misc":{"Est. tempo de leitura":"2 minutos"},"schema":{"@context":"https:\/\/schema.org","@graph":[{"@type":"WebPage","@id":"https:\/\/catalogo.artigosortopedicos.com\/endurance\/produto\/joelheira-com-abertura-patelar-em-tecido-elastico-r-11900\/","url":"https:\/\/catalogo.artigosortopedicos.com\/endurance\/produto\/joelheira-com-abertura-patelar-em-tecido-elastico-r-11900\/","name":"JOELHEIRA COM ABERTURA PATELAR EM TECIDO EL\u00c1STICO ROTULAX - Artigos ortop\u00e9dicos | Endurance","isPartOf":{"@id":"https:\/\/catalogo.artigosortopedicos.com\/endurance\/#website"},"primaryImageOfPage":{"@id":"https:\/\/catalogo.artigosortopedicos.com\/endurance\/produto\/joelheira-com-abertura-patelar-em-tecido-elastico-r-11900\/#primaryimage"},"image":{"@id":"https:\/\/catalogo.artigosortopedicos.com\/endurance\/produto\/joelheira-com-abertura-patelar-em-tecido-elastico-r-11900\/#primaryimage"},"thumbnailUrl":"https:\/\/catalogo.artigosortopedicos.com\/endurance\/wp-content\/uploads\/2023\/08\/Captura-de-tela-2023-08-16-210945.png","datePublished":"2023-08-16T22:46:56+00:00","dateModified":"2025-01-24T15:32:58+00:00","breadcrumb":{"@id":"https:\/\/catalogo.artigosortopedicos.com\/endurance\/produto\/joelheira-com-abertura-patelar-em-tecido-elastico-r-11900\/#breadcrumb"},"inLanguage":"pt-BR","potentialAction":[{"@type":"ReadAction","target":["https:\/\/catalogo.artigosortopedicos.com\/endurance\/produto\/joelheira-com-abertura-patelar-em-tecido-elastico-r-11900\/"]}]},{"@type":"ImageObject","inLanguage":"pt-BR","@id":"https:\/\/catalogo.artigosortopedicos.com\/endurance\/produto\/joelheira-com-abertura-patelar-em-tecido-elastico-r-11900\/#primaryimage","url":"https:\/\/catalogo.artigosortopedicos.com\/endurance\/wp-content\/uploads\/2023\/08\/Captura-de-tela-2023-08-16-210945.png","contentUrl":"https:\/\/catalogo.artigosortopedicos.com\/endurance\/wp-content\/uploads\/2023\/08\/Captura-de-tela-2023-08-16-210945.png","width":629,"height":813},{"@type":"BreadcrumbList","@id":"https:\/\/catalogo.artigosortopedicos.com\/endurance\/produto\/joelheira-com-abertura-patelar-em-tecido-elastico-r-11900\/#breadcrumb","itemListElement":[{"@type":"ListItem","position":1,"name":"In\u00edcio","item":"https:\/\/catalogo.artigosortopedicos.com\/endurance\/"},{"@type":"ListItem","position":2,"name":"Loja","item":"https:\/\/catalogo.artigosortopedicos.com\/endurance\/"},{"@type":"ListItem","position":3,"name":"JOELHEIRA COM ABERTURA PATELAR EM TECIDO EL\u00c1STICO ROTULAX"}]},{"@type":"WebSite","@id":"https:\/\/catalogo.artigosortopedicos.com\/endurance\/#website","url":"https:\/\/catalogo.artigosortopedicos.com\/endurance\/","name":"Artigos ortop\u00e9dicos | Endurance","description":"Cat\u00e1logo de produtos","publisher":{"@id":"https:\/\/catalogo.artigosortopedicos.com\/endurance\/#organization"},"potentialAction":[{"@type":"SearchAction","target":{"@type":"EntryPoint","urlTemplate":"https:\/\/catalogo.artigosortopedicos.com\/endurance\/?s={search_term_string}"},"query-input":{"@type":"PropertyValueSpecification","valueRequired":true,"valueName":"search_term_string"}}],"inLanguage":"pt-BR"},{"@type":"Organization","@id":"https:\/\/catalogo.artigosortopedicos.com\/endurance\/#organization","name":"Artigos ortop\u00e9dicos | Endurance","url":"https:\/\/catalogo.artigosortopedicos.com\/endurance\/","logo":{"@type":"ImageObject","inLanguage":"pt-BR","@id":"https:\/\/catalogo.artigosortopedicos.com\/endurance\/#\/schema\/logo\/image\/","url":"https:\/\/catalogo.artigosortopedicos.com\/endurance\/wp-content\/uploads\/2022\/01\/cropped-56b2cef4-4750-455a-af10-33ad25230477.jpg","contentUrl":"https:\/\/catalogo.artigosortopedicos.com\/endurance\/wp-content\/uploads\/2022\/01\/cropped-56b2cef4-4750-455a-af10-33ad25230477.jpg","width":481,"height":175,"caption":"Artigos ortop\u00e9dicos | Endurance"},"image":{"@id":"https:\/\/catalogo.artigosortopedicos.com\/endurance\/#\/schema\/logo\/image\/"}}]}},"_links":{"self":[{"href":"https:\/\/catalogo.artigosortopedicos.com\/endurance\/wp-json\/wp\/v2\/product\/9594","targetHints":{"allow":["GET"]}}],"collection":[{"href":"https:\/\/catalogo.artigosortopedicos.com\/endurance\/wp-json\/wp\/v2\/product"}],"about":[{"href":"https:\/\/catalogo.artigosortopedicos.com\/endurance\/wp-json\/wp\/v2\/types\/product"}],"wp:featuredmedia":[{"embeddable":true,"href":"https:\/\/catalogo.artigosortopedicos.com\/endurance\/wp-json\/wp\/v2\/media\/9597"}],"wp:attachment":[{"href":"https:\/\/catalogo.artigosortopedicos.com\/endurance\/wp-json\/wp\/v2\/media?parent=9594"}],"wp:term":[{"taxonomy":"product_brand","embeddable":true,"href":"https:\/\/catalogo.artigosortopedicos.com\/endurance\/wp-json\/wp\/v2\/product_brand?post=9594"},{"taxonomy":"product_cat","embeddable":true,"href":"https:\/\/catalogo.artigosortopedicos.com\/endurance\/wp-json\/wp\/v2\/product_cat?post=9594"},{"taxonomy":"product_tag","embeddable":true,"href":"https:\/\/catalogo.artigosortopedicos.com\/endurance\/wp-json\/wp\/v2\/product_tag?post=9594"}],"curies":[{"name":"wp","href":"https:\/\/api.w.org\/{rel}","templated":true}]}}