{"id":9601,"date":"2023-08-17T20:09:15","date_gmt":"2023-08-17T23:09:15","guid":{"rendered":"https:\/\/catalogo.artigosortopedicos.com\/endurance\/?post_type=product&#038;p=9601"},"modified":"2025-01-24T12:33:53","modified_gmt":"2025-01-24T15:33:53","slug":"cotoveleira-elastica-condilax-r-11900","status":"publish","type":"product","link":"https:\/\/catalogo.artigosortopedicos.com\/endurance\/produto\/cotoveleira-elastica-condilax-r-11900\/","title":{"rendered":"COTOVELEIRA EL\u00c1STICA CONDILAX"},"content":{"rendered":"<p><strong>Cotoveleira El\u00e1stica &#8211; CONDILAX<\/strong><\/p>\n<p>Cotoveleira el\u00e1stica com desenho anat\u00f4mico, tecido em 3D que proporciona compress\u00e3o efetiva espec\u00edfica (20-26 mmHg padr\u00e3o m\u00e9dico) e suporte, tecido el\u00e1stico ideal para estabiliza\u00e7\u00e3o\u00a0decorrente de epicondilites (cotovelo de tenista\/golfista), bem como al\u00edvio da dor em casos de artrite no cotovelo. O produto proporciona estimula\u00e7\u00e3o propioceptiva e neuromuscular por compress\u00e3o, ocasionado pelas almofadas em silicone localizadas nas partes laterais do cotovelo. Recomendado\u00a0para esportes em geral, e para o dia-a-dia.<\/p>\n<p><strong>CARACTER\u00cdSTICAS:\u00a0 BILATERAL<\/strong><\/p>\n<p>&#8211;\u00a0Indicado para les\u00e3o de epicondilites (cotovelo de tenista\/golfista) e artrite no cotovelo.<br \/>\n&#8211; Produto proporciona estimula\u00e7\u00e3o proprioceptiva e neuromuscular atrav\u00e9s da compress\u00e3o.<br \/>\n&#8211; Tecido suave, el\u00e1stico e transpir\u00e1vel para maior comodidade, anat\u00f4mico e multidirecional, proporcionando melhor ajuste e conforto.<\/p>\n<p>&#8211; Dupla prote\u00e7\u00e3o no cotovelo por interm\u00e9dio das almofadas de silicone.<\/p>\n<p>&#8211; Prote\u00e7\u00e3o e preven\u00e7\u00e3o durante a pr\u00e1tica esportiva.<\/p>\n<p>&#8211; Material respir\u00e1vel, hipoalerg\u00eanico e livre de l\u00e1tex.<\/p>\n<p>&#8211; Zona el\u00e1stica na parte anterior do cotovelo que facilita a transpira\u00e7\u00e3o, oferecendo comodidade e liberdade de movimentos.<\/p>\n<p>&#8211; Bordas com compress\u00e3o reduzida que desviam a press\u00e3o nas extremidades do produto, proporcionando ajuste mais c\u00f4modo.<\/p>\n<p>&#8211; Almofada de epic\u00f4ndilo para fornecer suporte e al\u00edvio para o cotovelo.<\/p>\n<p>&#8211; Al\u00e7as remov\u00edveis e ajust\u00e1veis que controlam o grau de estabiliza\u00e7\u00e3o e compress\u00e3o.<\/p>\n<p><strong>Instru\u00e7\u00f5es para medida do tamanho do produto:<\/strong><\/p>\n<p>1) posicione a fita m\u00e9trica no meio do antebra\u00e7o;\u00a0 2) a partir do ponto de partida tire a circunfer\u00eancia.<br \/>\n<strong>A medida encontrada dever\u00e1 ser enquadrada conforme abaixo:<\/strong><\/p>\n<p>X Pequeno &#8211; 18 a 20 cm.<\/p>\n<p>Pequeno &#8211; 21 a 24 cm.<\/p>\n<p>M\u00e9dio &#8211; 25 a 28 cm.<\/p>\n<p>Grande &#8211; 29 a 31 cm.<\/p>\n<p>X Grande &#8211; 32 a 35 cm.<\/p>\n<p>XX Grande &#8211; 36 a 39 cm.<\/p>\n","protected":false},"excerpt":{"rendered":"<p>Cotoveleira El\u00e1stica &#8211; CONDILAX Cotoveleira el\u00e1stica com desenho anat\u00f4mico, tecido em 3D que proporciona compress\u00e3o efetiva espec\u00edfica (20-26 mmHg padr\u00e3o m\u00e9dico) e suporte, tecido el\u00e1stico ideal para estabiliza\u00e7\u00e3o\u00a0decorrente de epicondilites (cotovelo de tenista\/golfista), bem como al\u00edvio da dor em casos de artrite no cotovelo. O produto proporciona estimula\u00e7\u00e3o propioceptiva e neuromuscular por compress\u00e3o, ocasionado pelas [&hellip;]<\/p>\n","protected":false},"featured_media":9602,"template":"","meta":[],"product_brand":[],"product_cat":[188],"product_tag":[],"class_list":{"0":"post-9601","1":"product","2":"type-product","3":"status-publish","4":"has-post-thumbnail","6":"product_cat-cotovelo-e-joelho","8":"first","9":"instock","10":"shipping-taxable","11":"product-type-simple"},"yoast_head":"<!-- This site is optimized with the Yoast SEO plugin v25.7 - https:\/\/yoast.com\/wordpress\/plugins\/seo\/ -->\n<title>COTOVELEIRA EL\u00c1STICA CONDILAX - Artigos ortop\u00e9dicos | Endurance<\/title>\n<meta name=\"robots\" content=\"index, follow, max-snippet:-1, max-image-preview:large, max-video-preview:-1\" \/>\n<link rel=\"canonical\" href=\"https:\/\/catalogo.artigosortopedicos.com\/endurance\/produto\/cotoveleira-elastica-condilax-r-11900\/\" \/>\n<meta property=\"og:locale\" content=\"pt_BR\" \/>\n<meta property=\"og:type\" content=\"article\" \/>\n<meta property=\"og:title\" content=\"COTOVELEIRA EL\u00c1STICA CONDILAX - Artigos ortop\u00e9dicos | Endurance\" \/>\n<meta property=\"og:description\" content=\"Cotoveleira El\u00e1stica &#8211; CONDILAX Cotoveleira el\u00e1stica com desenho anat\u00f4mico, tecido em 3D que proporciona compress\u00e3o efetiva espec\u00edfica (20-26 mmHg padr\u00e3o m\u00e9dico) e suporte, tecido el\u00e1stico ideal para estabiliza\u00e7\u00e3o\u00a0decorrente de epicondilites (cotovelo de tenista\/golfista), bem como al\u00edvio da dor em casos de artrite no cotovelo. O produto proporciona estimula\u00e7\u00e3o propioceptiva e neuromuscular por compress\u00e3o, ocasionado pelas [&hellip;]\" \/>\n<meta property=\"og:url\" content=\"https:\/\/catalogo.artigosortopedicos.com\/endurance\/produto\/cotoveleira-elastica-condilax-r-11900\/\" \/>\n<meta property=\"og:site_name\" content=\"Artigos ortop\u00e9dicos | Endurance\" \/>\n<meta property=\"article:modified_time\" content=\"2025-01-24T15:33:53+00:00\" \/>\n<meta property=\"og:image\" content=\"https:\/\/catalogo.artigosortopedicos.com\/endurance\/wp-content\/uploads\/2023\/08\/Captura-de-tela-2023-08-17-200822.png\" \/>\n\t<meta property=\"og:image:width\" content=\"237\" \/>\n\t<meta property=\"og:image:height\" content=\"173\" \/>\n\t<meta property=\"og:image:type\" content=\"image\/png\" \/>\n<meta name=\"twitter:card\" content=\"summary_large_image\" \/>\n<meta name=\"twitter:label1\" content=\"Est. tempo de leitura\" \/>\n\t<meta name=\"twitter:data1\" content=\"2 minutos\" \/>\n<script type=\"application\/ld+json\" class=\"yoast-schema-graph\">{\"@context\":\"https:\/\/schema.org\",\"@graph\":[{\"@type\":\"WebPage\",\"@id\":\"https:\/\/catalogo.artigosortopedicos.com\/endurance\/produto\/cotoveleira-elastica-condilax-r-11900\/\",\"url\":\"https:\/\/catalogo.artigosortopedicos.com\/endurance\/produto\/cotoveleira-elastica-condilax-r-11900\/\",\"name\":\"COTOVELEIRA EL\u00c1STICA CONDILAX - Artigos ortop\u00e9dicos | Endurance\",\"isPartOf\":{\"@id\":\"https:\/\/catalogo.artigosortopedicos.com\/endurance\/#website\"},\"primaryImageOfPage\":{\"@id\":\"https:\/\/catalogo.artigosortopedicos.com\/endurance\/produto\/cotoveleira-elastica-condilax-r-11900\/#primaryimage\"},\"image\":{\"@id\":\"https:\/\/catalogo.artigosortopedicos.com\/endurance\/produto\/cotoveleira-elastica-condilax-r-11900\/#primaryimage\"},\"thumbnailUrl\":\"https:\/\/catalogo.artigosortopedicos.com\/endurance\/wp-content\/uploads\/2023\/08\/Captura-de-tela-2023-08-17-200822.png\",\"datePublished\":\"2023-08-17T23:09:15+00:00\",\"dateModified\":\"2025-01-24T15:33:53+00:00\",\"breadcrumb\":{\"@id\":\"https:\/\/catalogo.artigosortopedicos.com\/endurance\/produto\/cotoveleira-elastica-condilax-r-11900\/#breadcrumb\"},\"inLanguage\":\"pt-BR\",\"potentialAction\":[{\"@type\":\"ReadAction\",\"target\":[\"https:\/\/catalogo.artigosortopedicos.com\/endurance\/produto\/cotoveleira-elastica-condilax-r-11900\/\"]}]},{\"@type\":\"ImageObject\",\"inLanguage\":\"pt-BR\",\"@id\":\"https:\/\/catalogo.artigosortopedicos.com\/endurance\/produto\/cotoveleira-elastica-condilax-r-11900\/#primaryimage\",\"url\":\"https:\/\/catalogo.artigosortopedicos.com\/endurance\/wp-content\/uploads\/2023\/08\/Captura-de-tela-2023-08-17-200822.png\",\"contentUrl\":\"https:\/\/catalogo.artigosortopedicos.com\/endurance\/wp-content\/uploads\/2023\/08\/Captura-de-tela-2023-08-17-200822.png\",\"width\":237,\"height\":173},{\"@type\":\"BreadcrumbList\",\"@id\":\"https:\/\/catalogo.artigosortopedicos.com\/endurance\/produto\/cotoveleira-elastica-condilax-r-11900\/#breadcrumb\",\"itemListElement\":[{\"@type\":\"ListItem\",\"position\":1,\"name\":\"In\u00edcio\",\"item\":\"https:\/\/catalogo.artigosortopedicos.com\/endurance\/\"},{\"@type\":\"ListItem\",\"position\":2,\"name\":\"Loja\",\"item\":\"https:\/\/catalogo.artigosortopedicos.com\/endurance\/\"},{\"@type\":\"ListItem\",\"position\":3,\"name\":\"COTOVELEIRA EL\u00c1STICA CONDILAX\"}]},{\"@type\":\"WebSite\",\"@id\":\"https:\/\/catalogo.artigosortopedicos.com\/endurance\/#website\",\"url\":\"https:\/\/catalogo.artigosortopedicos.com\/endurance\/\",\"name\":\"Artigos ortop\u00e9dicos | Endurance\",\"description\":\"Cat\u00e1logo de produtos\",\"publisher\":{\"@id\":\"https:\/\/catalogo.artigosortopedicos.com\/endurance\/#organization\"},\"potentialAction\":[{\"@type\":\"SearchAction\",\"target\":{\"@type\":\"EntryPoint\",\"urlTemplate\":\"https:\/\/catalogo.artigosortopedicos.com\/endurance\/?s={search_term_string}\"},\"query-input\":{\"@type\":\"PropertyValueSpecification\",\"valueRequired\":true,\"valueName\":\"search_term_string\"}}],\"inLanguage\":\"pt-BR\"},{\"@type\":\"Organization\",\"@id\":\"https:\/\/catalogo.artigosortopedicos.com\/endurance\/#organization\",\"name\":\"Artigos ortop\u00e9dicos | Endurance\",\"url\":\"https:\/\/catalogo.artigosortopedicos.com\/endurance\/\",\"logo\":{\"@type\":\"ImageObject\",\"inLanguage\":\"pt-BR\",\"@id\":\"https:\/\/catalogo.artigosortopedicos.com\/endurance\/#\/schema\/logo\/image\/\",\"url\":\"https:\/\/catalogo.artigosortopedicos.com\/endurance\/wp-content\/uploads\/2022\/01\/cropped-56b2cef4-4750-455a-af10-33ad25230477.jpg\",\"contentUrl\":\"https:\/\/catalogo.artigosortopedicos.com\/endurance\/wp-content\/uploads\/2022\/01\/cropped-56b2cef4-4750-455a-af10-33ad25230477.jpg\",\"width\":481,\"height\":175,\"caption\":\"Artigos ortop\u00e9dicos | Endurance\"},\"image\":{\"@id\":\"https:\/\/catalogo.artigosortopedicos.com\/endurance\/#\/schema\/logo\/image\/\"}}]}<\/script>\n<!-- \/ Yoast SEO plugin. -->","yoast_head_json":{"title":"COTOVELEIRA EL\u00c1STICA CONDILAX - Artigos ortop\u00e9dicos | Endurance","robots":{"index":"index","follow":"follow","max-snippet":"max-snippet:-1","max-image-preview":"max-image-preview:large","max-video-preview":"max-video-preview:-1"},"canonical":"https:\/\/catalogo.artigosortopedicos.com\/endurance\/produto\/cotoveleira-elastica-condilax-r-11900\/","og_locale":"pt_BR","og_type":"article","og_title":"COTOVELEIRA EL\u00c1STICA CONDILAX - Artigos ortop\u00e9dicos | Endurance","og_description":"Cotoveleira El\u00e1stica &#8211; CONDILAX Cotoveleira el\u00e1stica com desenho anat\u00f4mico, tecido em 3D que proporciona compress\u00e3o efetiva espec\u00edfica (20-26 mmHg padr\u00e3o m\u00e9dico) e suporte, tecido el\u00e1stico ideal para estabiliza\u00e7\u00e3o\u00a0decorrente de epicondilites (cotovelo de tenista\/golfista), bem como al\u00edvio da dor em casos de artrite no cotovelo. O produto proporciona estimula\u00e7\u00e3o propioceptiva e neuromuscular por compress\u00e3o, ocasionado pelas [&hellip;]","og_url":"https:\/\/catalogo.artigosortopedicos.com\/endurance\/produto\/cotoveleira-elastica-condilax-r-11900\/","og_site_name":"Artigos ortop\u00e9dicos | Endurance","article_modified_time":"2025-01-24T15:33:53+00:00","og_image":[{"width":237,"height":173,"url":"https:\/\/catalogo.artigosortopedicos.com\/endurance\/wp-content\/uploads\/2023\/08\/Captura-de-tela-2023-08-17-200822.png","type":"image\/png"}],"twitter_card":"summary_large_image","twitter_misc":{"Est. tempo de leitura":"2 minutos"},"schema":{"@context":"https:\/\/schema.org","@graph":[{"@type":"WebPage","@id":"https:\/\/catalogo.artigosortopedicos.com\/endurance\/produto\/cotoveleira-elastica-condilax-r-11900\/","url":"https:\/\/catalogo.artigosortopedicos.com\/endurance\/produto\/cotoveleira-elastica-condilax-r-11900\/","name":"COTOVELEIRA EL\u00c1STICA CONDILAX - Artigos ortop\u00e9dicos | Endurance","isPartOf":{"@id":"https:\/\/catalogo.artigosortopedicos.com\/endurance\/#website"},"primaryImageOfPage":{"@id":"https:\/\/catalogo.artigosortopedicos.com\/endurance\/produto\/cotoveleira-elastica-condilax-r-11900\/#primaryimage"},"image":{"@id":"https:\/\/catalogo.artigosortopedicos.com\/endurance\/produto\/cotoveleira-elastica-condilax-r-11900\/#primaryimage"},"thumbnailUrl":"https:\/\/catalogo.artigosortopedicos.com\/endurance\/wp-content\/uploads\/2023\/08\/Captura-de-tela-2023-08-17-200822.png","datePublished":"2023-08-17T23:09:15+00:00","dateModified":"2025-01-24T15:33:53+00:00","breadcrumb":{"@id":"https:\/\/catalogo.artigosortopedicos.com\/endurance\/produto\/cotoveleira-elastica-condilax-r-11900\/#breadcrumb"},"inLanguage":"pt-BR","potentialAction":[{"@type":"ReadAction","target":["https:\/\/catalogo.artigosortopedicos.com\/endurance\/produto\/cotoveleira-elastica-condilax-r-11900\/"]}]},{"@type":"ImageObject","inLanguage":"pt-BR","@id":"https:\/\/catalogo.artigosortopedicos.com\/endurance\/produto\/cotoveleira-elastica-condilax-r-11900\/#primaryimage","url":"https:\/\/catalogo.artigosortopedicos.com\/endurance\/wp-content\/uploads\/2023\/08\/Captura-de-tela-2023-08-17-200822.png","contentUrl":"https:\/\/catalogo.artigosortopedicos.com\/endurance\/wp-content\/uploads\/2023\/08\/Captura-de-tela-2023-08-17-200822.png","width":237,"height":173},{"@type":"BreadcrumbList","@id":"https:\/\/catalogo.artigosortopedicos.com\/endurance\/produto\/cotoveleira-elastica-condilax-r-11900\/#breadcrumb","itemListElement":[{"@type":"ListItem","position":1,"name":"In\u00edcio","item":"https:\/\/catalogo.artigosortopedicos.com\/endurance\/"},{"@type":"ListItem","position":2,"name":"Loja","item":"https:\/\/catalogo.artigosortopedicos.com\/endurance\/"},{"@type":"ListItem","position":3,"name":"COTOVELEIRA EL\u00c1STICA CONDILAX"}]},{"@type":"WebSite","@id":"https:\/\/catalogo.artigosortopedicos.com\/endurance\/#website","url":"https:\/\/catalogo.artigosortopedicos.com\/endurance\/","name":"Artigos ortop\u00e9dicos | Endurance","description":"Cat\u00e1logo de produtos","publisher":{"@id":"https:\/\/catalogo.artigosortopedicos.com\/endurance\/#organization"},"potentialAction":[{"@type":"SearchAction","target":{"@type":"EntryPoint","urlTemplate":"https:\/\/catalogo.artigosortopedicos.com\/endurance\/?s={search_term_string}"},"query-input":{"@type":"PropertyValueSpecification","valueRequired":true,"valueName":"search_term_string"}}],"inLanguage":"pt-BR"},{"@type":"Organization","@id":"https:\/\/catalogo.artigosortopedicos.com\/endurance\/#organization","name":"Artigos ortop\u00e9dicos | Endurance","url":"https:\/\/catalogo.artigosortopedicos.com\/endurance\/","logo":{"@type":"ImageObject","inLanguage":"pt-BR","@id":"https:\/\/catalogo.artigosortopedicos.com\/endurance\/#\/schema\/logo\/image\/","url":"https:\/\/catalogo.artigosortopedicos.com\/endurance\/wp-content\/uploads\/2022\/01\/cropped-56b2cef4-4750-455a-af10-33ad25230477.jpg","contentUrl":"https:\/\/catalogo.artigosortopedicos.com\/endurance\/wp-content\/uploads\/2022\/01\/cropped-56b2cef4-4750-455a-af10-33ad25230477.jpg","width":481,"height":175,"caption":"Artigos ortop\u00e9dicos | Endurance"},"image":{"@id":"https:\/\/catalogo.artigosortopedicos.com\/endurance\/#\/schema\/logo\/image\/"}}]}},"_links":{"self":[{"href":"https:\/\/catalogo.artigosortopedicos.com\/endurance\/wp-json\/wp\/v2\/product\/9601","targetHints":{"allow":["GET"]}}],"collection":[{"href":"https:\/\/catalogo.artigosortopedicos.com\/endurance\/wp-json\/wp\/v2\/product"}],"about":[{"href":"https:\/\/catalogo.artigosortopedicos.com\/endurance\/wp-json\/wp\/v2\/types\/product"}],"wp:featuredmedia":[{"embeddable":true,"href":"https:\/\/catalogo.artigosortopedicos.com\/endurance\/wp-json\/wp\/v2\/media\/9602"}],"wp:attachment":[{"href":"https:\/\/catalogo.artigosortopedicos.com\/endurance\/wp-json\/wp\/v2\/media?parent=9601"}],"wp:term":[{"taxonomy":"product_brand","embeddable":true,"href":"https:\/\/catalogo.artigosortopedicos.com\/endurance\/wp-json\/wp\/v2\/product_brand?post=9601"},{"taxonomy":"product_cat","embeddable":true,"href":"https:\/\/catalogo.artigosortopedicos.com\/endurance\/wp-json\/wp\/v2\/product_cat?post=9601"},{"taxonomy":"product_tag","embeddable":true,"href":"https:\/\/catalogo.artigosortopedicos.com\/endurance\/wp-json\/wp\/v2\/product_tag?post=9601"}],"curies":[{"name":"wp","href":"https:\/\/api.w.org\/{rel}","templated":true}]}}