{"id":9605,"date":"2023-11-05T19:44:15","date_gmt":"2023-11-05T22:44:15","guid":{"rendered":"https:\/\/catalogo.artigosortopedicos.com\/endurance\/?post_type=product&#038;p=9605"},"modified":"2025-01-24T12:31:45","modified_gmt":"2025-01-24T15:31:45","slug":"imobilizador-de-tornozelo-aircast-airselect-longo-r-51900","status":"publish","type":"product","link":"https:\/\/catalogo.artigosortopedicos.com\/endurance\/produto\/imobilizador-de-tornozelo-aircast-airselect-longo-r-51900\/","title":{"rendered":"BOTA IMOBILIZADORA AIR SELECT LONGA AIRCAST"},"content":{"rendered":"<p>Indicado para tor\u00e7\u00f5es, fraturas est\u00e1veis e por estresse da perna, tornozelo e\/ou p\u00e9. Produto tamb\u00e9m utilizado na fase p\u00f3s operat\u00f3ria.<br \/>\nC\u00f3digo \u2013 01EFS Bilateral P \u2013 01EFM Bilateral M \u2013 01EFL Bilateral G<\/p>\n<p>CARACTER\u00cdSTICAS:<br \/>\n&#8211; Sistema patenteado com 2 c\u00e9lulas de ar integrado com compress\u00e3o pneum\u00e1tica e puls\u00e1til que ajudam na redu\u00e7\u00e3o de edemas.<br \/>\n&#8211; Substitui a goteira gessada.<br \/>\n&#8211; C\u00e9lulas de ar quando infladas proporcionam ajuste individual e \u00f3timo suporte.<br \/>\n&#8211; A tecnologia SoftStrike absorve e dissipa o choque do caminhar durante a marcha.<br \/>\n&#8211; Proporciona rigidez na zona do p\u00e9 e flexibilidade ao redor da panturrilha oferecendo maior estabilidade e comodidade.<br \/>\n&#8211; Revestimento em espuma que proporciona um acolchoado adicional &#8211; maior conforto.<br \/>\n&#8211; Confort\u00e1vel, leve e resistente.<br \/>\n&#8211; Design anat\u00f4mico.<br \/>\n&#8211; Lav\u00e1vel.<\/p>\n<p>Instru\u00e7\u00f5es para o tamanho do produto:<br \/>\nTamanho P &#8211; cal\u00e7ado at\u00e9 37.<br \/>\nTamanho M &#8211; cal\u00e7ado do 38 ao 43.<br \/>\nTamanho G &#8211; cal\u00e7ado\u00a0acima\u00a0de\u00a043.<\/p>\n","protected":false},"excerpt":{"rendered":"<p>Indicado para tor\u00e7\u00f5es, fraturas est\u00e1veis e por estresse da perna, tornozelo e\/ou p\u00e9. Produto tamb\u00e9m utilizado na fase p\u00f3s operat\u00f3ria. C\u00f3digo \u2013 01EFS Bilateral P \u2013 01EFM Bilateral M \u2013 01EFL Bilateral G CARACTER\u00cdSTICAS: &#8211; Sistema patenteado com 2 c\u00e9lulas de ar integrado com compress\u00e3o pneum\u00e1tica e puls\u00e1til que ajudam na redu\u00e7\u00e3o de edemas. &#8211; [&hellip;]<\/p>\n","protected":false},"featured_media":9607,"template":"","meta":[],"product_brand":[],"product_cat":[127,187],"product_tag":[],"class_list":{"0":"post-9605","1":"product","2":"type-product","3":"status-publish","4":"has-post-thumbnail","6":"product_cat-endurance","7":"product_cat-pe-tornozelo","9":"first","10":"instock","11":"shipping-taxable","12":"product-type-simple"},"yoast_head":"<!-- This site is optimized with the Yoast SEO plugin v25.7 - https:\/\/yoast.com\/wordpress\/plugins\/seo\/ -->\n<title>BOTA IMOBILIZADORA AIR SELECT LONGA AIRCAST - Artigos ortop\u00e9dicos | Endurance<\/title>\n<meta name=\"robots\" content=\"index, follow, max-snippet:-1, max-image-preview:large, max-video-preview:-1\" \/>\n<link rel=\"canonical\" href=\"https:\/\/catalogo.artigosortopedicos.com\/endurance\/produto\/imobilizador-de-tornozelo-aircast-airselect-longo-r-51900\/\" \/>\n<meta property=\"og:locale\" content=\"pt_BR\" \/>\n<meta property=\"og:type\" content=\"article\" \/>\n<meta property=\"og:title\" content=\"BOTA IMOBILIZADORA AIR SELECT LONGA AIRCAST - Artigos ortop\u00e9dicos | Endurance\" \/>\n<meta property=\"og:description\" content=\"Indicado para tor\u00e7\u00f5es, fraturas est\u00e1veis e por estresse da perna, tornozelo e\/ou p\u00e9. Produto tamb\u00e9m utilizado na fase p\u00f3s operat\u00f3ria. C\u00f3digo \u2013 01EFS Bilateral P \u2013 01EFM Bilateral M \u2013 01EFL Bilateral G CARACTER\u00cdSTICAS: &#8211; Sistema patenteado com 2 c\u00e9lulas de ar integrado com compress\u00e3o pneum\u00e1tica e puls\u00e1til que ajudam na redu\u00e7\u00e3o de edemas. &#8211; [&hellip;]\" \/>\n<meta property=\"og:url\" content=\"https:\/\/catalogo.artigosortopedicos.com\/endurance\/produto\/imobilizador-de-tornozelo-aircast-airselect-longo-r-51900\/\" \/>\n<meta property=\"og:site_name\" content=\"Artigos ortop\u00e9dicos | Endurance\" \/>\n<meta property=\"article:modified_time\" content=\"2025-01-24T15:31:45+00:00\" \/>\n<meta property=\"og:image\" content=\"https:\/\/catalogo.artigosortopedicos.com\/endurance\/wp-content\/uploads\/2023\/11\/123456789.jpg\" \/>\n\t<meta property=\"og:image:width\" content=\"945\" \/>\n\t<meta property=\"og:image:height\" content=\"1421\" \/>\n\t<meta property=\"og:image:type\" content=\"image\/jpeg\" \/>\n<meta name=\"twitter:card\" content=\"summary_large_image\" \/>\n<meta name=\"twitter:label1\" content=\"Est. tempo de leitura\" \/>\n\t<meta name=\"twitter:data1\" content=\"1 minuto\" \/>\n<script type=\"application\/ld+json\" class=\"yoast-schema-graph\">{\"@context\":\"https:\/\/schema.org\",\"@graph\":[{\"@type\":\"WebPage\",\"@id\":\"https:\/\/catalogo.artigosortopedicos.com\/endurance\/produto\/imobilizador-de-tornozelo-aircast-airselect-longo-r-51900\/\",\"url\":\"https:\/\/catalogo.artigosortopedicos.com\/endurance\/produto\/imobilizador-de-tornozelo-aircast-airselect-longo-r-51900\/\",\"name\":\"BOTA IMOBILIZADORA AIR SELECT LONGA AIRCAST - Artigos ortop\u00e9dicos | Endurance\",\"isPartOf\":{\"@id\":\"https:\/\/catalogo.artigosortopedicos.com\/endurance\/#website\"},\"primaryImageOfPage\":{\"@id\":\"https:\/\/catalogo.artigosortopedicos.com\/endurance\/produto\/imobilizador-de-tornozelo-aircast-airselect-longo-r-51900\/#primaryimage\"},\"image\":{\"@id\":\"https:\/\/catalogo.artigosortopedicos.com\/endurance\/produto\/imobilizador-de-tornozelo-aircast-airselect-longo-r-51900\/#primaryimage\"},\"thumbnailUrl\":\"https:\/\/catalogo.artigosortopedicos.com\/endurance\/wp-content\/uploads\/2023\/11\/123456789.jpg\",\"datePublished\":\"2023-11-05T22:44:15+00:00\",\"dateModified\":\"2025-01-24T15:31:45+00:00\",\"breadcrumb\":{\"@id\":\"https:\/\/catalogo.artigosortopedicos.com\/endurance\/produto\/imobilizador-de-tornozelo-aircast-airselect-longo-r-51900\/#breadcrumb\"},\"inLanguage\":\"pt-BR\",\"potentialAction\":[{\"@type\":\"ReadAction\",\"target\":[\"https:\/\/catalogo.artigosortopedicos.com\/endurance\/produto\/imobilizador-de-tornozelo-aircast-airselect-longo-r-51900\/\"]}]},{\"@type\":\"ImageObject\",\"inLanguage\":\"pt-BR\",\"@id\":\"https:\/\/catalogo.artigosortopedicos.com\/endurance\/produto\/imobilizador-de-tornozelo-aircast-airselect-longo-r-51900\/#primaryimage\",\"url\":\"https:\/\/catalogo.artigosortopedicos.com\/endurance\/wp-content\/uploads\/2023\/11\/123456789.jpg\",\"contentUrl\":\"https:\/\/catalogo.artigosortopedicos.com\/endurance\/wp-content\/uploads\/2023\/11\/123456789.jpg\",\"width\":945,\"height\":1421},{\"@type\":\"BreadcrumbList\",\"@id\":\"https:\/\/catalogo.artigosortopedicos.com\/endurance\/produto\/imobilizador-de-tornozelo-aircast-airselect-longo-r-51900\/#breadcrumb\",\"itemListElement\":[{\"@type\":\"ListItem\",\"position\":1,\"name\":\"In\u00edcio\",\"item\":\"https:\/\/catalogo.artigosortopedicos.com\/endurance\/\"},{\"@type\":\"ListItem\",\"position\":2,\"name\":\"Loja\",\"item\":\"https:\/\/catalogo.artigosortopedicos.com\/endurance\/\"},{\"@type\":\"ListItem\",\"position\":3,\"name\":\"BOTA IMOBILIZADORA AIR SELECT LONGA AIRCAST\"}]},{\"@type\":\"WebSite\",\"@id\":\"https:\/\/catalogo.artigosortopedicos.com\/endurance\/#website\",\"url\":\"https:\/\/catalogo.artigosortopedicos.com\/endurance\/\",\"name\":\"Artigos ortop\u00e9dicos | Endurance\",\"description\":\"Cat\u00e1logo de produtos\",\"publisher\":{\"@id\":\"https:\/\/catalogo.artigosortopedicos.com\/endurance\/#organization\"},\"potentialAction\":[{\"@type\":\"SearchAction\",\"target\":{\"@type\":\"EntryPoint\",\"urlTemplate\":\"https:\/\/catalogo.artigosortopedicos.com\/endurance\/?s={search_term_string}\"},\"query-input\":{\"@type\":\"PropertyValueSpecification\",\"valueRequired\":true,\"valueName\":\"search_term_string\"}}],\"inLanguage\":\"pt-BR\"},{\"@type\":\"Organization\",\"@id\":\"https:\/\/catalogo.artigosortopedicos.com\/endurance\/#organization\",\"name\":\"Artigos ortop\u00e9dicos | Endurance\",\"url\":\"https:\/\/catalogo.artigosortopedicos.com\/endurance\/\",\"logo\":{\"@type\":\"ImageObject\",\"inLanguage\":\"pt-BR\",\"@id\":\"https:\/\/catalogo.artigosortopedicos.com\/endurance\/#\/schema\/logo\/image\/\",\"url\":\"https:\/\/catalogo.artigosortopedicos.com\/endurance\/wp-content\/uploads\/2022\/01\/cropped-56b2cef4-4750-455a-af10-33ad25230477.jpg\",\"contentUrl\":\"https:\/\/catalogo.artigosortopedicos.com\/endurance\/wp-content\/uploads\/2022\/01\/cropped-56b2cef4-4750-455a-af10-33ad25230477.jpg\",\"width\":481,\"height\":175,\"caption\":\"Artigos ortop\u00e9dicos | Endurance\"},\"image\":{\"@id\":\"https:\/\/catalogo.artigosortopedicos.com\/endurance\/#\/schema\/logo\/image\/\"}}]}<\/script>\n<!-- \/ Yoast SEO plugin. -->","yoast_head_json":{"title":"BOTA IMOBILIZADORA AIR SELECT LONGA AIRCAST - Artigos ortop\u00e9dicos | Endurance","robots":{"index":"index","follow":"follow","max-snippet":"max-snippet:-1","max-image-preview":"max-image-preview:large","max-video-preview":"max-video-preview:-1"},"canonical":"https:\/\/catalogo.artigosortopedicos.com\/endurance\/produto\/imobilizador-de-tornozelo-aircast-airselect-longo-r-51900\/","og_locale":"pt_BR","og_type":"article","og_title":"BOTA IMOBILIZADORA AIR SELECT LONGA AIRCAST - Artigos ortop\u00e9dicos | Endurance","og_description":"Indicado para tor\u00e7\u00f5es, fraturas est\u00e1veis e por estresse da perna, tornozelo e\/ou p\u00e9. Produto tamb\u00e9m utilizado na fase p\u00f3s operat\u00f3ria. C\u00f3digo \u2013 01EFS Bilateral P \u2013 01EFM Bilateral M \u2013 01EFL Bilateral G CARACTER\u00cdSTICAS: &#8211; Sistema patenteado com 2 c\u00e9lulas de ar integrado com compress\u00e3o pneum\u00e1tica e puls\u00e1til que ajudam na redu\u00e7\u00e3o de edemas. &#8211; [&hellip;]","og_url":"https:\/\/catalogo.artigosortopedicos.com\/endurance\/produto\/imobilizador-de-tornozelo-aircast-airselect-longo-r-51900\/","og_site_name":"Artigos ortop\u00e9dicos | Endurance","article_modified_time":"2025-01-24T15:31:45+00:00","og_image":[{"width":945,"height":1421,"url":"https:\/\/catalogo.artigosortopedicos.com\/endurance\/wp-content\/uploads\/2023\/11\/123456789.jpg","type":"image\/jpeg"}],"twitter_card":"summary_large_image","twitter_misc":{"Est. tempo de leitura":"1 minuto"},"schema":{"@context":"https:\/\/schema.org","@graph":[{"@type":"WebPage","@id":"https:\/\/catalogo.artigosortopedicos.com\/endurance\/produto\/imobilizador-de-tornozelo-aircast-airselect-longo-r-51900\/","url":"https:\/\/catalogo.artigosortopedicos.com\/endurance\/produto\/imobilizador-de-tornozelo-aircast-airselect-longo-r-51900\/","name":"BOTA IMOBILIZADORA AIR SELECT LONGA AIRCAST - Artigos ortop\u00e9dicos | Endurance","isPartOf":{"@id":"https:\/\/catalogo.artigosortopedicos.com\/endurance\/#website"},"primaryImageOfPage":{"@id":"https:\/\/catalogo.artigosortopedicos.com\/endurance\/produto\/imobilizador-de-tornozelo-aircast-airselect-longo-r-51900\/#primaryimage"},"image":{"@id":"https:\/\/catalogo.artigosortopedicos.com\/endurance\/produto\/imobilizador-de-tornozelo-aircast-airselect-longo-r-51900\/#primaryimage"},"thumbnailUrl":"https:\/\/catalogo.artigosortopedicos.com\/endurance\/wp-content\/uploads\/2023\/11\/123456789.jpg","datePublished":"2023-11-05T22:44:15+00:00","dateModified":"2025-01-24T15:31:45+00:00","breadcrumb":{"@id":"https:\/\/catalogo.artigosortopedicos.com\/endurance\/produto\/imobilizador-de-tornozelo-aircast-airselect-longo-r-51900\/#breadcrumb"},"inLanguage":"pt-BR","potentialAction":[{"@type":"ReadAction","target":["https:\/\/catalogo.artigosortopedicos.com\/endurance\/produto\/imobilizador-de-tornozelo-aircast-airselect-longo-r-51900\/"]}]},{"@type":"ImageObject","inLanguage":"pt-BR","@id":"https:\/\/catalogo.artigosortopedicos.com\/endurance\/produto\/imobilizador-de-tornozelo-aircast-airselect-longo-r-51900\/#primaryimage","url":"https:\/\/catalogo.artigosortopedicos.com\/endurance\/wp-content\/uploads\/2023\/11\/123456789.jpg","contentUrl":"https:\/\/catalogo.artigosortopedicos.com\/endurance\/wp-content\/uploads\/2023\/11\/123456789.jpg","width":945,"height":1421},{"@type":"BreadcrumbList","@id":"https:\/\/catalogo.artigosortopedicos.com\/endurance\/produto\/imobilizador-de-tornozelo-aircast-airselect-longo-r-51900\/#breadcrumb","itemListElement":[{"@type":"ListItem","position":1,"name":"In\u00edcio","item":"https:\/\/catalogo.artigosortopedicos.com\/endurance\/"},{"@type":"ListItem","position":2,"name":"Loja","item":"https:\/\/catalogo.artigosortopedicos.com\/endurance\/"},{"@type":"ListItem","position":3,"name":"BOTA IMOBILIZADORA AIR SELECT LONGA AIRCAST"}]},{"@type":"WebSite","@id":"https:\/\/catalogo.artigosortopedicos.com\/endurance\/#website","url":"https:\/\/catalogo.artigosortopedicos.com\/endurance\/","name":"Artigos ortop\u00e9dicos | Endurance","description":"Cat\u00e1logo de produtos","publisher":{"@id":"https:\/\/catalogo.artigosortopedicos.com\/endurance\/#organization"},"potentialAction":[{"@type":"SearchAction","target":{"@type":"EntryPoint","urlTemplate":"https:\/\/catalogo.artigosortopedicos.com\/endurance\/?s={search_term_string}"},"query-input":{"@type":"PropertyValueSpecification","valueRequired":true,"valueName":"search_term_string"}}],"inLanguage":"pt-BR"},{"@type":"Organization","@id":"https:\/\/catalogo.artigosortopedicos.com\/endurance\/#organization","name":"Artigos ortop\u00e9dicos | Endurance","url":"https:\/\/catalogo.artigosortopedicos.com\/endurance\/","logo":{"@type":"ImageObject","inLanguage":"pt-BR","@id":"https:\/\/catalogo.artigosortopedicos.com\/endurance\/#\/schema\/logo\/image\/","url":"https:\/\/catalogo.artigosortopedicos.com\/endurance\/wp-content\/uploads\/2022\/01\/cropped-56b2cef4-4750-455a-af10-33ad25230477.jpg","contentUrl":"https:\/\/catalogo.artigosortopedicos.com\/endurance\/wp-content\/uploads\/2022\/01\/cropped-56b2cef4-4750-455a-af10-33ad25230477.jpg","width":481,"height":175,"caption":"Artigos ortop\u00e9dicos | Endurance"},"image":{"@id":"https:\/\/catalogo.artigosortopedicos.com\/endurance\/#\/schema\/logo\/image\/"}}]}},"_links":{"self":[{"href":"https:\/\/catalogo.artigosortopedicos.com\/endurance\/wp-json\/wp\/v2\/product\/9605","targetHints":{"allow":["GET"]}}],"collection":[{"href":"https:\/\/catalogo.artigosortopedicos.com\/endurance\/wp-json\/wp\/v2\/product"}],"about":[{"href":"https:\/\/catalogo.artigosortopedicos.com\/endurance\/wp-json\/wp\/v2\/types\/product"}],"wp:featuredmedia":[{"embeddable":true,"href":"https:\/\/catalogo.artigosortopedicos.com\/endurance\/wp-json\/wp\/v2\/media\/9607"}],"wp:attachment":[{"href":"https:\/\/catalogo.artigosortopedicos.com\/endurance\/wp-json\/wp\/v2\/media?parent=9605"}],"wp:term":[{"taxonomy":"product_brand","embeddable":true,"href":"https:\/\/catalogo.artigosortopedicos.com\/endurance\/wp-json\/wp\/v2\/product_brand?post=9605"},{"taxonomy":"product_cat","embeddable":true,"href":"https:\/\/catalogo.artigosortopedicos.com\/endurance\/wp-json\/wp\/v2\/product_cat?post=9605"},{"taxonomy":"product_tag","embeddable":true,"href":"https:\/\/catalogo.artigosortopedicos.com\/endurance\/wp-json\/wp\/v2\/product_tag?post=9605"}],"curies":[{"name":"wp","href":"https:\/\/api.w.org\/{rel}","templated":true}]}}